{"id":15580,"date":"2025-04-14T15:54:50","date_gmt":"2025-04-14T15:54:50","guid":{"rendered":"https:\/\/kulkidobubbletea.pl\/?post_type=product&#038;p=15580"},"modified":"2026-01-30T12:48:14","modified_gmt":"2026-01-30T12:48:14","slug":"%d1%87%d0%b0%d1%88%d0%ba%d0%b0-%d0%b4%d0%bb%d1%8f-%d0%b1%d1%83%d0%bb%d1%8c%d0%b1%d0%b0%d1%88%d0%ba%d0%be%d0%b2%d0%be%d0%b3%d0%be-%d1%87%d0%b0%d1%8e-u-style-700%d0%bc%d0%bb-%d0%b7%d0%b0%d0%bf%d0%b5","status":"publish","type":"product","link":"https:\/\/kulkidobubbletea.pl\/uk\/%d0%bc%d0%b0%d0%b3%d0%b0%d0%b7%d0%b8%d0%bd\/%d1%83%d0%bf%d0%b0%d0%ba%d0%be%d0%b2%d0%ba%d0%b0\/%d0%ba%d1%80%d1%83%d0%b6%d0%ba%d0%b8\/%d1%87%d0%b0%d1%88%d0%ba%d0%b0-%d0%b4%d0%bb%d1%8f-%d0%b1%d1%83%d0%bb%d1%8c%d0%b1%d0%b0%d1%88%d0%ba%d0%be%d0%b2%d0%be%d0%b3%d0%be-%d1%87%d0%b0%d1%8e-u-style-700%d0%bc%d0%bb-%d0%b7%d0%b0%d0%bf%d0%b5\/","title":{"rendered":"\u041a\u0440\u0443\u0436\u043a\u0430 \u0434\u043b\u044f \u0431\u0443\u043b\u044c\u0431\u0430\u0448\u043a\u043e\u0432\u043e\u0433\u043e \u0447\u0430\u044e \u0432 \u0441\u0442\u0438\u043b\u0456 U 700\u043c\u043b - \u0437\u0430\u043f\u0435\u0447\u0430\u0442\u0430\u043d\u0430 1000\u0448\u0442."},"content":{"rendered":"<p>\u0413\u043e\u0440\u043d\u044f\u0442\u043a\u043e \u043e\u0431'\u0454\u043c\u043e\u043c 700 \u043c\u043b.<\/p>\n<p>&nbsp;<\/p>\n<p>\u0421\u0443\u043c\u0456\u0441\u043d\u0438\u0439 \u0437 \u0443\u0441\u0456\u043c\u0430 \u0441\u0442\u0440\u0456\u0447\u043a\u0430\u043c\u0438 \u0434\u043b\u044f \u0443\u0449\u0456\u043b\u044c\u043d\u0435\u043d\u043d\u044f \u0447\u0430\u0448\u043e\u043a \u0456 \u043a\u0440\u0438\u0448\u043a\u0430\u043c\u0438 \u0434\u0456\u0430\u043c\u0435\u0442\u0440\u043e\u043c 95 \u043c\u043c.<\/p>\n<p>&nbsp;<\/p>\n<p>\u0415\u0441\u0442\u0435\u0442\u0438\u0447\u043d\u0430 \u0433\u0440\u0430\u0444\u0456\u043a\u0430, \u043d\u0430\u0434\u0440\u0443\u043a\u043e\u0432\u0430\u043d\u0430 \u043d\u0430 \u0447\u0430\u0448\u0446\u0456.<\/p>\n<p>\u0412\u0456\u043d \u0434\u0443\u0436\u0435 \u043c\u0456\u0446\u043d\u043e \u0442\u0440\u0438\u043c\u0430\u0454\u0442\u044c\u0441\u044f, \u043a\u043e\u043b\u0438 \u0437\u0430\u043f\u0435\u0447\u0430\u0442\u0430\u043d\u0438\u0439 \u0440\u0430\u0437\u043e\u043c \u0437 \u043f\u043b\u0456\u0432\u043a\u043e\u044e.<\/p>\n<p>&nbsp;<\/p>\n<p>\u0412 \u0443\u043f\u0430\u043a\u043e\u0432\u0446\u0456 1000 \u0448\u0442.<\/p>","protected":false},"excerpt":{"rendered":"<p>Kubek o pojemno\u015bci 700ml. &nbsp; Kompatybilny ze wszystkimi ta\u015bmami do zaklejania kubk\u00f3w oraz z wieczkami 95mm \u015brednicy. &nbsp; Estetyczne grafiki<\/p>","protected":false},"featured_media":15568,"comment_status":"open","ping_status":"closed","template":"","meta":[],"product_brand":[],"product_cat":[318],"product_tag":[],"class_list":{"0":"post-15580","1":"product","2":"type-product","3":"status-publish","4":"has-post-thumbnail","6":"product_cat-kubki","8":"first","9":"instock","10":"taxable","11":"shipping-taxable","12":"purchasable","13":"product-type-simple"},"yoast_head":"<!-- This site is optimized with the Yoast SEO Premium plugin v23.7 (Yoast SEO v27.3) - https:\/\/yoast.com\/product\/yoast-seo-premium-wordpress\/ -->\n<title>Kubek Bubble Tea U style 700ml - zaklejany 1000szt. - Kulki Do Bubble Tea<\/title>\n<meta name=\"robots\" content=\"index, follow, max-snippet:-1, max-image-preview:large, max-video-preview:-1\" \/>\n<link rel=\"canonical\" href=\"https:\/\/kulkidobubbletea.pl\/uk\/\u043c\u0430\u0433\u0430\u0437\u0438\u043d\/\u0443\u043f\u0430\u043a\u043e\u0432\u043a\u0430\/\u043a\u0440\u0443\u0436\u043a\u0438\/\u0447\u0430\u0448\u043a\u0430-\u0434\u043b\u044f-\u0431\u0443\u043b\u044c\u0431\u0430\u0448\u043a\u043e\u0432\u043e\u0433\u043e-\u0447\u0430\u044e-u-style-700\u043c\u043b-\u0437\u0430\u043f\u0435\/\" \/>\n<meta property=\"og:locale\" content=\"uk_UA\" \/>\n<meta property=\"og:type\" content=\"article\" \/>\n<meta property=\"og:title\" content=\"Kubek Bubble Tea U style 700ml - zaklejany 1000szt.\" \/>\n<meta property=\"og:description\" content=\"Kubek o pojemno\u015bci 700ml. &nbsp; Kompatybilny ze wszystkimi ta\u015bmami do zaklejania kubk\u00f3w oraz z wieczkami 95mm \u015brednicy. &nbsp; Estetyczne grafiki\" \/>\n<meta property=\"og:url\" content=\"https:\/\/kulkidobubbletea.pl\/uk\/\u043c\u0430\u0433\u0430\u0437\u0438\u043d\/\u0443\u043f\u0430\u043a\u043e\u0432\u043a\u0430\/\u043a\u0440\u0443\u0436\u043a\u0438\/\u0447\u0430\u0448\u043a\u0430-\u0434\u043b\u044f-\u0431\u0443\u043b\u044c\u0431\u0430\u0448\u043a\u043e\u0432\u043e\u0433\u043e-\u0447\u0430\u044e-u-style-700\u043c\u043b-\u0437\u0430\u043f\u0435\/\" \/>\n<meta property=\"og:site_name\" content=\"Kulki Do Bubble Tea\" \/>\n<meta property=\"article:modified_time\" content=\"2026-01-30T12:48:14+00:00\" \/>\n<meta property=\"og:image\" content=\"https:\/\/kulkidobubbletea.pl\/wp-content\/uploads\/2025\/04\/700-front.jpg\" \/>\n\t<meta property=\"og:image:width\" content=\"2000\" \/>\n\t<meta property=\"og:image:height\" content=\"2000\" \/>\n\t<meta property=\"og:image:type\" content=\"image\/jpeg\" \/>\n<meta name=\"twitter:card\" content=\"summary_large_image\" \/>\n<meta name=\"twitter:label1\" content=\"\u041f\u0440\u0438\u0431\u043b. \u0447\u0430\u0441 \u0447\u0438\u0442\u0430\u043d\u043d\u044f\" \/>\n\t<meta name=\"twitter:data1\" content=\"1 \u0445\u0432\u0438\u043b\u0438\u043d\u0430\" \/>\n<script type=\"application\/ld+json\" class=\"yoast-schema-graph\">{\"@context\":\"https:\\\/\\\/schema.org\",\"@graph\":[{\"@type\":\"WebPage\",\"@id\":\"https:\\\/\\\/kulkidobubbletea.pl\\\/sklep\\\/opakowania\\\/kubki\\\/kubek-bubble-tea-u-style-700ml-zaklejany-1000szt\\\/\",\"url\":\"https:\\\/\\\/kulkidobubbletea.pl\\\/sklep\\\/opakowania\\\/kubki\\\/kubek-bubble-tea-u-style-700ml-zaklejany-1000szt\\\/\",\"name\":\"Kubek Bubble Tea U style 700ml - zaklejany 1000szt. - Kulki Do Bubble Tea\",\"isPartOf\":{\"@id\":\"https:\\\/\\\/kulkidobubbletea.pl\\\/#website\"},\"primaryImageOfPage\":{\"@id\":\"https:\\\/\\\/kulkidobubbletea.pl\\\/sklep\\\/opakowania\\\/kubki\\\/kubek-bubble-tea-u-style-700ml-zaklejany-1000szt\\\/#primaryimage\"},\"image\":{\"@id\":\"https:\\\/\\\/kulkidobubbletea.pl\\\/sklep\\\/opakowania\\\/kubki\\\/kubek-bubble-tea-u-style-700ml-zaklejany-1000szt\\\/#primaryimage\"},\"thumbnailUrl\":\"https:\\\/\\\/kulkidobubbletea.pl\\\/wp-content\\\/uploads\\\/2025\\\/04\\\/700-front.jpg\",\"datePublished\":\"2025-04-14T15:54:50+00:00\",\"dateModified\":\"2026-01-30T12:48:14+00:00\",\"breadcrumb\":{\"@id\":\"https:\\\/\\\/kulkidobubbletea.pl\\\/sklep\\\/opakowania\\\/kubki\\\/kubek-bubble-tea-u-style-700ml-zaklejany-1000szt\\\/#breadcrumb\"},\"inLanguage\":\"uk\",\"potentialAction\":[{\"@type\":\"ReadAction\",\"target\":[\"https:\\\/\\\/kulkidobubbletea.pl\\\/sklep\\\/opakowania\\\/kubki\\\/kubek-bubble-tea-u-style-700ml-zaklejany-1000szt\\\/\"]}]},{\"@type\":\"ImageObject\",\"inLanguage\":\"uk\",\"@id\":\"https:\\\/\\\/kulkidobubbletea.pl\\\/sklep\\\/opakowania\\\/kubki\\\/kubek-bubble-tea-u-style-700ml-zaklejany-1000szt\\\/#primaryimage\",\"url\":\"https:\\\/\\\/kulkidobubbletea.pl\\\/wp-content\\\/uploads\\\/2025\\\/04\\\/700-front.jpg\",\"contentUrl\":\"https:\\\/\\\/kulkidobubbletea.pl\\\/wp-content\\\/uploads\\\/2025\\\/04\\\/700-front.jpg\",\"width\":2000,\"height\":2000},{\"@type\":\"BreadcrumbList\",\"@id\":\"https:\\\/\\\/kulkidobubbletea.pl\\\/sklep\\\/opakowania\\\/kubki\\\/kubek-bubble-tea-u-style-700ml-zaklejany-1000szt\\\/#breadcrumb\",\"itemListElement\":[{\"@type\":\"ListItem\",\"position\":1,\"name\":\"Strona g\u0142\u00f3wna\",\"item\":\"https:\\\/\\\/kulkidobubbletea.pl\\\/\"},{\"@type\":\"ListItem\",\"position\":2,\"name\":\"Sklep\",\"item\":\"https:\\\/\\\/kulkidobubbletea.pl\\\/sklep\\\/\"},{\"@type\":\"ListItem\",\"position\":3,\"name\":\"Kubek Bubble Tea U style 700ml &#8211; zaklejany 1000szt.\"}]},{\"@type\":\"WebSite\",\"@id\":\"https:\\\/\\\/kulkidobubbletea.pl\\\/#website\",\"url\":\"https:\\\/\\\/kulkidobubbletea.pl\\\/\",\"name\":\"Kulki Do Bubble Tea\",\"description\":\"Sklep online z artyku\u0142ami do bubble tea\",\"publisher\":{\"@id\":\"https:\\\/\\\/kulkidobubbletea.pl\\\/#organization\"},\"potentialAction\":[{\"@type\":\"SearchAction\",\"target\":{\"@type\":\"EntryPoint\",\"urlTemplate\":\"https:\\\/\\\/kulkidobubbletea.pl\\\/?s={search_term_string}\"},\"query-input\":{\"@type\":\"PropertyValueSpecification\",\"valueRequired\":true,\"valueName\":\"search_term_string\"}}],\"inLanguage\":\"uk\"},{\"@type\":\"Organization\",\"@id\":\"https:\\\/\\\/kulkidobubbletea.pl\\\/#organization\",\"name\":\"Kulki Do Bubble Tea\",\"url\":\"https:\\\/\\\/kulkidobubbletea.pl\\\/\",\"logo\":{\"@type\":\"ImageObject\",\"inLanguage\":\"uk\",\"@id\":\"https:\\\/\\\/kulkidobubbletea.pl\\\/#\\\/schema\\\/logo\\\/image\\\/\",\"url\":\"https:\\\/\\\/kulkidobubbletea.pl\\\/wp-content\\\/uploads\\\/2024\\\/04\\\/Original-on-Transparent.png\",\"contentUrl\":\"https:\\\/\\\/kulkidobubbletea.pl\\\/wp-content\\\/uploads\\\/2024\\\/04\\\/Original-on-Transparent.png\",\"width\":5000,\"height\":1109,\"caption\":\"Kulki Do Bubble Tea\"},\"image\":{\"@id\":\"https:\\\/\\\/kulkidobubbletea.pl\\\/#\\\/schema\\\/logo\\\/image\\\/\"}}]}<\/script>\n<!-- \/ Yoast SEO Premium plugin. -->","yoast_head_json":{"title":"\u0427\u0430\u0448\u043a\u0430 \u0434\u043b\u044f \u0431\u0443\u043b\u044c\u0431\u0430\u0448\u043a\u043e\u0432\u043e\u0433\u043e \u0447\u0430\u044e U-\u043e\u0431\u0440\u0430\u0437\u043d\u043e\u0457 \u0444\u043e\u0440\u043c\u0438 700\u043c\u043b - \u0437\u0430\u043f\u0435\u0447\u0430\u0442\u0430\u043d\u0430 1000\u0448\u0442. - \u041d\u0430\u043c\u0438\u0441\u0442\u0438\u043d\u0438 \u0434\u043b\u044f \u0431\u0443\u043b\u044c\u0431\u0430\u0448\u043a\u043e\u0432\u043e\u0433\u043e \u0447\u0430\u044e","robots":{"index":"index","follow":"follow","max-snippet":"max-snippet:-1","max-image-preview":"max-image-preview:large","max-video-preview":"max-video-preview:-1"},"canonical":"https:\/\/kulkidobubbletea.pl\/uk\/\u043c\u0430\u0433\u0430\u0437\u0438\u043d\/\u0443\u043f\u0430\u043a\u043e\u0432\u043a\u0430\/\u043a\u0440\u0443\u0436\u043a\u0438\/\u0447\u0430\u0448\u043a\u0430-\u0434\u043b\u044f-\u0431\u0443\u043b\u044c\u0431\u0430\u0448\u043a\u043e\u0432\u043e\u0433\u043e-\u0447\u0430\u044e-u-style-700\u043c\u043b-\u0437\u0430\u043f\u0435\/","og_locale":"uk_UA","og_type":"article","og_title":"Kubek Bubble Tea U style 700ml - zaklejany 1000szt.","og_description":"Kubek o pojemno\u015bci 700ml. &nbsp; Kompatybilny ze wszystkimi ta\u015bmami do zaklejania kubk\u00f3w oraz z wieczkami 95mm \u015brednicy. &nbsp; Estetyczne grafiki","og_url":"https:\/\/kulkidobubbletea.pl\/uk\/\u043c\u0430\u0433\u0430\u0437\u0438\u043d\/\u0443\u043f\u0430\u043a\u043e\u0432\u043a\u0430\/\u043a\u0440\u0443\u0436\u043a\u0438\/\u0447\u0430\u0448\u043a\u0430-\u0434\u043b\u044f-\u0431\u0443\u043b\u044c\u0431\u0430\u0448\u043a\u043e\u0432\u043e\u0433\u043e-\u0447\u0430\u044e-u-style-700\u043c\u043b-\u0437\u0430\u043f\u0435\/","og_site_name":"Kulki Do Bubble Tea","article_modified_time":"2026-01-30T12:48:14+00:00","og_image":[{"width":2000,"height":2000,"url":"https:\/\/kulkidobubbletea.pl\/wp-content\/uploads\/2025\/04\/700-front.jpg","type":"image\/jpeg"}],"twitter_card":"summary_large_image","twitter_misc":{"\u041f\u0440\u0438\u0431\u043b. \u0447\u0430\u0441 \u0447\u0438\u0442\u0430\u043d\u043d\u044f":"1 \u0445\u0432\u0438\u043b\u0438\u043d\u0430"},"schema":{"@context":"https:\/\/schema.org","@graph":[{"@type":"WebPage","@id":"https:\/\/kulkidobubbletea.pl\/sklep\/opakowania\/kubki\/kubek-bubble-tea-u-style-700ml-zaklejany-1000szt\/","url":"https:\/\/kulkidobubbletea.pl\/sklep\/opakowania\/kubki\/kubek-bubble-tea-u-style-700ml-zaklejany-1000szt\/","name":"\u0427\u0430\u0448\u043a\u0430 \u0434\u043b\u044f \u0431\u0443\u043b\u044c\u0431\u0430\u0448\u043a\u043e\u0432\u043e\u0433\u043e \u0447\u0430\u044e U-\u043e\u0431\u0440\u0430\u0437\u043d\u043e\u0457 \u0444\u043e\u0440\u043c\u0438 700\u043c\u043b - \u0437\u0430\u043f\u0435\u0447\u0430\u0442\u0430\u043d\u0430 1000\u0448\u0442. - \u041d\u0430\u043c\u0438\u0441\u0442\u0438\u043d\u0438 \u0434\u043b\u044f \u0431\u0443\u043b\u044c\u0431\u0430\u0448\u043a\u043e\u0432\u043e\u0433\u043e \u0447\u0430\u044e","isPartOf":{"@id":"https:\/\/kulkidobubbletea.pl\/#website"},"primaryImageOfPage":{"@id":"https:\/\/kulkidobubbletea.pl\/sklep\/opakowania\/kubki\/kubek-bubble-tea-u-style-700ml-zaklejany-1000szt\/#primaryimage"},"image":{"@id":"https:\/\/kulkidobubbletea.pl\/sklep\/opakowania\/kubki\/kubek-bubble-tea-u-style-700ml-zaklejany-1000szt\/#primaryimage"},"thumbnailUrl":"https:\/\/kulkidobubbletea.pl\/wp-content\/uploads\/2025\/04\/700-front.jpg","datePublished":"2025-04-14T15:54:50+00:00","dateModified":"2026-01-30T12:48:14+00:00","breadcrumb":{"@id":"https:\/\/kulkidobubbletea.pl\/sklep\/opakowania\/kubki\/kubek-bubble-tea-u-style-700ml-zaklejany-1000szt\/#breadcrumb"},"inLanguage":"uk","potentialAction":[{"@type":"ReadAction","target":["https:\/\/kulkidobubbletea.pl\/sklep\/opakowania\/kubki\/kubek-bubble-tea-u-style-700ml-zaklejany-1000szt\/"]}]},{"@type":"ImageObject","inLanguage":"uk","@id":"https:\/\/kulkidobubbletea.pl\/sklep\/opakowania\/kubki\/kubek-bubble-tea-u-style-700ml-zaklejany-1000szt\/#primaryimage","url":"https:\/\/kulkidobubbletea.pl\/wp-content\/uploads\/2025\/04\/700-front.jpg","contentUrl":"https:\/\/kulkidobubbletea.pl\/wp-content\/uploads\/2025\/04\/700-front.jpg","width":2000,"height":2000},{"@type":"BreadcrumbList","@id":"https:\/\/kulkidobubbletea.pl\/sklep\/opakowania\/kubki\/kubek-bubble-tea-u-style-700ml-zaklejany-1000szt\/#breadcrumb","itemListElement":[{"@type":"ListItem","position":1,"name":"Strona g\u0142\u00f3wna","item":"https:\/\/kulkidobubbletea.pl\/"},{"@type":"ListItem","position":2,"name":"Sklep","item":"https:\/\/kulkidobubbletea.pl\/sklep\/"},{"@type":"ListItem","position":3,"name":"Kubek Bubble Tea U style 700ml &#8211; zaklejany 1000szt."}]},{"@type":"WebSite","@id":"https:\/\/kulkidobubbletea.pl\/#website","url":"https:\/\/kulkidobubbletea.pl\/","name":"\u041a\u0443\u043b\u044c\u043a\u0438 \u0434\u043b\u044f \u0431\u0443\u043b\u044c\u0431\u0430\u0448\u043a\u043e\u0432\u043e\u0433\u043e \u0447\u0430\u044e","description":"\u0406\u043d\u0442\u0435\u0440\u043d\u0435\u0442-\u043c\u0430\u0433\u0430\u0437\u0438\u043d \u0431\u0443\u043b\u044c\u0431\u0430\u0448\u043a\u043e\u0432\u043e\u0433\u043e \u0447\u0430\u044e","publisher":{"@id":"https:\/\/kulkidobubbletea.pl\/#organization"},"potentialAction":[{"@type":"SearchAction","target":{"@type":"EntryPoint","urlTemplate":"https:\/\/kulkidobubbletea.pl\/?s={search_term_string}"},"query-input":{"@type":"PropertyValueSpecification","valueRequired":true,"valueName":"search_term_string"}}],"inLanguage":"uk"},{"@type":"Organization","@id":"https:\/\/kulkidobubbletea.pl\/#organization","name":"\u041a\u0443\u043b\u044c\u043a\u0438 \u0434\u043b\u044f \u0431\u0443\u043b\u044c\u0431\u0430\u0448\u043a\u043e\u0432\u043e\u0433\u043e \u0447\u0430\u044e","url":"https:\/\/kulkidobubbletea.pl\/","logo":{"@type":"ImageObject","inLanguage":"uk","@id":"https:\/\/kulkidobubbletea.pl\/#\/schema\/logo\/image\/","url":"https:\/\/kulkidobubbletea.pl\/wp-content\/uploads\/2024\/04\/Original-on-Transparent.png","contentUrl":"https:\/\/kulkidobubbletea.pl\/wp-content\/uploads\/2024\/04\/Original-on-Transparent.png","width":5000,"height":1109,"caption":"Kulki Do Bubble Tea"},"image":{"@id":"https:\/\/kulkidobubbletea.pl\/#\/schema\/logo\/image\/"}}]}},"_links":{"self":[{"href":"https:\/\/kulkidobubbletea.pl\/uk\/wp-json\/wp\/v2\/product\/15580","targetHints":{"allow":["GET"]}}],"collection":[{"href":"https:\/\/kulkidobubbletea.pl\/uk\/wp-json\/wp\/v2\/product"}],"about":[{"href":"https:\/\/kulkidobubbletea.pl\/uk\/wp-json\/wp\/v2\/types\/product"}],"replies":[{"embeddable":true,"href":"https:\/\/kulkidobubbletea.pl\/uk\/wp-json\/wp\/v2\/comments?post=15580"}],"version-history":[{"count":1,"href":"https:\/\/kulkidobubbletea.pl\/uk\/wp-json\/wp\/v2\/product\/15580\/revisions"}],"predecessor-version":[{"id":15581,"href":"https:\/\/kulkidobubbletea.pl\/uk\/wp-json\/wp\/v2\/product\/15580\/revisions\/15581"}],"wp:featuredmedia":[{"embeddable":true,"href":"https:\/\/kulkidobubbletea.pl\/uk\/wp-json\/wp\/v2\/media\/15568"}],"wp:attachment":[{"href":"https:\/\/kulkidobubbletea.pl\/uk\/wp-json\/wp\/v2\/media?parent=15580"}],"wp:term":[{"taxonomy":"product_brand","embeddable":true,"href":"https:\/\/kulkidobubbletea.pl\/uk\/wp-json\/wp\/v2\/product_brand?post=15580"},{"taxonomy":"product_cat","embeddable":true,"href":"https:\/\/kulkidobubbletea.pl\/uk\/wp-json\/wp\/v2\/product_cat?post=15580"},{"taxonomy":"product_tag","embeddable":true,"href":"https:\/\/kulkidobubbletea.pl\/uk\/wp-json\/wp\/v2\/product_tag?post=15580"}],"curies":[{"name":"wp","href":"https:\/\/api.w.org\/{rel}","templated":true}]}}