{"id":11029,"date":"2024-05-04T12:18:08","date_gmt":"2024-05-04T12:18:08","guid":{"rendered":"https:\/\/kulkidobubbletea.pl\/produkt\/herbata-jasminowa-zielona-1kg-2\/"},"modified":"2026-04-10T08:31:08","modified_gmt":"2026-04-10T08:31:08","slug":"%d0%b6%d0%b0%d1%81%d0%bc%d0%b8%d0%bd%d0%be%d0%b2%d0%b8%d0%b9-%d0%b7%d0%b5%d0%bb%d0%b5%d0%bd%d0%b8%d0%b9-%d1%87%d0%b0%d0%b9-1-%d0%ba%d0%b3-2","status":"publish","type":"product","link":"https:\/\/kulkidobubbletea.pl\/uk\/%d0%bc%d0%b0%d0%b3%d0%b0%d0%b7%d0%b8%d0%bd\/%d1%87%d0%b0%d1%97\/%d0%b6%d0%b0%d1%81%d0%bc%d0%b8%d0%bd%d0%be%d0%b2%d0%b8%d0%b9-%d0%b7%d0%b5%d0%bb%d0%b5%d0%bd%d0%b8%d0%b9-%d1%87%d0%b0%d0%b9-1-%d0%ba%d0%b3-2\/","title":{"rendered":"\u0411\u0443\u043b\u044c\u0431\u0430\u0448\u043a\u043e\u0432\u0438\u0439 \u0447\u0430\u0439 \u0416\u0430\u0441\u043c\u0438\u043d\u043e\u0432\u0438\u0439 \u0437\u0435\u043b\u0435\u043d\u0438\u0439 0,6 \u043a\u0433"},"content":{"rendered":"<p>\u0412\u0438\u0441\u043e\u043a\u043e\u044f\u043a\u0456\u0441\u043d\u0438\u0439 \u0441\u043e\u0440\u0442 \u0437\u0435\u043b\u0435\u043d\u043e\u0433\u043e \u0447\u0430\u044e \u0437 \u0436\u0430\u0441\u043c\u0438\u043d\u043e\u043c \u0456\u0434\u0435\u0430\u043b\u044c\u043d\u043e \u043f\u0456\u0434\u0445\u043e\u0434\u0438\u0442\u044c \u0434\u043b\u044f \u043f\u0440\u0438\u0433\u043e\u0442\u0443\u0432\u0430\u043d\u043d\u044f \u0435\u0441\u0435\u043d\u0446\u0456\u0457 \u0434\u043b\u044f \u0431\u0443\u043b\u044c\u0431\u0430\u0448\u043a\u043e\u0432\u043e\u0433\u043e \u0447\u0430\u044e.<\/p>\n<p>\u041f\u0440\u0438\u0433\u043e\u0442\u0443\u0432\u0430\u043d\u043d\u044f \u0435\u0441\u0435\u043d\u0446\u0456\u0457:<\/p>\n<p>1. \u043f\u0440\u0438\u0433\u043e\u0442\u0443\u0439\u0442\u0435 85 \u0433 \u0437\u0435\u043b\u0435\u043d\u043e\u0433\u043e \u0447\u0430\u044e (\u043f\u0440\u0438\u0431\u043b\u0438\u0437\u043d\u043e 1 \u043f\u043e\u0432\u043d\u0430 \u0447\u0430\u0448\u043a\u0430 500 \u043c\u043b)<\/p>\n<p>2. \u0437\u0430\u043a\u0438\u043f'\u044f\u0442\u0438\u0442\u0438 5 \u043b \u0432\u043e\u0434\u0438.<\/p>\n<p>3) \u041f\u0456\u0441\u043b\u044f \u0442\u043e\u0433\u043e, \u044f\u043a \u0432\u043e\u0434\u0430 \u0437\u0430\u043a\u0438\u043f\u0456\u043b\u0430, \u0437\u0430\u0447\u0435\u043a\u0430\u0439\u0442\u0435, \u043f\u043e\u043a\u0438 \u0432\u043e\u043d\u0430 \u043e\u0445\u043e\u043b\u043e\u043d\u0435 \u0434\u043e 80-85 \u0433\u0440\u0430\u0434\u0443\u0441\u0456\u0432.<\/p>\n<p>4. \u0432\u043b\u0438\u0432\u0430\u0454\u043c\u043e \u0432\u0456\u0434\u043c\u0456\u0440\u044f\u043d\u0443 \u043f\u043e\u0440\u0446\u0456\u044e \u0447\u0430\u044e, \u0440\u0435\u0442\u0435\u043b\u044c\u043d\u043e \u043f\u0435\u0440\u0435\u043c\u0456\u0448\u0443\u0454\u043c\u043e.<\/p>\n<p>5. \u0437\u0430\u0447\u0435\u043a\u0430\u0439\u0442\u0435 8 \u0445\u0432\u0438\u043b\u0438\u043d, \u043f\u043e\u043a\u0438 \u0447\u0430\u0439 \u0437\u0430\u0432\u0430\u0440\u0438\u0442\u044c\u0441\u044f (\u0437\u0430 \u0446\u0435\u0439 \u0447\u0430\u0441 \u0447\u0430\u0457\u043d\u043a\u0438 \u043f\u043e\u0432\u0438\u043d\u043d\u0456 \u043e\u0441\u0456\u0441\u0442\u0438 \u043d\u0430 \u0434\u043d\u043e).<\/p>\n<p>6. \u043f\u0440\u043e\u0446\u0456\u0434\u0436\u0443\u0454\u043c\u043e \u043e\u0442\u0440\u0438\u043c\u0430\u043d\u0443 \u0435\u0441\u0435\u043d\u0446\u0456\u044e \u0447\u0435\u0440\u0435\u0437 \u0441\u0438\u0442\u043e \u0456 \u043f\u0435\u0440\u0435\u043b\u0438\u0432\u0430\u0454\u043c\u043e \u0447\u0430\u0439 \u0432 \u0442\u0435\u0440\u043c\u043e\u0441.<\/p>\n<p>&nbsp;<\/p>\n<p>\u0406\u0434\u0435\u0430\u043b\u044c\u043d\u0430 \u043f\u043e\u0440\u0446\u0456\u044f \u0447\u0430\u044e - \u043f\u0440\u0438\u0431\u043b\u0438\u0437\u043d\u043e 50-100 \u043c\u043b \u043d\u0430 500 \u043c\u043b \u043d\u0430\u043f\u043e\u044e Bubble Tea. \u0427\u0430\u0439 \u0456\u0434\u0435\u0430\u043b\u044c\u043d\u043e \u043f\u043e\u0454\u0434\u043d\u0443\u0454\u0442\u044c\u0441\u044f \u0437 \u043d\u0430\u0448\u0438\u043c\u0438 \u0441\u0438\u0440\u043e\u043f\u0430\u043c\u0438 Bubble Tea.<\/p>\n<p>&nbsp;<\/p>\n<p>\u0417\u0440\u043e\u0431\u043b\u0435\u043d\u043e \u043d\u0430 \u0422\u0430\u0439\u0432\u0430\u043d\u0456.<\/p>","protected":false},"excerpt":{"rendered":"<p>\u041d\u0430\u0439\u044f\u043a\u0456\u0441\u043d\u0456\u0448\u0438\u0439 \u0441\u043e\u0440\u0442 \u0436\u0430\u0441\u043c\u0438\u043d\u043e\u0432\u043e\u0433\u043e \u0437\u0435\u043b\u0435\u043d\u043e\u0433\u043e \u0447\u0430\u044e \u0456\u0434\u0435\u0430\u043b\u044c\u043d\u043e \u043f\u0456\u0434\u0445\u043e\u0434\u0438\u0442\u044c \u0434\u043b\u044f \u043f\u0440\u0438\u0433\u043e\u0442\u0443\u0432\u0430\u043d\u043d\u044f \u0435\u0441\u0435\u043d\u0446\u0456\u0457 \u0434\u043b\u044f \u0431\u0443\u043b\u044c\u0431\u0430\u0448\u043a\u043e\u0432\u043e\u0433\u043e \u0447\u0430\u044e. \u041f\u0440\u0438\u0433\u043e\u0442\u0443\u0432\u0430\u043d\u043d\u044f \u0435\u0441\u0435\u043d\u0446\u0456\u0457: 1.\u041f\u0456\u0434\u0433\u043e\u0442\u0443\u0439\u0442\u0435 85 \u0433 \u0437\u0435\u043b\u0435\u043d\u043e\u0433\u043e \u0447\u0430\u044e (<\/p>","protected":false},"featured_media":16027,"comment_status":"open","ping_status":"closed","template":"","meta":[],"product_brand":[],"product_cat":[325],"product_tag":[],"class_list":{"0":"post-11029","1":"product","2":"type-product","3":"status-publish","4":"has-post-thumbnail","6":"product_cat-herbaty","8":"first","9":"instock","10":"taxable","11":"shipping-taxable","12":"purchasable","13":"product-type-simple"},"yoast_head":"<!-- This site is optimized with the Yoast SEO Premium plugin v23.7 (Yoast SEO v27.3) - https:\/\/yoast.com\/product\/yoast-seo-premium-wordpress\/ -->\n<title>Herbata do Bubble Tea Ja\u015bminowa Zielona 0.6kg - Kulki Do Bubble Tea<\/title>\n<meta name=\"robots\" content=\"index, follow, max-snippet:-1, max-image-preview:large, max-video-preview:-1\" \/>\n<link rel=\"canonical\" href=\"https:\/\/kulkidobubbletea.pl\/uk\/\u043c\u0430\u0433\u0430\u0437\u0438\u043d\/\u0447\u0430\u0457\/\u0436\u0430\u0441\u043c\u0438\u043d\u043e\u0432\u0438\u0439-\u0437\u0435\u043b\u0435\u043d\u0438\u0439-\u0447\u0430\u0439-1-\u043a\u0433-2\/\" \/>\n<meta property=\"og:locale\" content=\"uk_UA\" \/>\n<meta property=\"og:type\" content=\"article\" \/>\n<meta property=\"og:title\" content=\"Herbata do Bubble Tea Ja\u015bminowa Zielona 0.6kg\" \/>\n<meta property=\"og:description\" content=\"Najwy\u017cszej jako\u015bci odmiana zielonej ja\u015bminowej herbaty idealnej do uzyskania esencji do Bubble Tea. Przygotowanie esencji: 1.Przygotuj 85g zielonej herbaty (\" \/>\n<meta property=\"og:url\" content=\"https:\/\/kulkidobubbletea.pl\/uk\/\u043c\u0430\u0433\u0430\u0437\u0438\u043d\/\u0447\u0430\u0457\/\u0436\u0430\u0441\u043c\u0438\u043d\u043e\u0432\u0438\u0439-\u0437\u0435\u043b\u0435\u043d\u0438\u0439-\u0447\u0430\u0439-1-\u043a\u0433-2\/\" \/>\n<meta property=\"og:site_name\" content=\"Kulki Do Bubble Tea\" \/>\n<meta property=\"article:modified_time\" content=\"2026-04-10T08:31:08+00:00\" \/>\n<meta property=\"og:image\" content=\"https:\/\/kulkidobubbletea.pl\/wp-content\/uploads\/2025\/05\/zielona-front.jpg\" \/>\n\t<meta property=\"og:image:width\" content=\"2000\" \/>\n\t<meta property=\"og:image:height\" content=\"2000\" \/>\n\t<meta property=\"og:image:type\" content=\"image\/jpeg\" \/>\n<meta name=\"twitter:card\" content=\"summary_large_image\" \/>\n<meta name=\"twitter:label1\" content=\"\u041f\u0440\u0438\u0431\u043b. \u0447\u0430\u0441 \u0447\u0438\u0442\u0430\u043d\u043d\u044f\" \/>\n\t<meta name=\"twitter:data1\" content=\"1 \u0445\u0432\u0438\u043b\u0438\u043d\u0430\" \/>\n<script type=\"application\/ld+json\" class=\"yoast-schema-graph\">{\"@context\":\"https:\\\/\\\/schema.org\",\"@graph\":[{\"@type\":\"WebPage\",\"@id\":\"https:\\\/\\\/kulkidobubbletea.pl\\\/sklep\\\/herbaty\\\/herbata-jasminowa-zielona-1kg-2\\\/\",\"url\":\"https:\\\/\\\/kulkidobubbletea.pl\\\/sklep\\\/herbaty\\\/herbata-jasminowa-zielona-1kg-2\\\/\",\"name\":\"Herbata do Bubble Tea Ja\u015bminowa Zielona 0.6kg - Kulki Do Bubble Tea\",\"isPartOf\":{\"@id\":\"https:\\\/\\\/kulkidobubbletea.pl\\\/#website\"},\"primaryImageOfPage\":{\"@id\":\"https:\\\/\\\/kulkidobubbletea.pl\\\/sklep\\\/herbaty\\\/herbata-jasminowa-zielona-1kg-2\\\/#primaryimage\"},\"image\":{\"@id\":\"https:\\\/\\\/kulkidobubbletea.pl\\\/sklep\\\/herbaty\\\/herbata-jasminowa-zielona-1kg-2\\\/#primaryimage\"},\"thumbnailUrl\":\"https:\\\/\\\/kulkidobubbletea.pl\\\/wp-content\\\/uploads\\\/2025\\\/05\\\/zielona-front.jpg\",\"datePublished\":\"2024-05-04T12:18:08+00:00\",\"dateModified\":\"2026-04-10T08:31:08+00:00\",\"breadcrumb\":{\"@id\":\"https:\\\/\\\/kulkidobubbletea.pl\\\/sklep\\\/herbaty\\\/herbata-jasminowa-zielona-1kg-2\\\/#breadcrumb\"},\"inLanguage\":\"uk\",\"potentialAction\":[{\"@type\":\"ReadAction\",\"target\":[\"https:\\\/\\\/kulkidobubbletea.pl\\\/sklep\\\/herbaty\\\/herbata-jasminowa-zielona-1kg-2\\\/\"]}]},{\"@type\":\"ImageObject\",\"inLanguage\":\"uk\",\"@id\":\"https:\\\/\\\/kulkidobubbletea.pl\\\/sklep\\\/herbaty\\\/herbata-jasminowa-zielona-1kg-2\\\/#primaryimage\",\"url\":\"https:\\\/\\\/kulkidobubbletea.pl\\\/wp-content\\\/uploads\\\/2025\\\/05\\\/zielona-front.jpg\",\"contentUrl\":\"https:\\\/\\\/kulkidobubbletea.pl\\\/wp-content\\\/uploads\\\/2025\\\/05\\\/zielona-front.jpg\",\"width\":2000,\"height\":2000},{\"@type\":\"BreadcrumbList\",\"@id\":\"https:\\\/\\\/kulkidobubbletea.pl\\\/sklep\\\/herbaty\\\/herbata-jasminowa-zielona-1kg-2\\\/#breadcrumb\",\"itemListElement\":[{\"@type\":\"ListItem\",\"position\":1,\"name\":\"Strona g\u0142\u00f3wna\",\"item\":\"https:\\\/\\\/kulkidobubbletea.pl\\\/\"},{\"@type\":\"ListItem\",\"position\":2,\"name\":\"Sklep\",\"item\":\"https:\\\/\\\/kulkidobubbletea.pl\\\/sklep\\\/\"},{\"@type\":\"ListItem\",\"position\":3,\"name\":\"Herbata do Bubble Tea Ja\u015bminowa Zielona 0.6kg\"}]},{\"@type\":\"WebSite\",\"@id\":\"https:\\\/\\\/kulkidobubbletea.pl\\\/#website\",\"url\":\"https:\\\/\\\/kulkidobubbletea.pl\\\/\",\"name\":\"Kulki Do Bubble Tea\",\"description\":\"Sklep online z artyku\u0142ami do bubble tea\",\"publisher\":{\"@id\":\"https:\\\/\\\/kulkidobubbletea.pl\\\/#organization\"},\"potentialAction\":[{\"@type\":\"SearchAction\",\"target\":{\"@type\":\"EntryPoint\",\"urlTemplate\":\"https:\\\/\\\/kulkidobubbletea.pl\\\/?s={search_term_string}\"},\"query-input\":{\"@type\":\"PropertyValueSpecification\",\"valueRequired\":true,\"valueName\":\"search_term_string\"}}],\"inLanguage\":\"uk\"},{\"@type\":\"Organization\",\"@id\":\"https:\\\/\\\/kulkidobubbletea.pl\\\/#organization\",\"name\":\"Kulki Do Bubble Tea\",\"url\":\"https:\\\/\\\/kulkidobubbletea.pl\\\/\",\"logo\":{\"@type\":\"ImageObject\",\"inLanguage\":\"uk\",\"@id\":\"https:\\\/\\\/kulkidobubbletea.pl\\\/#\\\/schema\\\/logo\\\/image\\\/\",\"url\":\"https:\\\/\\\/kulkidobubbletea.pl\\\/wp-content\\\/uploads\\\/2024\\\/04\\\/Original-on-Transparent.png\",\"contentUrl\":\"https:\\\/\\\/kulkidobubbletea.pl\\\/wp-content\\\/uploads\\\/2024\\\/04\\\/Original-on-Transparent.png\",\"width\":5000,\"height\":1109,\"caption\":\"Kulki Do Bubble Tea\"},\"image\":{\"@id\":\"https:\\\/\\\/kulkidobubbletea.pl\\\/#\\\/schema\\\/logo\\\/image\\\/\"}}]}<\/script>\n<!-- \/ Yoast SEO Premium plugin. -->","yoast_head_json":{"title":"\u0411\u0443\u043b\u044c\u0431\u0430\u0448\u043a\u043e\u0432\u0438\u0439 \u0447\u0430\u0439 \u0416\u0430\u0441\u043c\u0438\u043d\u043e\u0432\u0438\u0439 \u0437\u0435\u043b\u0435\u043d\u0438\u0439 0,6 \u043a\u0433 - \u0411\u0443\u043b\u044c\u0431\u0430\u0448\u043a\u043e\u0432\u0456 \u0447\u0430\u0439\u043d\u0456 \u043a\u0443\u043b\u044c\u043a\u0438","robots":{"index":"index","follow":"follow","max-snippet":"max-snippet:-1","max-image-preview":"max-image-preview:large","max-video-preview":"max-video-preview:-1"},"canonical":"https:\/\/kulkidobubbletea.pl\/uk\/\u043c\u0430\u0433\u0430\u0437\u0438\u043d\/\u0447\u0430\u0457\/\u0436\u0430\u0441\u043c\u0438\u043d\u043e\u0432\u0438\u0439-\u0437\u0435\u043b\u0435\u043d\u0438\u0439-\u0447\u0430\u0439-1-\u043a\u0433-2\/","og_locale":"uk_UA","og_type":"article","og_title":"Herbata do Bubble Tea Ja\u015bminowa Zielona 0.6kg","og_description":"Najwy\u017cszej jako\u015bci odmiana zielonej ja\u015bminowej herbaty idealnej do uzyskania esencji do Bubble Tea. Przygotowanie esencji: 1.Przygotuj 85g zielonej herbaty (","og_url":"https:\/\/kulkidobubbletea.pl\/uk\/\u043c\u0430\u0433\u0430\u0437\u0438\u043d\/\u0447\u0430\u0457\/\u0436\u0430\u0441\u043c\u0438\u043d\u043e\u0432\u0438\u0439-\u0437\u0435\u043b\u0435\u043d\u0438\u0439-\u0447\u0430\u0439-1-\u043a\u0433-2\/","og_site_name":"Kulki Do Bubble Tea","article_modified_time":"2026-04-10T08:31:08+00:00","og_image":[{"width":2000,"height":2000,"url":"https:\/\/kulkidobubbletea.pl\/wp-content\/uploads\/2025\/05\/zielona-front.jpg","type":"image\/jpeg"}],"twitter_card":"summary_large_image","twitter_misc":{"\u041f\u0440\u0438\u0431\u043b. \u0447\u0430\u0441 \u0447\u0438\u0442\u0430\u043d\u043d\u044f":"1 \u0445\u0432\u0438\u043b\u0438\u043d\u0430"},"schema":{"@context":"https:\/\/schema.org","@graph":[{"@type":"WebPage","@id":"https:\/\/kulkidobubbletea.pl\/sklep\/herbaty\/herbata-jasminowa-zielona-1kg-2\/","url":"https:\/\/kulkidobubbletea.pl\/sklep\/herbaty\/herbata-jasminowa-zielona-1kg-2\/","name":"\u0411\u0443\u043b\u044c\u0431\u0430\u0448\u043a\u043e\u0432\u0438\u0439 \u0447\u0430\u0439 \u0416\u0430\u0441\u043c\u0438\u043d\u043e\u0432\u0438\u0439 \u0437\u0435\u043b\u0435\u043d\u0438\u0439 0,6 \u043a\u0433 - \u0411\u0443\u043b\u044c\u0431\u0430\u0448\u043a\u043e\u0432\u0456 \u0447\u0430\u0439\u043d\u0456 \u043a\u0443\u043b\u044c\u043a\u0438","isPartOf":{"@id":"https:\/\/kulkidobubbletea.pl\/#website"},"primaryImageOfPage":{"@id":"https:\/\/kulkidobubbletea.pl\/sklep\/herbaty\/herbata-jasminowa-zielona-1kg-2\/#primaryimage"},"image":{"@id":"https:\/\/kulkidobubbletea.pl\/sklep\/herbaty\/herbata-jasminowa-zielona-1kg-2\/#primaryimage"},"thumbnailUrl":"https:\/\/kulkidobubbletea.pl\/wp-content\/uploads\/2025\/05\/zielona-front.jpg","datePublished":"2024-05-04T12:18:08+00:00","dateModified":"2026-04-10T08:31:08+00:00","breadcrumb":{"@id":"https:\/\/kulkidobubbletea.pl\/sklep\/herbaty\/herbata-jasminowa-zielona-1kg-2\/#breadcrumb"},"inLanguage":"uk","potentialAction":[{"@type":"ReadAction","target":["https:\/\/kulkidobubbletea.pl\/sklep\/herbaty\/herbata-jasminowa-zielona-1kg-2\/"]}]},{"@type":"ImageObject","inLanguage":"uk","@id":"https:\/\/kulkidobubbletea.pl\/sklep\/herbaty\/herbata-jasminowa-zielona-1kg-2\/#primaryimage","url":"https:\/\/kulkidobubbletea.pl\/wp-content\/uploads\/2025\/05\/zielona-front.jpg","contentUrl":"https:\/\/kulkidobubbletea.pl\/wp-content\/uploads\/2025\/05\/zielona-front.jpg","width":2000,"height":2000},{"@type":"BreadcrumbList","@id":"https:\/\/kulkidobubbletea.pl\/sklep\/herbaty\/herbata-jasminowa-zielona-1kg-2\/#breadcrumb","itemListElement":[{"@type":"ListItem","position":1,"name":"Strona g\u0142\u00f3wna","item":"https:\/\/kulkidobubbletea.pl\/"},{"@type":"ListItem","position":2,"name":"Sklep","item":"https:\/\/kulkidobubbletea.pl\/sklep\/"},{"@type":"ListItem","position":3,"name":"Herbata do Bubble Tea Ja\u015bminowa Zielona 0.6kg"}]},{"@type":"WebSite","@id":"https:\/\/kulkidobubbletea.pl\/#website","url":"https:\/\/kulkidobubbletea.pl\/","name":"\u041a\u0443\u043b\u044c\u043a\u0438 \u0434\u043b\u044f \u0431\u0443\u043b\u044c\u0431\u0430\u0448\u043a\u043e\u0432\u043e\u0433\u043e \u0447\u0430\u044e","description":"\u0406\u043d\u0442\u0435\u0440\u043d\u0435\u0442-\u043c\u0430\u0433\u0430\u0437\u0438\u043d \u0431\u0443\u043b\u044c\u0431\u0430\u0448\u043a\u043e\u0432\u043e\u0433\u043e \u0447\u0430\u044e","publisher":{"@id":"https:\/\/kulkidobubbletea.pl\/#organization"},"potentialAction":[{"@type":"SearchAction","target":{"@type":"EntryPoint","urlTemplate":"https:\/\/kulkidobubbletea.pl\/?s={search_term_string}"},"query-input":{"@type":"PropertyValueSpecification","valueRequired":true,"valueName":"search_term_string"}}],"inLanguage":"uk"},{"@type":"Organization","@id":"https:\/\/kulkidobubbletea.pl\/#organization","name":"\u041a\u0443\u043b\u044c\u043a\u0438 \u0434\u043b\u044f \u0431\u0443\u043b\u044c\u0431\u0430\u0448\u043a\u043e\u0432\u043e\u0433\u043e \u0447\u0430\u044e","url":"https:\/\/kulkidobubbletea.pl\/","logo":{"@type":"ImageObject","inLanguage":"uk","@id":"https:\/\/kulkidobubbletea.pl\/#\/schema\/logo\/image\/","url":"https:\/\/kulkidobubbletea.pl\/wp-content\/uploads\/2024\/04\/Original-on-Transparent.png","contentUrl":"https:\/\/kulkidobubbletea.pl\/wp-content\/uploads\/2024\/04\/Original-on-Transparent.png","width":5000,"height":1109,"caption":"Kulki Do Bubble Tea"},"image":{"@id":"https:\/\/kulkidobubbletea.pl\/#\/schema\/logo\/image\/"}}]}},"_links":{"self":[{"href":"https:\/\/kulkidobubbletea.pl\/uk\/wp-json\/wp\/v2\/product\/11029","targetHints":{"allow":["GET"]}}],"collection":[{"href":"https:\/\/kulkidobubbletea.pl\/uk\/wp-json\/wp\/v2\/product"}],"about":[{"href":"https:\/\/kulkidobubbletea.pl\/uk\/wp-json\/wp\/v2\/types\/product"}],"replies":[{"embeddable":true,"href":"https:\/\/kulkidobubbletea.pl\/uk\/wp-json\/wp\/v2\/comments?post=11029"}],"version-history":[{"count":6,"href":"https:\/\/kulkidobubbletea.pl\/uk\/wp-json\/wp\/v2\/product\/11029\/revisions"}],"predecessor-version":[{"id":16042,"href":"https:\/\/kulkidobubbletea.pl\/uk\/wp-json\/wp\/v2\/product\/11029\/revisions\/16042"}],"wp:featuredmedia":[{"embeddable":true,"href":"https:\/\/kulkidobubbletea.pl\/uk\/wp-json\/wp\/v2\/media\/16027"}],"wp:attachment":[{"href":"https:\/\/kulkidobubbletea.pl\/uk\/wp-json\/wp\/v2\/media?parent=11029"}],"wp:term":[{"taxonomy":"product_brand","embeddable":true,"href":"https:\/\/kulkidobubbletea.pl\/uk\/wp-json\/wp\/v2\/product_brand?post=11029"},{"taxonomy":"product_cat","embeddable":true,"href":"https:\/\/kulkidobubbletea.pl\/uk\/wp-json\/wp\/v2\/product_cat?post=11029"},{"taxonomy":"product_tag","embeddable":true,"href":"https:\/\/kulkidobubbletea.pl\/uk\/wp-json\/wp\/v2\/product_tag?post=11029"}],"curies":[{"name":"wp","href":"https:\/\/api.w.org\/{rel}","templated":true}]}}