{"id":11024,"date":"2024-05-04T12:18:07","date_gmt":"2024-05-04T12:18:07","guid":{"rendered":"https:\/\/kulkidobubbletea.pl\/produkt\/zelki-nata-de-coco-marakuja-38kg-2\/"},"modified":"2026-04-08T08:05:38","modified_gmt":"2026-04-08T08:05:38","slug":"zelki-nata-de-coco-maracuja-38%d0%ba%d0%b3-2","status":"publish","type":"product","link":"https:\/\/kulkidobubbletea.pl\/uk\/%d0%bc%d0%b0%d0%b3%d0%b0%d0%b7%d0%b8%d0%bd\/nata-de-coco-zelki\/zelki-nata-de-coco-maracuja-38%d0%ba%d0%b3-2\/","title":{"rendered":"\u0416\u0435\u043b\u0435 \u0437 \u0431\u0443\u043b\u044c\u0431\u0430\u0448\u043a\u043e\u0432\u043e\u0433\u043e \u0447\u0430\u044e | Nata De Coco | Maracuja 3,8 \u043a\u0433"},"content":{"rendered":"<p>\u041e\u0440\u0438\u0433\u0456\u043d\u0430\u043b\u044c\u043d\u0456 \u0442\u0430\u0439\u0432\u0430\u043d\u0441\u044c\u043a\u0456 \u0436\u0435\u043b\u0435 Nata De Coco.<\/p>\n<p>&nbsp;<\/p>\n<p>\u0423\u043f\u0430\u043a\u043e\u0432\u043a\u0430 3,8 \u043a\u0433.<\/p>\n<p>&nbsp;<\/p>\n<p>\u0417\u0440\u043e\u0431\u043b\u0435\u043d\u043e \u043d\u0430 \u0422\u0430\u0439\u0432\u0430\u043d\u0456.<\/p>\n<p>&nbsp;<\/p>","protected":false},"excerpt":{"rendered":"<p>Oryginalne tajwa\u0144skie \u017celki Nata De Coco. &nbsp; Opakowanie 3,8kg. &nbsp; Made in Taiwan. &nbsp;<\/p>","protected":false},"featured_media":12377,"comment_status":"open","ping_status":"closed","template":"","meta":[],"product_brand":[],"product_cat":[314],"product_tag":[329],"class_list":{"0":"post-11024","1":"product","2":"type-product","3":"status-publish","4":"has-post-thumbnail","6":"product_cat-zelki-nata-de-coco","7":"product_tag-bestsellery","9":"first","10":"instock","11":"taxable","12":"shipping-taxable","13":"purchasable","14":"product-type-simple"},"yoast_head":"<!-- This site is optimized with the Yoast SEO Premium plugin v23.7 (Yoast SEO v27.3) - https:\/\/yoast.com\/product\/yoast-seo-premium-wordpress\/ -->\n<title>\u017belki do Bubble Tea | Nata De Coco | Marakuja 3.8 kg - Kulki Do Bubble Tea<\/title>\n<meta name=\"robots\" content=\"index, follow, max-snippet:-1, max-image-preview:large, max-video-preview:-1\" \/>\n<link rel=\"canonical\" href=\"https:\/\/kulkidobubbletea.pl\/uk\/\u043c\u0430\u0433\u0430\u0437\u0438\u043d\/nata-de-coco-zelki\/zelki-nata-de-coco-maracuja-38\u043a\u0433-2\/\" \/>\n<meta property=\"og:locale\" content=\"uk_UA\" \/>\n<meta property=\"og:type\" content=\"article\" \/>\n<meta property=\"og:title\" content=\"\u017belki do Bubble Tea | Nata De Coco | Marakuja 3.8 kg\" \/>\n<meta property=\"og:description\" content=\"Oryginalne tajwa\u0144skie \u017celki Nata De Coco. &nbsp; Opakowanie 3,8kg. &nbsp; Made in Taiwan. &nbsp;\" \/>\n<meta property=\"og:url\" content=\"https:\/\/kulkidobubbletea.pl\/uk\/\u043c\u0430\u0433\u0430\u0437\u0438\u043d\/nata-de-coco-zelki\/zelki-nata-de-coco-maracuja-38\u043a\u0433-2\/\" \/>\n<meta property=\"og:site_name\" content=\"Kulki Do Bubble Tea\" \/>\n<meta property=\"article:modified_time\" content=\"2026-04-08T08:05:38+00:00\" \/>\n<meta property=\"og:image\" content=\"https:\/\/kulkidobubbletea.pl\/wp-content\/uploads\/2024\/05\/passion-fruit.png\" \/>\n\t<meta property=\"og:image:width\" content=\"2000\" \/>\n\t<meta property=\"og:image:height\" content=\"2000\" \/>\n\t<meta property=\"og:image:type\" content=\"image\/png\" \/>\n<meta name=\"twitter:card\" content=\"summary_large_image\" \/>\n<meta name=\"twitter:label1\" content=\"\u041f\u0440\u0438\u0431\u043b. \u0447\u0430\u0441 \u0447\u0438\u0442\u0430\u043d\u043d\u044f\" \/>\n\t<meta name=\"twitter:data1\" content=\"1 \u0445\u0432\u0438\u043b\u0438\u043d\u0430\" \/>\n<script type=\"application\/ld+json\" class=\"yoast-schema-graph\">{\"@context\":\"https:\\\/\\\/schema.org\",\"@graph\":[{\"@type\":\"WebPage\",\"@id\":\"https:\\\/\\\/kulkidobubbletea.pl\\\/sklep\\\/zelki-nata-de-coco\\\/zelki-nata-de-coco-marakuja-38kg-2\\\/\",\"url\":\"https:\\\/\\\/kulkidobubbletea.pl\\\/sklep\\\/zelki-nata-de-coco\\\/zelki-nata-de-coco-marakuja-38kg-2\\\/\",\"name\":\"\u017belki do Bubble Tea | Nata De Coco | Marakuja 3.8 kg - Kulki Do Bubble Tea\",\"isPartOf\":{\"@id\":\"https:\\\/\\\/kulkidobubbletea.pl\\\/#website\"},\"primaryImageOfPage\":{\"@id\":\"https:\\\/\\\/kulkidobubbletea.pl\\\/sklep\\\/zelki-nata-de-coco\\\/zelki-nata-de-coco-marakuja-38kg-2\\\/#primaryimage\"},\"image\":{\"@id\":\"https:\\\/\\\/kulkidobubbletea.pl\\\/sklep\\\/zelki-nata-de-coco\\\/zelki-nata-de-coco-marakuja-38kg-2\\\/#primaryimage\"},\"thumbnailUrl\":\"https:\\\/\\\/kulkidobubbletea.pl\\\/wp-content\\\/uploads\\\/2024\\\/05\\\/passion-fruit.png\",\"datePublished\":\"2024-05-04T12:18:07+00:00\",\"dateModified\":\"2026-04-08T08:05:38+00:00\",\"breadcrumb\":{\"@id\":\"https:\\\/\\\/kulkidobubbletea.pl\\\/sklep\\\/zelki-nata-de-coco\\\/zelki-nata-de-coco-marakuja-38kg-2\\\/#breadcrumb\"},\"inLanguage\":\"uk\",\"potentialAction\":[{\"@type\":\"ReadAction\",\"target\":[\"https:\\\/\\\/kulkidobubbletea.pl\\\/sklep\\\/zelki-nata-de-coco\\\/zelki-nata-de-coco-marakuja-38kg-2\\\/\"]}]},{\"@type\":\"ImageObject\",\"inLanguage\":\"uk\",\"@id\":\"https:\\\/\\\/kulkidobubbletea.pl\\\/sklep\\\/zelki-nata-de-coco\\\/zelki-nata-de-coco-marakuja-38kg-2\\\/#primaryimage\",\"url\":\"https:\\\/\\\/kulkidobubbletea.pl\\\/wp-content\\\/uploads\\\/2024\\\/05\\\/passion-fruit.png\",\"contentUrl\":\"https:\\\/\\\/kulkidobubbletea.pl\\\/wp-content\\\/uploads\\\/2024\\\/05\\\/passion-fruit.png\",\"width\":2000,\"height\":2000},{\"@type\":\"BreadcrumbList\",\"@id\":\"https:\\\/\\\/kulkidobubbletea.pl\\\/sklep\\\/zelki-nata-de-coco\\\/zelki-nata-de-coco-marakuja-38kg-2\\\/#breadcrumb\",\"itemListElement\":[{\"@type\":\"ListItem\",\"position\":1,\"name\":\"Strona g\u0142\u00f3wna\",\"item\":\"https:\\\/\\\/kulkidobubbletea.pl\\\/\"},{\"@type\":\"ListItem\",\"position\":2,\"name\":\"Sklep\",\"item\":\"https:\\\/\\\/kulkidobubbletea.pl\\\/sklep\\\/\"},{\"@type\":\"ListItem\",\"position\":3,\"name\":\"\u017belki do Bubble Tea | Nata De Coco | Marakuja 3.8 kg\"}]},{\"@type\":\"WebSite\",\"@id\":\"https:\\\/\\\/kulkidobubbletea.pl\\\/#website\",\"url\":\"https:\\\/\\\/kulkidobubbletea.pl\\\/\",\"name\":\"Kulki Do Bubble Tea\",\"description\":\"Sklep online z artyku\u0142ami do bubble tea\",\"publisher\":{\"@id\":\"https:\\\/\\\/kulkidobubbletea.pl\\\/#organization\"},\"potentialAction\":[{\"@type\":\"SearchAction\",\"target\":{\"@type\":\"EntryPoint\",\"urlTemplate\":\"https:\\\/\\\/kulkidobubbletea.pl\\\/?s={search_term_string}\"},\"query-input\":{\"@type\":\"PropertyValueSpecification\",\"valueRequired\":true,\"valueName\":\"search_term_string\"}}],\"inLanguage\":\"uk\"},{\"@type\":\"Organization\",\"@id\":\"https:\\\/\\\/kulkidobubbletea.pl\\\/#organization\",\"name\":\"Kulki Do Bubble Tea\",\"url\":\"https:\\\/\\\/kulkidobubbletea.pl\\\/\",\"logo\":{\"@type\":\"ImageObject\",\"inLanguage\":\"uk\",\"@id\":\"https:\\\/\\\/kulkidobubbletea.pl\\\/#\\\/schema\\\/logo\\\/image\\\/\",\"url\":\"https:\\\/\\\/kulkidobubbletea.pl\\\/wp-content\\\/uploads\\\/2024\\\/04\\\/Original-on-Transparent.png\",\"contentUrl\":\"https:\\\/\\\/kulkidobubbletea.pl\\\/wp-content\\\/uploads\\\/2024\\\/04\\\/Original-on-Transparent.png\",\"width\":5000,\"height\":1109,\"caption\":\"Kulki Do Bubble Tea\"},\"image\":{\"@id\":\"https:\\\/\\\/kulkidobubbletea.pl\\\/#\\\/schema\\\/logo\\\/image\\\/\"}}]}<\/script>\n<!-- \/ Yoast SEO Premium plugin. -->","yoast_head_json":{"title":"\u0411\u0443\u043b\u044c\u0431\u0430\u0448\u043a\u0438 \u0431\u0443\u043b\u044c\u0431\u0430\u0448\u043a\u043e\u0432\u043e\u0433\u043e \u0447\u0430\u044e | Nata De Coco | Maracuja 3,8 \u043a\u0433 - \u0411\u0443\u043b\u044c\u0431\u0430\u0448\u043a\u0438 \u0431\u0443\u043b\u044c\u0431\u0430\u0448\u043a\u043e\u0432\u043e\u0433\u043e \u0447\u0430\u044e","robots":{"index":"index","follow":"follow","max-snippet":"max-snippet:-1","max-image-preview":"max-image-preview:large","max-video-preview":"max-video-preview:-1"},"canonical":"https:\/\/kulkidobubbletea.pl\/uk\/\u043c\u0430\u0433\u0430\u0437\u0438\u043d\/nata-de-coco-zelki\/zelki-nata-de-coco-maracuja-38\u043a\u0433-2\/","og_locale":"uk_UA","og_type":"article","og_title":"\u017belki do Bubble Tea | Nata De Coco | Marakuja 3.8 kg","og_description":"Oryginalne tajwa\u0144skie \u017celki Nata De Coco. &nbsp; Opakowanie 3,8kg. &nbsp; Made in Taiwan. &nbsp;","og_url":"https:\/\/kulkidobubbletea.pl\/uk\/\u043c\u0430\u0433\u0430\u0437\u0438\u043d\/nata-de-coco-zelki\/zelki-nata-de-coco-maracuja-38\u043a\u0433-2\/","og_site_name":"Kulki Do Bubble Tea","article_modified_time":"2026-04-08T08:05:38+00:00","og_image":[{"width":2000,"height":2000,"url":"https:\/\/kulkidobubbletea.pl\/wp-content\/uploads\/2024\/05\/passion-fruit.png","type":"image\/png"}],"twitter_card":"summary_large_image","twitter_misc":{"\u041f\u0440\u0438\u0431\u043b. \u0447\u0430\u0441 \u0447\u0438\u0442\u0430\u043d\u043d\u044f":"1 \u0445\u0432\u0438\u043b\u0438\u043d\u0430"},"schema":{"@context":"https:\/\/schema.org","@graph":[{"@type":"WebPage","@id":"https:\/\/kulkidobubbletea.pl\/sklep\/zelki-nata-de-coco\/zelki-nata-de-coco-marakuja-38kg-2\/","url":"https:\/\/kulkidobubbletea.pl\/sklep\/zelki-nata-de-coco\/zelki-nata-de-coco-marakuja-38kg-2\/","name":"\u0411\u0443\u043b\u044c\u0431\u0430\u0448\u043a\u0438 \u0431\u0443\u043b\u044c\u0431\u0430\u0448\u043a\u043e\u0432\u043e\u0433\u043e \u0447\u0430\u044e | Nata De Coco | Maracuja 3,8 \u043a\u0433 - \u0411\u0443\u043b\u044c\u0431\u0430\u0448\u043a\u0438 \u0431\u0443\u043b\u044c\u0431\u0430\u0448\u043a\u043e\u0432\u043e\u0433\u043e \u0447\u0430\u044e","isPartOf":{"@id":"https:\/\/kulkidobubbletea.pl\/#website"},"primaryImageOfPage":{"@id":"https:\/\/kulkidobubbletea.pl\/sklep\/zelki-nata-de-coco\/zelki-nata-de-coco-marakuja-38kg-2\/#primaryimage"},"image":{"@id":"https:\/\/kulkidobubbletea.pl\/sklep\/zelki-nata-de-coco\/zelki-nata-de-coco-marakuja-38kg-2\/#primaryimage"},"thumbnailUrl":"https:\/\/kulkidobubbletea.pl\/wp-content\/uploads\/2024\/05\/passion-fruit.png","datePublished":"2024-05-04T12:18:07+00:00","dateModified":"2026-04-08T08:05:38+00:00","breadcrumb":{"@id":"https:\/\/kulkidobubbletea.pl\/sklep\/zelki-nata-de-coco\/zelki-nata-de-coco-marakuja-38kg-2\/#breadcrumb"},"inLanguage":"uk","potentialAction":[{"@type":"ReadAction","target":["https:\/\/kulkidobubbletea.pl\/sklep\/zelki-nata-de-coco\/zelki-nata-de-coco-marakuja-38kg-2\/"]}]},{"@type":"ImageObject","inLanguage":"uk","@id":"https:\/\/kulkidobubbletea.pl\/sklep\/zelki-nata-de-coco\/zelki-nata-de-coco-marakuja-38kg-2\/#primaryimage","url":"https:\/\/kulkidobubbletea.pl\/wp-content\/uploads\/2024\/05\/passion-fruit.png","contentUrl":"https:\/\/kulkidobubbletea.pl\/wp-content\/uploads\/2024\/05\/passion-fruit.png","width":2000,"height":2000},{"@type":"BreadcrumbList","@id":"https:\/\/kulkidobubbletea.pl\/sklep\/zelki-nata-de-coco\/zelki-nata-de-coco-marakuja-38kg-2\/#breadcrumb","itemListElement":[{"@type":"ListItem","position":1,"name":"Strona g\u0142\u00f3wna","item":"https:\/\/kulkidobubbletea.pl\/"},{"@type":"ListItem","position":2,"name":"Sklep","item":"https:\/\/kulkidobubbletea.pl\/sklep\/"},{"@type":"ListItem","position":3,"name":"\u017belki do Bubble Tea | Nata De Coco | Marakuja 3.8 kg"}]},{"@type":"WebSite","@id":"https:\/\/kulkidobubbletea.pl\/#website","url":"https:\/\/kulkidobubbletea.pl\/","name":"\u041a\u0443\u043b\u044c\u043a\u0438 \u0434\u043b\u044f \u0431\u0443\u043b\u044c\u0431\u0430\u0448\u043a\u043e\u0432\u043e\u0433\u043e \u0447\u0430\u044e","description":"\u0406\u043d\u0442\u0435\u0440\u043d\u0435\u0442-\u043c\u0430\u0433\u0430\u0437\u0438\u043d \u0431\u0443\u043b\u044c\u0431\u0430\u0448\u043a\u043e\u0432\u043e\u0433\u043e \u0447\u0430\u044e","publisher":{"@id":"https:\/\/kulkidobubbletea.pl\/#organization"},"potentialAction":[{"@type":"SearchAction","target":{"@type":"EntryPoint","urlTemplate":"https:\/\/kulkidobubbletea.pl\/?s={search_term_string}"},"query-input":{"@type":"PropertyValueSpecification","valueRequired":true,"valueName":"search_term_string"}}],"inLanguage":"uk"},{"@type":"Organization","@id":"https:\/\/kulkidobubbletea.pl\/#organization","name":"\u041a\u0443\u043b\u044c\u043a\u0438 \u0434\u043b\u044f \u0431\u0443\u043b\u044c\u0431\u0430\u0448\u043a\u043e\u0432\u043e\u0433\u043e \u0447\u0430\u044e","url":"https:\/\/kulkidobubbletea.pl\/","logo":{"@type":"ImageObject","inLanguage":"uk","@id":"https:\/\/kulkidobubbletea.pl\/#\/schema\/logo\/image\/","url":"https:\/\/kulkidobubbletea.pl\/wp-content\/uploads\/2024\/04\/Original-on-Transparent.png","contentUrl":"https:\/\/kulkidobubbletea.pl\/wp-content\/uploads\/2024\/04\/Original-on-Transparent.png","width":5000,"height":1109,"caption":"Kulki Do Bubble Tea"},"image":{"@id":"https:\/\/kulkidobubbletea.pl\/#\/schema\/logo\/image\/"}}]}},"_links":{"self":[{"href":"https:\/\/kulkidobubbletea.pl\/uk\/wp-json\/wp\/v2\/product\/11024","targetHints":{"allow":["GET"]}}],"collection":[{"href":"https:\/\/kulkidobubbletea.pl\/uk\/wp-json\/wp\/v2\/product"}],"about":[{"href":"https:\/\/kulkidobubbletea.pl\/uk\/wp-json\/wp\/v2\/types\/product"}],"replies":[{"embeddable":true,"href":"https:\/\/kulkidobubbletea.pl\/uk\/wp-json\/wp\/v2\/comments?post=11024"}],"version-history":[{"count":4,"href":"https:\/\/kulkidobubbletea.pl\/uk\/wp-json\/wp\/v2\/product\/11024\/revisions"}],"predecessor-version":[{"id":12407,"href":"https:\/\/kulkidobubbletea.pl\/uk\/wp-json\/wp\/v2\/product\/11024\/revisions\/12407"}],"wp:featuredmedia":[{"embeddable":true,"href":"https:\/\/kulkidobubbletea.pl\/uk\/wp-json\/wp\/v2\/media\/12377"}],"wp:attachment":[{"href":"https:\/\/kulkidobubbletea.pl\/uk\/wp-json\/wp\/v2\/media?parent=11024"}],"wp:term":[{"taxonomy":"product_brand","embeddable":true,"href":"https:\/\/kulkidobubbletea.pl\/uk\/wp-json\/wp\/v2\/product_brand?post=11024"},{"taxonomy":"product_cat","embeddable":true,"href":"https:\/\/kulkidobubbletea.pl\/uk\/wp-json\/wp\/v2\/product_cat?post=11024"},{"taxonomy":"product_tag","embeddable":true,"href":"https:\/\/kulkidobubbletea.pl\/uk\/wp-json\/wp\/v2\/product_tag?post=11024"}],"curies":[{"name":"wp","href":"https:\/\/api.w.org\/{rel}","templated":true}]}}