{"id":11018,"date":"2024-05-04T12:18:06","date_gmt":"2024-05-04T12:18:06","guid":{"rendered":"https:\/\/kulkidobubbletea.pl\/produkt\/lyzka-do-pudrow-2\/"},"modified":"2025-08-31T12:17:10","modified_gmt":"2025-08-31T12:17:10","slug":"%d0%bb%d0%be%d0%b6%d0%ba%d0%b0-%d0%bf%d0%be%d1%80%d0%be%d1%88%d0%ba%d1%83-2","status":"publish","type":"product","link":"https:\/\/kulkidobubbletea.pl\/uk\/%d0%bc%d0%b0%d0%b3%d0%b0%d0%b7%d0%b8%d0%bd\/%d0%b0%d0%ba%d1%81%d0%b5%d1%81%d1%83%d0%b0%d1%80%d0%b8\/%d0%bb%d0%be%d0%b6%d0%ba%d0%b0-%d0%bf%d0%be%d1%80%d0%be%d1%88%d0%ba%d1%83-2\/","title":{"rendered":"\u041b\u043e\u0436\u043a\u0430 \u0434\u043b\u044f \u043f\u043e\u0440\u043e\u0448\u043a\u0443"},"content":{"rendered":"<p>\u041b\u043e\u0436\u043a\u0430 \u0434\u043b\u044f \u043d\u0430\u043d\u0435\u0441\u0435\u043d\u043d\u044f \u043f\u0443\u0434\u0440\u0438.<\/p>\n<p>\u0413\u043b\u0438\u0431\u0438\u043d\u0430 \u043b\u043e\u0436\u043a\u0438 \u043f\u0456\u0434\u0456\u0431\u0440\u0430\u043d\u0430 \u0432\u0456\u0434\u043f\u043e\u0432\u0456\u0434\u043d\u043e \u0434\u043e \u0440\u0435\u0446\u0435\u043f\u0442\u0456\u0432, \u0437\u0430 \u044f\u043a\u0438\u043c\u0438 \u0433\u043e\u0442\u0443\u0454\u0442\u044c\u0441\u044f \u043c\u043e\u043b\u043e\u0447\u043d\u0438\u0439 \u0430\u0440\u043e\u043c\u0430\u0442\u043d\u0438\u0439 \u0431\u0443\u043b\u044c\u0431\u0430\u0448\u043a\u043e\u0432\u0438\u0439 \u0447\u0430\u0439.<\/p>","protected":false},"excerpt":{"rendered":"<p>\u041b\u043e\u0436\u043a\u0430 \u0434\u043b\u044f \u043d\u0430\u043a\u043b\u0430\u0434\u0430\u043d\u043d\u044f \u043f\u043e\u0440\u043e\u0448\u043a\u0456\u0432. \u0413\u043b\u0438\u0431\u043e\u043a\u0430, \u0454\u043c\u043d\u0456\u0441\u0442\u044c \u043b\u043e\u0436\u043a\u0438 \u0432\u0456\u0434\u043f\u043e\u0432\u0456\u0434\u0430\u0454 \u0440\u0435\u0446\u0435\u043f\u0442\u0430\u043c, \u0437\u0430 \u044f\u043a\u0438\u043c\u0438 \u0433\u043e\u0442\u0443\u044e\u0442\u044c \u043c\u043e\u043b\u043e\u0447\u043d\u0438\u0439 \u0430\u0440\u043e\u043c\u0430\u0442\u0438\u0437\u043e\u0432\u0430\u043d\u0438\u0439 \u0431\u0443\u043b\u044c\u0431\u0430\u0448\u043a\u043e\u0432\u0438\u0439 \u0447\u0430\u0439.<\/p>","protected":false},"featured_media":11340,"comment_status":"open","ping_status":"closed","template":"","meta":[],"product_brand":[],"product_cat":[321],"product_tag":[],"class_list":{"0":"post-11018","1":"product","2":"type-product","3":"status-publish","4":"has-post-thumbnail","6":"product_cat-akcesoria","8":"first","9":"instock","10":"taxable","11":"shipping-taxable","12":"purchasable","13":"product-type-simple"},"yoast_head":"<!-- This site is optimized with the Yoast SEO Premium plugin v23.7 (Yoast SEO v27.3) - https:\/\/yoast.com\/product\/yoast-seo-premium-wordpress\/ -->\n<title>\u0141y\u017cka do pudr\u00f3w - Kulki Do Bubble Tea<\/title>\n<meta name=\"robots\" content=\"index, follow, max-snippet:-1, max-image-preview:large, max-video-preview:-1\" \/>\n<link rel=\"canonical\" href=\"https:\/\/kulkidobubbletea.pl\/uk\/\u043c\u0430\u0433\u0430\u0437\u0438\u043d\/\u0430\u043a\u0441\u0435\u0441\u0443\u0430\u0440\u0438\/\u043b\u043e\u0436\u043a\u0430-\u043f\u043e\u0440\u043e\u0448\u043a\u0443-2\/\" \/>\n<meta property=\"og:locale\" content=\"uk_UA\" \/>\n<meta property=\"og:type\" content=\"article\" \/>\n<meta property=\"og:title\" content=\"\u0141y\u017cka do pudr\u00f3w\" \/>\n<meta property=\"og:description\" content=\"\u0141y\u017cka do nak\u0142adania pudr\u00f3w. G\u0142\u0119boka, pojemno\u015b\u0107 \u0142y\u017cki dopasowana do przepis\u00f3w z kt\u00f3rych powstaj\u0105 mleczne, smakowe bubble tea.\" \/>\n<meta property=\"og:url\" content=\"https:\/\/kulkidobubbletea.pl\/uk\/\u043c\u0430\u0433\u0430\u0437\u0438\u043d\/\u0430\u043a\u0441\u0435\u0441\u0443\u0430\u0440\u0438\/\u043b\u043e\u0436\u043a\u0430-\u043f\u043e\u0440\u043e\u0448\u043a\u0443-2\/\" \/>\n<meta property=\"og:site_name\" content=\"Kulki Do Bubble Tea\" \/>\n<meta property=\"article:modified_time\" content=\"2025-08-31T12:17:10+00:00\" \/>\n<meta property=\"og:image\" content=\"https:\/\/kulkidobubbletea.pl\/wp-content\/uploads\/2024\/05\/LYZKA-DO-PUDROW.png\" \/>\n\t<meta property=\"og:image:width\" content=\"1000\" \/>\n\t<meta property=\"og:image:height\" content=\"1000\" \/>\n\t<meta property=\"og:image:type\" content=\"image\/png\" \/>\n<meta name=\"twitter:card\" content=\"summary_large_image\" \/>\n<script type=\"application\/ld+json\" class=\"yoast-schema-graph\">{\"@context\":\"https:\\\/\\\/schema.org\",\"@graph\":[{\"@type\":\"WebPage\",\"@id\":\"https:\\\/\\\/kulkidobubbletea.pl\\\/sklep\\\/akcesoria\\\/lyzka-do-pudrow-2\\\/\",\"url\":\"https:\\\/\\\/kulkidobubbletea.pl\\\/sklep\\\/akcesoria\\\/lyzka-do-pudrow-2\\\/\",\"name\":\"\u0141y\u017cka do pudr\u00f3w - Kulki Do Bubble Tea\",\"isPartOf\":{\"@id\":\"https:\\\/\\\/kulkidobubbletea.pl\\\/#website\"},\"primaryImageOfPage\":{\"@id\":\"https:\\\/\\\/kulkidobubbletea.pl\\\/sklep\\\/akcesoria\\\/lyzka-do-pudrow-2\\\/#primaryimage\"},\"image\":{\"@id\":\"https:\\\/\\\/kulkidobubbletea.pl\\\/sklep\\\/akcesoria\\\/lyzka-do-pudrow-2\\\/#primaryimage\"},\"thumbnailUrl\":\"https:\\\/\\\/kulkidobubbletea.pl\\\/wp-content\\\/uploads\\\/2024\\\/05\\\/LYZKA-DO-PUDROW.png\",\"datePublished\":\"2024-05-04T12:18:06+00:00\",\"dateModified\":\"2025-08-31T12:17:10+00:00\",\"breadcrumb\":{\"@id\":\"https:\\\/\\\/kulkidobubbletea.pl\\\/sklep\\\/akcesoria\\\/lyzka-do-pudrow-2\\\/#breadcrumb\"},\"inLanguage\":\"uk\",\"potentialAction\":[{\"@type\":\"ReadAction\",\"target\":[\"https:\\\/\\\/kulkidobubbletea.pl\\\/sklep\\\/akcesoria\\\/lyzka-do-pudrow-2\\\/\"]}]},{\"@type\":\"ImageObject\",\"inLanguage\":\"uk\",\"@id\":\"https:\\\/\\\/kulkidobubbletea.pl\\\/sklep\\\/akcesoria\\\/lyzka-do-pudrow-2\\\/#primaryimage\",\"url\":\"https:\\\/\\\/kulkidobubbletea.pl\\\/wp-content\\\/uploads\\\/2024\\\/05\\\/LYZKA-DO-PUDROW.png\",\"contentUrl\":\"https:\\\/\\\/kulkidobubbletea.pl\\\/wp-content\\\/uploads\\\/2024\\\/05\\\/LYZKA-DO-PUDROW.png\",\"width\":1000,\"height\":1000},{\"@type\":\"BreadcrumbList\",\"@id\":\"https:\\\/\\\/kulkidobubbletea.pl\\\/sklep\\\/akcesoria\\\/lyzka-do-pudrow-2\\\/#breadcrumb\",\"itemListElement\":[{\"@type\":\"ListItem\",\"position\":1,\"name\":\"Strona g\u0142\u00f3wna\",\"item\":\"https:\\\/\\\/kulkidobubbletea.pl\\\/\"},{\"@type\":\"ListItem\",\"position\":2,\"name\":\"Sklep\",\"item\":\"https:\\\/\\\/kulkidobubbletea.pl\\\/sklep\\\/\"},{\"@type\":\"ListItem\",\"position\":3,\"name\":\"\u0141y\u017cka do pudr\u00f3w\"}]},{\"@type\":\"WebSite\",\"@id\":\"https:\\\/\\\/kulkidobubbletea.pl\\\/#website\",\"url\":\"https:\\\/\\\/kulkidobubbletea.pl\\\/\",\"name\":\"Kulki Do Bubble Tea\",\"description\":\"Sklep online z artyku\u0142ami do bubble tea\",\"publisher\":{\"@id\":\"https:\\\/\\\/kulkidobubbletea.pl\\\/#organization\"},\"potentialAction\":[{\"@type\":\"SearchAction\",\"target\":{\"@type\":\"EntryPoint\",\"urlTemplate\":\"https:\\\/\\\/kulkidobubbletea.pl\\\/?s={search_term_string}\"},\"query-input\":{\"@type\":\"PropertyValueSpecification\",\"valueRequired\":true,\"valueName\":\"search_term_string\"}}],\"inLanguage\":\"uk\"},{\"@type\":\"Organization\",\"@id\":\"https:\\\/\\\/kulkidobubbletea.pl\\\/#organization\",\"name\":\"Kulki Do Bubble Tea\",\"url\":\"https:\\\/\\\/kulkidobubbletea.pl\\\/\",\"logo\":{\"@type\":\"ImageObject\",\"inLanguage\":\"uk\",\"@id\":\"https:\\\/\\\/kulkidobubbletea.pl\\\/#\\\/schema\\\/logo\\\/image\\\/\",\"url\":\"https:\\\/\\\/kulkidobubbletea.pl\\\/wp-content\\\/uploads\\\/2024\\\/04\\\/Original-on-Transparent.png\",\"contentUrl\":\"https:\\\/\\\/kulkidobubbletea.pl\\\/wp-content\\\/uploads\\\/2024\\\/04\\\/Original-on-Transparent.png\",\"width\":5000,\"height\":1109,\"caption\":\"Kulki Do Bubble Tea\"},\"image\":{\"@id\":\"https:\\\/\\\/kulkidobubbletea.pl\\\/#\\\/schema\\\/logo\\\/image\\\/\"}}]}<\/script>\n<!-- \/ Yoast SEO Premium plugin. -->","yoast_head_json":{"title":"\u041b\u043e\u0436\u043a\u0430 \u0434\u043b\u044f \u043f\u043e\u0440\u043e\u0448\u043a\u0443 - \u043a\u0443\u043b\u044c\u043a\u0438 \u0434\u043b\u044f \u0431\u0443\u043b\u044c\u0431\u0430\u0448\u043a\u043e\u0432\u043e\u0433\u043e \u0447\u0430\u044e","robots":{"index":"index","follow":"follow","max-snippet":"max-snippet:-1","max-image-preview":"max-image-preview:large","max-video-preview":"max-video-preview:-1"},"canonical":"https:\/\/kulkidobubbletea.pl\/uk\/\u043c\u0430\u0433\u0430\u0437\u0438\u043d\/\u0430\u043a\u0441\u0435\u0441\u0443\u0430\u0440\u0438\/\u043b\u043e\u0436\u043a\u0430-\u043f\u043e\u0440\u043e\u0448\u043a\u0443-2\/","og_locale":"uk_UA","og_type":"article","og_title":"\u0141y\u017cka do pudr\u00f3w","og_description":"\u0141y\u017cka do nak\u0142adania pudr\u00f3w. G\u0142\u0119boka, pojemno\u015b\u0107 \u0142y\u017cki dopasowana do przepis\u00f3w z kt\u00f3rych powstaj\u0105 mleczne, smakowe bubble tea.","og_url":"https:\/\/kulkidobubbletea.pl\/uk\/\u043c\u0430\u0433\u0430\u0437\u0438\u043d\/\u0430\u043a\u0441\u0435\u0441\u0443\u0430\u0440\u0438\/\u043b\u043e\u0436\u043a\u0430-\u043f\u043e\u0440\u043e\u0448\u043a\u0443-2\/","og_site_name":"Kulki Do Bubble Tea","article_modified_time":"2025-08-31T12:17:10+00:00","og_image":[{"width":1000,"height":1000,"url":"https:\/\/kulkidobubbletea.pl\/wp-content\/uploads\/2024\/05\/LYZKA-DO-PUDROW.png","type":"image\/png"}],"twitter_card":"summary_large_image","schema":{"@context":"https:\/\/schema.org","@graph":[{"@type":"WebPage","@id":"https:\/\/kulkidobubbletea.pl\/sklep\/akcesoria\/lyzka-do-pudrow-2\/","url":"https:\/\/kulkidobubbletea.pl\/sklep\/akcesoria\/lyzka-do-pudrow-2\/","name":"\u041b\u043e\u0436\u043a\u0430 \u0434\u043b\u044f \u043f\u043e\u0440\u043e\u0448\u043a\u0443 - \u043a\u0443\u043b\u044c\u043a\u0438 \u0434\u043b\u044f \u0431\u0443\u043b\u044c\u0431\u0430\u0448\u043a\u043e\u0432\u043e\u0433\u043e \u0447\u0430\u044e","isPartOf":{"@id":"https:\/\/kulkidobubbletea.pl\/#website"},"primaryImageOfPage":{"@id":"https:\/\/kulkidobubbletea.pl\/sklep\/akcesoria\/lyzka-do-pudrow-2\/#primaryimage"},"image":{"@id":"https:\/\/kulkidobubbletea.pl\/sklep\/akcesoria\/lyzka-do-pudrow-2\/#primaryimage"},"thumbnailUrl":"https:\/\/kulkidobubbletea.pl\/wp-content\/uploads\/2024\/05\/LYZKA-DO-PUDROW.png","datePublished":"2024-05-04T12:18:06+00:00","dateModified":"2025-08-31T12:17:10+00:00","breadcrumb":{"@id":"https:\/\/kulkidobubbletea.pl\/sklep\/akcesoria\/lyzka-do-pudrow-2\/#breadcrumb"},"inLanguage":"uk","potentialAction":[{"@type":"ReadAction","target":["https:\/\/kulkidobubbletea.pl\/sklep\/akcesoria\/lyzka-do-pudrow-2\/"]}]},{"@type":"ImageObject","inLanguage":"uk","@id":"https:\/\/kulkidobubbletea.pl\/sklep\/akcesoria\/lyzka-do-pudrow-2\/#primaryimage","url":"https:\/\/kulkidobubbletea.pl\/wp-content\/uploads\/2024\/05\/LYZKA-DO-PUDROW.png","contentUrl":"https:\/\/kulkidobubbletea.pl\/wp-content\/uploads\/2024\/05\/LYZKA-DO-PUDROW.png","width":1000,"height":1000},{"@type":"BreadcrumbList","@id":"https:\/\/kulkidobubbletea.pl\/sklep\/akcesoria\/lyzka-do-pudrow-2\/#breadcrumb","itemListElement":[{"@type":"ListItem","position":1,"name":"Strona g\u0142\u00f3wna","item":"https:\/\/kulkidobubbletea.pl\/"},{"@type":"ListItem","position":2,"name":"Sklep","item":"https:\/\/kulkidobubbletea.pl\/sklep\/"},{"@type":"ListItem","position":3,"name":"\u0141y\u017cka do pudr\u00f3w"}]},{"@type":"WebSite","@id":"https:\/\/kulkidobubbletea.pl\/#website","url":"https:\/\/kulkidobubbletea.pl\/","name":"\u041a\u0443\u043b\u044c\u043a\u0438 \u0434\u043b\u044f \u0431\u0443\u043b\u044c\u0431\u0430\u0448\u043a\u043e\u0432\u043e\u0433\u043e \u0447\u0430\u044e","description":"\u0406\u043d\u0442\u0435\u0440\u043d\u0435\u0442-\u043c\u0430\u0433\u0430\u0437\u0438\u043d \u0431\u0443\u043b\u044c\u0431\u0430\u0448\u043a\u043e\u0432\u043e\u0433\u043e \u0447\u0430\u044e","publisher":{"@id":"https:\/\/kulkidobubbletea.pl\/#organization"},"potentialAction":[{"@type":"SearchAction","target":{"@type":"EntryPoint","urlTemplate":"https:\/\/kulkidobubbletea.pl\/?s={search_term_string}"},"query-input":{"@type":"PropertyValueSpecification","valueRequired":true,"valueName":"search_term_string"}}],"inLanguage":"uk"},{"@type":"Organization","@id":"https:\/\/kulkidobubbletea.pl\/#organization","name":"\u041a\u0443\u043b\u044c\u043a\u0438 \u0434\u043b\u044f \u0431\u0443\u043b\u044c\u0431\u0430\u0448\u043a\u043e\u0432\u043e\u0433\u043e \u0447\u0430\u044e","url":"https:\/\/kulkidobubbletea.pl\/","logo":{"@type":"ImageObject","inLanguage":"uk","@id":"https:\/\/kulkidobubbletea.pl\/#\/schema\/logo\/image\/","url":"https:\/\/kulkidobubbletea.pl\/wp-content\/uploads\/2024\/04\/Original-on-Transparent.png","contentUrl":"https:\/\/kulkidobubbletea.pl\/wp-content\/uploads\/2024\/04\/Original-on-Transparent.png","width":5000,"height":1109,"caption":"Kulki Do Bubble Tea"},"image":{"@id":"https:\/\/kulkidobubbletea.pl\/#\/schema\/logo\/image\/"}}]}},"_links":{"self":[{"href":"https:\/\/kulkidobubbletea.pl\/uk\/wp-json\/wp\/v2\/product\/11018","targetHints":{"allow":["GET"]}}],"collection":[{"href":"https:\/\/kulkidobubbletea.pl\/uk\/wp-json\/wp\/v2\/product"}],"about":[{"href":"https:\/\/kulkidobubbletea.pl\/uk\/wp-json\/wp\/v2\/types\/product"}],"replies":[{"embeddable":true,"href":"https:\/\/kulkidobubbletea.pl\/uk\/wp-json\/wp\/v2\/comments?post=11018"}],"version-history":[{"count":1,"href":"https:\/\/kulkidobubbletea.pl\/uk\/wp-json\/wp\/v2\/product\/11018\/revisions"}],"predecessor-version":[{"id":11341,"href":"https:\/\/kulkidobubbletea.pl\/uk\/wp-json\/wp\/v2\/product\/11018\/revisions\/11341"}],"wp:featuredmedia":[{"embeddable":true,"href":"https:\/\/kulkidobubbletea.pl\/uk\/wp-json\/wp\/v2\/media\/11340"}],"wp:attachment":[{"href":"https:\/\/kulkidobubbletea.pl\/uk\/wp-json\/wp\/v2\/media?parent=11018"}],"wp:term":[{"taxonomy":"product_brand","embeddable":true,"href":"https:\/\/kulkidobubbletea.pl\/uk\/wp-json\/wp\/v2\/product_brand?post=11018"},{"taxonomy":"product_cat","embeddable":true,"href":"https:\/\/kulkidobubbletea.pl\/uk\/wp-json\/wp\/v2\/product_cat?post=11018"},{"taxonomy":"product_tag","embeddable":true,"href":"https:\/\/kulkidobubbletea.pl\/uk\/wp-json\/wp\/v2\/product_tag?post=11018"}],"curies":[{"name":"wp","href":"https:\/\/api.w.org\/{rel}","templated":true}]}}