{"id":12503,"date":"2024-08-19T17:22:47","date_gmt":"2024-08-19T17:22:47","guid":{"rendered":"https:\/\/kulkidobubbletea.pl\/?page_id=12503"},"modified":"2024-08-19T17:25:28","modified_gmt":"2024-08-19T17:25:28","slug":"%d0%b1%d0%b5%d0%b7%d0%bf%d0%b5%d1%87%d0%bd%d0%b0-%d0%b4%d0%be%d1%81%d1%82%d0%b0%d0%b2%d0%ba%d0%b0","status":"publish","type":"page","link":"https:\/\/kulkidobubbletea.pl\/uk\/%d0%b1%d0%b5%d0%b7%d0%bf%d0%b5%d1%87%d0%bd%d0%b0-%d0%b4%d0%be%d1%81%d1%82%d0%b0%d0%b2%d0%ba%d0%b0\/","title":{"rendered":"\u0411\u0435\u0437\u043f\u0435\u0447\u043d\u0430 \u0434\u043e\u0441\u0442\u0430\u0432\u043a\u0430"},"content":{"rendered":"<div data-elementor-type=\"wp-page\" data-elementor-id=\"12503\" class=\"elementor elementor-12503\" data-elementor-post-type=\"page\">\n\t\t\t\t<div class=\"elementor-element elementor-element-791c88d e-flex e-con-boxed e-con e-parent\" data-id=\"791c88d\" data-element_type=\"container\" data-e-type=\"container\">\n\t\t\t\t\t<div class=\"e-con-inner\">\n\t\t\t\t<div class=\"elementor-element elementor-element-95d6621 elementor-widget elementor-widget-spacer\" data-id=\"95d6621\" data-element_type=\"widget\" data-e-type=\"widget\" data-widget_type=\"spacer.default\">\n\t\t\t\t<div class=\"elementor-widget-container\">\n\t\t\t\t\t\t\t<div class=\"elementor-spacer\">\n\t\t\t<div class=\"elementor-spacer-inner\"><\/div>\n\t\t<\/div>\n\t\t\t\t\t\t<\/div>\n\t\t\t\t<\/div>\n\t\t\t\t\t<\/div>\n\t\t\t\t<\/div>\n\t\t<div class=\"elementor-element elementor-element-6f5a46c e-flex e-con-boxed e-con e-parent\" data-id=\"6f5a46c\" data-element_type=\"container\" data-e-type=\"container\">\n\t\t\t\t\t<div class=\"e-con-inner\">\n\t\t\t\t<div class=\"elementor-element elementor-element-1bf4845 elementor-widget elementor-widget-heading\" data-id=\"1bf4845\" data-element_type=\"widget\" data-e-type=\"widget\" data-widget_type=\"heading.default\">\n\t\t\t\t<div class=\"elementor-widget-container\">\n\t\t\t\t\t<h2 class=\"elementor-heading-title elementor-size-default\">\u0411\u0435\u0437\u043f\u0435\u0447\u043d\u0430 \u0434\u043e\u0441\u0442\u0430\u0432\u043a\u0430<\/h2>\t\t\t\t<\/div>\n\t\t\t\t<\/div>\n\t\t\t\t<div class=\"elementor-element elementor-element-ca18e1f elementor-widget__width-inherit color-scheme-inherit text-left elementor-widget elementor-widget-text-editor\" data-id=\"ca18e1f\" data-element_type=\"widget\" data-e-type=\"widget\" data-widget_type=\"text-editor.default\">\n\t\t\t\t<div class=\"elementor-widget-container\">\n\t\t\t\t\t\t\t\t\t<p style=\"text-align: left;\"><b>\u0411\u0435\u0437\u043f\u0435\u0447\u043d\u0430 \u0434\u043e\u0441\u0442\u0430\u0432\u043a\u0430 \u0432\u0430\u0448\u0438\u0445 \u043f\u043e\u043a\u0443\u043f\u043e\u043a<\/b><span style=\"font-weight: 400;\"> \u0412\u0430\u0448\u0456 \u0432\u0430\u043d\u0442\u0430\u0436\u0456 \u0432\u0430\u0436\u043b\u0438\u0432\u0456 \u0434\u043b\u044f \u043d\u0430\u0441. \u0421\u0430\u043c\u0435 \u0442\u043e\u043c\u0443 \u043c\u0438 \u043f\u0440\u043e\u043f\u043e\u043d\u0443\u0454\u043c\u043e \u0434\u043e\u0441\u0442\u0430\u0432\u043a\u0443 \u043d\u0430 \u043d\u0430\u043f\u0456\u0432\u043f\u0456\u0434\u0434\u043e\u043d\u0456 \u0434\u043b\u044f \u0431\u0435\u0437\u043f\u0435\u0447\u043d\u043e\u0433\u043e \u0442\u0440\u0430\u043d\u0441\u043f\u043e\u0440\u0442\u0443\u0432\u0430\u043d\u043d\u044f \u043d\u0430\u0432\u0456\u0442\u044c \u0432\u0435\u043b\u0438\u043a\u0438\u0445 \u043f\u0440\u0435\u0434\u043c\u0435\u0442\u0456\u0432.<\/span><\/p>\n<p style=\"text-align: left;\"><span style=\"font-weight: 400;\">\u0423 \u0437\u0432'\u044f\u0437\u043a\u0443 \u0437 \u0432\u0435\u043b\u0438\u043a\u043e\u044e \u043a\u0456\u043b\u044c\u043a\u0456\u0441\u0442\u044e \u043f\u043e\u0448\u043a\u043e\u0434\u0436\u0435\u043d\u044c, \u0441\u043f\u0440\u0438\u0447\u0438\u043d\u0435\u043d\u0438\u0445 \u0442\u0440\u0430\u0434\u0438\u0446\u0456\u0439\u043d\u0438\u043c\u0438 \u043a\u0443\u0440'\u0454\u0440\u0441\u044c\u043a\u0438\u043c\u0438 \u0432\u0456\u0434\u043f\u0440\u0430\u0432\u043b\u0435\u043d\u043d\u044f\u043c\u0438, \u043c\u0438 \u0432\u0432\u043e\u0434\u0438\u043c\u043e \u043d\u0430\u043f\u0456\u0432\u043f\u0456\u0434\u0434\u043e\u043d\u0438 \u0437\u0430 \u0430\u043a\u0446\u0456\u0439\u043d\u043e\u044e \u0446\u0456\u043d\u043e\u044e 84,99 \u0437\u043b\u043e\u0442\u0438\u0445 \u043d\u0435\u0442\u0442\u043e.<\/span><\/p>\n<p style=\"text-align: left;\"><span style=\"font-weight: 400;\">\u0422\u0430\u043a\u0435 \u0432\u0456\u0434\u043f\u0440\u0430\u0432\u043b\u0435\u043d\u043d\u044f \u0433\u0430\u0440\u0430\u043d\u0442\u0443\u0454 \u043d\u0430\u043c \u043f\u043e\u0432\u043d\u0443 \u0431\u0435\u0437\u043f\u0435\u043a\u0443 \u0432\u043c\u0456\u0441\u0442\u0443 \u0432\u0430\u043d\u0442\u0430\u0436\u0443 \u0456 \u0437\u0430\u0441\u0442\u0440\u0430\u0445\u043e\u0432\u0430\u043d\u0435 \u043d\u0430 \u043f\u043e\u0432\u043d\u0443 \u0441\u0443\u043c\u0443 \u0437\u0430\u043c\u043e\u0432\u043b\u0435\u043d\u043d\u044f. \u041c\u0438 \u043c\u043e\u0436\u0435\u043c\u043e \u0431\u0435\u0437\u043f\u0435\u0447\u043d\u043e \u0440\u043e\u0437\u043c\u0456\u0441\u0442\u0438\u0442\u0438 \u043d\u0430 \u043d\u044c\u043e\u043c\u0443 \u0434\u043e 20 \u043a\u043e\u0440\u043e\u0431\u043e\u043a \u043a\u0443\u043b\u044c\u043e\u043a.<\/span><\/p>\n<p style=\"text-align: left;\"><span style=\"font-weight: 400;\">\u0417\u0430\u043c\u043e\u0432\u043b\u044f\u0439\u0442\u0435 \u0431\u0456\u043b\u044c\u0448\u0435, \u043f\u043b\u0430\u0442\u0456\u0442\u044c \u043c\u0435\u043d\u0448\u0435, \u0432\u0456\u0434 \u0441\u0443\u043c\u0438 \u0431\u0440\u0443\u0442\u0442\u043e 3000 \u0456 \u0432\u0438\u0449\u0435, \u0434\u043e\u0441\u0442\u0430\u0432\u043a\u0430 \u0430\u0431\u0441\u043e\u043b\u044e\u0442\u043d\u043e \u0431\u0435\u0437\u043a\u043e\u0448\u0442\u043e\u0432\u043d\u0430! \u041f\u0440\u043e\u0441\u0442\u043e \u0434\u043e\u0434\u0430\u0439\u0442\u0435 \u0442\u043e\u0432\u0430\u0440\u0438 \u0434\u043e \u043a\u043e\u0448\u0438\u043a\u0430, \u0456 \u0437\u043d\u0438\u0436\u043a\u0430 \u0431\u0443\u0434\u0435 \u0440\u043e\u0437\u0440\u0430\u0445\u043e\u0432\u0430\u043d\u0430 \u0430\u0432\u0442\u043e\u043c\u0430\u0442\u0438\u0447\u043d\u043e.<\/span><\/p>\n<p style=\"text-align: left;\"><span style=\"font-weight: 400;\">\u0412\u0430\u0448\u0456 \u043f\u043e\u043a\u0443\u043f\u043a\u0438 \u0431\u0443\u0434\u0443\u0442\u044c \u0434\u043e\u0441\u0442\u0430\u0432\u043b\u0435\u043d\u0456 \u0431\u0435\u0437\u043f\u0435\u0447\u043d\u043e \u0456 \u0448\u0432\u0438\u0434\u043a\u043e, \u043d\u0430\u0432\u0456\u0442\u044c \u044f\u043a\u0449\u043e \u0432\u043e\u043d\u0438 \u0431\u0456\u043b\u044c\u0448\u0456 \u0437\u0430 \u0440\u043e\u0437\u043c\u0456\u0440\u043e\u043c.<\/span><\/p>\n<p style=\"text-align: center;\"><strong><span style=\"color: #ff0000;\">\u0423\u0412\u0410\u0413\u0410!<\/span><\/strong><\/p>\n<p style=\"text-align: center;\"><strong><span style=\"color: #ff0000;\">\u0411\u0423\u0414\u042c \u041b\u0410\u0421\u041a\u0410, \u041e\u0411\u041e\u0412'\u042f\u0417\u041a\u041e\u0412\u041e \u041f\u0415\u0420\u0415\u0412\u0406\u0420\u042f\u0419\u0422\u0415 \u041f\u0410\u041a\u0423\u041d\u041e\u041a \u0417 \u041a\u0423\u0420'\u0404\u0420\u041e\u041c, \u041e\u0421\u041a\u0406\u041b\u042c\u041a\u0418 \u041f\u0410\u041a\u0423\u041d\u041e\u041a \u041c\u041e\u0416\u0415 \u041c\u0410\u0422\u0418 \u0412\u041d\u0423\u0422\u0420\u0406\u0428\u041d\u0406 \u041f\u041e\u0428\u041a\u041e\u0414\u0416\u0415\u041d\u041d\u042f, \u0421\u041f\u0420\u0418\u0427\u0418\u041d\u0415\u041d\u0406 \u0420\u0406\u0417\u041d\u0418\u041c\u0418 \u0424\u0410\u041a\u0422\u041e\u0420\u0410\u041c\u0418 \u041f\u0406\u0414 \u0427\u0410\u0421 \u0414\u041e\u0421\u0422\u0410\u0412\u041a\u0418. \u0417\u041e\u0412\u041d\u0406 \u041f\u0410\u041a\u0423\u041d\u041e\u041a \u041c\u041e\u0416\u0415 \u0412\u0418\u0413\u041b\u042f\u0414\u0410\u0422\u0418 \u041d\u0415\u0423\u0428\u041a\u041e\u0414\u0416\u0415\u041d\u0418\u041c.<\/span><\/strong><\/p>\n<p style=\"text-align: center;\"><strong><span style=\"color: #ff0000;\">\u0423 \u0420\u0410\u0417\u0406 \u041f\u041e\u0428\u041a\u041e\u0414\u0416\u0415\u041d\u041d\u042f, \u041e\u0411\u041e\u0412'\u042f\u0417\u041a\u041e\u0412\u041e \u0421\u041a\u041b\u0410\u0414\u0406\u0422\u042c \u0410\u041a\u0422 \u041f\u0420\u041e \u041f\u041e\u0428\u041a\u041e\u0414\u0416\u0415\u041d\u041d\u042f \u0420\u0410\u0417\u041e\u041c \u0417 \u041a\u0423\u0420'\u0404\u0420\u041e\u041c.<\/span><\/strong><\/p>\n<p><b><u>\u041a\u0420\u041e\u041a \u0406<\/u><\/b><\/p>\n<p><span style=\"font-weight: 400;\">\u041f\u0435\u0440\u0435\u0432\u0456\u0440\u043a\u0430 \u043f\u043e\u0441\u0438\u043b\u043e\u043a \u043f\u0435\u0440\u0435\u0434 \u043f\u0456\u0434\u043f\u0438\u0441\u043e\u043c \u043f\u0440\u043e \u043e\u0442\u0440\u0438\u043c\u0430\u043d\u043d\u044f :<\/span><\/p>\n<ol>\n<li><span style=\"font-weight: 400;\"> \u043f\u0435\u0440\u0435\u0432\u0456\u0440\u0442\u0435 \u0443\u043f\u0430\u043a\u043e\u0432\u043a\u0443 \u043d\u0430 \u043d\u0430\u044f\u0432\u043d\u0456\u0441\u0442\u044c \u0437\u043e\u0432\u043d\u0456\u0448\u043d\u0456\u0445 \u043f\u043e\u0448\u043a\u043e\u0434\u0436\u0435\u043d\u044c.<\/span><\/li>\n<li><span style=\"font-weight: 400;\"> \u043f\u0435\u0440\u0435\u0432\u0456\u0440\u0442\u0435, \u0447\u0438 \u043d\u0435\u043c\u0430\u0454 \u043d\u0430 \u0443\u043f\u0430\u043a\u043e\u0432\u0446\u0456 \u0440\u043e\u0437\u0440\u0456\u0437\u0430\u043d\u043e\u0457 \u0441\u0442\u0440\u0456\u0447\u043a\u0438\/\u0440\u043e\u0437\u0442\u044f\u0436\u043a\u0438<\/span><\/li>\n<li><span style=\"font-weight: 400;\"> \u043f\u0435\u0440\u0435\u0432\u0456\u0440\u0442\u0435 \u043f\u0440\u0430\u0432\u0438\u043b\u044c\u043d\u0456\u0441\u0442\u044c \u043a\u0456\u043b\u044c\u043a\u043e\u0441\u0442\u0456 \u043f\u043e\u0441\u0438\u043b\u043e\u043a.<\/span><\/li>\n<\/ol>\n<p><u style=\"\"><b>\u041a\u0420\u041e\u041a II<\/b><\/u><\/p>\n<p>\u041f\u0435\u0440\u0435\u0432\u0456\u0440\u043a\u0430 \u043f\u0456\u0441\u043b\u044f \u043f\u0456\u0434\u043f\u0438\u0441\u0430\u043d\u043d\u044f \u0430\u043a\u0442\u0430 \u043f\u0440\u0438\u0439\u043c\u0430\u043d\u043d\u044f-\u043f\u0435\u0440\u0435\u0434\u0430\u0447\u0456 <u style=\"\"><b>\u041e\u0411\u041e\u0412'\u042f\u0417\u041a\u041e\u0412\u041e \u0417 \u041a\u0423\u0420'\u0404\u0420\u041e\u041c<\/b><\/u>:<\/p>\n<ol>\n<li><span style=\"font-weight: 400;\"> \u041f\u0456\u0434\u043f\u0438\u0441 \u043f\u0440\u043e \u043e\u0442\u0440\u0438\u043c\u0430\u043d\u043d\u044f \u0432\u0456\u0434\u043f\u0440\u0430\u0432\u043b\u0435\u043d\u043d\u044f<\/span><\/li>\n<li><span style=\"font-weight: 400;\"> \u041e\u0431\u043e\u0432'\u044f\u0437\u043a\u043e\u0432\u043e \u0432\u0456\u0434\u043a\u0440\u0438\u0439\u0442\u0435 \u043f\u0430\u043a\u0443\u043d\u043e\u043a \u0440\u0430\u0437\u043e\u043c \u0437 \u043a\u0443\u0440'\u0454\u0440\u043e\u043c<\/span><\/li>\n<li><span style=\"font-weight: 400;\"> \u041f\u0435\u0440\u0435\u043a\u043e\u043d\u0430\u0439\u0442\u0435\u0441\u044f, \u0449\u043e \u043f\u0440\u043e\u0434\u0443\u043a\u0446\u0456\u044f \u043d\u0435 \u043f\u043e\u0448\u043a\u043e\u0434\u0436\u0435\u043d\u0430 \u0432\u0441\u0435\u0440\u0435\u0434\u0438\u043d\u0456 \u0456 \u0449\u043e \u0432\u043e\u043d\u0430 \u0432\u0456\u0434\u043f\u043e\u0432\u0456\u0434\u0430\u0454 \u0437\u0430\u043c\u043e\u0432\u043b\u0435\u043d\u043d\u044e<\/span><\/li>\n<\/ol>\n<p><u style=\"\"><b>\u041f\u043e\u0448\u043a\u043e\u0434\u0436\u0435\u043d\u0430 \u043f\u043e\u0441\u0438\u043b\u043a\u0430 - \u0449\u043e \u0440\u043e\u0431\u0438\u0442\u0438?<\/b><\/u><\/p>\n<p><b>\u041a\u0420\u041e\u041a I - \u0437\u043e\u0432\u043d\u0456\u0448\u043d\u0456 \u043f\u043e\u0448\u043a\u043e\u0434\u0436\u0435\u043d\u043d\u044f \u043f\u043e\u0441\u0438\u043b\u043a\u0438 - \u0432\u0456\u0434\u043c\u043e\u0432\u0442\u0435\u0441\u044f \u043f\u0440\u0438\u0439\u043c\u0430\u0442\u0438 \u043f\u043e\u0441\u0438\u043b\u043a\u0443<\/b><\/p>\n<p><b>\u041a\u0420\u041e\u041a II - \u0443\u043f\u0430\u043a\u043e\u0432\u043a\u0430 \u0437\u0437\u043e\u0432\u043d\u0456 \u043d\u0435 \u043f\u043e\u0448\u043a\u043e\u0434\u0436\u0435\u043d\u0430 - \u0437\u0430\u0431\u0440\u0430\u0442\u0438 \u0442\u043e\u0432\u0430\u0440 \u0456 \u0432\u0456\u0434\u043a\u0440\u0438\u0442\u0438 \u0443 \u043a\u0443\u0440'\u0454\u0440\u0430, \u043e\u043f\u0438\u0441\u0430\u0442\u0438 \u0441\u0432\u043e\u0457 \u0437\u0430\u0443\u0432\u0430\u0436\u0435\u043d\u043d\u044f \u0432 \u043d\u0430\u043a\u043b\u0430\u0434\u043d\u0456\u0439 \/ \u0430\u043a\u0442\u0456 \u043f\u0440\u043e \u043f\u043e\u0448\u043a\u043e\u0434\u0436\u0435\u043d\u043d\u044f \u0443 \u043a\u0443\u0440'\u0454\u0440\u0430.<\/b><\/p>\n<p><span style=\"font-weight: 400;\">\u042f\u043a\u0449\u043e \u0432\u0430\u0448\u0430 \u043f\u043e\u0441\u0438\u043b\u043a\u0430 \u0434\u043e\u0441\u0442\u0430\u0432\u043b\u044f\u0454\u0442\u044c\u0441\u044f DPD, \u0431\u0443\u0434\u044c \u043b\u0430\u0441\u043a\u0430, \u043d\u0435\u0433\u0430\u0439\u043d\u043e \u0437\u0430\u043f\u043e\u0432\u043d\u0456\u0442\u044c \u0444\u043e\u0440\u043c\u0443 \u043f\u043e\u0448\u043a\u043e\u0434\u0436\u0435\u043d\u043d\u044f DPD \u0437\u0430 \u0446\u0438\u043c \u043f\u043e\u0441\u0438\u043b\u0430\u043d\u043d\u044f\u043c https:\/\/protokol.dpd.com.pl\/ - \u0447\u0438\u043c \u0448\u0432\u0438\u0434\u0448\u0435 \u0432\u0438 \u0446\u0435 \u0437\u0440\u043e\u0431\u0438\u0442\u0435, \u0442\u0438\u043c \u0431\u0456\u043b\u044c\u0448\u0435 \u0448\u0430\u043d\u0441\u0456\u0432 \u043d\u0430 \u0443\u0441\u043f\u0456\u0448\u043d\u0443 \u043f\u0440\u0435\u0442\u0435\u043d\u0437\u0456\u044e.<\/span><\/p>\t\t\t\t\t\t\t\t<\/div>\n\t\t\t\t<\/div>\n\t\t\t\t\t<\/div>\n\t\t\t\t<\/div>\n\t\t\t\t<\/div>","protected":false},"excerpt":{"rendered":"<p>\u0411\u0435\u0437\u043f\u0435\u0447\u043d\u0430 \u0434\u043e\u0441\u0442\u0430\u0432\u043a\u0430 \u0411\u0435\u0437\u043f\u0435\u0447\u043d\u0430 \u0434\u043e\u0441\u0442\u0430\u0432\u043a\u0430 \u0432\u0430\u0448\u0438\u0445 \u043f\u043e\u043a\u0443\u043f\u043e\u043a \ufe0f \u0412\u0430\u0448\u0456 \u0432\u0456\u0434\u043f\u0440\u0430\u0432\u043b\u0435\u043d\u043d\u044f \u0432\u0430\u0436\u043b\u0438\u0432\u0456 \u0434\u043b\u044f \u043d\u0430\u0441. \u0421\u0430\u043c\u0435 \u0442\u043e\u043c\u0443 \u043c\u0438 \u043f\u0440\u043e\u043f\u043e\u043d\u0443\u0454\u043c\u043e \u0434\u043e\u0441\u0442\u0430\u0432\u043a\u0443 \u043d\u0430\u043f\u0456\u0432\u043f\u0456\u0434\u0434\u043e\u043d\u0430\u043c\u0438, \u0449\u043e \u0433\u0430\u0440\u0430\u043d\u0442\u0443\u0454<\/p>","protected":false},"author":1,"featured_media":0,"parent":0,"menu_order":0,"comment_status":"closed","ping_status":"closed","template":"","meta":{"footnotes":""},"class_list":["post-12503","page","type-page","status-publish","hentry"],"yoast_head":"<!-- This site is optimized with the Yoast SEO Premium plugin v23.7 (Yoast SEO v27.3) - https:\/\/yoast.com\/product\/yoast-seo-premium-wordpress\/ -->\n<title>Bezpieczna dostawa - Kulki Do Bubble Tea<\/title>\n<meta name=\"robots\" content=\"index, follow, max-snippet:-1, max-image-preview:large, max-video-preview:-1\" \/>\n<link rel=\"canonical\" href=\"https:\/\/kulkidobubbletea.pl\/uk\/\u0431\u0435\u0437\u043f\u0435\u0447\u043d\u0430-\u0434\u043e\u0441\u0442\u0430\u0432\u043a\u0430\/\" \/>\n<meta property=\"og:locale\" content=\"uk_UA\" \/>\n<meta property=\"og:type\" content=\"article\" \/>\n<meta property=\"og:title\" content=\"Bezpieczna dostawa\" \/>\n<meta property=\"og:description\" content=\"Bezpieczna Dostawa Bezpieczna wysy\u0142ka Twoich zakup\u00f3w \ufe0f Twoje przesy\u0142ki s\u0105 dla nas wa\u017cne. Dlatego oferujemy wysy\u0142k\u0119 na p\u00f3\u0142palecie, kt\u00f3ra zapewnia\" \/>\n<meta property=\"og:url\" content=\"https:\/\/kulkidobubbletea.pl\/uk\/\u0431\u0435\u0437\u043f\u0435\u0447\u043d\u0430-\u0434\u043e\u0441\u0442\u0430\u0432\u043a\u0430\/\" \/>\n<meta property=\"og:site_name\" content=\"Kulki Do Bubble Tea\" \/>\n<meta property=\"article:modified_time\" content=\"2024-08-19T17:25:28+00:00\" \/>\n<meta name=\"twitter:card\" content=\"summary_large_image\" \/>\n<meta name=\"twitter:label1\" content=\"\u041f\u0440\u0438\u0431\u043b. \u0447\u0430\u0441 \u0447\u0438\u0442\u0430\u043d\u043d\u044f\" \/>\n\t<meta name=\"twitter:data1\" content=\"2 \u0445\u0432\u0438\u043b\u0438\u043d\u0438\" \/>\n<script type=\"application\/ld+json\" class=\"yoast-schema-graph\">{\"@context\":\"https:\\\/\\\/schema.org\",\"@graph\":[{\"@type\":\"WebPage\",\"@id\":\"https:\\\/\\\/kulkidobubbletea.pl\\\/bezpieczna-dostawa\\\/\",\"url\":\"https:\\\/\\\/kulkidobubbletea.pl\\\/bezpieczna-dostawa\\\/\",\"name\":\"Bezpieczna dostawa - Kulki Do Bubble Tea\",\"isPartOf\":{\"@id\":\"https:\\\/\\\/kulkidobubbletea.pl\\\/#website\"},\"datePublished\":\"2024-08-19T17:22:47+00:00\",\"dateModified\":\"2024-08-19T17:25:28+00:00\",\"breadcrumb\":{\"@id\":\"https:\\\/\\\/kulkidobubbletea.pl\\\/bezpieczna-dostawa\\\/#breadcrumb\"},\"inLanguage\":\"uk\",\"potentialAction\":[{\"@type\":\"ReadAction\",\"target\":[\"https:\\\/\\\/kulkidobubbletea.pl\\\/bezpieczna-dostawa\\\/\"]}]},{\"@type\":\"BreadcrumbList\",\"@id\":\"https:\\\/\\\/kulkidobubbletea.pl\\\/bezpieczna-dostawa\\\/#breadcrumb\",\"itemListElement\":[{\"@type\":\"ListItem\",\"position\":1,\"name\":\"Strona g\u0142\u00f3wna\",\"item\":\"https:\\\/\\\/kulkidobubbletea.pl\\\/\"},{\"@type\":\"ListItem\",\"position\":2,\"name\":\"Bezpieczna dostawa\"}]},{\"@type\":\"WebSite\",\"@id\":\"https:\\\/\\\/kulkidobubbletea.pl\\\/#website\",\"url\":\"https:\\\/\\\/kulkidobubbletea.pl\\\/\",\"name\":\"Kulki Do Bubble Tea\",\"description\":\"Sklep online z artyku\u0142ami do bubble tea\",\"publisher\":{\"@id\":\"https:\\\/\\\/kulkidobubbletea.pl\\\/#organization\"},\"potentialAction\":[{\"@type\":\"SearchAction\",\"target\":{\"@type\":\"EntryPoint\",\"urlTemplate\":\"https:\\\/\\\/kulkidobubbletea.pl\\\/?s={search_term_string}\"},\"query-input\":{\"@type\":\"PropertyValueSpecification\",\"valueRequired\":true,\"valueName\":\"search_term_string\"}}],\"inLanguage\":\"uk\"},{\"@type\":\"Organization\",\"@id\":\"https:\\\/\\\/kulkidobubbletea.pl\\\/#organization\",\"name\":\"Kulki Do Bubble Tea\",\"url\":\"https:\\\/\\\/kulkidobubbletea.pl\\\/\",\"logo\":{\"@type\":\"ImageObject\",\"inLanguage\":\"uk\",\"@id\":\"https:\\\/\\\/kulkidobubbletea.pl\\\/#\\\/schema\\\/logo\\\/image\\\/\",\"url\":\"https:\\\/\\\/kulkidobubbletea.pl\\\/wp-content\\\/uploads\\\/2024\\\/04\\\/Original-on-Transparent.png\",\"contentUrl\":\"https:\\\/\\\/kulkidobubbletea.pl\\\/wp-content\\\/uploads\\\/2024\\\/04\\\/Original-on-Transparent.png\",\"width\":5000,\"height\":1109,\"caption\":\"Kulki Do Bubble Tea\"},\"image\":{\"@id\":\"https:\\\/\\\/kulkidobubbletea.pl\\\/#\\\/schema\\\/logo\\\/image\\\/\"}}]}<\/script>\n<!-- \/ Yoast SEO Premium plugin. -->","yoast_head_json":{"title":"\u0411\u0435\u0437\u043f\u0435\u0447\u043d\u0430 \u0434\u043e\u0441\u0442\u0430\u0432\u043a\u0430 - \u041a\u0443\u043b\u044c\u043a\u0438 \u0434\u043b\u044f \u0431\u0443\u043b\u044c\u0431\u0430\u0448\u043a\u043e\u0432\u043e\u0433\u043e \u0447\u0430\u044e","robots":{"index":"index","follow":"follow","max-snippet":"max-snippet:-1","max-image-preview":"max-image-preview:large","max-video-preview":"max-video-preview:-1"},"canonical":"https:\/\/kulkidobubbletea.pl\/uk\/\u0431\u0435\u0437\u043f\u0435\u0447\u043d\u0430-\u0434\u043e\u0441\u0442\u0430\u0432\u043a\u0430\/","og_locale":"uk_UA","og_type":"article","og_title":"Bezpieczna dostawa","og_description":"Bezpieczna Dostawa Bezpieczna wysy\u0142ka Twoich zakup\u00f3w \ufe0f Twoje przesy\u0142ki s\u0105 dla nas wa\u017cne. Dlatego oferujemy wysy\u0142k\u0119 na p\u00f3\u0142palecie, kt\u00f3ra zapewnia","og_url":"https:\/\/kulkidobubbletea.pl\/uk\/\u0431\u0435\u0437\u043f\u0435\u0447\u043d\u0430-\u0434\u043e\u0441\u0442\u0430\u0432\u043a\u0430\/","og_site_name":"Kulki Do Bubble Tea","article_modified_time":"2024-08-19T17:25:28+00:00","twitter_card":"summary_large_image","twitter_misc":{"\u041f\u0440\u0438\u0431\u043b. \u0447\u0430\u0441 \u0447\u0438\u0442\u0430\u043d\u043d\u044f":"2 \u0445\u0432\u0438\u043b\u0438\u043d\u0438"},"schema":{"@context":"https:\/\/schema.org","@graph":[{"@type":"WebPage","@id":"https:\/\/kulkidobubbletea.pl\/bezpieczna-dostawa\/","url":"https:\/\/kulkidobubbletea.pl\/bezpieczna-dostawa\/","name":"\u0411\u0435\u0437\u043f\u0435\u0447\u043d\u0430 \u0434\u043e\u0441\u0442\u0430\u0432\u043a\u0430 - \u041a\u0443\u043b\u044c\u043a\u0438 \u0434\u043b\u044f \u0431\u0443\u043b\u044c\u0431\u0430\u0448\u043a\u043e\u0432\u043e\u0433\u043e \u0447\u0430\u044e","isPartOf":{"@id":"https:\/\/kulkidobubbletea.pl\/#website"},"datePublished":"2024-08-19T17:22:47+00:00","dateModified":"2024-08-19T17:25:28+00:00","breadcrumb":{"@id":"https:\/\/kulkidobubbletea.pl\/bezpieczna-dostawa\/#breadcrumb"},"inLanguage":"uk","potentialAction":[{"@type":"ReadAction","target":["https:\/\/kulkidobubbletea.pl\/bezpieczna-dostawa\/"]}]},{"@type":"BreadcrumbList","@id":"https:\/\/kulkidobubbletea.pl\/bezpieczna-dostawa\/#breadcrumb","itemListElement":[{"@type":"ListItem","position":1,"name":"Strona g\u0142\u00f3wna","item":"https:\/\/kulkidobubbletea.pl\/"},{"@type":"ListItem","position":2,"name":"Bezpieczna dostawa"}]},{"@type":"WebSite","@id":"https:\/\/kulkidobubbletea.pl\/#website","url":"https:\/\/kulkidobubbletea.pl\/","name":"\u041a\u0443\u043b\u044c\u043a\u0438 \u0434\u043b\u044f \u0431\u0443\u043b\u044c\u0431\u0430\u0448\u043a\u043e\u0432\u043e\u0433\u043e \u0447\u0430\u044e","description":"\u0406\u043d\u0442\u0435\u0440\u043d\u0435\u0442-\u043c\u0430\u0433\u0430\u0437\u0438\u043d \u0431\u0443\u043b\u044c\u0431\u0430\u0448\u043a\u043e\u0432\u043e\u0433\u043e \u0447\u0430\u044e","publisher":{"@id":"https:\/\/kulkidobubbletea.pl\/#organization"},"potentialAction":[{"@type":"SearchAction","target":{"@type":"EntryPoint","urlTemplate":"https:\/\/kulkidobubbletea.pl\/?s={search_term_string}"},"query-input":{"@type":"PropertyValueSpecification","valueRequired":true,"valueName":"search_term_string"}}],"inLanguage":"uk"},{"@type":"Organization","@id":"https:\/\/kulkidobubbletea.pl\/#organization","name":"\u041a\u0443\u043b\u044c\u043a\u0438 \u0434\u043b\u044f \u0431\u0443\u043b\u044c\u0431\u0430\u0448\u043a\u043e\u0432\u043e\u0433\u043e \u0447\u0430\u044e","url":"https:\/\/kulkidobubbletea.pl\/","logo":{"@type":"ImageObject","inLanguage":"uk","@id":"https:\/\/kulkidobubbletea.pl\/#\/schema\/logo\/image\/","url":"https:\/\/kulkidobubbletea.pl\/wp-content\/uploads\/2024\/04\/Original-on-Transparent.png","contentUrl":"https:\/\/kulkidobubbletea.pl\/wp-content\/uploads\/2024\/04\/Original-on-Transparent.png","width":5000,"height":1109,"caption":"Kulki Do Bubble Tea"},"image":{"@id":"https:\/\/kulkidobubbletea.pl\/#\/schema\/logo\/image\/"}}]}},"_links":{"self":[{"href":"https:\/\/kulkidobubbletea.pl\/uk\/wp-json\/wp\/v2\/pages\/12503","targetHints":{"allow":["GET"]}}],"collection":[{"href":"https:\/\/kulkidobubbletea.pl\/uk\/wp-json\/wp\/v2\/pages"}],"about":[{"href":"https:\/\/kulkidobubbletea.pl\/uk\/wp-json\/wp\/v2\/types\/page"}],"author":[{"embeddable":true,"href":"https:\/\/kulkidobubbletea.pl\/uk\/wp-json\/wp\/v2\/users\/1"}],"replies":[{"embeddable":true,"href":"https:\/\/kulkidobubbletea.pl\/uk\/wp-json\/wp\/v2\/comments?post=12503"}],"version-history":[{"count":7,"href":"https:\/\/kulkidobubbletea.pl\/uk\/wp-json\/wp\/v2\/pages\/12503\/revisions"}],"predecessor-version":[{"id":12510,"href":"https:\/\/kulkidobubbletea.pl\/uk\/wp-json\/wp\/v2\/pages\/12503\/revisions\/12510"}],"wp:attachment":[{"href":"https:\/\/kulkidobubbletea.pl\/uk\/wp-json\/wp\/v2\/media?parent=12503"}],"curies":[{"name":"wp","href":"https:\/\/api.w.org\/{rel}","templated":true}]}}