{"id":11016,"date":"2024-05-04T12:18:05","date_gmt":"2024-05-04T12:18:05","guid":{"rendered":"https:\/\/kulkidobubbletea.pl\/produkt\/pompka-do-syropow-10-ml-2\/"},"modified":"2026-04-06T19:43:43","modified_gmt":"2026-04-06T19:43:43","slug":"pumpicka-na-sirup-10-ml-2","status":"publish","type":"product","link":"https:\/\/kulkidobubbletea.pl\/sk\/obchod\/prislusenstvo\/pumpicka-na-sirup-10-ml-2\/","title":{"rendered":"\u010cerpadlo na sirup 10 ml so \u0161irok\u00fdm uz\u00e1verom"},"content":{"rendered":"<p>Profesion\u00e1lna pumpa na bublinkov\u00fd \u010daj pumpuje 10 ml sirupu - zabezpe\u010duje opakovate\u013en\u00fa jednorazov\u00fa d\u00e1vku.<\/p>\n<p>\u010cerpadlo si porad\u00ed s hust\u00fdm sirupom a \u010diasto\u010dkami ovocia obsiahnut\u00fdmi v niektor\u00fdch sirupoch.<\/p>\n<p>\u010cerpadlo je vhodn\u00e9 len na sirup s pr\u00edchu\u0165ou mal\u00edn a m\u00e4ty.<\/p>\n<p>Pumpy, ktor\u00e9 s\u00fa vhodn\u00e9 pre v\u0161etky na\u0161e ostatn\u00e9 sirupy, s\u00fa pumpy s tenk\u00fdm uz\u00e1verom, ktor\u00e9 n\u00e1jdete v na\u0161om obchode.<\/p>\n<p><a href=\"https:\/\/kulkidobubbletea.pl\/sk\/obchod\/prislusenstvo\/sirupova-pumpa-30-ml-uzky-uzaver-2\/\"><strong>\u010cerpadlo s \u00fazkym uz\u00e1verom - kliknite na produkt<\/strong><strong><\/a><\/p>","protected":false},"excerpt":{"rendered":"<p>Profesjonalna pompka do bubble tea pompuj\u0105c\u0105 10 ml syropu &#8211; zapewniaj\u0105ca powtarzalno\u015b\u0107 jednorazowej dozy. Pompka radzi sobie z g\u0119stym syropem<\/p>","protected":false},"featured_media":11350,"comment_status":"open","ping_status":"closed","template":"","meta":[],"product_brand":[],"product_cat":[321],"product_tag":[],"class_list":{"0":"post-11016","1":"product","2":"type-product","3":"status-publish","4":"has-post-thumbnail","6":"product_cat-akcesoria","8":"first","9":"instock","10":"taxable","11":"shipping-taxable","12":"purchasable","13":"product-type-simple"},"yoast_head":"<!-- This site is optimized with the Yoast SEO Premium plugin v23.7 (Yoast SEO v27.3) - https:\/\/yoast.com\/product\/yoast-seo-premium-wordpress\/ -->\n<title>Pompka do syrop\u00f3w 10 ml szeroka nakr\u0119tka - Kulki Do Bubble Tea<\/title>\n<meta name=\"robots\" content=\"index, follow, max-snippet:-1, max-image-preview:large, max-video-preview:-1\" \/>\n<link rel=\"canonical\" href=\"https:\/\/kulkidobubbletea.pl\/sk\/obchod\/prislusenstvo\/pumpicka-na-sirup-10-ml-2\/\" \/>\n<meta property=\"og:locale\" content=\"sk_SK\" \/>\n<meta property=\"og:type\" content=\"article\" \/>\n<meta property=\"og:title\" content=\"Pompka do syrop\u00f3w 10 ml szeroka nakr\u0119tka\" \/>\n<meta property=\"og:description\" content=\"Profesjonalna pompka do bubble tea pompuj\u0105c\u0105 10 ml syropu &#8211; zapewniaj\u0105ca powtarzalno\u015b\u0107 jednorazowej dozy. Pompka radzi sobie z g\u0119stym syropem\" \/>\n<meta property=\"og:url\" content=\"https:\/\/kulkidobubbletea.pl\/sk\/obchod\/prislusenstvo\/pumpicka-na-sirup-10-ml-2\/\" \/>\n<meta property=\"og:site_name\" content=\"Kulki Do Bubble Tea\" \/>\n<meta property=\"article:modified_time\" content=\"2026-04-06T19:43:43+00:00\" \/>\n<meta property=\"og:image\" content=\"https:\/\/kulkidobubbletea.pl\/wp-content\/uploads\/2024\/05\/POMPKA10ML-DOBRA.png\" \/>\n\t<meta property=\"og:image:width\" content=\"1000\" \/>\n\t<meta property=\"og:image:height\" content=\"1000\" \/>\n\t<meta property=\"og:image:type\" content=\"image\/png\" \/>\n<meta name=\"twitter:card\" content=\"summary_large_image\" \/>\n<meta name=\"twitter:label1\" content=\"Predpokladan\u00fd \u010das \u010d\u00edtania\" \/>\n\t<meta name=\"twitter:data1\" content=\"1 min\u00fata\" \/>\n<script type=\"application\/ld+json\" class=\"yoast-schema-graph\">{\"@context\":\"https:\\\/\\\/schema.org\",\"@graph\":[{\"@type\":\"WebPage\",\"@id\":\"https:\\\/\\\/kulkidobubbletea.pl\\\/sklep\\\/akcesoria\\\/pompka-do-syropow-10-ml-2\\\/\",\"url\":\"https:\\\/\\\/kulkidobubbletea.pl\\\/sklep\\\/akcesoria\\\/pompka-do-syropow-10-ml-2\\\/\",\"name\":\"Pompka do syrop\u00f3w 10 ml szeroka nakr\u0119tka - Kulki Do Bubble Tea\",\"isPartOf\":{\"@id\":\"https:\\\/\\\/kulkidobubbletea.pl\\\/#website\"},\"primaryImageOfPage\":{\"@id\":\"https:\\\/\\\/kulkidobubbletea.pl\\\/sklep\\\/akcesoria\\\/pompka-do-syropow-10-ml-2\\\/#primaryimage\"},\"image\":{\"@id\":\"https:\\\/\\\/kulkidobubbletea.pl\\\/sklep\\\/akcesoria\\\/pompka-do-syropow-10-ml-2\\\/#primaryimage\"},\"thumbnailUrl\":\"https:\\\/\\\/kulkidobubbletea.pl\\\/wp-content\\\/uploads\\\/2024\\\/05\\\/POMPKA10ML-DOBRA.png\",\"datePublished\":\"2024-05-04T12:18:05+00:00\",\"dateModified\":\"2026-04-06T19:43:43+00:00\",\"breadcrumb\":{\"@id\":\"https:\\\/\\\/kulkidobubbletea.pl\\\/sklep\\\/akcesoria\\\/pompka-do-syropow-10-ml-2\\\/#breadcrumb\"},\"inLanguage\":\"sk-SK\",\"potentialAction\":[{\"@type\":\"ReadAction\",\"target\":[\"https:\\\/\\\/kulkidobubbletea.pl\\\/sklep\\\/akcesoria\\\/pompka-do-syropow-10-ml-2\\\/\"]}]},{\"@type\":\"ImageObject\",\"inLanguage\":\"sk-SK\",\"@id\":\"https:\\\/\\\/kulkidobubbletea.pl\\\/sklep\\\/akcesoria\\\/pompka-do-syropow-10-ml-2\\\/#primaryimage\",\"url\":\"https:\\\/\\\/kulkidobubbletea.pl\\\/wp-content\\\/uploads\\\/2024\\\/05\\\/POMPKA10ML-DOBRA.png\",\"contentUrl\":\"https:\\\/\\\/kulkidobubbletea.pl\\\/wp-content\\\/uploads\\\/2024\\\/05\\\/POMPKA10ML-DOBRA.png\",\"width\":1000,\"height\":1000},{\"@type\":\"BreadcrumbList\",\"@id\":\"https:\\\/\\\/kulkidobubbletea.pl\\\/sklep\\\/akcesoria\\\/pompka-do-syropow-10-ml-2\\\/#breadcrumb\",\"itemListElement\":[{\"@type\":\"ListItem\",\"position\":1,\"name\":\"Strona g\u0142\u00f3wna\",\"item\":\"https:\\\/\\\/kulkidobubbletea.pl\\\/\"},{\"@type\":\"ListItem\",\"position\":2,\"name\":\"Sklep\",\"item\":\"https:\\\/\\\/kulkidobubbletea.pl\\\/sklep\\\/\"},{\"@type\":\"ListItem\",\"position\":3,\"name\":\"Pompka do syrop\u00f3w 10 ml szeroka nakr\u0119tka\"}]},{\"@type\":\"WebSite\",\"@id\":\"https:\\\/\\\/kulkidobubbletea.pl\\\/#website\",\"url\":\"https:\\\/\\\/kulkidobubbletea.pl\\\/\",\"name\":\"Kulki Do Bubble Tea\",\"description\":\"Sklep online z artyku\u0142ami do bubble tea\",\"publisher\":{\"@id\":\"https:\\\/\\\/kulkidobubbletea.pl\\\/#organization\"},\"potentialAction\":[{\"@type\":\"SearchAction\",\"target\":{\"@type\":\"EntryPoint\",\"urlTemplate\":\"https:\\\/\\\/kulkidobubbletea.pl\\\/?s={search_term_string}\"},\"query-input\":{\"@type\":\"PropertyValueSpecification\",\"valueRequired\":true,\"valueName\":\"search_term_string\"}}],\"inLanguage\":\"sk-SK\"},{\"@type\":\"Organization\",\"@id\":\"https:\\\/\\\/kulkidobubbletea.pl\\\/#organization\",\"name\":\"Kulki Do Bubble Tea\",\"url\":\"https:\\\/\\\/kulkidobubbletea.pl\\\/\",\"logo\":{\"@type\":\"ImageObject\",\"inLanguage\":\"sk-SK\",\"@id\":\"https:\\\/\\\/kulkidobubbletea.pl\\\/#\\\/schema\\\/logo\\\/image\\\/\",\"url\":\"https:\\\/\\\/kulkidobubbletea.pl\\\/wp-content\\\/uploads\\\/2024\\\/04\\\/Original-on-Transparent.png\",\"contentUrl\":\"https:\\\/\\\/kulkidobubbletea.pl\\\/wp-content\\\/uploads\\\/2024\\\/04\\\/Original-on-Transparent.png\",\"width\":5000,\"height\":1109,\"caption\":\"Kulki Do Bubble Tea\"},\"image\":{\"@id\":\"https:\\\/\\\/kulkidobubbletea.pl\\\/#\\\/schema\\\/logo\\\/image\\\/\"}}]}<\/script>\n<!-- \/ Yoast SEO Premium plugin. -->","yoast_head_json":{"title":"\u010cerpadlo na sirupy 10 ml so \u0161irok\u00fdm uz\u00e1verom - Bubble Tea guli\u010dky","robots":{"index":"index","follow":"follow","max-snippet":"max-snippet:-1","max-image-preview":"max-image-preview:large","max-video-preview":"max-video-preview:-1"},"canonical":"https:\/\/kulkidobubbletea.pl\/sk\/obchod\/prislusenstvo\/pumpicka-na-sirup-10-ml-2\/","og_locale":"sk_SK","og_type":"article","og_title":"Pompka do syrop\u00f3w 10 ml szeroka nakr\u0119tka","og_description":"Profesjonalna pompka do bubble tea pompuj\u0105c\u0105 10 ml syropu &#8211; zapewniaj\u0105ca powtarzalno\u015b\u0107 jednorazowej dozy. Pompka radzi sobie z g\u0119stym syropem","og_url":"https:\/\/kulkidobubbletea.pl\/sk\/obchod\/prislusenstvo\/pumpicka-na-sirup-10-ml-2\/","og_site_name":"Kulki Do Bubble Tea","article_modified_time":"2026-04-06T19:43:43+00:00","og_image":[{"width":1000,"height":1000,"url":"https:\/\/kulkidobubbletea.pl\/wp-content\/uploads\/2024\/05\/POMPKA10ML-DOBRA.png","type":"image\/png"}],"twitter_card":"summary_large_image","twitter_misc":{"Predpokladan\u00fd \u010das \u010d\u00edtania":"1 min\u00fata"},"schema":{"@context":"https:\/\/schema.org","@graph":[{"@type":"WebPage","@id":"https:\/\/kulkidobubbletea.pl\/sklep\/akcesoria\/pompka-do-syropow-10-ml-2\/","url":"https:\/\/kulkidobubbletea.pl\/sklep\/akcesoria\/pompka-do-syropow-10-ml-2\/","name":"\u010cerpadlo na sirupy 10 ml so \u0161irok\u00fdm uz\u00e1verom - Bubble Tea guli\u010dky","isPartOf":{"@id":"https:\/\/kulkidobubbletea.pl\/#website"},"primaryImageOfPage":{"@id":"https:\/\/kulkidobubbletea.pl\/sklep\/akcesoria\/pompka-do-syropow-10-ml-2\/#primaryimage"},"image":{"@id":"https:\/\/kulkidobubbletea.pl\/sklep\/akcesoria\/pompka-do-syropow-10-ml-2\/#primaryimage"},"thumbnailUrl":"https:\/\/kulkidobubbletea.pl\/wp-content\/uploads\/2024\/05\/POMPKA10ML-DOBRA.png","datePublished":"2024-05-04T12:18:05+00:00","dateModified":"2026-04-06T19:43:43+00:00","breadcrumb":{"@id":"https:\/\/kulkidobubbletea.pl\/sklep\/akcesoria\/pompka-do-syropow-10-ml-2\/#breadcrumb"},"inLanguage":"sk-SK","potentialAction":[{"@type":"ReadAction","target":["https:\/\/kulkidobubbletea.pl\/sklep\/akcesoria\/pompka-do-syropow-10-ml-2\/"]}]},{"@type":"ImageObject","inLanguage":"sk-SK","@id":"https:\/\/kulkidobubbletea.pl\/sklep\/akcesoria\/pompka-do-syropow-10-ml-2\/#primaryimage","url":"https:\/\/kulkidobubbletea.pl\/wp-content\/uploads\/2024\/05\/POMPKA10ML-DOBRA.png","contentUrl":"https:\/\/kulkidobubbletea.pl\/wp-content\/uploads\/2024\/05\/POMPKA10ML-DOBRA.png","width":1000,"height":1000},{"@type":"BreadcrumbList","@id":"https:\/\/kulkidobubbletea.pl\/sklep\/akcesoria\/pompka-do-syropow-10-ml-2\/#breadcrumb","itemListElement":[{"@type":"ListItem","position":1,"name":"Strona g\u0142\u00f3wna","item":"https:\/\/kulkidobubbletea.pl\/"},{"@type":"ListItem","position":2,"name":"Sklep","item":"https:\/\/kulkidobubbletea.pl\/sklep\/"},{"@type":"ListItem","position":3,"name":"Pompka do syrop\u00f3w 10 ml szeroka nakr\u0119tka"}]},{"@type":"WebSite","@id":"https:\/\/kulkidobubbletea.pl\/#website","url":"https:\/\/kulkidobubbletea.pl\/","name":"Bublinkov\u00e9 \u010dajov\u00e9 gu\u013e\u00f4\u010dky","description":"Online obchod s bublinkov\u00fdm \u010dajom","publisher":{"@id":"https:\/\/kulkidobubbletea.pl\/#organization"},"potentialAction":[{"@type":"SearchAction","target":{"@type":"EntryPoint","urlTemplate":"https:\/\/kulkidobubbletea.pl\/?s={search_term_string}"},"query-input":{"@type":"PropertyValueSpecification","valueRequired":true,"valueName":"search_term_string"}}],"inLanguage":"sk-SK"},{"@type":"Organization","@id":"https:\/\/kulkidobubbletea.pl\/#organization","name":"Bublinkov\u00e9 \u010dajov\u00e9 gu\u013e\u00f4\u010dky","url":"https:\/\/kulkidobubbletea.pl\/","logo":{"@type":"ImageObject","inLanguage":"sk-SK","@id":"https:\/\/kulkidobubbletea.pl\/#\/schema\/logo\/image\/","url":"https:\/\/kulkidobubbletea.pl\/wp-content\/uploads\/2024\/04\/Original-on-Transparent.png","contentUrl":"https:\/\/kulkidobubbletea.pl\/wp-content\/uploads\/2024\/04\/Original-on-Transparent.png","width":5000,"height":1109,"caption":"Kulki Do Bubble Tea"},"image":{"@id":"https:\/\/kulkidobubbletea.pl\/#\/schema\/logo\/image\/"}}]}},"_links":{"self":[{"href":"https:\/\/kulkidobubbletea.pl\/sk\/wp-json\/wp\/v2\/product\/11016","targetHints":{"allow":["GET"]}}],"collection":[{"href":"https:\/\/kulkidobubbletea.pl\/sk\/wp-json\/wp\/v2\/product"}],"about":[{"href":"https:\/\/kulkidobubbletea.pl\/sk\/wp-json\/wp\/v2\/types\/product"}],"replies":[{"embeddable":true,"href":"https:\/\/kulkidobubbletea.pl\/sk\/wp-json\/wp\/v2\/comments?post=11016"}],"version-history":[{"count":7,"href":"https:\/\/kulkidobubbletea.pl\/sk\/wp-json\/wp\/v2\/product\/11016\/revisions"}],"predecessor-version":[{"id":16208,"href":"https:\/\/kulkidobubbletea.pl\/sk\/wp-json\/wp\/v2\/product\/11016\/revisions\/16208"}],"wp:featuredmedia":[{"embeddable":true,"href":"https:\/\/kulkidobubbletea.pl\/sk\/wp-json\/wp\/v2\/media\/11350"}],"wp:attachment":[{"href":"https:\/\/kulkidobubbletea.pl\/sk\/wp-json\/wp\/v2\/media?parent=11016"}],"wp:term":[{"taxonomy":"product_brand","embeddable":true,"href":"https:\/\/kulkidobubbletea.pl\/sk\/wp-json\/wp\/v2\/product_brand?post=11016"},{"taxonomy":"product_cat","embeddable":true,"href":"https:\/\/kulkidobubbletea.pl\/sk\/wp-json\/wp\/v2\/product_cat?post=11016"},{"taxonomy":"product_tag","embeddable":true,"href":"https:\/\/kulkidobubbletea.pl\/sk\/wp-json\/wp\/v2\/product_tag?post=11016"}],"curies":[{"name":"wp","href":"https:\/\/api.w.org\/{rel}","templated":true}]}}