{"id":11011,"date":"2024-05-04T12:18:04","date_gmt":"2024-05-04T12:18:04","guid":{"rendered":"https:\/\/kulkidobubbletea.pl\/produkt\/zaklejarka-do-kubkow-taiwan-2\/"},"modified":"2025-08-11T08:37:41","modified_gmt":"2025-08-11T08:37:41","slug":"tesnenie-salok-taiwan","status":"publish","type":"product","link":"https:\/\/kulkidobubbletea.pl\/sk\/obchod\/zariadenie\/tesnenie-salok-taiwan\/","title":{"rendered":"Tesnenie poh\u00e1rov Taiwan"},"content":{"rendered":"<p>Nov\u00fd model tesnenia YF-98S<\/p>\n<p>\u0160pi\u010dkov\u00e9 vybavenie vyroben\u00e9 na Taiwane - nie v \u010c\u00edne! Ve\u013emi podstatn\u00fd rozdiel, zariadenie zaru\u010duje bezporuchovos\u0165, bezpe\u010dnos\u0165 a pou\u017e\u00edvanie po cel\u00e9 roky.<\/p>\n<p>Tesnenie utes\u0148uje v\u0161etky typy PP, PE a papierov\u00fdch poh\u00e1rov.<\/p>\n<p>&nbsp;<\/p>\n<p>Nov\u00fd model, ove\u013ea lep\u0161ie vedenie filmov - bez efektu odlupovania, modern\u00e9 sn\u00edma\u010de pracuj\u00face s viacer\u00fdmi filmami, ktor\u00e9 sa daj\u00fa utesni\u0165 ( predch\u00e1dzaj\u00face star\u00e9 modely mali probl\u00e9my s niektor\u00fdmi lacnej\u0161\u00edmi filmami).<\/p>\n<p>&nbsp;<\/p>\n<p>&nbsp;<\/p>\n<p>Vysok\u00fd estetick\u00fd vzh\u013ead v\u00fdrobku, jednoduch\u00e9 \u010distenie a ove\u013ea vy\u0161\u0161ia bezpe\u010dnos\u0165 ako pri star\u00fdch modeloch.<\/p>\n<p>Zape\u010datenie \u0161\u00e1lok je mo\u017en\u00e9 naprogramova\u0165 automaticky zo sn\u00edma\u010da, ako aj manu\u00e1lne alebo pri prednastavenej vzdialenosti pohybu filmu.<\/p>\n<p>&nbsp;<\/p>\n<p>Mo\u017enos\u0165 automatick\u00e9ho utesnenia po vlo\u017een\u00ed poh\u00e1ra - fotobunkov\u00fd senzor, nie dr\u00f4t, ktor\u00fd bol problematick\u00fd v star\u00fdch verzi\u00e1ch.<\/p>\n<p>&nbsp;<\/p>\n<p>&nbsp;<\/p>\n<p>\u010cas cel\u00e9ho procesu uzatv\u00e1rania poh\u00e1ra vr\u00e1tane d\u00e1vkovania 3,5 - 4 s.<\/p>\n<p>S\u00fa\u010das\u0165ou balenia je pr\u00eddavn\u00fd hlin\u00edkov\u00fd kr\u00fa\u017eok, ktor\u00fd je vhodn\u00fd pre v\u0161etky typy poh\u00e1rov.<\/p>\n<p>Najnov\u0161\u00ed model, ktor\u00fd bol v\u00fdrazne vylep\u0161en\u00fd, odstr\u00e1nil probl\u00e9m s nedbal\u00fdm a nerovnomern\u00fdm utesnen\u00edm poh\u00e1ra alebo pretrhnut\u00edm p\u00e1sky.<\/p>\n<p>Hmotnos\u0165 26 kg,<\/p>\n<p>Rozmery 32x24x59 cm<\/p>\n<p>220 V \/ 400 W<\/p>\n<p>&nbsp;<\/p>\n<p>Jednoro\u010dn\u00e1 z\u00e1ruka.<\/p>\n<p>&nbsp;<\/p>\n<p>Nov\u00e1 dod\u00e1vka, k dispoz\u00edcii s\u00fa biele a \u010dierne farby.<\/p>","protected":false},"excerpt":{"rendered":"<p>Nowy model zaklejarek YF-98S Sprz\u0119t najwy\u017cszej klasy, produkcji Tajwanskiej &#8211; nie Chi\u0144skiej! Bardzo znacz\u0105ca r\u00f3\u017cnica, sprz\u0119t gwarantuje bezawaryjno\u015b\u0107, \u00a0bezpiecze\u0144stwo oraz<\/p>","protected":false},"featured_media":11891,"comment_status":"open","ping_status":"closed","template":"","meta":[],"product_brand":[],"product_cat":[319],"product_tag":[],"class_list":{"0":"post-11011","1":"product","2":"type-product","3":"status-publish","4":"has-post-thumbnail","6":"product_cat-sprzet","8":"first","9":"instock","10":"taxable","11":"shipping-taxable","12":"purchasable","13":"product-type-simple"},"yoast_head":"<!-- This site is optimized with the Yoast SEO Premium plugin v23.7 (Yoast SEO v27.3) - https:\/\/yoast.com\/product\/yoast-seo-premium-wordpress\/ -->\n<title>Zaklejarka do kubk\u00f3w Taiwan - Kulki Do Bubble Tea<\/title>\n<meta name=\"robots\" content=\"index, follow, max-snippet:-1, max-image-preview:large, max-video-preview:-1\" \/>\n<link rel=\"canonical\" href=\"https:\/\/kulkidobubbletea.pl\/sk\/obchod\/zariadenie\/tesnenie-salok-taiwan\/\" \/>\n<meta property=\"og:locale\" content=\"sk_SK\" \/>\n<meta property=\"og:type\" content=\"article\" \/>\n<meta property=\"og:title\" content=\"Zaklejarka do kubk\u00f3w Taiwan\" \/>\n<meta property=\"og:description\" content=\"Nowy model zaklejarek YF-98S Sprz\u0119t najwy\u017cszej klasy, produkcji Tajwanskiej &#8211; nie Chi\u0144skiej! Bardzo znacz\u0105ca r\u00f3\u017cnica, sprz\u0119t gwarantuje bezawaryjno\u015b\u0107, \u00a0bezpiecze\u0144stwo oraz\" \/>\n<meta property=\"og:url\" content=\"https:\/\/kulkidobubbletea.pl\/sk\/obchod\/zariadenie\/tesnenie-salok-taiwan\/\" \/>\n<meta property=\"og:site_name\" content=\"Kulki Do Bubble Tea\" \/>\n<meta property=\"article:modified_time\" content=\"2025-08-11T08:37:41+00:00\" \/>\n<meta property=\"og:image\" content=\"https:\/\/kulkidobubbletea.pl\/wp-content\/uploads\/2024\/05\/Zdjecie-zaklejarki-do-sklepu.png\" \/>\n\t<meta property=\"og:image:width\" content=\"770\" \/>\n\t<meta property=\"og:image:height\" content=\"1155\" \/>\n\t<meta property=\"og:image:type\" content=\"image\/png\" \/>\n<meta name=\"twitter:card\" content=\"summary_large_image\" \/>\n<meta name=\"twitter:label1\" content=\"Predpokladan\u00fd \u010das \u010d\u00edtania\" \/>\n\t<meta name=\"twitter:data1\" content=\"1 min\u00fata\" \/>\n<script type=\"application\/ld+json\" class=\"yoast-schema-graph\">{\"@context\":\"https:\\\/\\\/schema.org\",\"@graph\":[{\"@type\":\"WebPage\",\"@id\":\"https:\\\/\\\/kulkidobubbletea.pl\\\/sklep\\\/sprzet\\\/zaklejarka-do-kubkow-taiwan\\\/\",\"url\":\"https:\\\/\\\/kulkidobubbletea.pl\\\/sklep\\\/sprzet\\\/zaklejarka-do-kubkow-taiwan\\\/\",\"name\":\"Zaklejarka do kubk\u00f3w Taiwan - Kulki Do Bubble Tea\",\"isPartOf\":{\"@id\":\"https:\\\/\\\/kulkidobubbletea.pl\\\/#website\"},\"primaryImageOfPage\":{\"@id\":\"https:\\\/\\\/kulkidobubbletea.pl\\\/sklep\\\/sprzet\\\/zaklejarka-do-kubkow-taiwan\\\/#primaryimage\"},\"image\":{\"@id\":\"https:\\\/\\\/kulkidobubbletea.pl\\\/sklep\\\/sprzet\\\/zaklejarka-do-kubkow-taiwan\\\/#primaryimage\"},\"thumbnailUrl\":\"https:\\\/\\\/kulkidobubbletea.pl\\\/wp-content\\\/uploads\\\/2024\\\/05\\\/Zdjecie-zaklejarki-do-sklepu.png\",\"datePublished\":\"2024-05-04T12:18:04+00:00\",\"dateModified\":\"2025-08-11T08:37:41+00:00\",\"breadcrumb\":{\"@id\":\"https:\\\/\\\/kulkidobubbletea.pl\\\/sklep\\\/sprzet\\\/zaklejarka-do-kubkow-taiwan\\\/#breadcrumb\"},\"inLanguage\":\"sk-SK\",\"potentialAction\":[{\"@type\":\"ReadAction\",\"target\":[\"https:\\\/\\\/kulkidobubbletea.pl\\\/sklep\\\/sprzet\\\/zaklejarka-do-kubkow-taiwan\\\/\"]}]},{\"@type\":\"ImageObject\",\"inLanguage\":\"sk-SK\",\"@id\":\"https:\\\/\\\/kulkidobubbletea.pl\\\/sklep\\\/sprzet\\\/zaklejarka-do-kubkow-taiwan\\\/#primaryimage\",\"url\":\"https:\\\/\\\/kulkidobubbletea.pl\\\/wp-content\\\/uploads\\\/2024\\\/05\\\/Zdjecie-zaklejarki-do-sklepu.png\",\"contentUrl\":\"https:\\\/\\\/kulkidobubbletea.pl\\\/wp-content\\\/uploads\\\/2024\\\/05\\\/Zdjecie-zaklejarki-do-sklepu.png\",\"width\":770,\"height\":1155},{\"@type\":\"BreadcrumbList\",\"@id\":\"https:\\\/\\\/kulkidobubbletea.pl\\\/sklep\\\/sprzet\\\/zaklejarka-do-kubkow-taiwan\\\/#breadcrumb\",\"itemListElement\":[{\"@type\":\"ListItem\",\"position\":1,\"name\":\"Strona g\u0142\u00f3wna\",\"item\":\"https:\\\/\\\/kulkidobubbletea.pl\\\/\"},{\"@type\":\"ListItem\",\"position\":2,\"name\":\"Sklep\",\"item\":\"https:\\\/\\\/kulkidobubbletea.pl\\\/sklep\\\/\"},{\"@type\":\"ListItem\",\"position\":3,\"name\":\"Zaklejarka do kubk\u00f3w Taiwan\"}]},{\"@type\":\"WebSite\",\"@id\":\"https:\\\/\\\/kulkidobubbletea.pl\\\/#website\",\"url\":\"https:\\\/\\\/kulkidobubbletea.pl\\\/\",\"name\":\"Kulki Do Bubble Tea\",\"description\":\"Sklep online z artyku\u0142ami do bubble tea\",\"publisher\":{\"@id\":\"https:\\\/\\\/kulkidobubbletea.pl\\\/#organization\"},\"potentialAction\":[{\"@type\":\"SearchAction\",\"target\":{\"@type\":\"EntryPoint\",\"urlTemplate\":\"https:\\\/\\\/kulkidobubbletea.pl\\\/?s={search_term_string}\"},\"query-input\":{\"@type\":\"PropertyValueSpecification\",\"valueRequired\":true,\"valueName\":\"search_term_string\"}}],\"inLanguage\":\"sk-SK\"},{\"@type\":\"Organization\",\"@id\":\"https:\\\/\\\/kulkidobubbletea.pl\\\/#organization\",\"name\":\"Kulki Do Bubble Tea\",\"url\":\"https:\\\/\\\/kulkidobubbletea.pl\\\/\",\"logo\":{\"@type\":\"ImageObject\",\"inLanguage\":\"sk-SK\",\"@id\":\"https:\\\/\\\/kulkidobubbletea.pl\\\/#\\\/schema\\\/logo\\\/image\\\/\",\"url\":\"https:\\\/\\\/kulkidobubbletea.pl\\\/wp-content\\\/uploads\\\/2024\\\/04\\\/Original-on-Transparent.png\",\"contentUrl\":\"https:\\\/\\\/kulkidobubbletea.pl\\\/wp-content\\\/uploads\\\/2024\\\/04\\\/Original-on-Transparent.png\",\"width\":5000,\"height\":1109,\"caption\":\"Kulki Do Bubble Tea\"},\"image\":{\"@id\":\"https:\\\/\\\/kulkidobubbletea.pl\\\/#\\\/schema\\\/logo\\\/image\\\/\"}}]}<\/script>\n<!-- \/ Yoast SEO Premium plugin. -->","yoast_head_json":{"title":"Taiwan Cup Sealer - Bubble Tea Balls","robots":{"index":"index","follow":"follow","max-snippet":"max-snippet:-1","max-image-preview":"max-image-preview:large","max-video-preview":"max-video-preview:-1"},"canonical":"https:\/\/kulkidobubbletea.pl\/sk\/obchod\/zariadenie\/tesnenie-salok-taiwan\/","og_locale":"sk_SK","og_type":"article","og_title":"Zaklejarka do kubk\u00f3w Taiwan","og_description":"Nowy model zaklejarek YF-98S Sprz\u0119t najwy\u017cszej klasy, produkcji Tajwanskiej &#8211; nie Chi\u0144skiej! Bardzo znacz\u0105ca r\u00f3\u017cnica, sprz\u0119t gwarantuje bezawaryjno\u015b\u0107, \u00a0bezpiecze\u0144stwo oraz","og_url":"https:\/\/kulkidobubbletea.pl\/sk\/obchod\/zariadenie\/tesnenie-salok-taiwan\/","og_site_name":"Kulki Do Bubble Tea","article_modified_time":"2025-08-11T08:37:41+00:00","og_image":[{"width":770,"height":1155,"url":"https:\/\/kulkidobubbletea.pl\/wp-content\/uploads\/2024\/05\/Zdjecie-zaklejarki-do-sklepu.png","type":"image\/png"}],"twitter_card":"summary_large_image","twitter_misc":{"Predpokladan\u00fd \u010das \u010d\u00edtania":"1 min\u00fata"},"schema":{"@context":"https:\/\/schema.org","@graph":[{"@type":"WebPage","@id":"https:\/\/kulkidobubbletea.pl\/sklep\/sprzet\/zaklejarka-do-kubkow-taiwan\/","url":"https:\/\/kulkidobubbletea.pl\/sklep\/sprzet\/zaklejarka-do-kubkow-taiwan\/","name":"Taiwan Cup Sealer - Bubble Tea Balls","isPartOf":{"@id":"https:\/\/kulkidobubbletea.pl\/#website"},"primaryImageOfPage":{"@id":"https:\/\/kulkidobubbletea.pl\/sklep\/sprzet\/zaklejarka-do-kubkow-taiwan\/#primaryimage"},"image":{"@id":"https:\/\/kulkidobubbletea.pl\/sklep\/sprzet\/zaklejarka-do-kubkow-taiwan\/#primaryimage"},"thumbnailUrl":"https:\/\/kulkidobubbletea.pl\/wp-content\/uploads\/2024\/05\/Zdjecie-zaklejarki-do-sklepu.png","datePublished":"2024-05-04T12:18:04+00:00","dateModified":"2025-08-11T08:37:41+00:00","breadcrumb":{"@id":"https:\/\/kulkidobubbletea.pl\/sklep\/sprzet\/zaklejarka-do-kubkow-taiwan\/#breadcrumb"},"inLanguage":"sk-SK","potentialAction":[{"@type":"ReadAction","target":["https:\/\/kulkidobubbletea.pl\/sklep\/sprzet\/zaklejarka-do-kubkow-taiwan\/"]}]},{"@type":"ImageObject","inLanguage":"sk-SK","@id":"https:\/\/kulkidobubbletea.pl\/sklep\/sprzet\/zaklejarka-do-kubkow-taiwan\/#primaryimage","url":"https:\/\/kulkidobubbletea.pl\/wp-content\/uploads\/2024\/05\/Zdjecie-zaklejarki-do-sklepu.png","contentUrl":"https:\/\/kulkidobubbletea.pl\/wp-content\/uploads\/2024\/05\/Zdjecie-zaklejarki-do-sklepu.png","width":770,"height":1155},{"@type":"BreadcrumbList","@id":"https:\/\/kulkidobubbletea.pl\/sklep\/sprzet\/zaklejarka-do-kubkow-taiwan\/#breadcrumb","itemListElement":[{"@type":"ListItem","position":1,"name":"Strona g\u0142\u00f3wna","item":"https:\/\/kulkidobubbletea.pl\/"},{"@type":"ListItem","position":2,"name":"Sklep","item":"https:\/\/kulkidobubbletea.pl\/sklep\/"},{"@type":"ListItem","position":3,"name":"Zaklejarka do kubk\u00f3w Taiwan"}]},{"@type":"WebSite","@id":"https:\/\/kulkidobubbletea.pl\/#website","url":"https:\/\/kulkidobubbletea.pl\/","name":"Bublinkov\u00e9 \u010dajov\u00e9 gu\u013e\u00f4\u010dky","description":"Online obchod s bublinkov\u00fdm \u010dajom","publisher":{"@id":"https:\/\/kulkidobubbletea.pl\/#organization"},"potentialAction":[{"@type":"SearchAction","target":{"@type":"EntryPoint","urlTemplate":"https:\/\/kulkidobubbletea.pl\/?s={search_term_string}"},"query-input":{"@type":"PropertyValueSpecification","valueRequired":true,"valueName":"search_term_string"}}],"inLanguage":"sk-SK"},{"@type":"Organization","@id":"https:\/\/kulkidobubbletea.pl\/#organization","name":"Bublinkov\u00e9 \u010dajov\u00e9 gu\u013e\u00f4\u010dky","url":"https:\/\/kulkidobubbletea.pl\/","logo":{"@type":"ImageObject","inLanguage":"sk-SK","@id":"https:\/\/kulkidobubbletea.pl\/#\/schema\/logo\/image\/","url":"https:\/\/kulkidobubbletea.pl\/wp-content\/uploads\/2024\/04\/Original-on-Transparent.png","contentUrl":"https:\/\/kulkidobubbletea.pl\/wp-content\/uploads\/2024\/04\/Original-on-Transparent.png","width":5000,"height":1109,"caption":"Kulki Do Bubble Tea"},"image":{"@id":"https:\/\/kulkidobubbletea.pl\/#\/schema\/logo\/image\/"}}]}},"_links":{"self":[{"href":"https:\/\/kulkidobubbletea.pl\/sk\/wp-json\/wp\/v2\/product\/11011","targetHints":{"allow":["GET"]}}],"collection":[{"href":"https:\/\/kulkidobubbletea.pl\/sk\/wp-json\/wp\/v2\/product"}],"about":[{"href":"https:\/\/kulkidobubbletea.pl\/sk\/wp-json\/wp\/v2\/types\/product"}],"replies":[{"embeddable":true,"href":"https:\/\/kulkidobubbletea.pl\/sk\/wp-json\/wp\/v2\/comments?post=11011"}],"version-history":[{"count":1,"href":"https:\/\/kulkidobubbletea.pl\/sk\/wp-json\/wp\/v2\/product\/11011\/revisions"}],"predecessor-version":[{"id":11892,"href":"https:\/\/kulkidobubbletea.pl\/sk\/wp-json\/wp\/v2\/product\/11011\/revisions\/11892"}],"wp:featuredmedia":[{"embeddable":true,"href":"https:\/\/kulkidobubbletea.pl\/sk\/wp-json\/wp\/v2\/media\/11891"}],"wp:attachment":[{"href":"https:\/\/kulkidobubbletea.pl\/sk\/wp-json\/wp\/v2\/media?parent=11011"}],"wp:term":[{"taxonomy":"product_brand","embeddable":true,"href":"https:\/\/kulkidobubbletea.pl\/sk\/wp-json\/wp\/v2\/product_brand?post=11011"},{"taxonomy":"product_cat","embeddable":true,"href":"https:\/\/kulkidobubbletea.pl\/sk\/wp-json\/wp\/v2\/product_cat?post=11011"},{"taxonomy":"product_tag","embeddable":true,"href":"https:\/\/kulkidobubbletea.pl\/sk\/wp-json\/wp\/v2\/product_tag?post=11011"}],"curies":[{"name":"wp","href":"https:\/\/api.w.org\/{rel}","templated":true}]}}