{"id":10995,"date":"2025-05-10T21:23:50","date_gmt":"2025-05-10T21:23:50","guid":{"rendered":"https:\/\/kulkidobubbletea.pl\/produkt\/popping-boba-tajwan-oryginal-arbuz-2\/"},"modified":"2026-04-13T08:29:38","modified_gmt":"2026-04-13T08:29:38","slug":"popping-boba-taiwan-original-watermelon","status":"publish","type":"product","link":"https:\/\/kulkidobubbletea.pl\/sk\/obchod\/bublinkove-cajove-gulocky\/popping-boba-taiwan-original-watermelon\/","title":{"rendered":"Bubble Tea guli\u010dky 3,4 kg | Popping Boba Taiwan Original Watermelon"},"content":{"rendered":"<p>Bublinkov\u00fd \u010daj s pr\u00edchu\u0165ou mel\u00f3na a popping boba gu\u013e\u00f4\u010dkami.<\/p>\n<p>Pon\u00fakan\u00fd v\u00fdrobok je najvy\u0161\u0161ej taiwanskej kvality. Tvarovan\u00e9, ve\u013ek\u00e9 gu\u013e\u00f4\u010dky (nie slzi\u010dky ako v n\u00edzkorozpo\u010dtovej produkcii) popping boba s vynikaj\u00facou chu\u0165ou.<\/p>\n<p>Obal lopty je tenk\u00fd, praskne v spr\u00e1vny okamih len v \u00fastach, \u017eiadny nechutn\u00fd efekt koristi. Pr\u00e9miov\u00e1 kvalita.<\/p>\n<p><strong>Objavte tajomstvo skvelej chuti a dlhej \u017eivotnosti!<\/strong><\/p>\n<p>H\u013ead\u00e1te lopti\u010dky, ktor\u00e9 v\u00e1s pote\u0161ia svojou chu\u0165ou a nesklam\u00fa ani po\u010das hor\u00facich dn\u00ed? Tak to ste na spr\u00e1vnom mieste! Na\u0161e lopti\u010dky poch\u00e1dzaj\u00fa priamo z Taiwanu - od jedn\u00e9ho z najv\u00e4\u010d\u0161\u00edch a najrenomovanej\u0161\u00edch v\u00fdrobcov na svete. To je z\u00e1rukou najvy\u0161\u0161ej kvality a overenej recept\u00fary, ktorej m\u00f4\u017eete d\u00f4verova\u0165.<\/p>\n<p>Ne\u010dakajte! Presved\u010dte sa sami, pre\u010do s\u00fa na\u0161e taiwansk\u00e9 lopti\u010dky vo\u013ebou \u010d\u00edslo jeden.<\/p>\n<p>Balenie 3,4 kg.<\/p>\n<p>V\u00fdrobok je ve\u013emi \u00fa\u010dinn\u00fd, po vypusten\u00ed kvapal\u00edn zostane a\u017e 2,3 kg samotn\u00fdch gu\u013e\u00f4\u010dok, \u010do je podstatne viac ako pri eur\u00f3pskej v\u00fdrobe.<\/p>\n<p>Riziko chyby +\/- 5%.<\/p>\n<p>Vyroben\u00e9 na Taiwane<\/p>\n<p>&nbsp;<\/p>\n<p>Dlh\u00e9 d\u00e1tumy exspir\u00e1cie, v\u00e4\u010d\u0161ina v\u00fdrobkov m\u00e1 minim\u00e1lny d\u00e1tum 2027.<\/p>","protected":false},"excerpt":{"rendered":"<p style=\"margin-top: 0cm; background: white; vertical-align: baseline;\"><span style=\"font-size: 11.5pt; font-family: Montserrat; color: #777777;\">Popping Boba Taiwansk\u00e9 bublinkov\u00e9 \u010dajov\u00e9 gu\u013e\u00f4\u010dky s pr\u00edchu\u0165ou mel\u00f3na, origin\u00e1lna pr\u00edchu\u0165.<\/span><\/p>","protected":false},"featured_media":12326,"comment_status":"open","ping_status":"closed","template":"","meta":[],"product_brand":[],"product_cat":[315],"product_tag":[329],"class_list":{"0":"post-10995","1":"product","2":"type-product","3":"status-publish","4":"has-post-thumbnail","6":"product_cat-kulki-do-bubble-tea","7":"product_tag-bestsellery","9":"first","10":"instock","11":"sale","12":"taxable","13":"shipping-taxable","14":"purchasable","15":"product-type-simple"},"yoast_head":"<!-- This site is optimized with the Yoast SEO Premium plugin v23.7 (Yoast SEO v27.3) - https:\/\/yoast.com\/product\/yoast-seo-premium-wordpress\/ -->\n<title>Kulki do Bubble Tea 3,4kg | Popping Boba Tajwan Oryginal Arbuz - Kulki Do Bubble Tea<\/title>\n<meta name=\"robots\" content=\"index, follow, max-snippet:-1, max-image-preview:large, max-video-preview:-1\" \/>\n<link rel=\"canonical\" href=\"https:\/\/kulkidobubbletea.pl\/sk\/obchod\/bublinkove-cajove-gulocky\/popping-boba-taiwan-original-watermelon\/\" \/>\n<meta property=\"og:locale\" content=\"sk_SK\" \/>\n<meta property=\"og:type\" content=\"article\" \/>\n<meta property=\"og:title\" content=\"Kulki do Bubble Tea 3,4kg | Popping Boba Tajwan Oryginal Arbuz\" \/>\n<meta property=\"og:description\" content=\"Popping Boba tajwa\u0144skie kulki do bubble tea o smaku arbuz, oryginalny smak.\" \/>\n<meta property=\"og:url\" content=\"https:\/\/kulkidobubbletea.pl\/sk\/obchod\/bublinkove-cajove-gulocky\/popping-boba-taiwan-original-watermelon\/\" \/>\n<meta property=\"og:site_name\" content=\"Kulki Do Bubble Tea\" \/>\n<meta property=\"article:modified_time\" content=\"2026-04-13T08:29:38+00:00\" \/>\n<meta property=\"og:image\" content=\"https:\/\/kulkidobubbletea.pl\/wp-content\/uploads\/2024\/07\/arbuz-pop-1024x1024.png\" \/>\n\t<meta property=\"og:image:width\" content=\"1024\" \/>\n\t<meta property=\"og:image:height\" content=\"1024\" \/>\n\t<meta property=\"og:image:type\" content=\"image\/png\" \/>\n<meta name=\"twitter:card\" content=\"summary_large_image\" \/>\n<meta name=\"twitter:label1\" content=\"Predpokladan\u00fd \u010das \u010d\u00edtania\" \/>\n\t<meta name=\"twitter:data1\" content=\"2 min\u00faty\" \/>\n<script type=\"application\/ld+json\" class=\"yoast-schema-graph\">{\"@context\":\"https:\\\/\\\/schema.org\",\"@graph\":[{\"@type\":\"WebPage\",\"@id\":\"https:\\\/\\\/kulkidobubbletea.pl\\\/sklep\\\/kulki-do-bubble-tea\\\/popping-boba-tajwan-oryginal-arbuz\\\/\",\"url\":\"https:\\\/\\\/kulkidobubbletea.pl\\\/sklep\\\/kulki-do-bubble-tea\\\/popping-boba-tajwan-oryginal-arbuz\\\/\",\"name\":\"Kulki do Bubble Tea 3,4kg | Popping Boba Tajwan Oryginal Arbuz - Kulki Do Bubble Tea\",\"isPartOf\":{\"@id\":\"https:\\\/\\\/kulkidobubbletea.pl\\\/#website\"},\"primaryImageOfPage\":{\"@id\":\"https:\\\/\\\/kulkidobubbletea.pl\\\/sklep\\\/kulki-do-bubble-tea\\\/popping-boba-tajwan-oryginal-arbuz\\\/#primaryimage\"},\"image\":{\"@id\":\"https:\\\/\\\/kulkidobubbletea.pl\\\/sklep\\\/kulki-do-bubble-tea\\\/popping-boba-tajwan-oryginal-arbuz\\\/#primaryimage\"},\"thumbnailUrl\":\"https:\\\/\\\/kulkidobubbletea.pl\\\/wp-content\\\/uploads\\\/2024\\\/07\\\/arbuz-pop.png\",\"datePublished\":\"2025-05-10T21:23:50+00:00\",\"dateModified\":\"2026-04-13T08:29:38+00:00\",\"breadcrumb\":{\"@id\":\"https:\\\/\\\/kulkidobubbletea.pl\\\/sklep\\\/kulki-do-bubble-tea\\\/popping-boba-tajwan-oryginal-arbuz\\\/#breadcrumb\"},\"inLanguage\":\"sk-SK\",\"potentialAction\":[{\"@type\":\"ReadAction\",\"target\":[\"https:\\\/\\\/kulkidobubbletea.pl\\\/sklep\\\/kulki-do-bubble-tea\\\/popping-boba-tajwan-oryginal-arbuz\\\/\"]}]},{\"@type\":\"ImageObject\",\"inLanguage\":\"sk-SK\",\"@id\":\"https:\\\/\\\/kulkidobubbletea.pl\\\/sklep\\\/kulki-do-bubble-tea\\\/popping-boba-tajwan-oryginal-arbuz\\\/#primaryimage\",\"url\":\"https:\\\/\\\/kulkidobubbletea.pl\\\/wp-content\\\/uploads\\\/2024\\\/07\\\/arbuz-pop.png\",\"contentUrl\":\"https:\\\/\\\/kulkidobubbletea.pl\\\/wp-content\\\/uploads\\\/2024\\\/07\\\/arbuz-pop.png\",\"width\":2000,\"height\":2000},{\"@type\":\"BreadcrumbList\",\"@id\":\"https:\\\/\\\/kulkidobubbletea.pl\\\/sklep\\\/kulki-do-bubble-tea\\\/popping-boba-tajwan-oryginal-arbuz\\\/#breadcrumb\",\"itemListElement\":[{\"@type\":\"ListItem\",\"position\":1,\"name\":\"Strona g\u0142\u00f3wna\",\"item\":\"https:\\\/\\\/kulkidobubbletea.pl\\\/\"},{\"@type\":\"ListItem\",\"position\":2,\"name\":\"Sklep\",\"item\":\"https:\\\/\\\/kulkidobubbletea.pl\\\/sklep\\\/\"},{\"@type\":\"ListItem\",\"position\":3,\"name\":\"Kulki do Bubble Tea 3,4kg | Popping Boba Tajwan Oryginal Arbuz\"}]},{\"@type\":\"WebSite\",\"@id\":\"https:\\\/\\\/kulkidobubbletea.pl\\\/#website\",\"url\":\"https:\\\/\\\/kulkidobubbletea.pl\\\/\",\"name\":\"Kulki Do Bubble Tea\",\"description\":\"Sklep online z artyku\u0142ami do bubble tea\",\"publisher\":{\"@id\":\"https:\\\/\\\/kulkidobubbletea.pl\\\/#organization\"},\"potentialAction\":[{\"@type\":\"SearchAction\",\"target\":{\"@type\":\"EntryPoint\",\"urlTemplate\":\"https:\\\/\\\/kulkidobubbletea.pl\\\/?s={search_term_string}\"},\"query-input\":{\"@type\":\"PropertyValueSpecification\",\"valueRequired\":true,\"valueName\":\"search_term_string\"}}],\"inLanguage\":\"sk-SK\"},{\"@type\":\"Organization\",\"@id\":\"https:\\\/\\\/kulkidobubbletea.pl\\\/#organization\",\"name\":\"Kulki Do Bubble Tea\",\"url\":\"https:\\\/\\\/kulkidobubbletea.pl\\\/\",\"logo\":{\"@type\":\"ImageObject\",\"inLanguage\":\"sk-SK\",\"@id\":\"https:\\\/\\\/kulkidobubbletea.pl\\\/#\\\/schema\\\/logo\\\/image\\\/\",\"url\":\"https:\\\/\\\/kulkidobubbletea.pl\\\/wp-content\\\/uploads\\\/2024\\\/04\\\/Original-on-Transparent.png\",\"contentUrl\":\"https:\\\/\\\/kulkidobubbletea.pl\\\/wp-content\\\/uploads\\\/2024\\\/04\\\/Original-on-Transparent.png\",\"width\":5000,\"height\":1109,\"caption\":\"Kulki Do Bubble Tea\"},\"image\":{\"@id\":\"https:\\\/\\\/kulkidobubbletea.pl\\\/#\\\/schema\\\/logo\\\/image\\\/\"}}]}<\/script>\n<!-- \/ Yoast SEO Premium plugin. -->","yoast_head_json":{"title":"Bubble Tea Balls 3,4 kg | Popping Boba Taiwan Original Watermelon - Bubble Tea Balls","robots":{"index":"index","follow":"follow","max-snippet":"max-snippet:-1","max-image-preview":"max-image-preview:large","max-video-preview":"max-video-preview:-1"},"canonical":"https:\/\/kulkidobubbletea.pl\/sk\/obchod\/bublinkove-cajove-gulocky\/popping-boba-taiwan-original-watermelon\/","og_locale":"sk_SK","og_type":"article","og_title":"Kulki do Bubble Tea 3,4kg | Popping Boba Tajwan Oryginal Arbuz","og_description":"Popping Boba tajwa\u0144skie kulki do bubble tea o smaku arbuz, oryginalny smak.","og_url":"https:\/\/kulkidobubbletea.pl\/sk\/obchod\/bublinkove-cajove-gulocky\/popping-boba-taiwan-original-watermelon\/","og_site_name":"Kulki Do Bubble Tea","article_modified_time":"2026-04-13T08:29:38+00:00","og_image":[{"width":1024,"height":1024,"url":"https:\/\/kulkidobubbletea.pl\/wp-content\/uploads\/2024\/07\/arbuz-pop-1024x1024.png","type":"image\/png"}],"twitter_card":"summary_large_image","twitter_misc":{"Predpokladan\u00fd \u010das \u010d\u00edtania":"2 min\u00faty"},"schema":{"@context":"https:\/\/schema.org","@graph":[{"@type":"WebPage","@id":"https:\/\/kulkidobubbletea.pl\/sklep\/kulki-do-bubble-tea\/popping-boba-tajwan-oryginal-arbuz\/","url":"https:\/\/kulkidobubbletea.pl\/sklep\/kulki-do-bubble-tea\/popping-boba-tajwan-oryginal-arbuz\/","name":"Bubble Tea Balls 3,4 kg | Popping Boba Taiwan Original Watermelon - Bubble Tea Balls","isPartOf":{"@id":"https:\/\/kulkidobubbletea.pl\/#website"},"primaryImageOfPage":{"@id":"https:\/\/kulkidobubbletea.pl\/sklep\/kulki-do-bubble-tea\/popping-boba-tajwan-oryginal-arbuz\/#primaryimage"},"image":{"@id":"https:\/\/kulkidobubbletea.pl\/sklep\/kulki-do-bubble-tea\/popping-boba-tajwan-oryginal-arbuz\/#primaryimage"},"thumbnailUrl":"https:\/\/kulkidobubbletea.pl\/wp-content\/uploads\/2024\/07\/arbuz-pop.png","datePublished":"2025-05-10T21:23:50+00:00","dateModified":"2026-04-13T08:29:38+00:00","breadcrumb":{"@id":"https:\/\/kulkidobubbletea.pl\/sklep\/kulki-do-bubble-tea\/popping-boba-tajwan-oryginal-arbuz\/#breadcrumb"},"inLanguage":"sk-SK","potentialAction":[{"@type":"ReadAction","target":["https:\/\/kulkidobubbletea.pl\/sklep\/kulki-do-bubble-tea\/popping-boba-tajwan-oryginal-arbuz\/"]}]},{"@type":"ImageObject","inLanguage":"sk-SK","@id":"https:\/\/kulkidobubbletea.pl\/sklep\/kulki-do-bubble-tea\/popping-boba-tajwan-oryginal-arbuz\/#primaryimage","url":"https:\/\/kulkidobubbletea.pl\/wp-content\/uploads\/2024\/07\/arbuz-pop.png","contentUrl":"https:\/\/kulkidobubbletea.pl\/wp-content\/uploads\/2024\/07\/arbuz-pop.png","width":2000,"height":2000},{"@type":"BreadcrumbList","@id":"https:\/\/kulkidobubbletea.pl\/sklep\/kulki-do-bubble-tea\/popping-boba-tajwan-oryginal-arbuz\/#breadcrumb","itemListElement":[{"@type":"ListItem","position":1,"name":"Strona g\u0142\u00f3wna","item":"https:\/\/kulkidobubbletea.pl\/"},{"@type":"ListItem","position":2,"name":"Sklep","item":"https:\/\/kulkidobubbletea.pl\/sklep\/"},{"@type":"ListItem","position":3,"name":"Kulki do Bubble Tea 3,4kg | Popping Boba Tajwan Oryginal Arbuz"}]},{"@type":"WebSite","@id":"https:\/\/kulkidobubbletea.pl\/#website","url":"https:\/\/kulkidobubbletea.pl\/","name":"Bublinkov\u00e9 \u010dajov\u00e9 gu\u013e\u00f4\u010dky","description":"Online obchod s bublinkov\u00fdm \u010dajom","publisher":{"@id":"https:\/\/kulkidobubbletea.pl\/#organization"},"potentialAction":[{"@type":"SearchAction","target":{"@type":"EntryPoint","urlTemplate":"https:\/\/kulkidobubbletea.pl\/?s={search_term_string}"},"query-input":{"@type":"PropertyValueSpecification","valueRequired":true,"valueName":"search_term_string"}}],"inLanguage":"sk-SK"},{"@type":"Organization","@id":"https:\/\/kulkidobubbletea.pl\/#organization","name":"Bublinkov\u00e9 \u010dajov\u00e9 gu\u013e\u00f4\u010dky","url":"https:\/\/kulkidobubbletea.pl\/","logo":{"@type":"ImageObject","inLanguage":"sk-SK","@id":"https:\/\/kulkidobubbletea.pl\/#\/schema\/logo\/image\/","url":"https:\/\/kulkidobubbletea.pl\/wp-content\/uploads\/2024\/04\/Original-on-Transparent.png","contentUrl":"https:\/\/kulkidobubbletea.pl\/wp-content\/uploads\/2024\/04\/Original-on-Transparent.png","width":5000,"height":1109,"caption":"Kulki Do Bubble Tea"},"image":{"@id":"https:\/\/kulkidobubbletea.pl\/#\/schema\/logo\/image\/"}}]}},"_links":{"self":[{"href":"https:\/\/kulkidobubbletea.pl\/sk\/wp-json\/wp\/v2\/product\/10995","targetHints":{"allow":["GET"]}}],"collection":[{"href":"https:\/\/kulkidobubbletea.pl\/sk\/wp-json\/wp\/v2\/product"}],"about":[{"href":"https:\/\/kulkidobubbletea.pl\/sk\/wp-json\/wp\/v2\/types\/product"}],"replies":[{"embeddable":true,"href":"https:\/\/kulkidobubbletea.pl\/sk\/wp-json\/wp\/v2\/comments?post=10995"}],"version-history":[{"count":9,"href":"https:\/\/kulkidobubbletea.pl\/sk\/wp-json\/wp\/v2\/product\/10995\/revisions"}],"predecessor-version":[{"id":16953,"href":"https:\/\/kulkidobubbletea.pl\/sk\/wp-json\/wp\/v2\/product\/10995\/revisions\/16953"}],"wp:featuredmedia":[{"embeddable":true,"href":"https:\/\/kulkidobubbletea.pl\/sk\/wp-json\/wp\/v2\/media\/12326"}],"wp:attachment":[{"href":"https:\/\/kulkidobubbletea.pl\/sk\/wp-json\/wp\/v2\/media?parent=10995"}],"wp:term":[{"taxonomy":"product_brand","embeddable":true,"href":"https:\/\/kulkidobubbletea.pl\/sk\/wp-json\/wp\/v2\/product_brand?post=10995"},{"taxonomy":"product_cat","embeddable":true,"href":"https:\/\/kulkidobubbletea.pl\/sk\/wp-json\/wp\/v2\/product_cat?post=10995"},{"taxonomy":"product_tag","embeddable":true,"href":"https:\/\/kulkidobubbletea.pl\/sk\/wp-json\/wp\/v2\/product_tag?post=10995"}],"curies":[{"name":"wp","href":"https:\/\/api.w.org\/{rel}","templated":true}]}}