{"id":11044,"date":"2024-05-23T12:18:13","date_gmt":"2024-05-23T12:18:13","guid":{"rendered":"https:\/\/kulkidobubbletea.pl\/produkt\/syrop-eu-liczi-27kg-2\/"},"modified":"2026-04-14T09:22:28","modified_gmt":"2026-04-14T09:22:28","slug":"sciroppo-di-litchi-eu-27kg-2","status":"publish","type":"product","link":"https:\/\/kulkidobubbletea.pl\/it\/negozio\/sciroppi-per-il-te-alle-bolle\/sciroppo-di-litchi-eu-27kg-2\/","title":{"rendered":"Sciroppo per il t\u00e8 alle bollicine | Litchi | Taiwan | 2,5 kg"},"content":{"rendered":"<p>SCIROPPO ORIGINALE TAIWANESE, GUSTO LITCHI<\/p>\n<p>&nbsp;<\/p>\n<p>Qualit\u00e0 premium, gusto originale e brillante.<\/p>\n<p>&nbsp;<\/p>\n<p>Da non confondere con la produzione europea. Si tratta di un prodotto originale importato da Taiwan, la culla del Bubble Tea, che garantisce la massima qualit\u00e0 e gusto del prodotto ottenuto.<\/p>\n<p>&nbsp;<\/p>\n<p>Gli sciroppi sono efficienti, 40-50 ml di sciroppo per 500 ml di bevanda finita.<\/p>\n<p>&nbsp;<\/p>\n<p>Date di scadenza lunghe: la maggior parte degli sciroppi ha una data minima del 2027.<\/p>\n<p>&nbsp;<\/p>\n<p>Quando si ordina un'intera confezione sfusa di un gusto specifico (cartone da 6 pezzi di sciroppi), includiamo gratuitamente una pompa.<\/p>\n<p>&nbsp;<\/p>\n<p>Prodotto e forma della bottiglia identici alla foto.<\/p>","protected":false},"excerpt":{"rendered":"<p>ORYGINALNY TAJWA\u0143SKI SYROP, SMAK LICZI &nbsp; Jako\u015b\u0107 premium, genialny, oryginalny smak. &nbsp; Nie myli\u0107 z produkcj\u0105 europejsk\u0105. Jest to oryginalny<\/p>","protected":false},"featured_media":15469,"comment_status":"open","ping_status":"closed","template":"","meta":[],"product_brand":[],"product_cat":[312],"product_tag":[],"class_list":{"0":"post-11044","1":"product","2":"type-product","3":"status-publish","4":"has-post-thumbnail","6":"product_cat-syropy-do-bubble-tea","8":"first","9":"instock","10":"taxable","11":"shipping-taxable","12":"purchasable","13":"product-type-simple"},"yoast_head":"<!-- This site is optimized with the Yoast SEO Premium plugin v23.7 (Yoast SEO v27.3) - https:\/\/yoast.com\/product\/yoast-seo-premium-wordpress\/ -->\n<title>Syrop Do Bubble Tea | Liczi | Tajwan | 2.5 kg - Kulki Do Bubble Tea<\/title>\n<meta name=\"robots\" content=\"index, follow, max-snippet:-1, max-image-preview:large, max-video-preview:-1\" \/>\n<link rel=\"canonical\" href=\"https:\/\/kulkidobubbletea.pl\/it\/negozio\/sciroppi-per-il-te-alle-bolle\/sciroppo-di-litchi-eu-27kg-2\/\" \/>\n<meta property=\"og:locale\" content=\"it_IT\" \/>\n<meta property=\"og:type\" content=\"article\" \/>\n<meta property=\"og:title\" content=\"Syrop Do Bubble Tea | Liczi | Tajwan | 2.5 kg\" \/>\n<meta property=\"og:description\" content=\"ORYGINALNY TAJWA\u0143SKI SYROP, SMAK LICZI &nbsp; Jako\u015b\u0107 premium, genialny, oryginalny smak. &nbsp; Nie myli\u0107 z produkcj\u0105 europejsk\u0105. Jest to oryginalny\" \/>\n<meta property=\"og:url\" content=\"https:\/\/kulkidobubbletea.pl\/it\/negozio\/sciroppi-per-il-te-alle-bolle\/sciroppo-di-litchi-eu-27kg-2\/\" \/>\n<meta property=\"og:site_name\" content=\"Kulki Do Bubble Tea\" \/>\n<meta property=\"article:modified_time\" content=\"2026-04-14T09:22:28+00:00\" \/>\n<meta property=\"og:image\" content=\"https:\/\/kulkidobubbletea.pl\/wp-content\/uploads\/2025\/03\/liczi.jpg\" \/>\n\t<meta property=\"og:image:width\" content=\"2000\" \/>\n\t<meta property=\"og:image:height\" content=\"2000\" \/>\n\t<meta property=\"og:image:type\" content=\"image\/jpeg\" \/>\n<meta name=\"twitter:card\" content=\"summary_large_image\" \/>\n<meta name=\"twitter:label1\" content=\"Tempo di lettura stimato\" \/>\n\t<meta name=\"twitter:data1\" content=\"1 minuto\" \/>\n<script type=\"application\/ld+json\" class=\"yoast-schema-graph\">{\"@context\":\"https:\\\/\\\/schema.org\",\"@graph\":[{\"@type\":\"WebPage\",\"@id\":\"https:\\\/\\\/kulkidobubbletea.pl\\\/sklep\\\/syropy-do-bubble-tea\\\/syrop-eu-liczi-27kg-2\\\/\",\"url\":\"https:\\\/\\\/kulkidobubbletea.pl\\\/sklep\\\/syropy-do-bubble-tea\\\/syrop-eu-liczi-27kg-2\\\/\",\"name\":\"Syrop Do Bubble Tea | Liczi | Tajwan | 2.5 kg - Kulki Do Bubble Tea\",\"isPartOf\":{\"@id\":\"https:\\\/\\\/kulkidobubbletea.pl\\\/#website\"},\"primaryImageOfPage\":{\"@id\":\"https:\\\/\\\/kulkidobubbletea.pl\\\/sklep\\\/syropy-do-bubble-tea\\\/syrop-eu-liczi-27kg-2\\\/#primaryimage\"},\"image\":{\"@id\":\"https:\\\/\\\/kulkidobubbletea.pl\\\/sklep\\\/syropy-do-bubble-tea\\\/syrop-eu-liczi-27kg-2\\\/#primaryimage\"},\"thumbnailUrl\":\"https:\\\/\\\/kulkidobubbletea.pl\\\/wp-content\\\/uploads\\\/2025\\\/03\\\/liczi.jpg\",\"datePublished\":\"2024-05-23T12:18:13+00:00\",\"dateModified\":\"2026-04-14T09:22:28+00:00\",\"breadcrumb\":{\"@id\":\"https:\\\/\\\/kulkidobubbletea.pl\\\/sklep\\\/syropy-do-bubble-tea\\\/syrop-eu-liczi-27kg-2\\\/#breadcrumb\"},\"inLanguage\":\"it-IT\",\"potentialAction\":[{\"@type\":\"ReadAction\",\"target\":[\"https:\\\/\\\/kulkidobubbletea.pl\\\/sklep\\\/syropy-do-bubble-tea\\\/syrop-eu-liczi-27kg-2\\\/\"]}]},{\"@type\":\"ImageObject\",\"inLanguage\":\"it-IT\",\"@id\":\"https:\\\/\\\/kulkidobubbletea.pl\\\/sklep\\\/syropy-do-bubble-tea\\\/syrop-eu-liczi-27kg-2\\\/#primaryimage\",\"url\":\"https:\\\/\\\/kulkidobubbletea.pl\\\/wp-content\\\/uploads\\\/2025\\\/03\\\/liczi.jpg\",\"contentUrl\":\"https:\\\/\\\/kulkidobubbletea.pl\\\/wp-content\\\/uploads\\\/2025\\\/03\\\/liczi.jpg\",\"width\":2000,\"height\":2000},{\"@type\":\"BreadcrumbList\",\"@id\":\"https:\\\/\\\/kulkidobubbletea.pl\\\/sklep\\\/syropy-do-bubble-tea\\\/syrop-eu-liczi-27kg-2\\\/#breadcrumb\",\"itemListElement\":[{\"@type\":\"ListItem\",\"position\":1,\"name\":\"Strona g\u0142\u00f3wna\",\"item\":\"https:\\\/\\\/kulkidobubbletea.pl\\\/\"},{\"@type\":\"ListItem\",\"position\":2,\"name\":\"Sklep\",\"item\":\"https:\\\/\\\/kulkidobubbletea.pl\\\/sklep\\\/\"},{\"@type\":\"ListItem\",\"position\":3,\"name\":\"Syrop Do Bubble Tea | Liczi | Tajwan | 2.5 kg\"}]},{\"@type\":\"WebSite\",\"@id\":\"https:\\\/\\\/kulkidobubbletea.pl\\\/#website\",\"url\":\"https:\\\/\\\/kulkidobubbletea.pl\\\/\",\"name\":\"Kulki Do Bubble Tea\",\"description\":\"Sklep online z artyku\u0142ami do bubble tea\",\"publisher\":{\"@id\":\"https:\\\/\\\/kulkidobubbletea.pl\\\/#organization\"},\"potentialAction\":[{\"@type\":\"SearchAction\",\"target\":{\"@type\":\"EntryPoint\",\"urlTemplate\":\"https:\\\/\\\/kulkidobubbletea.pl\\\/?s={search_term_string}\"},\"query-input\":{\"@type\":\"PropertyValueSpecification\",\"valueRequired\":true,\"valueName\":\"search_term_string\"}}],\"inLanguage\":\"it-IT\"},{\"@type\":\"Organization\",\"@id\":\"https:\\\/\\\/kulkidobubbletea.pl\\\/#organization\",\"name\":\"Kulki Do Bubble Tea\",\"url\":\"https:\\\/\\\/kulkidobubbletea.pl\\\/\",\"logo\":{\"@type\":\"ImageObject\",\"inLanguage\":\"it-IT\",\"@id\":\"https:\\\/\\\/kulkidobubbletea.pl\\\/#\\\/schema\\\/logo\\\/image\\\/\",\"url\":\"https:\\\/\\\/kulkidobubbletea.pl\\\/wp-content\\\/uploads\\\/2024\\\/04\\\/Original-on-Transparent.png\",\"contentUrl\":\"https:\\\/\\\/kulkidobubbletea.pl\\\/wp-content\\\/uploads\\\/2024\\\/04\\\/Original-on-Transparent.png\",\"width\":5000,\"height\":1109,\"caption\":\"Kulki Do Bubble Tea\"},\"image\":{\"@id\":\"https:\\\/\\\/kulkidobubbletea.pl\\\/#\\\/schema\\\/logo\\\/image\\\/\"}}]}<\/script>\n<!-- \/ Yoast SEO Premium plugin. -->","yoast_head_json":{"title":"Sciroppo per il t\u00e8 delle bolle | Litchi | Taiwan | 2,5 kg - Palline per il t\u00e8 delle bolle","robots":{"index":"index","follow":"follow","max-snippet":"max-snippet:-1","max-image-preview":"max-image-preview:large","max-video-preview":"max-video-preview:-1"},"canonical":"https:\/\/kulkidobubbletea.pl\/it\/negozio\/sciroppi-per-il-te-alle-bolle\/sciroppo-di-litchi-eu-27kg-2\/","og_locale":"it_IT","og_type":"article","og_title":"Syrop Do Bubble Tea | Liczi | Tajwan | 2.5 kg","og_description":"ORYGINALNY TAJWA\u0143SKI SYROP, SMAK LICZI &nbsp; Jako\u015b\u0107 premium, genialny, oryginalny smak. &nbsp; Nie myli\u0107 z produkcj\u0105 europejsk\u0105. Jest to oryginalny","og_url":"https:\/\/kulkidobubbletea.pl\/it\/negozio\/sciroppi-per-il-te-alle-bolle\/sciroppo-di-litchi-eu-27kg-2\/","og_site_name":"Kulki Do Bubble Tea","article_modified_time":"2026-04-14T09:22:28+00:00","og_image":[{"width":2000,"height":2000,"url":"https:\/\/kulkidobubbletea.pl\/wp-content\/uploads\/2025\/03\/liczi.jpg","type":"image\/jpeg"}],"twitter_card":"summary_large_image","twitter_misc":{"Tempo di lettura stimato":"1 minuto"},"schema":{"@context":"https:\/\/schema.org","@graph":[{"@type":"WebPage","@id":"https:\/\/kulkidobubbletea.pl\/sklep\/syropy-do-bubble-tea\/syrop-eu-liczi-27kg-2\/","url":"https:\/\/kulkidobubbletea.pl\/sklep\/syropy-do-bubble-tea\/syrop-eu-liczi-27kg-2\/","name":"Sciroppo per il t\u00e8 delle bolle | Litchi | Taiwan | 2,5 kg - Palline per il t\u00e8 delle bolle","isPartOf":{"@id":"https:\/\/kulkidobubbletea.pl\/#website"},"primaryImageOfPage":{"@id":"https:\/\/kulkidobubbletea.pl\/sklep\/syropy-do-bubble-tea\/syrop-eu-liczi-27kg-2\/#primaryimage"},"image":{"@id":"https:\/\/kulkidobubbletea.pl\/sklep\/syropy-do-bubble-tea\/syrop-eu-liczi-27kg-2\/#primaryimage"},"thumbnailUrl":"https:\/\/kulkidobubbletea.pl\/wp-content\/uploads\/2025\/03\/liczi.jpg","datePublished":"2024-05-23T12:18:13+00:00","dateModified":"2026-04-14T09:22:28+00:00","breadcrumb":{"@id":"https:\/\/kulkidobubbletea.pl\/sklep\/syropy-do-bubble-tea\/syrop-eu-liczi-27kg-2\/#breadcrumb"},"inLanguage":"it-IT","potentialAction":[{"@type":"ReadAction","target":["https:\/\/kulkidobubbletea.pl\/sklep\/syropy-do-bubble-tea\/syrop-eu-liczi-27kg-2\/"]}]},{"@type":"ImageObject","inLanguage":"it-IT","@id":"https:\/\/kulkidobubbletea.pl\/sklep\/syropy-do-bubble-tea\/syrop-eu-liczi-27kg-2\/#primaryimage","url":"https:\/\/kulkidobubbletea.pl\/wp-content\/uploads\/2025\/03\/liczi.jpg","contentUrl":"https:\/\/kulkidobubbletea.pl\/wp-content\/uploads\/2025\/03\/liczi.jpg","width":2000,"height":2000},{"@type":"BreadcrumbList","@id":"https:\/\/kulkidobubbletea.pl\/sklep\/syropy-do-bubble-tea\/syrop-eu-liczi-27kg-2\/#breadcrumb","itemListElement":[{"@type":"ListItem","position":1,"name":"Strona g\u0142\u00f3wna","item":"https:\/\/kulkidobubbletea.pl\/"},{"@type":"ListItem","position":2,"name":"Sklep","item":"https:\/\/kulkidobubbletea.pl\/sklep\/"},{"@type":"ListItem","position":3,"name":"Syrop Do Bubble Tea | Liczi | Tajwan | 2.5 kg"}]},{"@type":"WebSite","@id":"https:\/\/kulkidobubbletea.pl\/#website","url":"https:\/\/kulkidobubbletea.pl\/","name":"Palline di t\u00e8 alle bolle","description":"Negozio online di t\u00e8 alle bolle","publisher":{"@id":"https:\/\/kulkidobubbletea.pl\/#organization"},"potentialAction":[{"@type":"SearchAction","target":{"@type":"EntryPoint","urlTemplate":"https:\/\/kulkidobubbletea.pl\/?s={search_term_string}"},"query-input":{"@type":"PropertyValueSpecification","valueRequired":true,"valueName":"search_term_string"}}],"inLanguage":"it-IT"},{"@type":"Organization","@id":"https:\/\/kulkidobubbletea.pl\/#organization","name":"Palline di t\u00e8 alle bolle","url":"https:\/\/kulkidobubbletea.pl\/","logo":{"@type":"ImageObject","inLanguage":"it-IT","@id":"https:\/\/kulkidobubbletea.pl\/#\/schema\/logo\/image\/","url":"https:\/\/kulkidobubbletea.pl\/wp-content\/uploads\/2024\/04\/Original-on-Transparent.png","contentUrl":"https:\/\/kulkidobubbletea.pl\/wp-content\/uploads\/2024\/04\/Original-on-Transparent.png","width":5000,"height":1109,"caption":"Kulki Do Bubble Tea"},"image":{"@id":"https:\/\/kulkidobubbletea.pl\/#\/schema\/logo\/image\/"}}]}},"_links":{"self":[{"href":"https:\/\/kulkidobubbletea.pl\/it\/wp-json\/wp\/v2\/product\/11044","targetHints":{"allow":["GET"]}}],"collection":[{"href":"https:\/\/kulkidobubbletea.pl\/it\/wp-json\/wp\/v2\/product"}],"about":[{"href":"https:\/\/kulkidobubbletea.pl\/it\/wp-json\/wp\/v2\/types\/product"}],"replies":[{"embeddable":true,"href":"https:\/\/kulkidobubbletea.pl\/it\/wp-json\/wp\/v2\/comments?post=11044"}],"version-history":[{"count":8,"href":"https:\/\/kulkidobubbletea.pl\/it\/wp-json\/wp\/v2\/product\/11044\/revisions"}],"predecessor-version":[{"id":16968,"href":"https:\/\/kulkidobubbletea.pl\/it\/wp-json\/wp\/v2\/product\/11044\/revisions\/16968"}],"wp:featuredmedia":[{"embeddable":true,"href":"https:\/\/kulkidobubbletea.pl\/it\/wp-json\/wp\/v2\/media\/15469"}],"wp:attachment":[{"href":"https:\/\/kulkidobubbletea.pl\/it\/wp-json\/wp\/v2\/media?parent=11044"}],"wp:term":[{"taxonomy":"product_brand","embeddable":true,"href":"https:\/\/kulkidobubbletea.pl\/it\/wp-json\/wp\/v2\/product_brand?post=11044"},{"taxonomy":"product_cat","embeddable":true,"href":"https:\/\/kulkidobubbletea.pl\/it\/wp-json\/wp\/v2\/product_cat?post=11044"},{"taxonomy":"product_tag","embeddable":true,"href":"https:\/\/kulkidobubbletea.pl\/it\/wp-json\/wp\/v2\/product_tag?post=11044"}],"curies":[{"name":"wp","href":"https:\/\/api.w.org\/{rel}","templated":true}]}}