{"id":11014,"date":"2024-05-04T12:18:05","date_gmt":"2024-05-04T12:18:05","guid":{"rendered":"https:\/\/kulkidobubbletea.pl\/produkt\/pompka-do-syropow-30-ml-szeroka-nakretka-eu-2\/"},"modified":"2025-09-25T13:39:58","modified_gmt":"2025-09-25T13:39:58","slug":"sciroppo-pompa-30-ml-tappo-largo-eu-2","status":"publish","type":"product","link":"https:\/\/kulkidobubbletea.pl\/it\/negozio\/accessori\/sciroppo-pompa-30-ml-tappo-largo-eu-2\/","title":{"rendered":"Pompa per sciroppi 10 ml - tappo UE"},"content":{"rendered":"<p>Pompa professionale per il t\u00e8 alle bolle di 10 ml di sciroppo, che garantisce una dose singola ripetibile.<\/p>\n<p>La pompa \u00e8 in grado di gestire sciroppi densi e particelle di frutta contenute in alcuni sciroppi.<\/p>\n<p>&nbsp;<\/p>\n<p>Funzionamento rapido e conveniente.<\/p>\n<p>&nbsp;<\/p>\n<p>Tappo largo compatibile con gli sciroppi europei.<\/p>\n<p>&nbsp;<\/p>\n<p>Si prega di notare che non offriamo pi\u00f9 sciroppi di produzione europea nel nostro negozio.<\/p>\n<p>&nbsp;<\/p>\n<p>Prodotto collaudato, non si intasa sui pezzi di frutta presenti negli sciroppi.<\/p>","protected":false},"excerpt":{"rendered":"<p>La pompa professionale per il t\u00e8 alle bolle pompa 10 ml di sciroppo, garantendo una dose singola ripetibile. La pompa \u00e8 in grado di gestire sciroppi densi<\/p>","protected":false},"featured_media":11343,"comment_status":"open","ping_status":"closed","template":"","meta":[],"product_brand":[],"product_cat":[321],"product_tag":[],"class_list":{"0":"post-11014","1":"product","2":"type-product","3":"status-publish","4":"has-post-thumbnail","6":"product_cat-akcesoria","8":"first","9":"instock","10":"taxable","11":"shipping-taxable","12":"purchasable","13":"product-type-simple"},"yoast_head":"<!-- This site is optimized with the Yoast SEO Premium plugin v23.7 (Yoast SEO v27.3) - https:\/\/yoast.com\/product\/yoast-seo-premium-wordpress\/ -->\n<title>Pompka do syrop\u00f3w 10 ml - nakr\u0119tka EU - Kulki Do Bubble Tea<\/title>\n<meta name=\"robots\" content=\"index, follow, max-snippet:-1, max-image-preview:large, max-video-preview:-1\" \/>\n<link rel=\"canonical\" href=\"https:\/\/kulkidobubbletea.pl\/it\/negozio\/accessori\/sciroppo-pompa-30-ml-tappo-largo-eu-2\/\" \/>\n<meta property=\"og:locale\" content=\"it_IT\" \/>\n<meta property=\"og:type\" content=\"article\" \/>\n<meta property=\"og:title\" content=\"Pompka do syrop\u00f3w 10 ml - nakr\u0119tka EU\" \/>\n<meta property=\"og:description\" content=\"Profesjonalna pompka do bubble tea pompuj\u0105c\u0105 10 ml syropu &#8211; zapewniaj\u0105ca powtarzalno\u015b\u0107 jednorazowej dozy. Pompka radzi sobie z g\u0119stym syropem\" \/>\n<meta property=\"og:url\" content=\"https:\/\/kulkidobubbletea.pl\/it\/negozio\/accessori\/sciroppo-pompa-30-ml-tappo-largo-eu-2\/\" \/>\n<meta property=\"og:site_name\" content=\"Kulki Do Bubble Tea\" \/>\n<meta property=\"article:modified_time\" content=\"2025-09-25T13:39:58+00:00\" \/>\n<meta property=\"og:image\" content=\"https:\/\/kulkidobubbletea.pl\/wp-content\/uploads\/2024\/05\/POMPKA-30-ML-SZEROKI-GWINT.png\" \/>\n\t<meta property=\"og:image:width\" content=\"1000\" \/>\n\t<meta property=\"og:image:height\" content=\"1000\" \/>\n\t<meta property=\"og:image:type\" content=\"image\/png\" \/>\n<meta name=\"twitter:card\" content=\"summary_large_image\" \/>\n<meta name=\"twitter:label1\" content=\"Tempo di lettura stimato\" \/>\n\t<meta name=\"twitter:data1\" content=\"1 minuto\" \/>\n<script type=\"application\/ld+json\" class=\"yoast-schema-graph\">{\"@context\":\"https:\\\/\\\/schema.org\",\"@graph\":[{\"@type\":\"WebPage\",\"@id\":\"https:\\\/\\\/kulkidobubbletea.pl\\\/sklep\\\/akcesoria\\\/pompka-do-syropow-30-ml-szeroka-nakretka-eu-2\\\/\",\"url\":\"https:\\\/\\\/kulkidobubbletea.pl\\\/sklep\\\/akcesoria\\\/pompka-do-syropow-30-ml-szeroka-nakretka-eu-2\\\/\",\"name\":\"Pompka do syrop\u00f3w 10 ml - nakr\u0119tka EU - Kulki Do Bubble Tea\",\"isPartOf\":{\"@id\":\"https:\\\/\\\/kulkidobubbletea.pl\\\/#website\"},\"primaryImageOfPage\":{\"@id\":\"https:\\\/\\\/kulkidobubbletea.pl\\\/sklep\\\/akcesoria\\\/pompka-do-syropow-30-ml-szeroka-nakretka-eu-2\\\/#primaryimage\"},\"image\":{\"@id\":\"https:\\\/\\\/kulkidobubbletea.pl\\\/sklep\\\/akcesoria\\\/pompka-do-syropow-30-ml-szeroka-nakretka-eu-2\\\/#primaryimage\"},\"thumbnailUrl\":\"https:\\\/\\\/kulkidobubbletea.pl\\\/wp-content\\\/uploads\\\/2024\\\/05\\\/POMPKA-30-ML-SZEROKI-GWINT.png\",\"datePublished\":\"2024-05-04T12:18:05+00:00\",\"dateModified\":\"2025-09-25T13:39:58+00:00\",\"breadcrumb\":{\"@id\":\"https:\\\/\\\/kulkidobubbletea.pl\\\/sklep\\\/akcesoria\\\/pompka-do-syropow-30-ml-szeroka-nakretka-eu-2\\\/#breadcrumb\"},\"inLanguage\":\"it-IT\",\"potentialAction\":[{\"@type\":\"ReadAction\",\"target\":[\"https:\\\/\\\/kulkidobubbletea.pl\\\/sklep\\\/akcesoria\\\/pompka-do-syropow-30-ml-szeroka-nakretka-eu-2\\\/\"]}]},{\"@type\":\"ImageObject\",\"inLanguage\":\"it-IT\",\"@id\":\"https:\\\/\\\/kulkidobubbletea.pl\\\/sklep\\\/akcesoria\\\/pompka-do-syropow-30-ml-szeroka-nakretka-eu-2\\\/#primaryimage\",\"url\":\"https:\\\/\\\/kulkidobubbletea.pl\\\/wp-content\\\/uploads\\\/2024\\\/05\\\/POMPKA-30-ML-SZEROKI-GWINT.png\",\"contentUrl\":\"https:\\\/\\\/kulkidobubbletea.pl\\\/wp-content\\\/uploads\\\/2024\\\/05\\\/POMPKA-30-ML-SZEROKI-GWINT.png\",\"width\":1000,\"height\":1000},{\"@type\":\"BreadcrumbList\",\"@id\":\"https:\\\/\\\/kulkidobubbletea.pl\\\/sklep\\\/akcesoria\\\/pompka-do-syropow-30-ml-szeroka-nakretka-eu-2\\\/#breadcrumb\",\"itemListElement\":[{\"@type\":\"ListItem\",\"position\":1,\"name\":\"Strona g\u0142\u00f3wna\",\"item\":\"https:\\\/\\\/kulkidobubbletea.pl\\\/\"},{\"@type\":\"ListItem\",\"position\":2,\"name\":\"Sklep\",\"item\":\"https:\\\/\\\/kulkidobubbletea.pl\\\/sklep\\\/\"},{\"@type\":\"ListItem\",\"position\":3,\"name\":\"Pompka do syrop\u00f3w 10 ml &#8211; nakr\u0119tka EU\"}]},{\"@type\":\"WebSite\",\"@id\":\"https:\\\/\\\/kulkidobubbletea.pl\\\/#website\",\"url\":\"https:\\\/\\\/kulkidobubbletea.pl\\\/\",\"name\":\"Kulki Do Bubble Tea\",\"description\":\"Sklep online z artyku\u0142ami do bubble tea\",\"publisher\":{\"@id\":\"https:\\\/\\\/kulkidobubbletea.pl\\\/#organization\"},\"potentialAction\":[{\"@type\":\"SearchAction\",\"target\":{\"@type\":\"EntryPoint\",\"urlTemplate\":\"https:\\\/\\\/kulkidobubbletea.pl\\\/?s={search_term_string}\"},\"query-input\":{\"@type\":\"PropertyValueSpecification\",\"valueRequired\":true,\"valueName\":\"search_term_string\"}}],\"inLanguage\":\"it-IT\"},{\"@type\":\"Organization\",\"@id\":\"https:\\\/\\\/kulkidobubbletea.pl\\\/#organization\",\"name\":\"Kulki Do Bubble Tea\",\"url\":\"https:\\\/\\\/kulkidobubbletea.pl\\\/\",\"logo\":{\"@type\":\"ImageObject\",\"inLanguage\":\"it-IT\",\"@id\":\"https:\\\/\\\/kulkidobubbletea.pl\\\/#\\\/schema\\\/logo\\\/image\\\/\",\"url\":\"https:\\\/\\\/kulkidobubbletea.pl\\\/wp-content\\\/uploads\\\/2024\\\/04\\\/Original-on-Transparent.png\",\"contentUrl\":\"https:\\\/\\\/kulkidobubbletea.pl\\\/wp-content\\\/uploads\\\/2024\\\/04\\\/Original-on-Transparent.png\",\"width\":5000,\"height\":1109,\"caption\":\"Kulki Do Bubble Tea\"},\"image\":{\"@id\":\"https:\\\/\\\/kulkidobubbletea.pl\\\/#\\\/schema\\\/logo\\\/image\\\/\"}}]}<\/script>\n<!-- \/ Yoast SEO Premium plugin. -->","yoast_head_json":{"title":"Pompa per sciroppi 10 ml - Tappo UE - Palline per Bubble Tea","robots":{"index":"index","follow":"follow","max-snippet":"max-snippet:-1","max-image-preview":"max-image-preview:large","max-video-preview":"max-video-preview:-1"},"canonical":"https:\/\/kulkidobubbletea.pl\/it\/negozio\/accessori\/sciroppo-pompa-30-ml-tappo-largo-eu-2\/","og_locale":"it_IT","og_type":"article","og_title":"Pompka do syrop\u00f3w 10 ml - nakr\u0119tka EU","og_description":"Profesjonalna pompka do bubble tea pompuj\u0105c\u0105 10 ml syropu &#8211; zapewniaj\u0105ca powtarzalno\u015b\u0107 jednorazowej dozy. Pompka radzi sobie z g\u0119stym syropem","og_url":"https:\/\/kulkidobubbletea.pl\/it\/negozio\/accessori\/sciroppo-pompa-30-ml-tappo-largo-eu-2\/","og_site_name":"Kulki Do Bubble Tea","article_modified_time":"2025-09-25T13:39:58+00:00","og_image":[{"width":1000,"height":1000,"url":"https:\/\/kulkidobubbletea.pl\/wp-content\/uploads\/2024\/05\/POMPKA-30-ML-SZEROKI-GWINT.png","type":"image\/png"}],"twitter_card":"summary_large_image","twitter_misc":{"Tempo di lettura stimato":"1 minuto"},"schema":{"@context":"https:\/\/schema.org","@graph":[{"@type":"WebPage","@id":"https:\/\/kulkidobubbletea.pl\/sklep\/akcesoria\/pompka-do-syropow-30-ml-szeroka-nakretka-eu-2\/","url":"https:\/\/kulkidobubbletea.pl\/sklep\/akcesoria\/pompka-do-syropow-30-ml-szeroka-nakretka-eu-2\/","name":"Pompa per sciroppi 10 ml - Tappo UE - Palline per Bubble Tea","isPartOf":{"@id":"https:\/\/kulkidobubbletea.pl\/#website"},"primaryImageOfPage":{"@id":"https:\/\/kulkidobubbletea.pl\/sklep\/akcesoria\/pompka-do-syropow-30-ml-szeroka-nakretka-eu-2\/#primaryimage"},"image":{"@id":"https:\/\/kulkidobubbletea.pl\/sklep\/akcesoria\/pompka-do-syropow-30-ml-szeroka-nakretka-eu-2\/#primaryimage"},"thumbnailUrl":"https:\/\/kulkidobubbletea.pl\/wp-content\/uploads\/2024\/05\/POMPKA-30-ML-SZEROKI-GWINT.png","datePublished":"2024-05-04T12:18:05+00:00","dateModified":"2025-09-25T13:39:58+00:00","breadcrumb":{"@id":"https:\/\/kulkidobubbletea.pl\/sklep\/akcesoria\/pompka-do-syropow-30-ml-szeroka-nakretka-eu-2\/#breadcrumb"},"inLanguage":"it-IT","potentialAction":[{"@type":"ReadAction","target":["https:\/\/kulkidobubbletea.pl\/sklep\/akcesoria\/pompka-do-syropow-30-ml-szeroka-nakretka-eu-2\/"]}]},{"@type":"ImageObject","inLanguage":"it-IT","@id":"https:\/\/kulkidobubbletea.pl\/sklep\/akcesoria\/pompka-do-syropow-30-ml-szeroka-nakretka-eu-2\/#primaryimage","url":"https:\/\/kulkidobubbletea.pl\/wp-content\/uploads\/2024\/05\/POMPKA-30-ML-SZEROKI-GWINT.png","contentUrl":"https:\/\/kulkidobubbletea.pl\/wp-content\/uploads\/2024\/05\/POMPKA-30-ML-SZEROKI-GWINT.png","width":1000,"height":1000},{"@type":"BreadcrumbList","@id":"https:\/\/kulkidobubbletea.pl\/sklep\/akcesoria\/pompka-do-syropow-30-ml-szeroka-nakretka-eu-2\/#breadcrumb","itemListElement":[{"@type":"ListItem","position":1,"name":"Strona g\u0142\u00f3wna","item":"https:\/\/kulkidobubbletea.pl\/"},{"@type":"ListItem","position":2,"name":"Sklep","item":"https:\/\/kulkidobubbletea.pl\/sklep\/"},{"@type":"ListItem","position":3,"name":"Pompka do syrop\u00f3w 10 ml &#8211; nakr\u0119tka EU"}]},{"@type":"WebSite","@id":"https:\/\/kulkidobubbletea.pl\/#website","url":"https:\/\/kulkidobubbletea.pl\/","name":"Palline di t\u00e8 alle bolle","description":"Negozio online di t\u00e8 alle bolle","publisher":{"@id":"https:\/\/kulkidobubbletea.pl\/#organization"},"potentialAction":[{"@type":"SearchAction","target":{"@type":"EntryPoint","urlTemplate":"https:\/\/kulkidobubbletea.pl\/?s={search_term_string}"},"query-input":{"@type":"PropertyValueSpecification","valueRequired":true,"valueName":"search_term_string"}}],"inLanguage":"it-IT"},{"@type":"Organization","@id":"https:\/\/kulkidobubbletea.pl\/#organization","name":"Palline di t\u00e8 alle bolle","url":"https:\/\/kulkidobubbletea.pl\/","logo":{"@type":"ImageObject","inLanguage":"it-IT","@id":"https:\/\/kulkidobubbletea.pl\/#\/schema\/logo\/image\/","url":"https:\/\/kulkidobubbletea.pl\/wp-content\/uploads\/2024\/04\/Original-on-Transparent.png","contentUrl":"https:\/\/kulkidobubbletea.pl\/wp-content\/uploads\/2024\/04\/Original-on-Transparent.png","width":5000,"height":1109,"caption":"Kulki Do Bubble Tea"},"image":{"@id":"https:\/\/kulkidobubbletea.pl\/#\/schema\/logo\/image\/"}}]}},"_links":{"self":[{"href":"https:\/\/kulkidobubbletea.pl\/it\/wp-json\/wp\/v2\/product\/11014","targetHints":{"allow":["GET"]}}],"collection":[{"href":"https:\/\/kulkidobubbletea.pl\/it\/wp-json\/wp\/v2\/product"}],"about":[{"href":"https:\/\/kulkidobubbletea.pl\/it\/wp-json\/wp\/v2\/types\/product"}],"replies":[{"embeddable":true,"href":"https:\/\/kulkidobubbletea.pl\/it\/wp-json\/wp\/v2\/comments?post=11014"}],"version-history":[{"count":5,"href":"https:\/\/kulkidobubbletea.pl\/it\/wp-json\/wp\/v2\/product\/11014\/revisions"}],"predecessor-version":[{"id":15950,"href":"https:\/\/kulkidobubbletea.pl\/it\/wp-json\/wp\/v2\/product\/11014\/revisions\/15950"}],"wp:featuredmedia":[{"embeddable":true,"href":"https:\/\/kulkidobubbletea.pl\/it\/wp-json\/wp\/v2\/media\/11343"}],"wp:attachment":[{"href":"https:\/\/kulkidobubbletea.pl\/it\/wp-json\/wp\/v2\/media?parent=11014"}],"wp:term":[{"taxonomy":"product_brand","embeddable":true,"href":"https:\/\/kulkidobubbletea.pl\/it\/wp-json\/wp\/v2\/product_brand?post=11014"},{"taxonomy":"product_cat","embeddable":true,"href":"https:\/\/kulkidobubbletea.pl\/it\/wp-json\/wp\/v2\/product_cat?post=11014"},{"taxonomy":"product_tag","embeddable":true,"href":"https:\/\/kulkidobubbletea.pl\/it\/wp-json\/wp\/v2\/product_tag?post=11014"}],"curies":[{"name":"wp","href":"https:\/\/api.w.org\/{rel}","templated":true}]}}