{"id":11007,"date":"2024-05-16T21:23:50","date_gmt":"2024-05-16T21:23:50","guid":{"rendered":"https:\/\/kulkidobubbletea.pl\/produkt\/popping-boba-tajwan-oryginal-pomarancza-2\/"},"modified":"2026-04-13T05:38:09","modified_gmt":"2026-04-13T05:38:09","slug":"popping-boba-taiwan-original-orange","status":"publish","type":"product","link":"https:\/\/kulkidobubbletea.pl\/it\/negozio\/palline-di-te-con-bolle\/popping-boba-taiwan-original-orange\/","title":{"rendered":"Palline di Bubble Tea 3,4kg | Popping Boba Taiwan Original Orange"},"content":{"rendered":"<p>Palline di boba al gusto di arancia.<\/p>\n<p>Il prodotto offerto \u00e8 della migliore qualit\u00e0 taiwanese. Palline formose e grandi (e non goccioline come nelle produzioni a basso costo) di boba croccante e dal sapore brillante.<\/p>\n<p>Busta a sfera sottile, che scoppia al momento giusto solo in bocca, senza effetto bottino sgradevole. Qualit\u00e0 premium.<\/p>\n<p><strong>Scoprite il segreto del gusto e della longevit\u00e0!<\/strong><\/p>\n<p>Siete alla ricerca di palline che vi delizieranno con il loro gusto e non vi deluderanno nemmeno nelle giornate pi\u00f9 calde? Siete nel posto giusto! Le nostre palline provengono direttamente da Taiwan, da uno dei pi\u00f9 grandi e rinomati produttori al mondo. Questa \u00e8 una garanzia di altissima qualit\u00e0 e di una ricetta collaudata di cui ci si pu\u00f2 fidare.<\/p>\n<p>Non aspettate! Scoprite voi stessi perch\u00e9 le nostre palline taiwanesi sono la scelta numero uno.<\/p>\n<p>Confezione 3,4 kg.<\/p>\n<p>&nbsp;<\/p>\n<p>Il prodotto \u00e8 molto efficiente, con ben 2,3 kg di palline rimaste solo dopo lo scarico dei liquidi, una quantit\u00e0 significativamente superiore alla produzione europea.<\/p>\n<p>Rischio di errore +\/- 5%.<\/p>\n<p>Prodotto in Taiwan<\/p>\n<p>&nbsp;<\/p>\n<p>Date di scadenza lunghe, la maggior parte dei prodotti con una data minima del 2027.<\/p>","protected":false},"excerpt":{"rendered":"<p style=\"margin-top: 0cm; background: white; vertical-align: baseline;\"><span style=\"font-size: 11.5pt; font-family: Montserrat; color: #777777;\">Popping Boba Palline di bubble tea taiwanesi al gusto di arancia, gusto originale.<\/span><\/p>","protected":false},"featured_media":12354,"comment_status":"open","ping_status":"closed","template":"","meta":[],"product_brand":[],"product_cat":[315],"product_tag":[],"class_list":{"0":"post-11007","1":"product","2":"type-product","3":"status-publish","4":"has-post-thumbnail","6":"product_cat-kulki-do-bubble-tea","8":"first","9":"instock","10":"sale","11":"taxable","12":"shipping-taxable","13":"purchasable","14":"product-type-simple"},"yoast_head":"<!-- This site is optimized with the Yoast SEO Premium plugin v23.7 (Yoast SEO v27.3) - https:\/\/yoast.com\/product\/yoast-seo-premium-wordpress\/ -->\n<title>Kulki do Bubble Tea 3,4kg | Popping Boba Tajwan Oryginal Pomara\u0144cza - Kulki Do Bubble Tea<\/title>\n<meta name=\"robots\" content=\"index, follow, max-snippet:-1, max-image-preview:large, max-video-preview:-1\" \/>\n<link rel=\"canonical\" href=\"https:\/\/kulkidobubbletea.pl\/it\/negozio\/palline-di-te-con-bolle\/popping-boba-taiwan-original-orange\/\" \/>\n<meta property=\"og:locale\" content=\"it_IT\" \/>\n<meta property=\"og:type\" content=\"article\" \/>\n<meta property=\"og:title\" content=\"Kulki do Bubble Tea 3,4kg | Popping Boba Tajwan Oryginal Pomara\u0144cza\" \/>\n<meta property=\"og:description\" content=\"Popping Boba tajwa\u0144skie kulki do bubble tea o smaku pomara\u0144cza, oryginalny smak.\" \/>\n<meta property=\"og:url\" content=\"https:\/\/kulkidobubbletea.pl\/it\/negozio\/palline-di-te-con-bolle\/popping-boba-taiwan-original-orange\/\" \/>\n<meta property=\"og:site_name\" content=\"Kulki Do Bubble Tea\" \/>\n<meta property=\"article:modified_time\" content=\"2026-04-13T05:38:09+00:00\" \/>\n<meta property=\"og:image\" content=\"https:\/\/kulkidobubbletea.pl\/wp-content\/uploads\/2024\/07\/pomarancz-pop.png\" \/>\n\t<meta property=\"og:image:width\" content=\"2000\" \/>\n\t<meta property=\"og:image:height\" content=\"2000\" \/>\n\t<meta property=\"og:image:type\" content=\"image\/png\" \/>\n<meta name=\"twitter:card\" content=\"summary_large_image\" \/>\n<meta name=\"twitter:label1\" content=\"Tempo di lettura stimato\" \/>\n\t<meta name=\"twitter:data1\" content=\"1 minuto\" \/>\n<script type=\"application\/ld+json\" class=\"yoast-schema-graph\">{\"@context\":\"https:\\\/\\\/schema.org\",\"@graph\":[{\"@type\":\"WebPage\",\"@id\":\"https:\\\/\\\/kulkidobubbletea.pl\\\/sklep\\\/kulki-do-bubble-tea\\\/popping-boba-tajwan-oryginal-pomarancza\\\/\",\"url\":\"https:\\\/\\\/kulkidobubbletea.pl\\\/sklep\\\/kulki-do-bubble-tea\\\/popping-boba-tajwan-oryginal-pomarancza\\\/\",\"name\":\"Kulki do Bubble Tea 3,4kg | Popping Boba Tajwan Oryginal Pomara\u0144cza - Kulki Do Bubble Tea\",\"isPartOf\":{\"@id\":\"https:\\\/\\\/kulkidobubbletea.pl\\\/#website\"},\"primaryImageOfPage\":{\"@id\":\"https:\\\/\\\/kulkidobubbletea.pl\\\/sklep\\\/kulki-do-bubble-tea\\\/popping-boba-tajwan-oryginal-pomarancza\\\/#primaryimage\"},\"image\":{\"@id\":\"https:\\\/\\\/kulkidobubbletea.pl\\\/sklep\\\/kulki-do-bubble-tea\\\/popping-boba-tajwan-oryginal-pomarancza\\\/#primaryimage\"},\"thumbnailUrl\":\"https:\\\/\\\/kulkidobubbletea.pl\\\/wp-content\\\/uploads\\\/2024\\\/07\\\/pomarancz-pop.png\",\"datePublished\":\"2024-05-16T21:23:50+00:00\",\"dateModified\":\"2026-04-13T05:38:09+00:00\",\"breadcrumb\":{\"@id\":\"https:\\\/\\\/kulkidobubbletea.pl\\\/sklep\\\/kulki-do-bubble-tea\\\/popping-boba-tajwan-oryginal-pomarancza\\\/#breadcrumb\"},\"inLanguage\":\"it-IT\",\"potentialAction\":[{\"@type\":\"ReadAction\",\"target\":[\"https:\\\/\\\/kulkidobubbletea.pl\\\/sklep\\\/kulki-do-bubble-tea\\\/popping-boba-tajwan-oryginal-pomarancza\\\/\"]}]},{\"@type\":\"ImageObject\",\"inLanguage\":\"it-IT\",\"@id\":\"https:\\\/\\\/kulkidobubbletea.pl\\\/sklep\\\/kulki-do-bubble-tea\\\/popping-boba-tajwan-oryginal-pomarancza\\\/#primaryimage\",\"url\":\"https:\\\/\\\/kulkidobubbletea.pl\\\/wp-content\\\/uploads\\\/2024\\\/07\\\/pomarancz-pop.png\",\"contentUrl\":\"https:\\\/\\\/kulkidobubbletea.pl\\\/wp-content\\\/uploads\\\/2024\\\/07\\\/pomarancz-pop.png\",\"width\":2000,\"height\":2000},{\"@type\":\"BreadcrumbList\",\"@id\":\"https:\\\/\\\/kulkidobubbletea.pl\\\/sklep\\\/kulki-do-bubble-tea\\\/popping-boba-tajwan-oryginal-pomarancza\\\/#breadcrumb\",\"itemListElement\":[{\"@type\":\"ListItem\",\"position\":1,\"name\":\"Strona g\u0142\u00f3wna\",\"item\":\"https:\\\/\\\/kulkidobubbletea.pl\\\/\"},{\"@type\":\"ListItem\",\"position\":2,\"name\":\"Sklep\",\"item\":\"https:\\\/\\\/kulkidobubbletea.pl\\\/sklep\\\/\"},{\"@type\":\"ListItem\",\"position\":3,\"name\":\"Kulki do Bubble Tea 3,4kg | Popping Boba Tajwan Oryginal Pomara\u0144cza\"}]},{\"@type\":\"WebSite\",\"@id\":\"https:\\\/\\\/kulkidobubbletea.pl\\\/#website\",\"url\":\"https:\\\/\\\/kulkidobubbletea.pl\\\/\",\"name\":\"Kulki Do Bubble Tea\",\"description\":\"Sklep online z artyku\u0142ami do bubble tea\",\"publisher\":{\"@id\":\"https:\\\/\\\/kulkidobubbletea.pl\\\/#organization\"},\"potentialAction\":[{\"@type\":\"SearchAction\",\"target\":{\"@type\":\"EntryPoint\",\"urlTemplate\":\"https:\\\/\\\/kulkidobubbletea.pl\\\/?s={search_term_string}\"},\"query-input\":{\"@type\":\"PropertyValueSpecification\",\"valueRequired\":true,\"valueName\":\"search_term_string\"}}],\"inLanguage\":\"it-IT\"},{\"@type\":\"Organization\",\"@id\":\"https:\\\/\\\/kulkidobubbletea.pl\\\/#organization\",\"name\":\"Kulki Do Bubble Tea\",\"url\":\"https:\\\/\\\/kulkidobubbletea.pl\\\/\",\"logo\":{\"@type\":\"ImageObject\",\"inLanguage\":\"it-IT\",\"@id\":\"https:\\\/\\\/kulkidobubbletea.pl\\\/#\\\/schema\\\/logo\\\/image\\\/\",\"url\":\"https:\\\/\\\/kulkidobubbletea.pl\\\/wp-content\\\/uploads\\\/2024\\\/04\\\/Original-on-Transparent.png\",\"contentUrl\":\"https:\\\/\\\/kulkidobubbletea.pl\\\/wp-content\\\/uploads\\\/2024\\\/04\\\/Original-on-Transparent.png\",\"width\":5000,\"height\":1109,\"caption\":\"Kulki Do Bubble Tea\"},\"image\":{\"@id\":\"https:\\\/\\\/kulkidobubbletea.pl\\\/#\\\/schema\\\/logo\\\/image\\\/\"}}]}<\/script>\n<!-- \/ Yoast SEO Premium plugin. -->","yoast_head_json":{"title":"Palline di t\u00e8 con bolle di sapone da 3,4 kg - Arancia originale di Taiwan - Palline di t\u00e8 con bolle di sapone","robots":{"index":"index","follow":"follow","max-snippet":"max-snippet:-1","max-image-preview":"max-image-preview:large","max-video-preview":"max-video-preview:-1"},"canonical":"https:\/\/kulkidobubbletea.pl\/it\/negozio\/palline-di-te-con-bolle\/popping-boba-taiwan-original-orange\/","og_locale":"it_IT","og_type":"article","og_title":"Kulki do Bubble Tea 3,4kg | Popping Boba Tajwan Oryginal Pomara\u0144cza","og_description":"Popping Boba tajwa\u0144skie kulki do bubble tea o smaku pomara\u0144cza, oryginalny smak.","og_url":"https:\/\/kulkidobubbletea.pl\/it\/negozio\/palline-di-te-con-bolle\/popping-boba-taiwan-original-orange\/","og_site_name":"Kulki Do Bubble Tea","article_modified_time":"2026-04-13T05:38:09+00:00","og_image":[{"width":2000,"height":2000,"url":"https:\/\/kulkidobubbletea.pl\/wp-content\/uploads\/2024\/07\/pomarancz-pop.png","type":"image\/png"}],"twitter_card":"summary_large_image","twitter_misc":{"Tempo di lettura stimato":"1 minuto"},"schema":{"@context":"https:\/\/schema.org","@graph":[{"@type":"WebPage","@id":"https:\/\/kulkidobubbletea.pl\/sklep\/kulki-do-bubble-tea\/popping-boba-tajwan-oryginal-pomarancza\/","url":"https:\/\/kulkidobubbletea.pl\/sklep\/kulki-do-bubble-tea\/popping-boba-tajwan-oryginal-pomarancza\/","name":"Palline di t\u00e8 con bolle di sapone da 3,4 kg - Arancia originale di Taiwan - Palline di t\u00e8 con bolle di sapone","isPartOf":{"@id":"https:\/\/kulkidobubbletea.pl\/#website"},"primaryImageOfPage":{"@id":"https:\/\/kulkidobubbletea.pl\/sklep\/kulki-do-bubble-tea\/popping-boba-tajwan-oryginal-pomarancza\/#primaryimage"},"image":{"@id":"https:\/\/kulkidobubbletea.pl\/sklep\/kulki-do-bubble-tea\/popping-boba-tajwan-oryginal-pomarancza\/#primaryimage"},"thumbnailUrl":"https:\/\/kulkidobubbletea.pl\/wp-content\/uploads\/2024\/07\/pomarancz-pop.png","datePublished":"2024-05-16T21:23:50+00:00","dateModified":"2026-04-13T05:38:09+00:00","breadcrumb":{"@id":"https:\/\/kulkidobubbletea.pl\/sklep\/kulki-do-bubble-tea\/popping-boba-tajwan-oryginal-pomarancza\/#breadcrumb"},"inLanguage":"it-IT","potentialAction":[{"@type":"ReadAction","target":["https:\/\/kulkidobubbletea.pl\/sklep\/kulki-do-bubble-tea\/popping-boba-tajwan-oryginal-pomarancza\/"]}]},{"@type":"ImageObject","inLanguage":"it-IT","@id":"https:\/\/kulkidobubbletea.pl\/sklep\/kulki-do-bubble-tea\/popping-boba-tajwan-oryginal-pomarancza\/#primaryimage","url":"https:\/\/kulkidobubbletea.pl\/wp-content\/uploads\/2024\/07\/pomarancz-pop.png","contentUrl":"https:\/\/kulkidobubbletea.pl\/wp-content\/uploads\/2024\/07\/pomarancz-pop.png","width":2000,"height":2000},{"@type":"BreadcrumbList","@id":"https:\/\/kulkidobubbletea.pl\/sklep\/kulki-do-bubble-tea\/popping-boba-tajwan-oryginal-pomarancza\/#breadcrumb","itemListElement":[{"@type":"ListItem","position":1,"name":"Strona g\u0142\u00f3wna","item":"https:\/\/kulkidobubbletea.pl\/"},{"@type":"ListItem","position":2,"name":"Sklep","item":"https:\/\/kulkidobubbletea.pl\/sklep\/"},{"@type":"ListItem","position":3,"name":"Kulki do Bubble Tea 3,4kg | Popping Boba Tajwan Oryginal Pomara\u0144cza"}]},{"@type":"WebSite","@id":"https:\/\/kulkidobubbletea.pl\/#website","url":"https:\/\/kulkidobubbletea.pl\/","name":"Palline di t\u00e8 alle bolle","description":"Negozio online di t\u00e8 alle bolle","publisher":{"@id":"https:\/\/kulkidobubbletea.pl\/#organization"},"potentialAction":[{"@type":"SearchAction","target":{"@type":"EntryPoint","urlTemplate":"https:\/\/kulkidobubbletea.pl\/?s={search_term_string}"},"query-input":{"@type":"PropertyValueSpecification","valueRequired":true,"valueName":"search_term_string"}}],"inLanguage":"it-IT"},{"@type":"Organization","@id":"https:\/\/kulkidobubbletea.pl\/#organization","name":"Palline di t\u00e8 alle bolle","url":"https:\/\/kulkidobubbletea.pl\/","logo":{"@type":"ImageObject","inLanguage":"it-IT","@id":"https:\/\/kulkidobubbletea.pl\/#\/schema\/logo\/image\/","url":"https:\/\/kulkidobubbletea.pl\/wp-content\/uploads\/2024\/04\/Original-on-Transparent.png","contentUrl":"https:\/\/kulkidobubbletea.pl\/wp-content\/uploads\/2024\/04\/Original-on-Transparent.png","width":5000,"height":1109,"caption":"Kulki Do Bubble Tea"},"image":{"@id":"https:\/\/kulkidobubbletea.pl\/#\/schema\/logo\/image\/"}}]}},"_links":{"self":[{"href":"https:\/\/kulkidobubbletea.pl\/it\/wp-json\/wp\/v2\/product\/11007","targetHints":{"allow":["GET"]}}],"collection":[{"href":"https:\/\/kulkidobubbletea.pl\/it\/wp-json\/wp\/v2\/product"}],"about":[{"href":"https:\/\/kulkidobubbletea.pl\/it\/wp-json\/wp\/v2\/types\/product"}],"replies":[{"embeddable":true,"href":"https:\/\/kulkidobubbletea.pl\/it\/wp-json\/wp\/v2\/comments?post=11007"}],"version-history":[{"count":7,"href":"https:\/\/kulkidobubbletea.pl\/it\/wp-json\/wp\/v2\/product\/11007\/revisions"}],"predecessor-version":[{"id":16960,"href":"https:\/\/kulkidobubbletea.pl\/it\/wp-json\/wp\/v2\/product\/11007\/revisions\/16960"}],"wp:featuredmedia":[{"embeddable":true,"href":"https:\/\/kulkidobubbletea.pl\/it\/wp-json\/wp\/v2\/media\/12354"}],"wp:attachment":[{"href":"https:\/\/kulkidobubbletea.pl\/it\/wp-json\/wp\/v2\/media?parent=11007"}],"wp:term":[{"taxonomy":"product_brand","embeddable":true,"href":"https:\/\/kulkidobubbletea.pl\/it\/wp-json\/wp\/v2\/product_brand?post=11007"},{"taxonomy":"product_cat","embeddable":true,"href":"https:\/\/kulkidobubbletea.pl\/it\/wp-json\/wp\/v2\/product_cat?post=11007"},{"taxonomy":"product_tag","embeddable":true,"href":"https:\/\/kulkidobubbletea.pl\/it\/wp-json\/wp\/v2\/product_tag?post=11007"}],"curies":[{"name":"wp","href":"https:\/\/api.w.org\/{rel}","templated":true}]}}