{"id":16294,"date":"2024-03-09T17:45:52","date_gmt":"2024-03-09T17:45:52","guid":{"rendered":"https:\/\/kulkidobubbletea.pl\/?post_type=product&#038;p=16294"},"modified":"2026-04-11T11:44:24","modified_gmt":"2026-04-11T11:44:24","slug":"buborek-tea-golyok-34kg-popping-boba-taiwan-eredeti-banan","status":"publish","type":"product","link":"https:\/\/kulkidobubbletea.pl\/hu\/shop\/buborek-tea-golyok\/buborek-tea-golyok-34kg-popping-boba-taiwan-eredeti-banan\/","title":{"rendered":"Bubble Tea goly\u00f3k 3.4kg | Popping Boba Taiwan Original Banana"},"content":{"rendered":"<p>Bubor\u00e9kte\u00e1t pattogtat\u00f3 boba goly\u00f3k ban\u00e1n \u00edzes\u00edt\u00e9ssel.<\/p>\n<p>A k\u00edn\u00e1lt term\u00e9k a legmagasabb tajvani min\u0151s\u00e9get k\u00e9pviseli. Form\u00e1s, nagy goly\u00f3k (nem k\u00f6nnycseppek, mint az alacsony k\u00f6lts\u00e9gvet\u00e9s\u0171 gy\u00e1rt\u00e1sban), pattog\u00f3 boba, ragyog\u00f3 \u00edzzel.<\/p>\n<p>Goly\u00f3bis bor\u00edt\u00e9k v\u00e9kony, csak a megfelel\u0151 pillanatban, csak a sz\u00e1jban pukkad, nincs gusztustalan zs\u00e1km\u00e1nyhat\u00e1s. Pr\u00e9mium min\u0151s\u00e9g.<\/p>\n<p><strong>Fedezze fel a nagyszer\u0171 \u00edz \u00e9s a hossz\u00fa \u00e9lettartam titk\u00e1t!<\/strong><\/p>\n<p>Olyan goly\u00f3kat keresel, amelyek \u00edz\u00fckkel gy\u00f6ny\u00f6rk\u00f6dtetnek, \u00e9s m\u00e9g a forr\u00f3 napokon sem okoznak csal\u00f3d\u00e1st? Akkor a legjobb helyen j\u00e1rsz! Labd\u00e1ink egyenesen Tajvanr\u00f3l \u00e9rkeznek - a vil\u00e1g egyik legnagyobb \u00e9s legelismertebb gy\u00e1rt\u00f3j\u00e1t\u00f3l. Ez garancia a legmagasabb min\u0151s\u00e9gre \u00e9s a bev\u00e1lt recept\u00far\u00e1ra, amelyben megb\u00edzhat.<\/p>\n<p>Ne v\u00e1rjon! Gy\u0151z\u0151dj\u00f6n meg r\u00f3la, hogy mi\u00e9rt a mi tajvani goly\u00f3ink az els\u0151 sz\u00e1m\u00fa v\u00e1laszt\u00e1s.<\/p>\n<p>Csomagol\u00e1s 3,4 kg.<\/p>\n<p>&nbsp;<\/p>\n<p>A term\u00e9k nagyon hat\u00e9kony, a folyad\u00e9kok lecsapol\u00e1sa ut\u00e1n ak\u00e1r 2,3 kg goly\u00f3 is marad, ami jelent\u0151sen t\u00f6bb, mint az eur\u00f3pai termel\u00e9s.<\/p>\n<p>Hibakock\u00e1zat +\/- 5%.<\/p>\n<p>Made in Taiwan<\/p>\n<p>&nbsp;<\/p>\n<p>Hossz\u00fa lej\u00e1rati id\u0151, a legt\u00f6bb term\u00e9k legal\u00e1bb 2027-es lej\u00e1rati id\u0151vel.<\/p>","protected":false},"excerpt":{"rendered":"<p style=\"margin-top: 0cm; background: white; vertical-align: baseline;\"><span style=\"font-size: 11.5pt; font-family: Montserrat; color: #777777;\">Popping Boba tajvani ban\u00e1n\u00edz\u0171 bubor\u00e9ktea-goly\u00f3k, az eredeti \u00edzes\u00edt\u00e9s.<\/span><\/p>","protected":false},"featured_media":12353,"comment_status":"open","ping_status":"closed","template":"","meta":[],"product_brand":[],"product_cat":[315],"product_tag":[],"class_list":{"0":"post-16294","1":"product","2":"type-product","3":"status-publish","4":"has-post-thumbnail","6":"product_cat-kulki-do-bubble-tea","8":"first","9":"instock","10":"sale","11":"taxable","12":"shipping-taxable","13":"purchasable","14":"product-type-simple"},"yoast_head":"<!-- This site is optimized with the Yoast SEO Premium plugin v23.7 (Yoast SEO v27.3) - https:\/\/yoast.com\/product\/yoast-seo-premium-wordpress\/ -->\n<title>Kulki do Bubble Tea 3,4kg | Popping Boba Tajwan Oryginal Banan - Kulki Do Bubble Tea<\/title>\n<meta name=\"robots\" content=\"index, follow, max-snippet:-1, max-image-preview:large, max-video-preview:-1\" \/>\n<link rel=\"canonical\" href=\"https:\/\/kulkidobubbletea.pl\/hu\/shop\/buborek-tea-golyok\/buborek-tea-golyok-34kg-popping-boba-taiwan-eredeti-banan\/\" \/>\n<meta property=\"og:locale\" content=\"hu_HU\" \/>\n<meta property=\"og:type\" content=\"article\" \/>\n<meta property=\"og:title\" content=\"Kulki do Bubble Tea 3,4kg | Popping Boba Tajwan Oryginal Banan\" \/>\n<meta property=\"og:description\" content=\"Popping Boba tajwa\u0144skie kulki do bubble tea o smaku bananowym, oryginalny smak.\" \/>\n<meta property=\"og:url\" content=\"https:\/\/kulkidobubbletea.pl\/hu\/shop\/buborek-tea-golyok\/buborek-tea-golyok-34kg-popping-boba-taiwan-eredeti-banan\/\" \/>\n<meta property=\"og:site_name\" content=\"Kulki Do Bubble Tea\" \/>\n<meta property=\"article:modified_time\" content=\"2026-04-11T11:44:24+00:00\" \/>\n<meta property=\"og:image\" content=\"https:\/\/kulkidobubbletea.pl\/wp-content\/uploads\/2024\/07\/melon-zolty.png\" \/>\n\t<meta property=\"og:image:width\" content=\"2000\" \/>\n\t<meta property=\"og:image:height\" content=\"2000\" \/>\n\t<meta property=\"og:image:type\" content=\"image\/png\" \/>\n<meta name=\"twitter:card\" content=\"summary_large_image\" \/>\n<meta name=\"twitter:label1\" content=\"Becs\u00fclt olvas\u00e1si id\u0151\" \/>\n\t<meta name=\"twitter:data1\" content=\"2 perc\" \/>\n<script type=\"application\/ld+json\" class=\"yoast-schema-graph\">{\"@context\":\"https:\\\/\\\/schema.org\",\"@graph\":[{\"@type\":\"WebPage\",\"@id\":\"https:\\\/\\\/kulkidobubbletea.pl\\\/sklep\\\/kulki-do-bubble-tea\\\/kulki-do-bubble-tea-34kg-popping-boba-tajwan-oryginal-banan\\\/\",\"url\":\"https:\\\/\\\/kulkidobubbletea.pl\\\/sklep\\\/kulki-do-bubble-tea\\\/kulki-do-bubble-tea-34kg-popping-boba-tajwan-oryginal-banan\\\/\",\"name\":\"Kulki do Bubble Tea 3,4kg | Popping Boba Tajwan Oryginal Banan - Kulki Do Bubble Tea\",\"isPartOf\":{\"@id\":\"https:\\\/\\\/kulkidobubbletea.pl\\\/#website\"},\"primaryImageOfPage\":{\"@id\":\"https:\\\/\\\/kulkidobubbletea.pl\\\/sklep\\\/kulki-do-bubble-tea\\\/kulki-do-bubble-tea-34kg-popping-boba-tajwan-oryginal-banan\\\/#primaryimage\"},\"image\":{\"@id\":\"https:\\\/\\\/kulkidobubbletea.pl\\\/sklep\\\/kulki-do-bubble-tea\\\/kulki-do-bubble-tea-34kg-popping-boba-tajwan-oryginal-banan\\\/#primaryimage\"},\"thumbnailUrl\":\"https:\\\/\\\/kulkidobubbletea.pl\\\/wp-content\\\/uploads\\\/2024\\\/07\\\/melon-zolty.png\",\"datePublished\":\"2024-03-09T17:45:52+00:00\",\"dateModified\":\"2026-04-11T11:44:24+00:00\",\"breadcrumb\":{\"@id\":\"https:\\\/\\\/kulkidobubbletea.pl\\\/sklep\\\/kulki-do-bubble-tea\\\/kulki-do-bubble-tea-34kg-popping-boba-tajwan-oryginal-banan\\\/#breadcrumb\"},\"inLanguage\":\"hu\",\"potentialAction\":[{\"@type\":\"ReadAction\",\"target\":[\"https:\\\/\\\/kulkidobubbletea.pl\\\/sklep\\\/kulki-do-bubble-tea\\\/kulki-do-bubble-tea-34kg-popping-boba-tajwan-oryginal-banan\\\/\"]}]},{\"@type\":\"ImageObject\",\"inLanguage\":\"hu\",\"@id\":\"https:\\\/\\\/kulkidobubbletea.pl\\\/sklep\\\/kulki-do-bubble-tea\\\/kulki-do-bubble-tea-34kg-popping-boba-tajwan-oryginal-banan\\\/#primaryimage\",\"url\":\"https:\\\/\\\/kulkidobubbletea.pl\\\/wp-content\\\/uploads\\\/2024\\\/07\\\/melon-zolty.png\",\"contentUrl\":\"https:\\\/\\\/kulkidobubbletea.pl\\\/wp-content\\\/uploads\\\/2024\\\/07\\\/melon-zolty.png\",\"width\":2000,\"height\":2000},{\"@type\":\"BreadcrumbList\",\"@id\":\"https:\\\/\\\/kulkidobubbletea.pl\\\/sklep\\\/kulki-do-bubble-tea\\\/kulki-do-bubble-tea-34kg-popping-boba-tajwan-oryginal-banan\\\/#breadcrumb\",\"itemListElement\":[{\"@type\":\"ListItem\",\"position\":1,\"name\":\"Strona g\u0142\u00f3wna\",\"item\":\"https:\\\/\\\/kulkidobubbletea.pl\\\/\"},{\"@type\":\"ListItem\",\"position\":2,\"name\":\"Sklep\",\"item\":\"https:\\\/\\\/kulkidobubbletea.pl\\\/sklep\\\/\"},{\"@type\":\"ListItem\",\"position\":3,\"name\":\"Kulki do Bubble Tea 3,4kg | Popping Boba Tajwan Oryginal Banan\"}]},{\"@type\":\"WebSite\",\"@id\":\"https:\\\/\\\/kulkidobubbletea.pl\\\/#website\",\"url\":\"https:\\\/\\\/kulkidobubbletea.pl\\\/\",\"name\":\"Kulki Do Bubble Tea\",\"description\":\"Sklep online z artyku\u0142ami do bubble tea\",\"publisher\":{\"@id\":\"https:\\\/\\\/kulkidobubbletea.pl\\\/#organization\"},\"potentialAction\":[{\"@type\":\"SearchAction\",\"target\":{\"@type\":\"EntryPoint\",\"urlTemplate\":\"https:\\\/\\\/kulkidobubbletea.pl\\\/?s={search_term_string}\"},\"query-input\":{\"@type\":\"PropertyValueSpecification\",\"valueRequired\":true,\"valueName\":\"search_term_string\"}}],\"inLanguage\":\"hu\"},{\"@type\":\"Organization\",\"@id\":\"https:\\\/\\\/kulkidobubbletea.pl\\\/#organization\",\"name\":\"Kulki Do Bubble Tea\",\"url\":\"https:\\\/\\\/kulkidobubbletea.pl\\\/\",\"logo\":{\"@type\":\"ImageObject\",\"inLanguage\":\"hu\",\"@id\":\"https:\\\/\\\/kulkidobubbletea.pl\\\/#\\\/schema\\\/logo\\\/image\\\/\",\"url\":\"https:\\\/\\\/kulkidobubbletea.pl\\\/wp-content\\\/uploads\\\/2024\\\/04\\\/Original-on-Transparent.png\",\"contentUrl\":\"https:\\\/\\\/kulkidobubbletea.pl\\\/wp-content\\\/uploads\\\/2024\\\/04\\\/Original-on-Transparent.png\",\"width\":5000,\"height\":1109,\"caption\":\"Kulki Do Bubble Tea\"},\"image\":{\"@id\":\"https:\\\/\\\/kulkidobubbletea.pl\\\/#\\\/schema\\\/logo\\\/image\\\/\"}}]}<\/script>\n<!-- \/ Yoast SEO Premium plugin. -->","yoast_head_json":{"title":"Bubble Tea Balls 3.4kg | Popping Boba Taiwan Original Banana - Bubble Tea Balls","robots":{"index":"index","follow":"follow","max-snippet":"max-snippet:-1","max-image-preview":"max-image-preview:large","max-video-preview":"max-video-preview:-1"},"canonical":"https:\/\/kulkidobubbletea.pl\/hu\/shop\/buborek-tea-golyok\/buborek-tea-golyok-34kg-popping-boba-taiwan-eredeti-banan\/","og_locale":"hu_HU","og_type":"article","og_title":"Kulki do Bubble Tea 3,4kg | Popping Boba Tajwan Oryginal Banan","og_description":"Popping Boba tajwa\u0144skie kulki do bubble tea o smaku bananowym, oryginalny smak.","og_url":"https:\/\/kulkidobubbletea.pl\/hu\/shop\/buborek-tea-golyok\/buborek-tea-golyok-34kg-popping-boba-taiwan-eredeti-banan\/","og_site_name":"Kulki Do Bubble Tea","article_modified_time":"2026-04-11T11:44:24+00:00","og_image":[{"width":2000,"height":2000,"url":"https:\/\/kulkidobubbletea.pl\/wp-content\/uploads\/2024\/07\/melon-zolty.png","type":"image\/png"}],"twitter_card":"summary_large_image","twitter_misc":{"Becs\u00fclt olvas\u00e1si id\u0151":"2 perc"},"schema":{"@context":"https:\/\/schema.org","@graph":[{"@type":"WebPage","@id":"https:\/\/kulkidobubbletea.pl\/sklep\/kulki-do-bubble-tea\/kulki-do-bubble-tea-34kg-popping-boba-tajwan-oryginal-banan\/","url":"https:\/\/kulkidobubbletea.pl\/sklep\/kulki-do-bubble-tea\/kulki-do-bubble-tea-34kg-popping-boba-tajwan-oryginal-banan\/","name":"Bubble Tea Balls 3.4kg | Popping Boba Taiwan Original Banana - Bubble Tea Balls","isPartOf":{"@id":"https:\/\/kulkidobubbletea.pl\/#website"},"primaryImageOfPage":{"@id":"https:\/\/kulkidobubbletea.pl\/sklep\/kulki-do-bubble-tea\/kulki-do-bubble-tea-34kg-popping-boba-tajwan-oryginal-banan\/#primaryimage"},"image":{"@id":"https:\/\/kulkidobubbletea.pl\/sklep\/kulki-do-bubble-tea\/kulki-do-bubble-tea-34kg-popping-boba-tajwan-oryginal-banan\/#primaryimage"},"thumbnailUrl":"https:\/\/kulkidobubbletea.pl\/wp-content\/uploads\/2024\/07\/melon-zolty.png","datePublished":"2024-03-09T17:45:52+00:00","dateModified":"2026-04-11T11:44:24+00:00","breadcrumb":{"@id":"https:\/\/kulkidobubbletea.pl\/sklep\/kulki-do-bubble-tea\/kulki-do-bubble-tea-34kg-popping-boba-tajwan-oryginal-banan\/#breadcrumb"},"inLanguage":"hu","potentialAction":[{"@type":"ReadAction","target":["https:\/\/kulkidobubbletea.pl\/sklep\/kulki-do-bubble-tea\/kulki-do-bubble-tea-34kg-popping-boba-tajwan-oryginal-banan\/"]}]},{"@type":"ImageObject","inLanguage":"hu","@id":"https:\/\/kulkidobubbletea.pl\/sklep\/kulki-do-bubble-tea\/kulki-do-bubble-tea-34kg-popping-boba-tajwan-oryginal-banan\/#primaryimage","url":"https:\/\/kulkidobubbletea.pl\/wp-content\/uploads\/2024\/07\/melon-zolty.png","contentUrl":"https:\/\/kulkidobubbletea.pl\/wp-content\/uploads\/2024\/07\/melon-zolty.png","width":2000,"height":2000},{"@type":"BreadcrumbList","@id":"https:\/\/kulkidobubbletea.pl\/sklep\/kulki-do-bubble-tea\/kulki-do-bubble-tea-34kg-popping-boba-tajwan-oryginal-banan\/#breadcrumb","itemListElement":[{"@type":"ListItem","position":1,"name":"Strona g\u0142\u00f3wna","item":"https:\/\/kulkidobubbletea.pl\/"},{"@type":"ListItem","position":2,"name":"Sklep","item":"https:\/\/kulkidobubbletea.pl\/sklep\/"},{"@type":"ListItem","position":3,"name":"Kulki do Bubble Tea 3,4kg | Popping Boba Tajwan Oryginal Banan"}]},{"@type":"WebSite","@id":"https:\/\/kulkidobubbletea.pl\/#website","url":"https:\/\/kulkidobubbletea.pl\/","name":"Bubor\u00e9k tea goly\u00f3k","description":"Online bubor\u00e9k tea \u00fczlet","publisher":{"@id":"https:\/\/kulkidobubbletea.pl\/#organization"},"potentialAction":[{"@type":"SearchAction","target":{"@type":"EntryPoint","urlTemplate":"https:\/\/kulkidobubbletea.pl\/?s={search_term_string}"},"query-input":{"@type":"PropertyValueSpecification","valueRequired":true,"valueName":"search_term_string"}}],"inLanguage":"hu"},{"@type":"Organization","@id":"https:\/\/kulkidobubbletea.pl\/#organization","name":"Bubor\u00e9k tea goly\u00f3k","url":"https:\/\/kulkidobubbletea.pl\/","logo":{"@type":"ImageObject","inLanguage":"hu","@id":"https:\/\/kulkidobubbletea.pl\/#\/schema\/logo\/image\/","url":"https:\/\/kulkidobubbletea.pl\/wp-content\/uploads\/2024\/04\/Original-on-Transparent.png","contentUrl":"https:\/\/kulkidobubbletea.pl\/wp-content\/uploads\/2024\/04\/Original-on-Transparent.png","width":5000,"height":1109,"caption":"Kulki Do Bubble Tea"},"image":{"@id":"https:\/\/kulkidobubbletea.pl\/#\/schema\/logo\/image\/"}}]}},"_links":{"self":[{"href":"https:\/\/kulkidobubbletea.pl\/hu\/wp-json\/wp\/v2\/product\/16294","targetHints":{"allow":["GET"]}}],"collection":[{"href":"https:\/\/kulkidobubbletea.pl\/hu\/wp-json\/wp\/v2\/product"}],"about":[{"href":"https:\/\/kulkidobubbletea.pl\/hu\/wp-json\/wp\/v2\/types\/product"}],"replies":[{"embeddable":true,"href":"https:\/\/kulkidobubbletea.pl\/hu\/wp-json\/wp\/v2\/comments?post=16294"}],"version-history":[{"count":3,"href":"https:\/\/kulkidobubbletea.pl\/hu\/wp-json\/wp\/v2\/product\/16294\/revisions"}],"predecessor-version":[{"id":16962,"href":"https:\/\/kulkidobubbletea.pl\/hu\/wp-json\/wp\/v2\/product\/16294\/revisions\/16962"}],"wp:featuredmedia":[{"embeddable":true,"href":"https:\/\/kulkidobubbletea.pl\/hu\/wp-json\/wp\/v2\/media\/12353"}],"wp:attachment":[{"href":"https:\/\/kulkidobubbletea.pl\/hu\/wp-json\/wp\/v2\/media?parent=16294"}],"wp:term":[{"taxonomy":"product_brand","embeddable":true,"href":"https:\/\/kulkidobubbletea.pl\/hu\/wp-json\/wp\/v2\/product_brand?post=16294"},{"taxonomy":"product_cat","embeddable":true,"href":"https:\/\/kulkidobubbletea.pl\/hu\/wp-json\/wp\/v2\/product_cat?post=16294"},{"taxonomy":"product_tag","embeddable":true,"href":"https:\/\/kulkidobubbletea.pl\/hu\/wp-json\/wp\/v2\/product_tag?post=16294"}],"curies":[{"name":"wp","href":"https:\/\/api.w.org\/{rel}","templated":true}]}}