{"id":16079,"date":"2025-05-28T11:27:16","date_gmt":"2025-05-28T11:27:16","guid":{"rendered":"https:\/\/kulkidobubbletea.pl\/?post_type=product&#038;p=16079"},"modified":"2026-04-11T11:44:24","modified_gmt":"2026-04-11T11:44:24","slug":"buborektea-szirup-sarkanygyumolcs-tajvani-2-5-kg","status":"publish","type":"product","link":"https:\/\/kulkidobubbletea.pl\/hu\/shop\/buborek-tea-szirupok\/buborektea-szirup-sarkanygyumolcs-tajvani-2-5-kg\/","title":{"rendered":"Bubble Tea szirup | DRAGONFRUIT | Tajvan | 2,5 kg"},"content":{"rendered":"<p>EREDETI TAJVANI SZIRUP, S\u00c1RK\u00c1NYGY\u00dcM\u00d6LCS \u00cdZES\u00cdT\u00c9SSEL<\/p>\n<p>&nbsp;<\/p>\n<p>Pr\u00e9mium min\u0151s\u00e9g, ragyog\u00f3 eredeti \u00edz.<\/p>\n<p>&nbsp;<\/p>\n<p>Nem \u00f6sszet\u00e9vesztend\u0151 az eur\u00f3pai gy\u00e1rt\u00e1ssal. Ez egy eredeti, Tajvanr\u00f3l - a Bubble Tea b\u00f6lcs\u0151j\u00e9b\u0151l - import\u00e1lt term\u00e9k, amely garant\u00e1lja a legmagasabb min\u0151s\u00e9get \u00e9s a kapott term\u00e9k \u00edz\u00e9t.<\/p>\n<p>&nbsp;<\/p>\n<p>A szirupok hat\u00e9konyak, 500 ml k\u00e9sz italra 40-50 ml szirup jut.<\/p>\n<p>&nbsp;<\/p>\n<p>Hossz\u00fa lej\u00e1rati id\u0151, a szirupok t\u00falnyom\u00f3 t\u00f6bbs\u00e9ge legal\u00e1bb 2027-es lej\u00e1rati id\u0151vel.<\/p>\n<p>&nbsp;<\/p>\n<p>Ha egy adott \u00edzb\u0151l egy eg\u00e9sz csomagot rendel (6 db-os kartondoboznyi szirup), akkor egy pump\u00e1t ingyenesen mell\u00e9kel\u00fcnk.<\/p>\n<p>&nbsp;<\/p>\n<p>A term\u00e9k \u00e9s az \u00fcveg alakja megegyezik a fot\u00f3val.<\/p>","protected":false},"excerpt":{"rendered":"<p>ORYGINALNY TAJWA\u0143SKI SYROP, SMAK DRAGONFRUIT &nbsp; Jako\u015b\u0107 premium, genialny, oryginalny smak. &nbsp; Nie myli\u0107 z produkcj\u0105 europejsk\u0105. Jest to oryginalny<\/p>","protected":false},"featured_media":16081,"comment_status":"open","ping_status":"closed","template":"","meta":[],"product_brand":[],"product_cat":[312],"product_tag":[329],"class_list":{"0":"post-16079","1":"product","2":"type-product","3":"status-publish","4":"has-post-thumbnail","6":"product_cat-syropy-do-bubble-tea","7":"product_tag-bestsellery","9":"first","10":"instock","11":"taxable","12":"shipping-taxable","13":"purchasable","14":"product-type-simple"},"yoast_head":"<!-- This site is optimized with the Yoast SEO Premium plugin v23.7 (Yoast SEO v27.3) - https:\/\/yoast.com\/product\/yoast-seo-premium-wordpress\/ -->\n<title>Syrop Do Bubble Tea | DRAGONFRUIT | Tajwan | 2.5 kg - Kulki Do Bubble Tea<\/title>\n<meta name=\"robots\" content=\"index, follow, max-snippet:-1, max-image-preview:large, max-video-preview:-1\" \/>\n<link rel=\"canonical\" href=\"https:\/\/kulkidobubbletea.pl\/hu\/shop\/buborek-tea-szirupok\/buborektea-szirup-sarkanygyumolcs-tajvani-2-5-kg\/\" \/>\n<meta property=\"og:locale\" content=\"hu_HU\" \/>\n<meta property=\"og:type\" content=\"article\" \/>\n<meta property=\"og:title\" content=\"Syrop Do Bubble Tea | DRAGONFRUIT | Tajwan | 2.5 kg\" \/>\n<meta property=\"og:description\" content=\"ORYGINALNY TAJWA\u0143SKI SYROP, SMAK DRAGONFRUIT &nbsp; Jako\u015b\u0107 premium, genialny, oryginalny smak. &nbsp; Nie myli\u0107 z produkcj\u0105 europejsk\u0105. Jest to oryginalny\" \/>\n<meta property=\"og:url\" content=\"https:\/\/kulkidobubbletea.pl\/hu\/shop\/buborek-tea-szirupok\/buborektea-szirup-sarkanygyumolcs-tajvani-2-5-kg\/\" \/>\n<meta property=\"og:site_name\" content=\"Kulki Do Bubble Tea\" \/>\n<meta property=\"article:modified_time\" content=\"2026-04-11T11:44:24+00:00\" \/>\n<meta property=\"og:image\" content=\"https:\/\/kulkidobubbletea.pl\/wp-content\/uploads\/2025\/05\/syrop-smoczy-owoc-front.jpg\" \/>\n\t<meta property=\"og:image:width\" content=\"2000\" \/>\n\t<meta property=\"og:image:height\" content=\"2000\" \/>\n\t<meta property=\"og:image:type\" content=\"image\/jpeg\" \/>\n<meta name=\"twitter:card\" content=\"summary_large_image\" \/>\n<meta name=\"twitter:label1\" content=\"Becs\u00fclt olvas\u00e1si id\u0151\" \/>\n\t<meta name=\"twitter:data1\" content=\"1 perc\" \/>\n<script type=\"application\/ld+json\" class=\"yoast-schema-graph\">{\"@context\":\"https:\\\/\\\/schema.org\",\"@graph\":[{\"@type\":\"WebPage\",\"@id\":\"https:\\\/\\\/kulkidobubbletea.pl\\\/sklep\\\/syropy-do-bubble-tea\\\/syrop-do-bubble-tea-dragonfruit-tajwan-2-5-kg\\\/\",\"url\":\"https:\\\/\\\/kulkidobubbletea.pl\\\/sklep\\\/syropy-do-bubble-tea\\\/syrop-do-bubble-tea-dragonfruit-tajwan-2-5-kg\\\/\",\"name\":\"Syrop Do Bubble Tea | DRAGONFRUIT | Tajwan | 2.5 kg - Kulki Do Bubble Tea\",\"isPartOf\":{\"@id\":\"https:\\\/\\\/kulkidobubbletea.pl\\\/#website\"},\"primaryImageOfPage\":{\"@id\":\"https:\\\/\\\/kulkidobubbletea.pl\\\/sklep\\\/syropy-do-bubble-tea\\\/syrop-do-bubble-tea-dragonfruit-tajwan-2-5-kg\\\/#primaryimage\"},\"image\":{\"@id\":\"https:\\\/\\\/kulkidobubbletea.pl\\\/sklep\\\/syropy-do-bubble-tea\\\/syrop-do-bubble-tea-dragonfruit-tajwan-2-5-kg\\\/#primaryimage\"},\"thumbnailUrl\":\"https:\\\/\\\/kulkidobubbletea.pl\\\/wp-content\\\/uploads\\\/2025\\\/05\\\/syrop-smoczy-owoc-front.jpg\",\"datePublished\":\"2025-05-28T11:27:16+00:00\",\"dateModified\":\"2026-04-11T11:44:24+00:00\",\"breadcrumb\":{\"@id\":\"https:\\\/\\\/kulkidobubbletea.pl\\\/sklep\\\/syropy-do-bubble-tea\\\/syrop-do-bubble-tea-dragonfruit-tajwan-2-5-kg\\\/#breadcrumb\"},\"inLanguage\":\"hu\",\"potentialAction\":[{\"@type\":\"ReadAction\",\"target\":[\"https:\\\/\\\/kulkidobubbletea.pl\\\/sklep\\\/syropy-do-bubble-tea\\\/syrop-do-bubble-tea-dragonfruit-tajwan-2-5-kg\\\/\"]}]},{\"@type\":\"ImageObject\",\"inLanguage\":\"hu\",\"@id\":\"https:\\\/\\\/kulkidobubbletea.pl\\\/sklep\\\/syropy-do-bubble-tea\\\/syrop-do-bubble-tea-dragonfruit-tajwan-2-5-kg\\\/#primaryimage\",\"url\":\"https:\\\/\\\/kulkidobubbletea.pl\\\/wp-content\\\/uploads\\\/2025\\\/05\\\/syrop-smoczy-owoc-front.jpg\",\"contentUrl\":\"https:\\\/\\\/kulkidobubbletea.pl\\\/wp-content\\\/uploads\\\/2025\\\/05\\\/syrop-smoczy-owoc-front.jpg\",\"width\":2000,\"height\":2000},{\"@type\":\"BreadcrumbList\",\"@id\":\"https:\\\/\\\/kulkidobubbletea.pl\\\/sklep\\\/syropy-do-bubble-tea\\\/syrop-do-bubble-tea-dragonfruit-tajwan-2-5-kg\\\/#breadcrumb\",\"itemListElement\":[{\"@type\":\"ListItem\",\"position\":1,\"name\":\"Strona g\u0142\u00f3wna\",\"item\":\"https:\\\/\\\/kulkidobubbletea.pl\\\/\"},{\"@type\":\"ListItem\",\"position\":2,\"name\":\"Sklep\",\"item\":\"https:\\\/\\\/kulkidobubbletea.pl\\\/sklep\\\/\"},{\"@type\":\"ListItem\",\"position\":3,\"name\":\"Syrop Do Bubble Tea | DRAGONFRUIT | Tajwan | 2.5 kg\"}]},{\"@type\":\"WebSite\",\"@id\":\"https:\\\/\\\/kulkidobubbletea.pl\\\/#website\",\"url\":\"https:\\\/\\\/kulkidobubbletea.pl\\\/\",\"name\":\"Kulki Do Bubble Tea\",\"description\":\"Sklep online z artyku\u0142ami do bubble tea\",\"publisher\":{\"@id\":\"https:\\\/\\\/kulkidobubbletea.pl\\\/#organization\"},\"potentialAction\":[{\"@type\":\"SearchAction\",\"target\":{\"@type\":\"EntryPoint\",\"urlTemplate\":\"https:\\\/\\\/kulkidobubbletea.pl\\\/?s={search_term_string}\"},\"query-input\":{\"@type\":\"PropertyValueSpecification\",\"valueRequired\":true,\"valueName\":\"search_term_string\"}}],\"inLanguage\":\"hu\"},{\"@type\":\"Organization\",\"@id\":\"https:\\\/\\\/kulkidobubbletea.pl\\\/#organization\",\"name\":\"Kulki Do Bubble Tea\",\"url\":\"https:\\\/\\\/kulkidobubbletea.pl\\\/\",\"logo\":{\"@type\":\"ImageObject\",\"inLanguage\":\"hu\",\"@id\":\"https:\\\/\\\/kulkidobubbletea.pl\\\/#\\\/schema\\\/logo\\\/image\\\/\",\"url\":\"https:\\\/\\\/kulkidobubbletea.pl\\\/wp-content\\\/uploads\\\/2024\\\/04\\\/Original-on-Transparent.png\",\"contentUrl\":\"https:\\\/\\\/kulkidobubbletea.pl\\\/wp-content\\\/uploads\\\/2024\\\/04\\\/Original-on-Transparent.png\",\"width\":5000,\"height\":1109,\"caption\":\"Kulki Do Bubble Tea\"},\"image\":{\"@id\":\"https:\\\/\\\/kulkidobubbletea.pl\\\/#\\\/schema\\\/logo\\\/image\\\/\"}}]}<\/script>\n<!-- \/ Yoast SEO Premium plugin. -->","yoast_head_json":{"title":"Bubor\u00e9ktea szirup | DRAGONFRUIT | Tajvan | 2,5 kg - Bubor\u00e9ktea goly\u00f3csk\u00e1k","robots":{"index":"index","follow":"follow","max-snippet":"max-snippet:-1","max-image-preview":"max-image-preview:large","max-video-preview":"max-video-preview:-1"},"canonical":"https:\/\/kulkidobubbletea.pl\/hu\/shop\/buborek-tea-szirupok\/buborektea-szirup-sarkanygyumolcs-tajvani-2-5-kg\/","og_locale":"hu_HU","og_type":"article","og_title":"Syrop Do Bubble Tea | DRAGONFRUIT | Tajwan | 2.5 kg","og_description":"ORYGINALNY TAJWA\u0143SKI SYROP, SMAK DRAGONFRUIT &nbsp; Jako\u015b\u0107 premium, genialny, oryginalny smak. &nbsp; Nie myli\u0107 z produkcj\u0105 europejsk\u0105. Jest to oryginalny","og_url":"https:\/\/kulkidobubbletea.pl\/hu\/shop\/buborek-tea-szirupok\/buborektea-szirup-sarkanygyumolcs-tajvani-2-5-kg\/","og_site_name":"Kulki Do Bubble Tea","article_modified_time":"2026-04-11T11:44:24+00:00","og_image":[{"width":2000,"height":2000,"url":"https:\/\/kulkidobubbletea.pl\/wp-content\/uploads\/2025\/05\/syrop-smoczy-owoc-front.jpg","type":"image\/jpeg"}],"twitter_card":"summary_large_image","twitter_misc":{"Becs\u00fclt olvas\u00e1si id\u0151":"1 perc"},"schema":{"@context":"https:\/\/schema.org","@graph":[{"@type":"WebPage","@id":"https:\/\/kulkidobubbletea.pl\/sklep\/syropy-do-bubble-tea\/syrop-do-bubble-tea-dragonfruit-tajwan-2-5-kg\/","url":"https:\/\/kulkidobubbletea.pl\/sklep\/syropy-do-bubble-tea\/syrop-do-bubble-tea-dragonfruit-tajwan-2-5-kg\/","name":"Bubor\u00e9ktea szirup | DRAGONFRUIT | Tajvan | 2,5 kg - Bubor\u00e9ktea goly\u00f3csk\u00e1k","isPartOf":{"@id":"https:\/\/kulkidobubbletea.pl\/#website"},"primaryImageOfPage":{"@id":"https:\/\/kulkidobubbletea.pl\/sklep\/syropy-do-bubble-tea\/syrop-do-bubble-tea-dragonfruit-tajwan-2-5-kg\/#primaryimage"},"image":{"@id":"https:\/\/kulkidobubbletea.pl\/sklep\/syropy-do-bubble-tea\/syrop-do-bubble-tea-dragonfruit-tajwan-2-5-kg\/#primaryimage"},"thumbnailUrl":"https:\/\/kulkidobubbletea.pl\/wp-content\/uploads\/2025\/05\/syrop-smoczy-owoc-front.jpg","datePublished":"2025-05-28T11:27:16+00:00","dateModified":"2026-04-11T11:44:24+00:00","breadcrumb":{"@id":"https:\/\/kulkidobubbletea.pl\/sklep\/syropy-do-bubble-tea\/syrop-do-bubble-tea-dragonfruit-tajwan-2-5-kg\/#breadcrumb"},"inLanguage":"hu","potentialAction":[{"@type":"ReadAction","target":["https:\/\/kulkidobubbletea.pl\/sklep\/syropy-do-bubble-tea\/syrop-do-bubble-tea-dragonfruit-tajwan-2-5-kg\/"]}]},{"@type":"ImageObject","inLanguage":"hu","@id":"https:\/\/kulkidobubbletea.pl\/sklep\/syropy-do-bubble-tea\/syrop-do-bubble-tea-dragonfruit-tajwan-2-5-kg\/#primaryimage","url":"https:\/\/kulkidobubbletea.pl\/wp-content\/uploads\/2025\/05\/syrop-smoczy-owoc-front.jpg","contentUrl":"https:\/\/kulkidobubbletea.pl\/wp-content\/uploads\/2025\/05\/syrop-smoczy-owoc-front.jpg","width":2000,"height":2000},{"@type":"BreadcrumbList","@id":"https:\/\/kulkidobubbletea.pl\/sklep\/syropy-do-bubble-tea\/syrop-do-bubble-tea-dragonfruit-tajwan-2-5-kg\/#breadcrumb","itemListElement":[{"@type":"ListItem","position":1,"name":"Strona g\u0142\u00f3wna","item":"https:\/\/kulkidobubbletea.pl\/"},{"@type":"ListItem","position":2,"name":"Sklep","item":"https:\/\/kulkidobubbletea.pl\/sklep\/"},{"@type":"ListItem","position":3,"name":"Syrop Do Bubble Tea | DRAGONFRUIT | Tajwan | 2.5 kg"}]},{"@type":"WebSite","@id":"https:\/\/kulkidobubbletea.pl\/#website","url":"https:\/\/kulkidobubbletea.pl\/","name":"Bubor\u00e9k tea goly\u00f3k","description":"Online bubor\u00e9k tea \u00fczlet","publisher":{"@id":"https:\/\/kulkidobubbletea.pl\/#organization"},"potentialAction":[{"@type":"SearchAction","target":{"@type":"EntryPoint","urlTemplate":"https:\/\/kulkidobubbletea.pl\/?s={search_term_string}"},"query-input":{"@type":"PropertyValueSpecification","valueRequired":true,"valueName":"search_term_string"}}],"inLanguage":"hu"},{"@type":"Organization","@id":"https:\/\/kulkidobubbletea.pl\/#organization","name":"Bubor\u00e9k tea goly\u00f3k","url":"https:\/\/kulkidobubbletea.pl\/","logo":{"@type":"ImageObject","inLanguage":"hu","@id":"https:\/\/kulkidobubbletea.pl\/#\/schema\/logo\/image\/","url":"https:\/\/kulkidobubbletea.pl\/wp-content\/uploads\/2024\/04\/Original-on-Transparent.png","contentUrl":"https:\/\/kulkidobubbletea.pl\/wp-content\/uploads\/2024\/04\/Original-on-Transparent.png","width":5000,"height":1109,"caption":"Kulki Do Bubble Tea"},"image":{"@id":"https:\/\/kulkidobubbletea.pl\/#\/schema\/logo\/image\/"}}]}},"_links":{"self":[{"href":"https:\/\/kulkidobubbletea.pl\/hu\/wp-json\/wp\/v2\/product\/16079","targetHints":{"allow":["GET"]}}],"collection":[{"href":"https:\/\/kulkidobubbletea.pl\/hu\/wp-json\/wp\/v2\/product"}],"about":[{"href":"https:\/\/kulkidobubbletea.pl\/hu\/wp-json\/wp\/v2\/types\/product"}],"replies":[{"embeddable":true,"href":"https:\/\/kulkidobubbletea.pl\/hu\/wp-json\/wp\/v2\/comments?post=16079"}],"version-history":[{"count":3,"href":"https:\/\/kulkidobubbletea.pl\/hu\/wp-json\/wp\/v2\/product\/16079\/revisions"}],"predecessor-version":[{"id":16965,"href":"https:\/\/kulkidobubbletea.pl\/hu\/wp-json\/wp\/v2\/product\/16079\/revisions\/16965"}],"wp:featuredmedia":[{"embeddable":true,"href":"https:\/\/kulkidobubbletea.pl\/hu\/wp-json\/wp\/v2\/media\/16081"}],"wp:attachment":[{"href":"https:\/\/kulkidobubbletea.pl\/hu\/wp-json\/wp\/v2\/media?parent=16079"}],"wp:term":[{"taxonomy":"product_brand","embeddable":true,"href":"https:\/\/kulkidobubbletea.pl\/hu\/wp-json\/wp\/v2\/product_brand?post=16079"},{"taxonomy":"product_cat","embeddable":true,"href":"https:\/\/kulkidobubbletea.pl\/hu\/wp-json\/wp\/v2\/product_cat?post=16079"},{"taxonomy":"product_tag","embeddable":true,"href":"https:\/\/kulkidobubbletea.pl\/hu\/wp-json\/wp\/v2\/product_tag?post=16079"}],"curies":[{"name":"wp","href":"https:\/\/api.w.org\/{rel}","templated":true}]}}