{"id":15585,"date":"2025-05-14T15:58:44","date_gmt":"2025-05-14T15:58:44","guid":{"rendered":"https:\/\/kulkidobubbletea.pl\/?post_type=product&#038;p=15585"},"modified":"2026-04-10T11:54:42","modified_gmt":"2026-04-10T11:54:42","slug":"buborekos-tea-folia-a-pp-cseszek-lezarasahoz-250m-grafika","status":"publish","type":"product","link":"https:\/\/kulkidobubbletea.pl\/hu\/shop\/csomagolas\/szalagok\/buborekos-tea-folia-a-pp-cseszek-lezarasahoz-250m-grafika\/","title":{"rendered":"Bubble Tea f\u00f3lia PP poharak lez\u00e1r\u00e1s\u00e1hoz 250m grafika"},"content":{"rendered":"<p>F\u00f3lia a PP poharak szoros \u00e9s tart\u00f3s lez\u00e1r\u00e1s\u00e1hoz.<\/p>\n<p>Nyomtatott grafika f\u00f3li\u00e1ra, a Bubble Tea - Tea From Taiwan felirattal.<\/p>\n<p>&nbsp;<\/p>\n<p>Univerz\u00e1lis f\u00f3liatekercs sz\u00e9less\u00e9g - a piacon kaphat\u00f3 \u00f6sszes t\u00f6m\u00edt\u0151vel m\u0171k\u00f6dik ( mind az olcs\u00f3bb k\u00ednai, mind az eredeti tajvaniakkal ).<\/p>\n<p>A f\u00f3lia minden poharat PP jel\u00f6l\u00e9ssel z\u00e1r le ( a poh\u00e1r alj\u00e1n l\u00e1that\u00f3).<\/p>\n<p>&nbsp;<\/p>\n<p>Tekercs hossza 250m.<\/p>\n<p>&nbsp;<\/p>\n<p>Miut\u00e1n lez\u00e1rt\u00e1k, tart\u00f3san lez\u00e1rja a cs\u00e9sz\u00e9t.<\/p>\n<p>A t\u00f6m\u00edt\u00e9shez aj\u00e1nlott h\u0151m\u00e9rs\u00e9klettartom\u00e1ny 160-185 fok.<\/p>","protected":false},"excerpt":{"rendered":"<p>Folia do szczelnego i trwa\u0142ego zaklejania kubk\u00f3w PP. Zadrukowana grafika na folii z napisem Bubble Tea &#8211; Tea From Taiwan<\/p>","protected":false},"featured_media":15572,"comment_status":"open","ping_status":"closed","template":"","meta":[],"product_brand":[],"product_cat":[327],"product_tag":[],"class_list":{"0":"post-15585","1":"product","2":"type-product","3":"status-publish","4":"has-post-thumbnail","6":"product_cat-tasmy","8":"first","9":"instock","10":"taxable","11":"shipping-taxable","12":"purchasable","13":"product-type-simple"},"yoast_head":"<!-- This site is optimized with the Yoast SEO Premium plugin v23.7 (Yoast SEO v27.3) - https:\/\/yoast.com\/product\/yoast-seo-premium-wordpress\/ -->\n<title>Folia Bubble Tea do zaklejania kubk\u00f3w PP 250m grafika - Kulki Do Bubble Tea<\/title>\n<meta name=\"robots\" content=\"index, follow, max-snippet:-1, max-image-preview:large, max-video-preview:-1\" \/>\n<link rel=\"canonical\" href=\"https:\/\/kulkidobubbletea.pl\/hu\/shop\/csomagolas\/szalagok\/buborekos-tea-folia-a-pp-cseszek-lezarasahoz-250m-grafika\/\" \/>\n<meta property=\"og:locale\" content=\"hu_HU\" \/>\n<meta property=\"og:type\" content=\"article\" \/>\n<meta property=\"og:title\" content=\"Folia Bubble Tea do zaklejania kubk\u00f3w PP 250m grafika\" \/>\n<meta property=\"og:description\" content=\"Folia do szczelnego i trwa\u0142ego zaklejania kubk\u00f3w PP. Zadrukowana grafika na folii z napisem Bubble Tea &#8211; Tea From Taiwan\" \/>\n<meta property=\"og:url\" content=\"https:\/\/kulkidobubbletea.pl\/hu\/shop\/csomagolas\/szalagok\/buborekos-tea-folia-a-pp-cseszek-lezarasahoz-250m-grafika\/\" \/>\n<meta property=\"og:site_name\" content=\"Kulki Do Bubble Tea\" \/>\n<meta property=\"article:modified_time\" content=\"2026-04-10T11:54:42+00:00\" \/>\n<meta property=\"og:image\" content=\"https:\/\/kulkidobubbletea.pl\/wp-content\/uploads\/2025\/04\/folia-front.jpg\" \/>\n\t<meta property=\"og:image:width\" content=\"2000\" \/>\n\t<meta property=\"og:image:height\" content=\"2000\" \/>\n\t<meta property=\"og:image:type\" content=\"image\/jpeg\" \/>\n<meta name=\"twitter:card\" content=\"summary_large_image\" \/>\n<meta name=\"twitter:label1\" content=\"Becs\u00fclt olvas\u00e1si id\u0151\" \/>\n\t<meta name=\"twitter:data1\" content=\"1 perc\" \/>\n<script type=\"application\/ld+json\" class=\"yoast-schema-graph\">{\"@context\":\"https:\\\/\\\/schema.org\",\"@graph\":[{\"@type\":\"WebPage\",\"@id\":\"https:\\\/\\\/kulkidobubbletea.pl\\\/sklep\\\/opakowania\\\/tasmy\\\/folia-bubble-tea-do-zaklejania-kubkow-pp-250m-grafika\\\/\",\"url\":\"https:\\\/\\\/kulkidobubbletea.pl\\\/sklep\\\/opakowania\\\/tasmy\\\/folia-bubble-tea-do-zaklejania-kubkow-pp-250m-grafika\\\/\",\"name\":\"Folia Bubble Tea do zaklejania kubk\u00f3w PP 250m grafika - Kulki Do Bubble Tea\",\"isPartOf\":{\"@id\":\"https:\\\/\\\/kulkidobubbletea.pl\\\/#website\"},\"primaryImageOfPage\":{\"@id\":\"https:\\\/\\\/kulkidobubbletea.pl\\\/sklep\\\/opakowania\\\/tasmy\\\/folia-bubble-tea-do-zaklejania-kubkow-pp-250m-grafika\\\/#primaryimage\"},\"image\":{\"@id\":\"https:\\\/\\\/kulkidobubbletea.pl\\\/sklep\\\/opakowania\\\/tasmy\\\/folia-bubble-tea-do-zaklejania-kubkow-pp-250m-grafika\\\/#primaryimage\"},\"thumbnailUrl\":\"https:\\\/\\\/kulkidobubbletea.pl\\\/wp-content\\\/uploads\\\/2025\\\/04\\\/folia-front.jpg\",\"datePublished\":\"2025-05-14T15:58:44+00:00\",\"dateModified\":\"2026-04-10T11:54:42+00:00\",\"breadcrumb\":{\"@id\":\"https:\\\/\\\/kulkidobubbletea.pl\\\/sklep\\\/opakowania\\\/tasmy\\\/folia-bubble-tea-do-zaklejania-kubkow-pp-250m-grafika\\\/#breadcrumb\"},\"inLanguage\":\"hu\",\"potentialAction\":[{\"@type\":\"ReadAction\",\"target\":[\"https:\\\/\\\/kulkidobubbletea.pl\\\/sklep\\\/opakowania\\\/tasmy\\\/folia-bubble-tea-do-zaklejania-kubkow-pp-250m-grafika\\\/\"]}]},{\"@type\":\"ImageObject\",\"inLanguage\":\"hu\",\"@id\":\"https:\\\/\\\/kulkidobubbletea.pl\\\/sklep\\\/opakowania\\\/tasmy\\\/folia-bubble-tea-do-zaklejania-kubkow-pp-250m-grafika\\\/#primaryimage\",\"url\":\"https:\\\/\\\/kulkidobubbletea.pl\\\/wp-content\\\/uploads\\\/2025\\\/04\\\/folia-front.jpg\",\"contentUrl\":\"https:\\\/\\\/kulkidobubbletea.pl\\\/wp-content\\\/uploads\\\/2025\\\/04\\\/folia-front.jpg\",\"width\":2000,\"height\":2000},{\"@type\":\"BreadcrumbList\",\"@id\":\"https:\\\/\\\/kulkidobubbletea.pl\\\/sklep\\\/opakowania\\\/tasmy\\\/folia-bubble-tea-do-zaklejania-kubkow-pp-250m-grafika\\\/#breadcrumb\",\"itemListElement\":[{\"@type\":\"ListItem\",\"position\":1,\"name\":\"Strona g\u0142\u00f3wna\",\"item\":\"https:\\\/\\\/kulkidobubbletea.pl\\\/\"},{\"@type\":\"ListItem\",\"position\":2,\"name\":\"Sklep\",\"item\":\"https:\\\/\\\/kulkidobubbletea.pl\\\/sklep\\\/\"},{\"@type\":\"ListItem\",\"position\":3,\"name\":\"Folia Bubble Tea do zaklejania kubk\u00f3w PP 250m grafika\"}]},{\"@type\":\"WebSite\",\"@id\":\"https:\\\/\\\/kulkidobubbletea.pl\\\/#website\",\"url\":\"https:\\\/\\\/kulkidobubbletea.pl\\\/\",\"name\":\"Kulki Do Bubble Tea\",\"description\":\"Sklep online z artyku\u0142ami do bubble tea\",\"publisher\":{\"@id\":\"https:\\\/\\\/kulkidobubbletea.pl\\\/#organization\"},\"potentialAction\":[{\"@type\":\"SearchAction\",\"target\":{\"@type\":\"EntryPoint\",\"urlTemplate\":\"https:\\\/\\\/kulkidobubbletea.pl\\\/?s={search_term_string}\"},\"query-input\":{\"@type\":\"PropertyValueSpecification\",\"valueRequired\":true,\"valueName\":\"search_term_string\"}}],\"inLanguage\":\"hu\"},{\"@type\":\"Organization\",\"@id\":\"https:\\\/\\\/kulkidobubbletea.pl\\\/#organization\",\"name\":\"Kulki Do Bubble Tea\",\"url\":\"https:\\\/\\\/kulkidobubbletea.pl\\\/\",\"logo\":{\"@type\":\"ImageObject\",\"inLanguage\":\"hu\",\"@id\":\"https:\\\/\\\/kulkidobubbletea.pl\\\/#\\\/schema\\\/logo\\\/image\\\/\",\"url\":\"https:\\\/\\\/kulkidobubbletea.pl\\\/wp-content\\\/uploads\\\/2024\\\/04\\\/Original-on-Transparent.png\",\"contentUrl\":\"https:\\\/\\\/kulkidobubbletea.pl\\\/wp-content\\\/uploads\\\/2024\\\/04\\\/Original-on-Transparent.png\",\"width\":5000,\"height\":1109,\"caption\":\"Kulki Do Bubble Tea\"},\"image\":{\"@id\":\"https:\\\/\\\/kulkidobubbletea.pl\\\/#\\\/schema\\\/logo\\\/image\\\/\"}}]}<\/script>\n<!-- \/ Yoast SEO Premium plugin. -->","yoast_head_json":{"title":"Bubble Tea f\u00f3lia PP cs\u00e9sz\u00e9k lez\u00e1r\u00e1s\u00e1ra 250m grafika - Bubble Tea goly\u00f3k","robots":{"index":"index","follow":"follow","max-snippet":"max-snippet:-1","max-image-preview":"max-image-preview:large","max-video-preview":"max-video-preview:-1"},"canonical":"https:\/\/kulkidobubbletea.pl\/hu\/shop\/csomagolas\/szalagok\/buborekos-tea-folia-a-pp-cseszek-lezarasahoz-250m-grafika\/","og_locale":"hu_HU","og_type":"article","og_title":"Folia Bubble Tea do zaklejania kubk\u00f3w PP 250m grafika","og_description":"Folia do szczelnego i trwa\u0142ego zaklejania kubk\u00f3w PP. Zadrukowana grafika na folii z napisem Bubble Tea &#8211; Tea From Taiwan","og_url":"https:\/\/kulkidobubbletea.pl\/hu\/shop\/csomagolas\/szalagok\/buborekos-tea-folia-a-pp-cseszek-lezarasahoz-250m-grafika\/","og_site_name":"Kulki Do Bubble Tea","article_modified_time":"2026-04-10T11:54:42+00:00","og_image":[{"width":2000,"height":2000,"url":"https:\/\/kulkidobubbletea.pl\/wp-content\/uploads\/2025\/04\/folia-front.jpg","type":"image\/jpeg"}],"twitter_card":"summary_large_image","twitter_misc":{"Becs\u00fclt olvas\u00e1si id\u0151":"1 perc"},"schema":{"@context":"https:\/\/schema.org","@graph":[{"@type":"WebPage","@id":"https:\/\/kulkidobubbletea.pl\/sklep\/opakowania\/tasmy\/folia-bubble-tea-do-zaklejania-kubkow-pp-250m-grafika\/","url":"https:\/\/kulkidobubbletea.pl\/sklep\/opakowania\/tasmy\/folia-bubble-tea-do-zaklejania-kubkow-pp-250m-grafika\/","name":"Bubble Tea f\u00f3lia PP cs\u00e9sz\u00e9k lez\u00e1r\u00e1s\u00e1ra 250m grafika - Bubble Tea goly\u00f3k","isPartOf":{"@id":"https:\/\/kulkidobubbletea.pl\/#website"},"primaryImageOfPage":{"@id":"https:\/\/kulkidobubbletea.pl\/sklep\/opakowania\/tasmy\/folia-bubble-tea-do-zaklejania-kubkow-pp-250m-grafika\/#primaryimage"},"image":{"@id":"https:\/\/kulkidobubbletea.pl\/sklep\/opakowania\/tasmy\/folia-bubble-tea-do-zaklejania-kubkow-pp-250m-grafika\/#primaryimage"},"thumbnailUrl":"https:\/\/kulkidobubbletea.pl\/wp-content\/uploads\/2025\/04\/folia-front.jpg","datePublished":"2025-05-14T15:58:44+00:00","dateModified":"2026-04-10T11:54:42+00:00","breadcrumb":{"@id":"https:\/\/kulkidobubbletea.pl\/sklep\/opakowania\/tasmy\/folia-bubble-tea-do-zaklejania-kubkow-pp-250m-grafika\/#breadcrumb"},"inLanguage":"hu","potentialAction":[{"@type":"ReadAction","target":["https:\/\/kulkidobubbletea.pl\/sklep\/opakowania\/tasmy\/folia-bubble-tea-do-zaklejania-kubkow-pp-250m-grafika\/"]}]},{"@type":"ImageObject","inLanguage":"hu","@id":"https:\/\/kulkidobubbletea.pl\/sklep\/opakowania\/tasmy\/folia-bubble-tea-do-zaklejania-kubkow-pp-250m-grafika\/#primaryimage","url":"https:\/\/kulkidobubbletea.pl\/wp-content\/uploads\/2025\/04\/folia-front.jpg","contentUrl":"https:\/\/kulkidobubbletea.pl\/wp-content\/uploads\/2025\/04\/folia-front.jpg","width":2000,"height":2000},{"@type":"BreadcrumbList","@id":"https:\/\/kulkidobubbletea.pl\/sklep\/opakowania\/tasmy\/folia-bubble-tea-do-zaklejania-kubkow-pp-250m-grafika\/#breadcrumb","itemListElement":[{"@type":"ListItem","position":1,"name":"Strona g\u0142\u00f3wna","item":"https:\/\/kulkidobubbletea.pl\/"},{"@type":"ListItem","position":2,"name":"Sklep","item":"https:\/\/kulkidobubbletea.pl\/sklep\/"},{"@type":"ListItem","position":3,"name":"Folia Bubble Tea do zaklejania kubk\u00f3w PP 250m grafika"}]},{"@type":"WebSite","@id":"https:\/\/kulkidobubbletea.pl\/#website","url":"https:\/\/kulkidobubbletea.pl\/","name":"Bubor\u00e9k tea goly\u00f3k","description":"Online bubor\u00e9k tea \u00fczlet","publisher":{"@id":"https:\/\/kulkidobubbletea.pl\/#organization"},"potentialAction":[{"@type":"SearchAction","target":{"@type":"EntryPoint","urlTemplate":"https:\/\/kulkidobubbletea.pl\/?s={search_term_string}"},"query-input":{"@type":"PropertyValueSpecification","valueRequired":true,"valueName":"search_term_string"}}],"inLanguage":"hu"},{"@type":"Organization","@id":"https:\/\/kulkidobubbletea.pl\/#organization","name":"Bubor\u00e9k tea goly\u00f3k","url":"https:\/\/kulkidobubbletea.pl\/","logo":{"@type":"ImageObject","inLanguage":"hu","@id":"https:\/\/kulkidobubbletea.pl\/#\/schema\/logo\/image\/","url":"https:\/\/kulkidobubbletea.pl\/wp-content\/uploads\/2024\/04\/Original-on-Transparent.png","contentUrl":"https:\/\/kulkidobubbletea.pl\/wp-content\/uploads\/2024\/04\/Original-on-Transparent.png","width":5000,"height":1109,"caption":"Kulki Do Bubble Tea"},"image":{"@id":"https:\/\/kulkidobubbletea.pl\/#\/schema\/logo\/image\/"}}]}},"_links":{"self":[{"href":"https:\/\/kulkidobubbletea.pl\/hu\/wp-json\/wp\/v2\/product\/15585","targetHints":{"allow":["GET"]}}],"collection":[{"href":"https:\/\/kulkidobubbletea.pl\/hu\/wp-json\/wp\/v2\/product"}],"about":[{"href":"https:\/\/kulkidobubbletea.pl\/hu\/wp-json\/wp\/v2\/types\/product"}],"replies":[{"embeddable":true,"href":"https:\/\/kulkidobubbletea.pl\/hu\/wp-json\/wp\/v2\/comments?post=15585"}],"version-history":[{"count":1,"href":"https:\/\/kulkidobubbletea.pl\/hu\/wp-json\/wp\/v2\/product\/15585\/revisions"}],"predecessor-version":[{"id":15586,"href":"https:\/\/kulkidobubbletea.pl\/hu\/wp-json\/wp\/v2\/product\/15585\/revisions\/15586"}],"wp:featuredmedia":[{"embeddable":true,"href":"https:\/\/kulkidobubbletea.pl\/hu\/wp-json\/wp\/v2\/media\/15572"}],"wp:attachment":[{"href":"https:\/\/kulkidobubbletea.pl\/hu\/wp-json\/wp\/v2\/media?parent=15585"}],"wp:term":[{"taxonomy":"product_brand","embeddable":true,"href":"https:\/\/kulkidobubbletea.pl\/hu\/wp-json\/wp\/v2\/product_brand?post=15585"},{"taxonomy":"product_cat","embeddable":true,"href":"https:\/\/kulkidobubbletea.pl\/hu\/wp-json\/wp\/v2\/product_cat?post=15585"},{"taxonomy":"product_tag","embeddable":true,"href":"https:\/\/kulkidobubbletea.pl\/hu\/wp-json\/wp\/v2\/product_tag?post=15585"}],"curies":[{"name":"wp","href":"https:\/\/api.w.org\/{rel}","templated":true}]}}