{"id":11068,"date":"2024-05-04T12:18:19","date_gmt":"2024-05-04T12:18:19","guid":{"rendered":"https:\/\/kulkidobubbletea.pl\/produkt\/slomka-pla-12mm-w-papierku-2000szt-2\/"},"modified":"2026-01-22T11:08:33","modified_gmt":"2026-01-22T11:08:33","slug":"slom-pla-12mm-papirban-2000db","status":"publish","type":"product","link":"https:\/\/kulkidobubbletea.pl\/hu\/shop\/csomagolas\/szivoszalak\/slom-pla-12mm-papirban-2000db\/","title":{"rendered":"PLA 12mm szalma pap\u00edrban 2000db."},"content":{"rendered":"<p>Biol\u00f3giailag leboml\u00f3, feh\u00e9r, \u00fajrafelhaszn\u00e1lhat\u00f3 sz\u00edv\u00f3sz\u00e1l hegyes v\u00e9ggel, v\u00e9d\u0151pap\u00edrban.<\/p>\n<p>K\u00f6nnyed\u00e9n \u00e1tt\u00f6rheti vele a v\u00e9d\u0151f\u00f3li\u00e1t, \u00e9s az utols\u00f3 goly\u00f3ig ihatja a bubor\u00e9kte\u00e1t.<\/p>\n<p>Szalmakem\u00e9ny, nem ki\u00f6ml\u0151.<\/p>","protected":false},"excerpt":{"rendered":"<p>Biol\u00f3giailag leboml\u00f3, feh\u00e9r, \u00fajrafelhaszn\u00e1lhat\u00f3 sz\u00edv\u00f3sz\u00e1l hegyes v\u00e9ggel, v\u00e9d\u0151pap\u00edrban. K\u00f6nnyed\u00e9n \u00e1tsz\u00farhatja vele a v\u00e9d\u0151f\u00f3li\u00e1t, \u00e9s a bubor\u00e9kos te\u00e1t belekortyolhatja a<\/p>","protected":false},"featured_media":11298,"comment_status":"open","ping_status":"closed","template":"","meta":[],"product_brand":[],"product_cat":[328],"product_tag":[],"class_list":{"0":"post-11068","1":"product","2":"type-product","3":"status-publish","4":"has-post-thumbnail","6":"product_cat-slomki","8":"first","9":"outofstock","10":"taxable","11":"shipping-taxable","12":"purchasable","13":"product-type-simple"},"yoast_head":"<!-- This site is optimized with the Yoast SEO Premium plugin v23.7 (Yoast SEO v27.3) - https:\/\/yoast.com\/product\/yoast-seo-premium-wordpress\/ -->\n<title>S\u0142omka PLA 12mm w papierku 2000szt. - Kulki Do Bubble Tea<\/title>\n<meta name=\"robots\" content=\"index, follow, max-snippet:-1, max-image-preview:large, max-video-preview:-1\" \/>\n<link rel=\"canonical\" href=\"https:\/\/kulkidobubbletea.pl\/hu\/shop\/csomagolas\/szivoszalak\/slom-pla-12mm-papirban-2000db\/\" \/>\n<meta property=\"og:locale\" content=\"hu_HU\" \/>\n<meta property=\"og:type\" content=\"article\" \/>\n<meta property=\"og:title\" content=\"S\u0142omka PLA 12mm w papierku 2000szt.\" \/>\n<meta property=\"og:description\" content=\"Biodegradowalna bia\u0142a s\u0142omka wielokrotnego u\u017cytku z zaostrzonym ko\u0144cem w ochronnym papierku. \u0141atwo przebijesz ni\u0105 foli\u0119 ochronn\u0105\u00a0i wypijesz bubble tea do\" \/>\n<meta property=\"og:url\" content=\"https:\/\/kulkidobubbletea.pl\/hu\/shop\/csomagolas\/szivoszalak\/slom-pla-12mm-papirban-2000db\/\" \/>\n<meta property=\"og:site_name\" content=\"Kulki Do Bubble Tea\" \/>\n<meta property=\"article:modified_time\" content=\"2026-01-22T11:08:33+00:00\" \/>\n<meta property=\"og:image\" content=\"https:\/\/kulkidobubbletea.pl\/wp-content\/uploads\/2024\/05\/slomki-opakowanie-cale.png\" \/>\n\t<meta property=\"og:image:width\" content=\"1000\" \/>\n\t<meta property=\"og:image:height\" content=\"1000\" \/>\n\t<meta property=\"og:image:type\" content=\"image\/png\" \/>\n<meta name=\"twitter:card\" content=\"summary_large_image\" \/>\n<meta name=\"twitter:label1\" content=\"Becs\u00fclt olvas\u00e1si id\u0151\" \/>\n\t<meta name=\"twitter:data1\" content=\"1 perc\" \/>\n<script type=\"application\/ld+json\" class=\"yoast-schema-graph\">{\"@context\":\"https:\\\/\\\/schema.org\",\"@graph\":[{\"@type\":\"WebPage\",\"@id\":\"https:\\\/\\\/kulkidobubbletea.pl\\\/sklep\\\/opakowania\\\/slomki\\\/slomka-pla-12mm-w-papierku-2000szt\\\/\",\"url\":\"https:\\\/\\\/kulkidobubbletea.pl\\\/sklep\\\/opakowania\\\/slomki\\\/slomka-pla-12mm-w-papierku-2000szt\\\/\",\"name\":\"S\u0142omka PLA 12mm w papierku 2000szt. - Kulki Do Bubble Tea\",\"isPartOf\":{\"@id\":\"https:\\\/\\\/kulkidobubbletea.pl\\\/#website\"},\"primaryImageOfPage\":{\"@id\":\"https:\\\/\\\/kulkidobubbletea.pl\\\/sklep\\\/opakowania\\\/slomki\\\/slomka-pla-12mm-w-papierku-2000szt\\\/#primaryimage\"},\"image\":{\"@id\":\"https:\\\/\\\/kulkidobubbletea.pl\\\/sklep\\\/opakowania\\\/slomki\\\/slomka-pla-12mm-w-papierku-2000szt\\\/#primaryimage\"},\"thumbnailUrl\":\"https:\\\/\\\/kulkidobubbletea.pl\\\/wp-content\\\/uploads\\\/2024\\\/05\\\/slomki-opakowanie-cale.png\",\"datePublished\":\"2024-05-04T12:18:19+00:00\",\"dateModified\":\"2026-01-22T11:08:33+00:00\",\"breadcrumb\":{\"@id\":\"https:\\\/\\\/kulkidobubbletea.pl\\\/sklep\\\/opakowania\\\/slomki\\\/slomka-pla-12mm-w-papierku-2000szt\\\/#breadcrumb\"},\"inLanguage\":\"hu\",\"potentialAction\":[{\"@type\":\"ReadAction\",\"target\":[\"https:\\\/\\\/kulkidobubbletea.pl\\\/sklep\\\/opakowania\\\/slomki\\\/slomka-pla-12mm-w-papierku-2000szt\\\/\"]}]},{\"@type\":\"ImageObject\",\"inLanguage\":\"hu\",\"@id\":\"https:\\\/\\\/kulkidobubbletea.pl\\\/sklep\\\/opakowania\\\/slomki\\\/slomka-pla-12mm-w-papierku-2000szt\\\/#primaryimage\",\"url\":\"https:\\\/\\\/kulkidobubbletea.pl\\\/wp-content\\\/uploads\\\/2024\\\/05\\\/slomki-opakowanie-cale.png\",\"contentUrl\":\"https:\\\/\\\/kulkidobubbletea.pl\\\/wp-content\\\/uploads\\\/2024\\\/05\\\/slomki-opakowanie-cale.png\",\"width\":1000,\"height\":1000},{\"@type\":\"BreadcrumbList\",\"@id\":\"https:\\\/\\\/kulkidobubbletea.pl\\\/sklep\\\/opakowania\\\/slomki\\\/slomka-pla-12mm-w-papierku-2000szt\\\/#breadcrumb\",\"itemListElement\":[{\"@type\":\"ListItem\",\"position\":1,\"name\":\"Strona g\u0142\u00f3wna\",\"item\":\"https:\\\/\\\/kulkidobubbletea.pl\\\/\"},{\"@type\":\"ListItem\",\"position\":2,\"name\":\"Sklep\",\"item\":\"https:\\\/\\\/kulkidobubbletea.pl\\\/sklep\\\/\"},{\"@type\":\"ListItem\",\"position\":3,\"name\":\"S\u0142omka PLA 12mm w papierku 2000szt.\"}]},{\"@type\":\"WebSite\",\"@id\":\"https:\\\/\\\/kulkidobubbletea.pl\\\/#website\",\"url\":\"https:\\\/\\\/kulkidobubbletea.pl\\\/\",\"name\":\"Kulki Do Bubble Tea\",\"description\":\"Sklep online z artyku\u0142ami do bubble tea\",\"publisher\":{\"@id\":\"https:\\\/\\\/kulkidobubbletea.pl\\\/#organization\"},\"potentialAction\":[{\"@type\":\"SearchAction\",\"target\":{\"@type\":\"EntryPoint\",\"urlTemplate\":\"https:\\\/\\\/kulkidobubbletea.pl\\\/?s={search_term_string}\"},\"query-input\":{\"@type\":\"PropertyValueSpecification\",\"valueRequired\":true,\"valueName\":\"search_term_string\"}}],\"inLanguage\":\"hu\"},{\"@type\":\"Organization\",\"@id\":\"https:\\\/\\\/kulkidobubbletea.pl\\\/#organization\",\"name\":\"Kulki Do Bubble Tea\",\"url\":\"https:\\\/\\\/kulkidobubbletea.pl\\\/\",\"logo\":{\"@type\":\"ImageObject\",\"inLanguage\":\"hu\",\"@id\":\"https:\\\/\\\/kulkidobubbletea.pl\\\/#\\\/schema\\\/logo\\\/image\\\/\",\"url\":\"https:\\\/\\\/kulkidobubbletea.pl\\\/wp-content\\\/uploads\\\/2024\\\/04\\\/Original-on-Transparent.png\",\"contentUrl\":\"https:\\\/\\\/kulkidobubbletea.pl\\\/wp-content\\\/uploads\\\/2024\\\/04\\\/Original-on-Transparent.png\",\"width\":5000,\"height\":1109,\"caption\":\"Kulki Do Bubble Tea\"},\"image\":{\"@id\":\"https:\\\/\\\/kulkidobubbletea.pl\\\/#\\\/schema\\\/logo\\\/image\\\/\"}}]}<\/script>\n<!-- \/ Yoast SEO Premium plugin. -->","yoast_head_json":{"title":"PLA szalma 12mm pap\u00edrban 2000db. - Bubble Tea gy\u00f6ngy\u00f6k","robots":{"index":"index","follow":"follow","max-snippet":"max-snippet:-1","max-image-preview":"max-image-preview:large","max-video-preview":"max-video-preview:-1"},"canonical":"https:\/\/kulkidobubbletea.pl\/hu\/shop\/csomagolas\/szivoszalak\/slom-pla-12mm-papirban-2000db\/","og_locale":"hu_HU","og_type":"article","og_title":"S\u0142omka PLA 12mm w papierku 2000szt.","og_description":"Biodegradowalna bia\u0142a s\u0142omka wielokrotnego u\u017cytku z zaostrzonym ko\u0144cem w ochronnym papierku. \u0141atwo przebijesz ni\u0105 foli\u0119 ochronn\u0105\u00a0i wypijesz bubble tea do","og_url":"https:\/\/kulkidobubbletea.pl\/hu\/shop\/csomagolas\/szivoszalak\/slom-pla-12mm-papirban-2000db\/","og_site_name":"Kulki Do Bubble Tea","article_modified_time":"2026-01-22T11:08:33+00:00","og_image":[{"width":1000,"height":1000,"url":"https:\/\/kulkidobubbletea.pl\/wp-content\/uploads\/2024\/05\/slomki-opakowanie-cale.png","type":"image\/png"}],"twitter_card":"summary_large_image","twitter_misc":{"Becs\u00fclt olvas\u00e1si id\u0151":"1 perc"},"schema":{"@context":"https:\/\/schema.org","@graph":[{"@type":"WebPage","@id":"https:\/\/kulkidobubbletea.pl\/sklep\/opakowania\/slomki\/slomka-pla-12mm-w-papierku-2000szt\/","url":"https:\/\/kulkidobubbletea.pl\/sklep\/opakowania\/slomki\/slomka-pla-12mm-w-papierku-2000szt\/","name":"PLA szalma 12mm pap\u00edrban 2000db. - Bubble Tea gy\u00f6ngy\u00f6k","isPartOf":{"@id":"https:\/\/kulkidobubbletea.pl\/#website"},"primaryImageOfPage":{"@id":"https:\/\/kulkidobubbletea.pl\/sklep\/opakowania\/slomki\/slomka-pla-12mm-w-papierku-2000szt\/#primaryimage"},"image":{"@id":"https:\/\/kulkidobubbletea.pl\/sklep\/opakowania\/slomki\/slomka-pla-12mm-w-papierku-2000szt\/#primaryimage"},"thumbnailUrl":"https:\/\/kulkidobubbletea.pl\/wp-content\/uploads\/2024\/05\/slomki-opakowanie-cale.png","datePublished":"2024-05-04T12:18:19+00:00","dateModified":"2026-01-22T11:08:33+00:00","breadcrumb":{"@id":"https:\/\/kulkidobubbletea.pl\/sklep\/opakowania\/slomki\/slomka-pla-12mm-w-papierku-2000szt\/#breadcrumb"},"inLanguage":"hu","potentialAction":[{"@type":"ReadAction","target":["https:\/\/kulkidobubbletea.pl\/sklep\/opakowania\/slomki\/slomka-pla-12mm-w-papierku-2000szt\/"]}]},{"@type":"ImageObject","inLanguage":"hu","@id":"https:\/\/kulkidobubbletea.pl\/sklep\/opakowania\/slomki\/slomka-pla-12mm-w-papierku-2000szt\/#primaryimage","url":"https:\/\/kulkidobubbletea.pl\/wp-content\/uploads\/2024\/05\/slomki-opakowanie-cale.png","contentUrl":"https:\/\/kulkidobubbletea.pl\/wp-content\/uploads\/2024\/05\/slomki-opakowanie-cale.png","width":1000,"height":1000},{"@type":"BreadcrumbList","@id":"https:\/\/kulkidobubbletea.pl\/sklep\/opakowania\/slomki\/slomka-pla-12mm-w-papierku-2000szt\/#breadcrumb","itemListElement":[{"@type":"ListItem","position":1,"name":"Strona g\u0142\u00f3wna","item":"https:\/\/kulkidobubbletea.pl\/"},{"@type":"ListItem","position":2,"name":"Sklep","item":"https:\/\/kulkidobubbletea.pl\/sklep\/"},{"@type":"ListItem","position":3,"name":"S\u0142omka PLA 12mm w papierku 2000szt."}]},{"@type":"WebSite","@id":"https:\/\/kulkidobubbletea.pl\/#website","url":"https:\/\/kulkidobubbletea.pl\/","name":"Bubor\u00e9k tea goly\u00f3k","description":"Online bubor\u00e9k tea \u00fczlet","publisher":{"@id":"https:\/\/kulkidobubbletea.pl\/#organization"},"potentialAction":[{"@type":"SearchAction","target":{"@type":"EntryPoint","urlTemplate":"https:\/\/kulkidobubbletea.pl\/?s={search_term_string}"},"query-input":{"@type":"PropertyValueSpecification","valueRequired":true,"valueName":"search_term_string"}}],"inLanguage":"hu"},{"@type":"Organization","@id":"https:\/\/kulkidobubbletea.pl\/#organization","name":"Bubor\u00e9k tea goly\u00f3k","url":"https:\/\/kulkidobubbletea.pl\/","logo":{"@type":"ImageObject","inLanguage":"hu","@id":"https:\/\/kulkidobubbletea.pl\/#\/schema\/logo\/image\/","url":"https:\/\/kulkidobubbletea.pl\/wp-content\/uploads\/2024\/04\/Original-on-Transparent.png","contentUrl":"https:\/\/kulkidobubbletea.pl\/wp-content\/uploads\/2024\/04\/Original-on-Transparent.png","width":5000,"height":1109,"caption":"Kulki Do Bubble Tea"},"image":{"@id":"https:\/\/kulkidobubbletea.pl\/#\/schema\/logo\/image\/"}}]}},"_links":{"self":[{"href":"https:\/\/kulkidobubbletea.pl\/hu\/wp-json\/wp\/v2\/product\/11068","targetHints":{"allow":["GET"]}}],"collection":[{"href":"https:\/\/kulkidobubbletea.pl\/hu\/wp-json\/wp\/v2\/product"}],"about":[{"href":"https:\/\/kulkidobubbletea.pl\/hu\/wp-json\/wp\/v2\/types\/product"}],"replies":[{"embeddable":true,"href":"https:\/\/kulkidobubbletea.pl\/hu\/wp-json\/wp\/v2\/comments?post=11068"}],"version-history":[{"count":2,"href":"https:\/\/kulkidobubbletea.pl\/hu\/wp-json\/wp\/v2\/product\/11068\/revisions"}],"predecessor-version":[{"id":12236,"href":"https:\/\/kulkidobubbletea.pl\/hu\/wp-json\/wp\/v2\/product\/11068\/revisions\/12236"}],"wp:featuredmedia":[{"embeddable":true,"href":"https:\/\/kulkidobubbletea.pl\/hu\/wp-json\/wp\/v2\/media\/11298"}],"wp:attachment":[{"href":"https:\/\/kulkidobubbletea.pl\/hu\/wp-json\/wp\/v2\/media?parent=11068"}],"wp:term":[{"taxonomy":"product_brand","embeddable":true,"href":"https:\/\/kulkidobubbletea.pl\/hu\/wp-json\/wp\/v2\/product_brand?post=11068"},{"taxonomy":"product_cat","embeddable":true,"href":"https:\/\/kulkidobubbletea.pl\/hu\/wp-json\/wp\/v2\/product_cat?post=11068"},{"taxonomy":"product_tag","embeddable":true,"href":"https:\/\/kulkidobubbletea.pl\/hu\/wp-json\/wp\/v2\/product_tag?post=11068"}],"curies":[{"name":"wp","href":"https:\/\/api.w.org\/{rel}","templated":true}]}}