{"id":11029,"date":"2024-05-04T12:18:08","date_gmt":"2024-05-04T12:18:08","guid":{"rendered":"https:\/\/kulkidobubbletea.pl\/produkt\/herbata-jasminowa-zielona-1kg-2\/"},"modified":"2026-04-10T08:31:08","modified_gmt":"2026-04-10T08:31:08","slug":"jazmin-zold-tea-1kg-2","status":"publish","type":"product","link":"https:\/\/kulkidobubbletea.pl\/hu\/shop\/teak\/jazmin-zold-tea-1kg-2\/","title":{"rendered":"Bubor\u00e9k tea j\u00e1zmin z\u00f6ld 0.6kg"},"content":{"rendered":"<p>A j\u00e1zmin z\u00f6ld tea kiv\u00e1l\u00f3 min\u0151s\u00e9g\u0171 fajt\u00e1ja, amely ide\u00e1lis a Bubble Tea esszenci\u00e1j\u00e1nak elk\u00e9sz\u00edt\u00e9s\u00e9hez.<\/p>\n<p>Esszencia el\u0151k\u00e9sz\u00edt\u00e9s:<\/p>\n<p>1.K\u00e9sz\u00edts\u00fcnk 85g z\u00f6ld te\u00e1t ( kb. 1 teljes 500ml cs\u00e9sze)<\/p>\n<p>2. Forraljunk fel 5 liter vizet.<\/p>\n<p>3. Miut\u00e1n a v\u00edz felforrt, v\u00e1rjon, am\u00edg a v\u00edz k\u00f6r\u00fclbel\u00fcl 80-85 fokosra h\u0171l.<\/p>\n<p>4. \u00d6ntse bele a kim\u00e9rt adag te\u00e1t, \u00e9s alaposan keverje \u00f6ssze.<\/p>\n<p>5. V\u00e1rjon 8 percet, am\u00edg a tea leforr\u00e1z\u00f3dik ( a tealeveleknek ez id\u0151 alatt le kell \u00fclepedni\u00fck az alj\u00e1ra ).<\/p>\n<p>6. Az \u00edgy kapott esszenci\u00e1t sz\u0171rj\u00fck \u00e1t egy szit\u00e1n, \u00e9s \u00f6nts\u00fck a te\u00e1t egy termoszba.<\/p>\n<p>&nbsp;<\/p>\n<p>Az ide\u00e1lis adag tea k\u00f6r\u00fclbel\u00fcl 50-100 ml 500 ml Bubble Tea italban. A tea t\u00f6k\u00e9letesen p\u00e1ros\u00edthat\u00f3 Bubble Tea szirupjainkkal.<\/p>\n<p>&nbsp;<\/p>\n<p>Tajvanon k\u00e9sz\u00fclt.<\/p>","protected":false},"excerpt":{"rendered":"<p>A legmagasabb min\u0151s\u00e9g\u0171 j\u00e1zmin z\u00f6ld tea, amely ide\u00e1lis a Bubble Tea esszenci\u00e1j\u00e1nak elk\u00e9sz\u00edt\u00e9s\u00e9hez. Esszencia k\u00e9sz\u00edt\u00e9se: K\u00e9sz\u00edts\u00fcnk el\u0151 85 g z\u00f6ld te\u00e1t (<\/p>","protected":false},"featured_media":16027,"comment_status":"open","ping_status":"closed","template":"","meta":[],"product_brand":[],"product_cat":[325],"product_tag":[],"class_list":{"0":"post-11029","1":"product","2":"type-product","3":"status-publish","4":"has-post-thumbnail","6":"product_cat-herbaty","8":"first","9":"instock","10":"taxable","11":"shipping-taxable","12":"purchasable","13":"product-type-simple"},"yoast_head":"<!-- This site is optimized with the Yoast SEO Premium plugin v23.7 (Yoast SEO v27.3) - https:\/\/yoast.com\/product\/yoast-seo-premium-wordpress\/ -->\n<title>Herbata do Bubble Tea Ja\u015bminowa Zielona 0.6kg - Kulki Do Bubble Tea<\/title>\n<meta name=\"robots\" content=\"index, follow, max-snippet:-1, max-image-preview:large, max-video-preview:-1\" \/>\n<link rel=\"canonical\" href=\"https:\/\/kulkidobubbletea.pl\/hu\/shop\/teak\/jazmin-zold-tea-1kg-2\/\" \/>\n<meta property=\"og:locale\" content=\"hu_HU\" \/>\n<meta property=\"og:type\" content=\"article\" \/>\n<meta property=\"og:title\" content=\"Herbata do Bubble Tea Ja\u015bminowa Zielona 0.6kg\" \/>\n<meta property=\"og:description\" content=\"Najwy\u017cszej jako\u015bci odmiana zielonej ja\u015bminowej herbaty idealnej do uzyskania esencji do Bubble Tea. Przygotowanie esencji: 1.Przygotuj 85g zielonej herbaty (\" \/>\n<meta property=\"og:url\" content=\"https:\/\/kulkidobubbletea.pl\/hu\/shop\/teak\/jazmin-zold-tea-1kg-2\/\" \/>\n<meta property=\"og:site_name\" content=\"Kulki Do Bubble Tea\" \/>\n<meta property=\"article:modified_time\" content=\"2026-04-10T08:31:08+00:00\" \/>\n<meta property=\"og:image\" content=\"https:\/\/kulkidobubbletea.pl\/wp-content\/uploads\/2025\/05\/zielona-front.jpg\" \/>\n\t<meta property=\"og:image:width\" content=\"2000\" \/>\n\t<meta property=\"og:image:height\" content=\"2000\" \/>\n\t<meta property=\"og:image:type\" content=\"image\/jpeg\" \/>\n<meta name=\"twitter:card\" content=\"summary_large_image\" \/>\n<meta name=\"twitter:label1\" content=\"Becs\u00fclt olvas\u00e1si id\u0151\" \/>\n\t<meta name=\"twitter:data1\" content=\"1 perc\" \/>\n<script type=\"application\/ld+json\" class=\"yoast-schema-graph\">{\"@context\":\"https:\\\/\\\/schema.org\",\"@graph\":[{\"@type\":\"WebPage\",\"@id\":\"https:\\\/\\\/kulkidobubbletea.pl\\\/sklep\\\/herbaty\\\/herbata-jasminowa-zielona-1kg-2\\\/\",\"url\":\"https:\\\/\\\/kulkidobubbletea.pl\\\/sklep\\\/herbaty\\\/herbata-jasminowa-zielona-1kg-2\\\/\",\"name\":\"Herbata do Bubble Tea Ja\u015bminowa Zielona 0.6kg - Kulki Do Bubble Tea\",\"isPartOf\":{\"@id\":\"https:\\\/\\\/kulkidobubbletea.pl\\\/#website\"},\"primaryImageOfPage\":{\"@id\":\"https:\\\/\\\/kulkidobubbletea.pl\\\/sklep\\\/herbaty\\\/herbata-jasminowa-zielona-1kg-2\\\/#primaryimage\"},\"image\":{\"@id\":\"https:\\\/\\\/kulkidobubbletea.pl\\\/sklep\\\/herbaty\\\/herbata-jasminowa-zielona-1kg-2\\\/#primaryimage\"},\"thumbnailUrl\":\"https:\\\/\\\/kulkidobubbletea.pl\\\/wp-content\\\/uploads\\\/2025\\\/05\\\/zielona-front.jpg\",\"datePublished\":\"2024-05-04T12:18:08+00:00\",\"dateModified\":\"2026-04-10T08:31:08+00:00\",\"breadcrumb\":{\"@id\":\"https:\\\/\\\/kulkidobubbletea.pl\\\/sklep\\\/herbaty\\\/herbata-jasminowa-zielona-1kg-2\\\/#breadcrumb\"},\"inLanguage\":\"hu\",\"potentialAction\":[{\"@type\":\"ReadAction\",\"target\":[\"https:\\\/\\\/kulkidobubbletea.pl\\\/sklep\\\/herbaty\\\/herbata-jasminowa-zielona-1kg-2\\\/\"]}]},{\"@type\":\"ImageObject\",\"inLanguage\":\"hu\",\"@id\":\"https:\\\/\\\/kulkidobubbletea.pl\\\/sklep\\\/herbaty\\\/herbata-jasminowa-zielona-1kg-2\\\/#primaryimage\",\"url\":\"https:\\\/\\\/kulkidobubbletea.pl\\\/wp-content\\\/uploads\\\/2025\\\/05\\\/zielona-front.jpg\",\"contentUrl\":\"https:\\\/\\\/kulkidobubbletea.pl\\\/wp-content\\\/uploads\\\/2025\\\/05\\\/zielona-front.jpg\",\"width\":2000,\"height\":2000},{\"@type\":\"BreadcrumbList\",\"@id\":\"https:\\\/\\\/kulkidobubbletea.pl\\\/sklep\\\/herbaty\\\/herbata-jasminowa-zielona-1kg-2\\\/#breadcrumb\",\"itemListElement\":[{\"@type\":\"ListItem\",\"position\":1,\"name\":\"Strona g\u0142\u00f3wna\",\"item\":\"https:\\\/\\\/kulkidobubbletea.pl\\\/\"},{\"@type\":\"ListItem\",\"position\":2,\"name\":\"Sklep\",\"item\":\"https:\\\/\\\/kulkidobubbletea.pl\\\/sklep\\\/\"},{\"@type\":\"ListItem\",\"position\":3,\"name\":\"Herbata do Bubble Tea Ja\u015bminowa Zielona 0.6kg\"}]},{\"@type\":\"WebSite\",\"@id\":\"https:\\\/\\\/kulkidobubbletea.pl\\\/#website\",\"url\":\"https:\\\/\\\/kulkidobubbletea.pl\\\/\",\"name\":\"Kulki Do Bubble Tea\",\"description\":\"Sklep online z artyku\u0142ami do bubble tea\",\"publisher\":{\"@id\":\"https:\\\/\\\/kulkidobubbletea.pl\\\/#organization\"},\"potentialAction\":[{\"@type\":\"SearchAction\",\"target\":{\"@type\":\"EntryPoint\",\"urlTemplate\":\"https:\\\/\\\/kulkidobubbletea.pl\\\/?s={search_term_string}\"},\"query-input\":{\"@type\":\"PropertyValueSpecification\",\"valueRequired\":true,\"valueName\":\"search_term_string\"}}],\"inLanguage\":\"hu\"},{\"@type\":\"Organization\",\"@id\":\"https:\\\/\\\/kulkidobubbletea.pl\\\/#organization\",\"name\":\"Kulki Do Bubble Tea\",\"url\":\"https:\\\/\\\/kulkidobubbletea.pl\\\/\",\"logo\":{\"@type\":\"ImageObject\",\"inLanguage\":\"hu\",\"@id\":\"https:\\\/\\\/kulkidobubbletea.pl\\\/#\\\/schema\\\/logo\\\/image\\\/\",\"url\":\"https:\\\/\\\/kulkidobubbletea.pl\\\/wp-content\\\/uploads\\\/2024\\\/04\\\/Original-on-Transparent.png\",\"contentUrl\":\"https:\\\/\\\/kulkidobubbletea.pl\\\/wp-content\\\/uploads\\\/2024\\\/04\\\/Original-on-Transparent.png\",\"width\":5000,\"height\":1109,\"caption\":\"Kulki Do Bubble Tea\"},\"image\":{\"@id\":\"https:\\\/\\\/kulkidobubbletea.pl\\\/#\\\/schema\\\/logo\\\/image\\\/\"}}]}<\/script>\n<!-- \/ Yoast SEO Premium plugin. -->","yoast_head_json":{"title":"Bubor\u00e9k tea j\u00e1zmin z\u00f6ld 0.6kg - Bubor\u00e9k tea goly\u00f3csk\u00e1k","robots":{"index":"index","follow":"follow","max-snippet":"max-snippet:-1","max-image-preview":"max-image-preview:large","max-video-preview":"max-video-preview:-1"},"canonical":"https:\/\/kulkidobubbletea.pl\/hu\/shop\/teak\/jazmin-zold-tea-1kg-2\/","og_locale":"hu_HU","og_type":"article","og_title":"Herbata do Bubble Tea Ja\u015bminowa Zielona 0.6kg","og_description":"Najwy\u017cszej jako\u015bci odmiana zielonej ja\u015bminowej herbaty idealnej do uzyskania esencji do Bubble Tea. Przygotowanie esencji: 1.Przygotuj 85g zielonej herbaty (","og_url":"https:\/\/kulkidobubbletea.pl\/hu\/shop\/teak\/jazmin-zold-tea-1kg-2\/","og_site_name":"Kulki Do Bubble Tea","article_modified_time":"2026-04-10T08:31:08+00:00","og_image":[{"width":2000,"height":2000,"url":"https:\/\/kulkidobubbletea.pl\/wp-content\/uploads\/2025\/05\/zielona-front.jpg","type":"image\/jpeg"}],"twitter_card":"summary_large_image","twitter_misc":{"Becs\u00fclt olvas\u00e1si id\u0151":"1 perc"},"schema":{"@context":"https:\/\/schema.org","@graph":[{"@type":"WebPage","@id":"https:\/\/kulkidobubbletea.pl\/sklep\/herbaty\/herbata-jasminowa-zielona-1kg-2\/","url":"https:\/\/kulkidobubbletea.pl\/sklep\/herbaty\/herbata-jasminowa-zielona-1kg-2\/","name":"Bubor\u00e9k tea j\u00e1zmin z\u00f6ld 0.6kg - Bubor\u00e9k tea goly\u00f3csk\u00e1k","isPartOf":{"@id":"https:\/\/kulkidobubbletea.pl\/#website"},"primaryImageOfPage":{"@id":"https:\/\/kulkidobubbletea.pl\/sklep\/herbaty\/herbata-jasminowa-zielona-1kg-2\/#primaryimage"},"image":{"@id":"https:\/\/kulkidobubbletea.pl\/sklep\/herbaty\/herbata-jasminowa-zielona-1kg-2\/#primaryimage"},"thumbnailUrl":"https:\/\/kulkidobubbletea.pl\/wp-content\/uploads\/2025\/05\/zielona-front.jpg","datePublished":"2024-05-04T12:18:08+00:00","dateModified":"2026-04-10T08:31:08+00:00","breadcrumb":{"@id":"https:\/\/kulkidobubbletea.pl\/sklep\/herbaty\/herbata-jasminowa-zielona-1kg-2\/#breadcrumb"},"inLanguage":"hu","potentialAction":[{"@type":"ReadAction","target":["https:\/\/kulkidobubbletea.pl\/sklep\/herbaty\/herbata-jasminowa-zielona-1kg-2\/"]}]},{"@type":"ImageObject","inLanguage":"hu","@id":"https:\/\/kulkidobubbletea.pl\/sklep\/herbaty\/herbata-jasminowa-zielona-1kg-2\/#primaryimage","url":"https:\/\/kulkidobubbletea.pl\/wp-content\/uploads\/2025\/05\/zielona-front.jpg","contentUrl":"https:\/\/kulkidobubbletea.pl\/wp-content\/uploads\/2025\/05\/zielona-front.jpg","width":2000,"height":2000},{"@type":"BreadcrumbList","@id":"https:\/\/kulkidobubbletea.pl\/sklep\/herbaty\/herbata-jasminowa-zielona-1kg-2\/#breadcrumb","itemListElement":[{"@type":"ListItem","position":1,"name":"Strona g\u0142\u00f3wna","item":"https:\/\/kulkidobubbletea.pl\/"},{"@type":"ListItem","position":2,"name":"Sklep","item":"https:\/\/kulkidobubbletea.pl\/sklep\/"},{"@type":"ListItem","position":3,"name":"Herbata do Bubble Tea Ja\u015bminowa Zielona 0.6kg"}]},{"@type":"WebSite","@id":"https:\/\/kulkidobubbletea.pl\/#website","url":"https:\/\/kulkidobubbletea.pl\/","name":"Bubor\u00e9k tea goly\u00f3k","description":"Online bubor\u00e9k tea \u00fczlet","publisher":{"@id":"https:\/\/kulkidobubbletea.pl\/#organization"},"potentialAction":[{"@type":"SearchAction","target":{"@type":"EntryPoint","urlTemplate":"https:\/\/kulkidobubbletea.pl\/?s={search_term_string}"},"query-input":{"@type":"PropertyValueSpecification","valueRequired":true,"valueName":"search_term_string"}}],"inLanguage":"hu"},{"@type":"Organization","@id":"https:\/\/kulkidobubbletea.pl\/#organization","name":"Bubor\u00e9k tea goly\u00f3k","url":"https:\/\/kulkidobubbletea.pl\/","logo":{"@type":"ImageObject","inLanguage":"hu","@id":"https:\/\/kulkidobubbletea.pl\/#\/schema\/logo\/image\/","url":"https:\/\/kulkidobubbletea.pl\/wp-content\/uploads\/2024\/04\/Original-on-Transparent.png","contentUrl":"https:\/\/kulkidobubbletea.pl\/wp-content\/uploads\/2024\/04\/Original-on-Transparent.png","width":5000,"height":1109,"caption":"Kulki Do Bubble Tea"},"image":{"@id":"https:\/\/kulkidobubbletea.pl\/#\/schema\/logo\/image\/"}}]}},"_links":{"self":[{"href":"https:\/\/kulkidobubbletea.pl\/hu\/wp-json\/wp\/v2\/product\/11029","targetHints":{"allow":["GET"]}}],"collection":[{"href":"https:\/\/kulkidobubbletea.pl\/hu\/wp-json\/wp\/v2\/product"}],"about":[{"href":"https:\/\/kulkidobubbletea.pl\/hu\/wp-json\/wp\/v2\/types\/product"}],"replies":[{"embeddable":true,"href":"https:\/\/kulkidobubbletea.pl\/hu\/wp-json\/wp\/v2\/comments?post=11029"}],"version-history":[{"count":6,"href":"https:\/\/kulkidobubbletea.pl\/hu\/wp-json\/wp\/v2\/product\/11029\/revisions"}],"predecessor-version":[{"id":16042,"href":"https:\/\/kulkidobubbletea.pl\/hu\/wp-json\/wp\/v2\/product\/11029\/revisions\/16042"}],"wp:featuredmedia":[{"embeddable":true,"href":"https:\/\/kulkidobubbletea.pl\/hu\/wp-json\/wp\/v2\/media\/16027"}],"wp:attachment":[{"href":"https:\/\/kulkidobubbletea.pl\/hu\/wp-json\/wp\/v2\/media?parent=11029"}],"wp:term":[{"taxonomy":"product_brand","embeddable":true,"href":"https:\/\/kulkidobubbletea.pl\/hu\/wp-json\/wp\/v2\/product_brand?post=11029"},{"taxonomy":"product_cat","embeddable":true,"href":"https:\/\/kulkidobubbletea.pl\/hu\/wp-json\/wp\/v2\/product_cat?post=11029"},{"taxonomy":"product_tag","embeddable":true,"href":"https:\/\/kulkidobubbletea.pl\/hu\/wp-json\/wp\/v2\/product_tag?post=11029"}],"curies":[{"name":"wp","href":"https:\/\/api.w.org\/{rel}","templated":true}]}}