{"id":11011,"date":"2024-05-04T12:18:04","date_gmt":"2024-05-04T12:18:04","guid":{"rendered":"https:\/\/kulkidobubbletea.pl\/produkt\/zaklejarka-do-kubkow-taiwan-2\/"},"modified":"2025-08-11T08:37:41","modified_gmt":"2025-08-11T08:37:41","slug":"csesze-tomito-tajvan","status":"publish","type":"product","link":"https:\/\/kulkidobubbletea.pl\/hu\/shop\/berendezes\/csesze-tomito-tajvan\/","title":{"rendered":"Cs\u00e9sze t\u00f6m\u00edt\u0151 Tajvan"},"content":{"rendered":"<p>\u00daj YF-98S t\u00f6m\u00edt\u0151g\u00e9p modell<\/p>\n<p>Cs\u00facskateg\u00f3ri\u00e1s berendez\u00e9sek, Tajvanon gy\u00e1rtva - nem K\u00edn\u00e1ban! Nagyon jelent\u0151s k\u00fcl\u00f6nbs\u00e9g, a berendez\u00e9sek garant\u00e1lj\u00e1k a hibamentess\u00e9get, a biztons\u00e1got \u00e9s a haszn\u00e1latot \u00e9veken \u00e1t.<\/p>\n<p>A t\u00f6m\u00edt\u0151 minden t\u00edpus\u00fa PP, PE \u00e9s pap\u00edrpoharat lez\u00e1r.<\/p>\n<p>&nbsp;<\/p>\n<p>\u00daj modell, sokkal jobb filmvezet\u0151k - nincs h\u00e1ml\u00f3 hat\u00e1s, modern szenzorok, amelyek t\u00f6bb lez\u00e1rhat\u00f3 filmmel dolgoznak ( a kor\u00e1bbi r\u00e9gi modelleknek probl\u00e9m\u00e1i voltak n\u00e9h\u00e1ny olcs\u00f3bb filmmel).<\/p>\n<p>&nbsp;<\/p>\n<p>&nbsp;<\/p>\n<p>Magas term\u00e9keszt\u00e9tika, k\u00f6nnyen tiszt\u00edthat\u00f3 \u00e9s sokkal biztons\u00e1gosabb, mint a r\u00e9gi modellek.<\/p>\n<p>Lehet\u0151s\u00e9g van a cs\u00e9sz\u00e9k lez\u00e1r\u00e1s\u00e1nak programoz\u00e1s\u00e1ra mind az \u00e9rz\u00e9kel\u0151t\u0151l automatikusan, mind k\u00e9zzel vagy el\u0151re be\u00e1ll\u00edtott filmt\u00e1vols\u00e1gn\u00e1l.<\/p>\n<p>&nbsp;<\/p>\n<p>Az automatikus lez\u00e1r\u00e1s lehet\u0151s\u00e9ge a poh\u00e1r behelyez\u00e9sekor - egy fotocella \u00e9rz\u00e9kel\u0151, nem pedig egy dr\u00f3t, ami a r\u00e9gi verzi\u00f3kban probl\u00e9m\u00e1s volt.<\/p>\n<p>&nbsp;<\/p>\n<p>&nbsp;<\/p>\n<p>A teljes poh\u00e1rz\u00e1r\u00e1si folyamat ideje, bele\u00e9rtve az adagol\u00e1st is 3,5 - 4 s.<\/p>\n<p>Egy kieg\u00e9sz\u00edt\u0151 alum\u00edniumgy\u0171r\u0171t is tartalmaz, hogy minden t\u00edpus\u00fa poh\u00e1rral m\u0171k\u00f6dj\u00f6n.<\/p>\n<p>A leg\u00fajabb, jelent\u0151sen tov\u00e1bbfejlesztett modell kik\u00fcsz\u00f6b\u00f6lte a hanyag \u00e9s egyenetlen poh\u00e1rz\u00e1r\u00e1s vagy a szalagszakad\u00e1s probl\u00e9m\u00e1j\u00e1t.<\/p>\n<p>S\u00faly 26kg,<\/p>\n<p>M\u00e9retek 32x24x59 cm<\/p>\n<p>220V \/ 400W<\/p>\n<p>&nbsp;<\/p>\n<p>Egy \u00e9v garancia.<\/p>\n<p>&nbsp;<\/p>\n<p>\u00daj sz\u00e1ll\u00edt\u00e1s, feh\u00e9r \u00e9s fekete sz\u00ednben kaphat\u00f3.<\/p>","protected":false},"excerpt":{"rendered":"<p>Nowy model zaklejarek YF-98S Sprz\u0119t najwy\u017cszej klasy, produkcji Tajwanskiej &#8211; nie Chi\u0144skiej! Bardzo znacz\u0105ca r\u00f3\u017cnica, sprz\u0119t gwarantuje bezawaryjno\u015b\u0107, \u00a0bezpiecze\u0144stwo oraz<\/p>","protected":false},"featured_media":11891,"comment_status":"open","ping_status":"closed","template":"","meta":[],"product_brand":[],"product_cat":[319],"product_tag":[],"class_list":{"0":"post-11011","1":"product","2":"type-product","3":"status-publish","4":"has-post-thumbnail","6":"product_cat-sprzet","8":"first","9":"instock","10":"taxable","11":"shipping-taxable","12":"purchasable","13":"product-type-simple"},"yoast_head":"<!-- This site is optimized with the Yoast SEO Premium plugin v23.7 (Yoast SEO v27.3) - https:\/\/yoast.com\/product\/yoast-seo-premium-wordpress\/ -->\n<title>Zaklejarka do kubk\u00f3w Taiwan - Kulki Do Bubble Tea<\/title>\n<meta name=\"robots\" content=\"index, follow, max-snippet:-1, max-image-preview:large, max-video-preview:-1\" \/>\n<link rel=\"canonical\" href=\"https:\/\/kulkidobubbletea.pl\/hu\/shop\/berendezes\/csesze-tomito-tajvan\/\" \/>\n<meta property=\"og:locale\" content=\"hu_HU\" \/>\n<meta property=\"og:type\" content=\"article\" \/>\n<meta property=\"og:title\" content=\"Zaklejarka do kubk\u00f3w Taiwan\" \/>\n<meta property=\"og:description\" content=\"Nowy model zaklejarek YF-98S Sprz\u0119t najwy\u017cszej klasy, produkcji Tajwanskiej &#8211; nie Chi\u0144skiej! Bardzo znacz\u0105ca r\u00f3\u017cnica, sprz\u0119t gwarantuje bezawaryjno\u015b\u0107, \u00a0bezpiecze\u0144stwo oraz\" \/>\n<meta property=\"og:url\" content=\"https:\/\/kulkidobubbletea.pl\/hu\/shop\/berendezes\/csesze-tomito-tajvan\/\" \/>\n<meta property=\"og:site_name\" content=\"Kulki Do Bubble Tea\" \/>\n<meta property=\"article:modified_time\" content=\"2025-08-11T08:37:41+00:00\" \/>\n<meta property=\"og:image\" content=\"https:\/\/kulkidobubbletea.pl\/wp-content\/uploads\/2024\/05\/Zdjecie-zaklejarki-do-sklepu.png\" \/>\n\t<meta property=\"og:image:width\" content=\"770\" \/>\n\t<meta property=\"og:image:height\" content=\"1155\" \/>\n\t<meta property=\"og:image:type\" content=\"image\/png\" \/>\n<meta name=\"twitter:card\" content=\"summary_large_image\" \/>\n<meta name=\"twitter:label1\" content=\"Becs\u00fclt olvas\u00e1si id\u0151\" \/>\n\t<meta name=\"twitter:data1\" content=\"1 perc\" \/>\n<script type=\"application\/ld+json\" class=\"yoast-schema-graph\">{\"@context\":\"https:\\\/\\\/schema.org\",\"@graph\":[{\"@type\":\"WebPage\",\"@id\":\"https:\\\/\\\/kulkidobubbletea.pl\\\/sklep\\\/sprzet\\\/zaklejarka-do-kubkow-taiwan\\\/\",\"url\":\"https:\\\/\\\/kulkidobubbletea.pl\\\/sklep\\\/sprzet\\\/zaklejarka-do-kubkow-taiwan\\\/\",\"name\":\"Zaklejarka do kubk\u00f3w Taiwan - Kulki Do Bubble Tea\",\"isPartOf\":{\"@id\":\"https:\\\/\\\/kulkidobubbletea.pl\\\/#website\"},\"primaryImageOfPage\":{\"@id\":\"https:\\\/\\\/kulkidobubbletea.pl\\\/sklep\\\/sprzet\\\/zaklejarka-do-kubkow-taiwan\\\/#primaryimage\"},\"image\":{\"@id\":\"https:\\\/\\\/kulkidobubbletea.pl\\\/sklep\\\/sprzet\\\/zaklejarka-do-kubkow-taiwan\\\/#primaryimage\"},\"thumbnailUrl\":\"https:\\\/\\\/kulkidobubbletea.pl\\\/wp-content\\\/uploads\\\/2024\\\/05\\\/Zdjecie-zaklejarki-do-sklepu.png\",\"datePublished\":\"2024-05-04T12:18:04+00:00\",\"dateModified\":\"2025-08-11T08:37:41+00:00\",\"breadcrumb\":{\"@id\":\"https:\\\/\\\/kulkidobubbletea.pl\\\/sklep\\\/sprzet\\\/zaklejarka-do-kubkow-taiwan\\\/#breadcrumb\"},\"inLanguage\":\"hu\",\"potentialAction\":[{\"@type\":\"ReadAction\",\"target\":[\"https:\\\/\\\/kulkidobubbletea.pl\\\/sklep\\\/sprzet\\\/zaklejarka-do-kubkow-taiwan\\\/\"]}]},{\"@type\":\"ImageObject\",\"inLanguage\":\"hu\",\"@id\":\"https:\\\/\\\/kulkidobubbletea.pl\\\/sklep\\\/sprzet\\\/zaklejarka-do-kubkow-taiwan\\\/#primaryimage\",\"url\":\"https:\\\/\\\/kulkidobubbletea.pl\\\/wp-content\\\/uploads\\\/2024\\\/05\\\/Zdjecie-zaklejarki-do-sklepu.png\",\"contentUrl\":\"https:\\\/\\\/kulkidobubbletea.pl\\\/wp-content\\\/uploads\\\/2024\\\/05\\\/Zdjecie-zaklejarki-do-sklepu.png\",\"width\":770,\"height\":1155},{\"@type\":\"BreadcrumbList\",\"@id\":\"https:\\\/\\\/kulkidobubbletea.pl\\\/sklep\\\/sprzet\\\/zaklejarka-do-kubkow-taiwan\\\/#breadcrumb\",\"itemListElement\":[{\"@type\":\"ListItem\",\"position\":1,\"name\":\"Strona g\u0142\u00f3wna\",\"item\":\"https:\\\/\\\/kulkidobubbletea.pl\\\/\"},{\"@type\":\"ListItem\",\"position\":2,\"name\":\"Sklep\",\"item\":\"https:\\\/\\\/kulkidobubbletea.pl\\\/sklep\\\/\"},{\"@type\":\"ListItem\",\"position\":3,\"name\":\"Zaklejarka do kubk\u00f3w Taiwan\"}]},{\"@type\":\"WebSite\",\"@id\":\"https:\\\/\\\/kulkidobubbletea.pl\\\/#website\",\"url\":\"https:\\\/\\\/kulkidobubbletea.pl\\\/\",\"name\":\"Kulki Do Bubble Tea\",\"description\":\"Sklep online z artyku\u0142ami do bubble tea\",\"publisher\":{\"@id\":\"https:\\\/\\\/kulkidobubbletea.pl\\\/#organization\"},\"potentialAction\":[{\"@type\":\"SearchAction\",\"target\":{\"@type\":\"EntryPoint\",\"urlTemplate\":\"https:\\\/\\\/kulkidobubbletea.pl\\\/?s={search_term_string}\"},\"query-input\":{\"@type\":\"PropertyValueSpecification\",\"valueRequired\":true,\"valueName\":\"search_term_string\"}}],\"inLanguage\":\"hu\"},{\"@type\":\"Organization\",\"@id\":\"https:\\\/\\\/kulkidobubbletea.pl\\\/#organization\",\"name\":\"Kulki Do Bubble Tea\",\"url\":\"https:\\\/\\\/kulkidobubbletea.pl\\\/\",\"logo\":{\"@type\":\"ImageObject\",\"inLanguage\":\"hu\",\"@id\":\"https:\\\/\\\/kulkidobubbletea.pl\\\/#\\\/schema\\\/logo\\\/image\\\/\",\"url\":\"https:\\\/\\\/kulkidobubbletea.pl\\\/wp-content\\\/uploads\\\/2024\\\/04\\\/Original-on-Transparent.png\",\"contentUrl\":\"https:\\\/\\\/kulkidobubbletea.pl\\\/wp-content\\\/uploads\\\/2024\\\/04\\\/Original-on-Transparent.png\",\"width\":5000,\"height\":1109,\"caption\":\"Kulki Do Bubble Tea\"},\"image\":{\"@id\":\"https:\\\/\\\/kulkidobubbletea.pl\\\/#\\\/schema\\\/logo\\\/image\\\/\"}}]}<\/script>\n<!-- \/ Yoast SEO Premium plugin. -->","yoast_head_json":{"title":"Taiwan Cup Sealer - Bubble Tea Balls - Bubor\u00e9k tea goly\u00f3k","robots":{"index":"index","follow":"follow","max-snippet":"max-snippet:-1","max-image-preview":"max-image-preview:large","max-video-preview":"max-video-preview:-1"},"canonical":"https:\/\/kulkidobubbletea.pl\/hu\/shop\/berendezes\/csesze-tomito-tajvan\/","og_locale":"hu_HU","og_type":"article","og_title":"Zaklejarka do kubk\u00f3w Taiwan","og_description":"Nowy model zaklejarek YF-98S Sprz\u0119t najwy\u017cszej klasy, produkcji Tajwanskiej &#8211; nie Chi\u0144skiej! Bardzo znacz\u0105ca r\u00f3\u017cnica, sprz\u0119t gwarantuje bezawaryjno\u015b\u0107, \u00a0bezpiecze\u0144stwo oraz","og_url":"https:\/\/kulkidobubbletea.pl\/hu\/shop\/berendezes\/csesze-tomito-tajvan\/","og_site_name":"Kulki Do Bubble Tea","article_modified_time":"2025-08-11T08:37:41+00:00","og_image":[{"width":770,"height":1155,"url":"https:\/\/kulkidobubbletea.pl\/wp-content\/uploads\/2024\/05\/Zdjecie-zaklejarki-do-sklepu.png","type":"image\/png"}],"twitter_card":"summary_large_image","twitter_misc":{"Becs\u00fclt olvas\u00e1si id\u0151":"1 perc"},"schema":{"@context":"https:\/\/schema.org","@graph":[{"@type":"WebPage","@id":"https:\/\/kulkidobubbletea.pl\/sklep\/sprzet\/zaklejarka-do-kubkow-taiwan\/","url":"https:\/\/kulkidobubbletea.pl\/sklep\/sprzet\/zaklejarka-do-kubkow-taiwan\/","name":"Taiwan Cup Sealer - Bubble Tea Balls - Bubor\u00e9k tea goly\u00f3k","isPartOf":{"@id":"https:\/\/kulkidobubbletea.pl\/#website"},"primaryImageOfPage":{"@id":"https:\/\/kulkidobubbletea.pl\/sklep\/sprzet\/zaklejarka-do-kubkow-taiwan\/#primaryimage"},"image":{"@id":"https:\/\/kulkidobubbletea.pl\/sklep\/sprzet\/zaklejarka-do-kubkow-taiwan\/#primaryimage"},"thumbnailUrl":"https:\/\/kulkidobubbletea.pl\/wp-content\/uploads\/2024\/05\/Zdjecie-zaklejarki-do-sklepu.png","datePublished":"2024-05-04T12:18:04+00:00","dateModified":"2025-08-11T08:37:41+00:00","breadcrumb":{"@id":"https:\/\/kulkidobubbletea.pl\/sklep\/sprzet\/zaklejarka-do-kubkow-taiwan\/#breadcrumb"},"inLanguage":"hu","potentialAction":[{"@type":"ReadAction","target":["https:\/\/kulkidobubbletea.pl\/sklep\/sprzet\/zaklejarka-do-kubkow-taiwan\/"]}]},{"@type":"ImageObject","inLanguage":"hu","@id":"https:\/\/kulkidobubbletea.pl\/sklep\/sprzet\/zaklejarka-do-kubkow-taiwan\/#primaryimage","url":"https:\/\/kulkidobubbletea.pl\/wp-content\/uploads\/2024\/05\/Zdjecie-zaklejarki-do-sklepu.png","contentUrl":"https:\/\/kulkidobubbletea.pl\/wp-content\/uploads\/2024\/05\/Zdjecie-zaklejarki-do-sklepu.png","width":770,"height":1155},{"@type":"BreadcrumbList","@id":"https:\/\/kulkidobubbletea.pl\/sklep\/sprzet\/zaklejarka-do-kubkow-taiwan\/#breadcrumb","itemListElement":[{"@type":"ListItem","position":1,"name":"Strona g\u0142\u00f3wna","item":"https:\/\/kulkidobubbletea.pl\/"},{"@type":"ListItem","position":2,"name":"Sklep","item":"https:\/\/kulkidobubbletea.pl\/sklep\/"},{"@type":"ListItem","position":3,"name":"Zaklejarka do kubk\u00f3w Taiwan"}]},{"@type":"WebSite","@id":"https:\/\/kulkidobubbletea.pl\/#website","url":"https:\/\/kulkidobubbletea.pl\/","name":"Bubor\u00e9k tea goly\u00f3k","description":"Online bubor\u00e9k tea \u00fczlet","publisher":{"@id":"https:\/\/kulkidobubbletea.pl\/#organization"},"potentialAction":[{"@type":"SearchAction","target":{"@type":"EntryPoint","urlTemplate":"https:\/\/kulkidobubbletea.pl\/?s={search_term_string}"},"query-input":{"@type":"PropertyValueSpecification","valueRequired":true,"valueName":"search_term_string"}}],"inLanguage":"hu"},{"@type":"Organization","@id":"https:\/\/kulkidobubbletea.pl\/#organization","name":"Bubor\u00e9k tea goly\u00f3k","url":"https:\/\/kulkidobubbletea.pl\/","logo":{"@type":"ImageObject","inLanguage":"hu","@id":"https:\/\/kulkidobubbletea.pl\/#\/schema\/logo\/image\/","url":"https:\/\/kulkidobubbletea.pl\/wp-content\/uploads\/2024\/04\/Original-on-Transparent.png","contentUrl":"https:\/\/kulkidobubbletea.pl\/wp-content\/uploads\/2024\/04\/Original-on-Transparent.png","width":5000,"height":1109,"caption":"Kulki Do Bubble Tea"},"image":{"@id":"https:\/\/kulkidobubbletea.pl\/#\/schema\/logo\/image\/"}}]}},"_links":{"self":[{"href":"https:\/\/kulkidobubbletea.pl\/hu\/wp-json\/wp\/v2\/product\/11011","targetHints":{"allow":["GET"]}}],"collection":[{"href":"https:\/\/kulkidobubbletea.pl\/hu\/wp-json\/wp\/v2\/product"}],"about":[{"href":"https:\/\/kulkidobubbletea.pl\/hu\/wp-json\/wp\/v2\/types\/product"}],"replies":[{"embeddable":true,"href":"https:\/\/kulkidobubbletea.pl\/hu\/wp-json\/wp\/v2\/comments?post=11011"}],"version-history":[{"count":1,"href":"https:\/\/kulkidobubbletea.pl\/hu\/wp-json\/wp\/v2\/product\/11011\/revisions"}],"predecessor-version":[{"id":11892,"href":"https:\/\/kulkidobubbletea.pl\/hu\/wp-json\/wp\/v2\/product\/11011\/revisions\/11892"}],"wp:featuredmedia":[{"embeddable":true,"href":"https:\/\/kulkidobubbletea.pl\/hu\/wp-json\/wp\/v2\/media\/11891"}],"wp:attachment":[{"href":"https:\/\/kulkidobubbletea.pl\/hu\/wp-json\/wp\/v2\/media?parent=11011"}],"wp:term":[{"taxonomy":"product_brand","embeddable":true,"href":"https:\/\/kulkidobubbletea.pl\/hu\/wp-json\/wp\/v2\/product_brand?post=11011"},{"taxonomy":"product_cat","embeddable":true,"href":"https:\/\/kulkidobubbletea.pl\/hu\/wp-json\/wp\/v2\/product_cat?post=11011"},{"taxonomy":"product_tag","embeddable":true,"href":"https:\/\/kulkidobubbletea.pl\/hu\/wp-json\/wp\/v2\/product_tag?post=11011"}],"curies":[{"name":"wp","href":"https:\/\/api.w.org\/{rel}","templated":true}]}}