{"id":10984,"date":"2024-05-04T12:17:56","date_gmt":"2024-05-04T12:17:56","guid":{"rendered":"https:\/\/kulkidobubbletea.pl\/produkt\/zelki-nata-de-coco-tecza-mix-38kg-2\/"},"modified":"2026-04-16T11:42:34","modified_gmt":"2026-04-16T11:42:34","slug":"zelki-nata-de-coco-tecza-mix-38kg-2","status":"publish","type":"product","link":"https:\/\/kulkidobubbletea.pl\/hu\/shop\/nata-de-coco-zelki\/zelki-nata-de-coco-tecza-mix-38kg-2\/","title":{"rendered":"Bubble Tea Jelly | Nata De Coco Rainbow Mix 3.8 kg"},"content":{"rendered":"<p>Eredeti tajvani Nata De Coco zsel\u00e9 t\u00f6bbf\u00e9le gy\u00fcm\u00f6lcs \u00edzzel - mix.<\/p>\n<p>&nbsp;<\/p>\n<p>Csomagol\u00e1s 3,8 kg.<\/p>\n<p>&nbsp;<\/p>\n<p>Tajvanon k\u00e9sz\u00fclt.<\/p>\n<p>&nbsp;<\/p>","protected":false},"excerpt":{"rendered":"<p>Oryginalne tajwa\u0144skie \u017celki Nata De Coco o smaku wieloowocowym &#8211; mix. &nbsp; Opakowanie 3,8kg. &nbsp; Made in Taiwan. &nbsp;<\/p>","protected":false},"featured_media":12376,"comment_status":"open","ping_status":"closed","template":"","meta":[],"product_brand":[],"product_cat":[314],"product_tag":[],"class_list":{"0":"post-10984","1":"product","2":"type-product","3":"status-publish","4":"has-post-thumbnail","6":"product_cat-zelki-nata-de-coco","8":"first","9":"instock","10":"taxable","11":"shipping-taxable","12":"purchasable","13":"product-type-simple"},"yoast_head":"<!-- This site is optimized with the Yoast SEO Premium plugin v23.7 (Yoast SEO v27.3) - https:\/\/yoast.com\/product\/yoast-seo-premium-wordpress\/ -->\n<title>\u017belki do Bubble Tea | Nata De Coco T\u0119cza Mix 3.8 kg - Kulki Do Bubble Tea<\/title>\n<meta name=\"robots\" content=\"index, follow, max-snippet:-1, max-image-preview:large, max-video-preview:-1\" \/>\n<link rel=\"canonical\" href=\"https:\/\/kulkidobubbletea.pl\/hu\/shop\/nata-de-coco-zelki\/zelki-nata-de-coco-tecza-mix-38kg-2\/\" \/>\n<meta property=\"og:locale\" content=\"hu_HU\" \/>\n<meta property=\"og:type\" content=\"article\" \/>\n<meta property=\"og:title\" content=\"\u017belki do Bubble Tea | Nata De Coco T\u0119cza Mix 3.8 kg\" \/>\n<meta property=\"og:description\" content=\"Oryginalne tajwa\u0144skie \u017celki Nata De Coco o smaku wieloowocowym &#8211; mix. &nbsp; Opakowanie 3,8kg. &nbsp; Made in Taiwan. &nbsp;\" \/>\n<meta property=\"og:url\" content=\"https:\/\/kulkidobubbletea.pl\/hu\/shop\/nata-de-coco-zelki\/zelki-nata-de-coco-tecza-mix-38kg-2\/\" \/>\n<meta property=\"og:site_name\" content=\"Kulki Do Bubble Tea\" \/>\n<meta property=\"article:modified_time\" content=\"2026-04-16T11:42:34+00:00\" \/>\n<meta property=\"og:image\" content=\"https:\/\/kulkidobubbletea.pl\/wp-content\/uploads\/2024\/05\/mix.png\" \/>\n\t<meta property=\"og:image:width\" content=\"2000\" \/>\n\t<meta property=\"og:image:height\" content=\"2000\" \/>\n\t<meta property=\"og:image:type\" content=\"image\/png\" \/>\n<meta name=\"twitter:card\" content=\"summary_large_image\" \/>\n<meta name=\"twitter:label1\" content=\"Becs\u00fclt olvas\u00e1si id\u0151\" \/>\n\t<meta name=\"twitter:data1\" content=\"1 perc\" \/>\n<script type=\"application\/ld+json\" class=\"yoast-schema-graph\">{\"@context\":\"https:\\\/\\\/schema.org\",\"@graph\":[{\"@type\":\"WebPage\",\"@id\":\"https:\\\/\\\/kulkidobubbletea.pl\\\/sklep\\\/zelki-nata-de-coco\\\/zelki-nata-de-coco-tecza-mix-38kg-2\\\/\",\"url\":\"https:\\\/\\\/kulkidobubbletea.pl\\\/sklep\\\/zelki-nata-de-coco\\\/zelki-nata-de-coco-tecza-mix-38kg-2\\\/\",\"name\":\"\u017belki do Bubble Tea | Nata De Coco T\u0119cza Mix 3.8 kg - Kulki Do Bubble Tea\",\"isPartOf\":{\"@id\":\"https:\\\/\\\/kulkidobubbletea.pl\\\/#website\"},\"primaryImageOfPage\":{\"@id\":\"https:\\\/\\\/kulkidobubbletea.pl\\\/sklep\\\/zelki-nata-de-coco\\\/zelki-nata-de-coco-tecza-mix-38kg-2\\\/#primaryimage\"},\"image\":{\"@id\":\"https:\\\/\\\/kulkidobubbletea.pl\\\/sklep\\\/zelki-nata-de-coco\\\/zelki-nata-de-coco-tecza-mix-38kg-2\\\/#primaryimage\"},\"thumbnailUrl\":\"https:\\\/\\\/kulkidobubbletea.pl\\\/wp-content\\\/uploads\\\/2024\\\/05\\\/mix.png\",\"datePublished\":\"2024-05-04T12:17:56+00:00\",\"dateModified\":\"2026-04-16T11:42:34+00:00\",\"breadcrumb\":{\"@id\":\"https:\\\/\\\/kulkidobubbletea.pl\\\/sklep\\\/zelki-nata-de-coco\\\/zelki-nata-de-coco-tecza-mix-38kg-2\\\/#breadcrumb\"},\"inLanguage\":\"hu\",\"potentialAction\":[{\"@type\":\"ReadAction\",\"target\":[\"https:\\\/\\\/kulkidobubbletea.pl\\\/sklep\\\/zelki-nata-de-coco\\\/zelki-nata-de-coco-tecza-mix-38kg-2\\\/\"]}]},{\"@type\":\"ImageObject\",\"inLanguage\":\"hu\",\"@id\":\"https:\\\/\\\/kulkidobubbletea.pl\\\/sklep\\\/zelki-nata-de-coco\\\/zelki-nata-de-coco-tecza-mix-38kg-2\\\/#primaryimage\",\"url\":\"https:\\\/\\\/kulkidobubbletea.pl\\\/wp-content\\\/uploads\\\/2024\\\/05\\\/mix.png\",\"contentUrl\":\"https:\\\/\\\/kulkidobubbletea.pl\\\/wp-content\\\/uploads\\\/2024\\\/05\\\/mix.png\",\"width\":2000,\"height\":2000},{\"@type\":\"BreadcrumbList\",\"@id\":\"https:\\\/\\\/kulkidobubbletea.pl\\\/sklep\\\/zelki-nata-de-coco\\\/zelki-nata-de-coco-tecza-mix-38kg-2\\\/#breadcrumb\",\"itemListElement\":[{\"@type\":\"ListItem\",\"position\":1,\"name\":\"Strona g\u0142\u00f3wna\",\"item\":\"https:\\\/\\\/kulkidobubbletea.pl\\\/\"},{\"@type\":\"ListItem\",\"position\":2,\"name\":\"Sklep\",\"item\":\"https:\\\/\\\/kulkidobubbletea.pl\\\/sklep\\\/\"},{\"@type\":\"ListItem\",\"position\":3,\"name\":\"\u017belki do Bubble Tea | Nata De Coco T\u0119cza Mix 3.8 kg\"}]},{\"@type\":\"WebSite\",\"@id\":\"https:\\\/\\\/kulkidobubbletea.pl\\\/#website\",\"url\":\"https:\\\/\\\/kulkidobubbletea.pl\\\/\",\"name\":\"Kulki Do Bubble Tea\",\"description\":\"Sklep online z artyku\u0142ami do bubble tea\",\"publisher\":{\"@id\":\"https:\\\/\\\/kulkidobubbletea.pl\\\/#organization\"},\"potentialAction\":[{\"@type\":\"SearchAction\",\"target\":{\"@type\":\"EntryPoint\",\"urlTemplate\":\"https:\\\/\\\/kulkidobubbletea.pl\\\/?s={search_term_string}\"},\"query-input\":{\"@type\":\"PropertyValueSpecification\",\"valueRequired\":true,\"valueName\":\"search_term_string\"}}],\"inLanguage\":\"hu\"},{\"@type\":\"Organization\",\"@id\":\"https:\\\/\\\/kulkidobubbletea.pl\\\/#organization\",\"name\":\"Kulki Do Bubble Tea\",\"url\":\"https:\\\/\\\/kulkidobubbletea.pl\\\/\",\"logo\":{\"@type\":\"ImageObject\",\"inLanguage\":\"hu\",\"@id\":\"https:\\\/\\\/kulkidobubbletea.pl\\\/#\\\/schema\\\/logo\\\/image\\\/\",\"url\":\"https:\\\/\\\/kulkidobubbletea.pl\\\/wp-content\\\/uploads\\\/2024\\\/04\\\/Original-on-Transparent.png\",\"contentUrl\":\"https:\\\/\\\/kulkidobubbletea.pl\\\/wp-content\\\/uploads\\\/2024\\\/04\\\/Original-on-Transparent.png\",\"width\":5000,\"height\":1109,\"caption\":\"Kulki Do Bubble Tea\"},\"image\":{\"@id\":\"https:\\\/\\\/kulkidobubbletea.pl\\\/#\\\/schema\\\/logo\\\/image\\\/\"}}]}<\/script>\n<!-- \/ Yoast SEO Premium plugin. -->","yoast_head_json":{"title":"Bubble Tea zsel\u00e9 gy\u00f6ngy\u00f6k | Nata De Coco Rainbow Mix 3,8 kg - Bubble Tea Gy\u00f6ngy\u00f6k","robots":{"index":"index","follow":"follow","max-snippet":"max-snippet:-1","max-image-preview":"max-image-preview:large","max-video-preview":"max-video-preview:-1"},"canonical":"https:\/\/kulkidobubbletea.pl\/hu\/shop\/nata-de-coco-zelki\/zelki-nata-de-coco-tecza-mix-38kg-2\/","og_locale":"hu_HU","og_type":"article","og_title":"\u017belki do Bubble Tea | Nata De Coco T\u0119cza Mix 3.8 kg","og_description":"Oryginalne tajwa\u0144skie \u017celki Nata De Coco o smaku wieloowocowym &#8211; mix. &nbsp; Opakowanie 3,8kg. &nbsp; Made in Taiwan. &nbsp;","og_url":"https:\/\/kulkidobubbletea.pl\/hu\/shop\/nata-de-coco-zelki\/zelki-nata-de-coco-tecza-mix-38kg-2\/","og_site_name":"Kulki Do Bubble Tea","article_modified_time":"2026-04-16T11:42:34+00:00","og_image":[{"width":2000,"height":2000,"url":"https:\/\/kulkidobubbletea.pl\/wp-content\/uploads\/2024\/05\/mix.png","type":"image\/png"}],"twitter_card":"summary_large_image","twitter_misc":{"Becs\u00fclt olvas\u00e1si id\u0151":"1 perc"},"schema":{"@context":"https:\/\/schema.org","@graph":[{"@type":"WebPage","@id":"https:\/\/kulkidobubbletea.pl\/sklep\/zelki-nata-de-coco\/zelki-nata-de-coco-tecza-mix-38kg-2\/","url":"https:\/\/kulkidobubbletea.pl\/sklep\/zelki-nata-de-coco\/zelki-nata-de-coco-tecza-mix-38kg-2\/","name":"Bubble Tea zsel\u00e9 gy\u00f6ngy\u00f6k | Nata De Coco Rainbow Mix 3,8 kg - Bubble Tea Gy\u00f6ngy\u00f6k","isPartOf":{"@id":"https:\/\/kulkidobubbletea.pl\/#website"},"primaryImageOfPage":{"@id":"https:\/\/kulkidobubbletea.pl\/sklep\/zelki-nata-de-coco\/zelki-nata-de-coco-tecza-mix-38kg-2\/#primaryimage"},"image":{"@id":"https:\/\/kulkidobubbletea.pl\/sklep\/zelki-nata-de-coco\/zelki-nata-de-coco-tecza-mix-38kg-2\/#primaryimage"},"thumbnailUrl":"https:\/\/kulkidobubbletea.pl\/wp-content\/uploads\/2024\/05\/mix.png","datePublished":"2024-05-04T12:17:56+00:00","dateModified":"2026-04-16T11:42:34+00:00","breadcrumb":{"@id":"https:\/\/kulkidobubbletea.pl\/sklep\/zelki-nata-de-coco\/zelki-nata-de-coco-tecza-mix-38kg-2\/#breadcrumb"},"inLanguage":"hu","potentialAction":[{"@type":"ReadAction","target":["https:\/\/kulkidobubbletea.pl\/sklep\/zelki-nata-de-coco\/zelki-nata-de-coco-tecza-mix-38kg-2\/"]}]},{"@type":"ImageObject","inLanguage":"hu","@id":"https:\/\/kulkidobubbletea.pl\/sklep\/zelki-nata-de-coco\/zelki-nata-de-coco-tecza-mix-38kg-2\/#primaryimage","url":"https:\/\/kulkidobubbletea.pl\/wp-content\/uploads\/2024\/05\/mix.png","contentUrl":"https:\/\/kulkidobubbletea.pl\/wp-content\/uploads\/2024\/05\/mix.png","width":2000,"height":2000},{"@type":"BreadcrumbList","@id":"https:\/\/kulkidobubbletea.pl\/sklep\/zelki-nata-de-coco\/zelki-nata-de-coco-tecza-mix-38kg-2\/#breadcrumb","itemListElement":[{"@type":"ListItem","position":1,"name":"Strona g\u0142\u00f3wna","item":"https:\/\/kulkidobubbletea.pl\/"},{"@type":"ListItem","position":2,"name":"Sklep","item":"https:\/\/kulkidobubbletea.pl\/sklep\/"},{"@type":"ListItem","position":3,"name":"\u017belki do Bubble Tea | Nata De Coco T\u0119cza Mix 3.8 kg"}]},{"@type":"WebSite","@id":"https:\/\/kulkidobubbletea.pl\/#website","url":"https:\/\/kulkidobubbletea.pl\/","name":"Bubor\u00e9k tea goly\u00f3k","description":"Online bubor\u00e9k tea \u00fczlet","publisher":{"@id":"https:\/\/kulkidobubbletea.pl\/#organization"},"potentialAction":[{"@type":"SearchAction","target":{"@type":"EntryPoint","urlTemplate":"https:\/\/kulkidobubbletea.pl\/?s={search_term_string}"},"query-input":{"@type":"PropertyValueSpecification","valueRequired":true,"valueName":"search_term_string"}}],"inLanguage":"hu"},{"@type":"Organization","@id":"https:\/\/kulkidobubbletea.pl\/#organization","name":"Bubor\u00e9k tea goly\u00f3k","url":"https:\/\/kulkidobubbletea.pl\/","logo":{"@type":"ImageObject","inLanguage":"hu","@id":"https:\/\/kulkidobubbletea.pl\/#\/schema\/logo\/image\/","url":"https:\/\/kulkidobubbletea.pl\/wp-content\/uploads\/2024\/04\/Original-on-Transparent.png","contentUrl":"https:\/\/kulkidobubbletea.pl\/wp-content\/uploads\/2024\/04\/Original-on-Transparent.png","width":5000,"height":1109,"caption":"Kulki Do Bubble Tea"},"image":{"@id":"https:\/\/kulkidobubbletea.pl\/#\/schema\/logo\/image\/"}}]}},"_links":{"self":[{"href":"https:\/\/kulkidobubbletea.pl\/hu\/wp-json\/wp\/v2\/product\/10984","targetHints":{"allow":["GET"]}}],"collection":[{"href":"https:\/\/kulkidobubbletea.pl\/hu\/wp-json\/wp\/v2\/product"}],"about":[{"href":"https:\/\/kulkidobubbletea.pl\/hu\/wp-json\/wp\/v2\/types\/product"}],"replies":[{"embeddable":true,"href":"https:\/\/kulkidobubbletea.pl\/hu\/wp-json\/wp\/v2\/comments?post=10984"}],"version-history":[{"count":4,"href":"https:\/\/kulkidobubbletea.pl\/hu\/wp-json\/wp\/v2\/product\/10984\/revisions"}],"predecessor-version":[{"id":12399,"href":"https:\/\/kulkidobubbletea.pl\/hu\/wp-json\/wp\/v2\/product\/10984\/revisions\/12399"}],"wp:featuredmedia":[{"embeddable":true,"href":"https:\/\/kulkidobubbletea.pl\/hu\/wp-json\/wp\/v2\/media\/12376"}],"wp:attachment":[{"href":"https:\/\/kulkidobubbletea.pl\/hu\/wp-json\/wp\/v2\/media?parent=10984"}],"wp:term":[{"taxonomy":"product_brand","embeddable":true,"href":"https:\/\/kulkidobubbletea.pl\/hu\/wp-json\/wp\/v2\/product_brand?post=10984"},{"taxonomy":"product_cat","embeddable":true,"href":"https:\/\/kulkidobubbletea.pl\/hu\/wp-json\/wp\/v2\/product_cat?post=10984"},{"taxonomy":"product_tag","embeddable":true,"href":"https:\/\/kulkidobubbletea.pl\/hu\/wp-json\/wp\/v2\/product_tag?post=10984"}],"curies":[{"name":"wp","href":"https:\/\/api.w.org\/{rel}","templated":true}]}}