{"id":11035,"date":"2024-05-14T12:18:10","date_gmt":"2024-05-14T12:18:10","guid":{"rendered":"https:\/\/kulkidobubbletea.pl\/produkt\/syrop-eu-brzoskwinia-27kg-2\/"},"modified":"2026-04-17T07:38:46","modified_gmt":"2026-04-17T07:38:46","slug":"sirop-de-peche-de-lue-27kg-2","status":"publish","type":"product","link":"https:\/\/kulkidobubbletea.pl\/fr\/boutique\/sirops-pour-the-a-bulles\/sirop-de-peche-de-lue-27kg-2\/","title":{"rendered":"Sirop pour th\u00e9 \u00e0 bulles | P\u00eache | Taiwan | 2.5 kg"},"content":{"rendered":"<p>SIROP ORIGINAL DE TA\u00cfWAN, SAVEUR P\u00caCHE<\/p>\n<p>&nbsp;<\/p>\n<p>Qualit\u00e9 sup\u00e9rieure, go\u00fbt original et brillant.<\/p>\n<p>&nbsp;<\/p>\n<p>\u00c0 ne pas confondre avec la production europ\u00e9enne. Il s'agit d'un produit original import\u00e9 de Ta\u00efwan, le berceau du Bubble Tea, qui garantit la meilleure qualit\u00e9 et le meilleur go\u00fbt du produit obtenu.<\/p>\n<p>&nbsp;<\/p>\n<p>Les sirops sont efficaces, 40 \u00e0 50 ml de sirop pour 500 ml de boisson finie.<\/p>\n<p>&nbsp;<\/p>\n<p>Des dates de p\u00e9remption longues, la grande majorit\u00e9 des sirops ayant une date minimale de 2027.<\/p>\n<p>&nbsp;<\/p>\n<p>Lors de la commande d'un pack complet en vrac d'un ar\u00f4me sp\u00e9cifique (carton de 6 sirops), nous incluons une pompe gratuitement.<\/p>\n<p>&nbsp;<\/p>\n<p>Produit et forme de la bouteille identiques \u00e0 la photo.<\/p>","protected":false},"excerpt":{"rendered":"<p>ORYGINALNY TAJWA\u0143SKI SYROP, SMAK BRZOSKWINIA &nbsp; Jako\u015b\u0107 premium, genialny, oryginalny smak. &nbsp; Nie myli\u0107 z produkcj\u0105 europejsk\u0105. Jest to oryginalny<\/p>","protected":false},"featured_media":15462,"comment_status":"open","ping_status":"closed","template":"","meta":[],"product_brand":[],"product_cat":[312],"product_tag":[],"class_list":{"0":"post-11035","1":"product","2":"type-product","3":"status-publish","4":"has-post-thumbnail","6":"product_cat-syropy-do-bubble-tea","8":"first","9":"instock","10":"taxable","11":"shipping-taxable","12":"purchasable","13":"product-type-simple"},"yoast_head":"<!-- This site is optimized with the Yoast SEO Premium plugin v23.7 (Yoast SEO v27.3) - https:\/\/yoast.com\/product\/yoast-seo-premium-wordpress\/ -->\n<title>Syrop Do Bubble Tea | Brzoskwinia | Tajwan | 2.5 kg - Kulki Do Bubble Tea<\/title>\n<meta name=\"robots\" content=\"index, follow, max-snippet:-1, max-image-preview:large, max-video-preview:-1\" \/>\n<link rel=\"canonical\" href=\"https:\/\/kulkidobubbletea.pl\/fr\/boutique\/sirops-pour-the-a-bulles\/sirop-de-peche-de-lue-27kg-2\/\" \/>\n<meta property=\"og:locale\" content=\"fr_FR\" \/>\n<meta property=\"og:type\" content=\"article\" \/>\n<meta property=\"og:title\" content=\"Syrop Do Bubble Tea | Brzoskwinia | Tajwan | 2.5 kg\" \/>\n<meta property=\"og:description\" content=\"ORYGINALNY TAJWA\u0143SKI SYROP, SMAK BRZOSKWINIA &nbsp; Jako\u015b\u0107 premium, genialny, oryginalny smak. &nbsp; Nie myli\u0107 z produkcj\u0105 europejsk\u0105. Jest to oryginalny\" \/>\n<meta property=\"og:url\" content=\"https:\/\/kulkidobubbletea.pl\/fr\/boutique\/sirops-pour-the-a-bulles\/sirop-de-peche-de-lue-27kg-2\/\" \/>\n<meta property=\"og:site_name\" content=\"Kulki Do Bubble Tea\" \/>\n<meta property=\"article:modified_time\" content=\"2026-04-17T07:38:46+00:00\" \/>\n<meta property=\"og:image\" content=\"https:\/\/kulkidobubbletea.pl\/wp-content\/uploads\/2025\/03\/brzoskwinia.jpg\" \/>\n\t<meta property=\"og:image:width\" content=\"2000\" \/>\n\t<meta property=\"og:image:height\" content=\"2000\" \/>\n\t<meta property=\"og:image:type\" content=\"image\/jpeg\" \/>\n<meta name=\"twitter:card\" content=\"summary_large_image\" \/>\n<meta name=\"twitter:label1\" content=\"Dur\u00e9e de lecture estim\u00e9e\" \/>\n\t<meta name=\"twitter:data1\" content=\"1 minute\" \/>\n<script type=\"application\/ld+json\" class=\"yoast-schema-graph\">{\"@context\":\"https:\\\/\\\/schema.org\",\"@graph\":[{\"@type\":\"WebPage\",\"@id\":\"https:\\\/\\\/kulkidobubbletea.pl\\\/sklep\\\/syropy-do-bubble-tea\\\/syrop-eu-brzoskwinia-27kg-2\\\/\",\"url\":\"https:\\\/\\\/kulkidobubbletea.pl\\\/sklep\\\/syropy-do-bubble-tea\\\/syrop-eu-brzoskwinia-27kg-2\\\/\",\"name\":\"Syrop Do Bubble Tea | Brzoskwinia | Tajwan | 2.5 kg - Kulki Do Bubble Tea\",\"isPartOf\":{\"@id\":\"https:\\\/\\\/kulkidobubbletea.pl\\\/#website\"},\"primaryImageOfPage\":{\"@id\":\"https:\\\/\\\/kulkidobubbletea.pl\\\/sklep\\\/syropy-do-bubble-tea\\\/syrop-eu-brzoskwinia-27kg-2\\\/#primaryimage\"},\"image\":{\"@id\":\"https:\\\/\\\/kulkidobubbletea.pl\\\/sklep\\\/syropy-do-bubble-tea\\\/syrop-eu-brzoskwinia-27kg-2\\\/#primaryimage\"},\"thumbnailUrl\":\"https:\\\/\\\/kulkidobubbletea.pl\\\/wp-content\\\/uploads\\\/2025\\\/03\\\/brzoskwinia.jpg\",\"datePublished\":\"2024-05-14T12:18:10+00:00\",\"dateModified\":\"2026-04-17T07:38:46+00:00\",\"breadcrumb\":{\"@id\":\"https:\\\/\\\/kulkidobubbletea.pl\\\/sklep\\\/syropy-do-bubble-tea\\\/syrop-eu-brzoskwinia-27kg-2\\\/#breadcrumb\"},\"inLanguage\":\"fr-FR\",\"potentialAction\":[{\"@type\":\"ReadAction\",\"target\":[\"https:\\\/\\\/kulkidobubbletea.pl\\\/sklep\\\/syropy-do-bubble-tea\\\/syrop-eu-brzoskwinia-27kg-2\\\/\"]}]},{\"@type\":\"ImageObject\",\"inLanguage\":\"fr-FR\",\"@id\":\"https:\\\/\\\/kulkidobubbletea.pl\\\/sklep\\\/syropy-do-bubble-tea\\\/syrop-eu-brzoskwinia-27kg-2\\\/#primaryimage\",\"url\":\"https:\\\/\\\/kulkidobubbletea.pl\\\/wp-content\\\/uploads\\\/2025\\\/03\\\/brzoskwinia.jpg\",\"contentUrl\":\"https:\\\/\\\/kulkidobubbletea.pl\\\/wp-content\\\/uploads\\\/2025\\\/03\\\/brzoskwinia.jpg\",\"width\":2000,\"height\":2000},{\"@type\":\"BreadcrumbList\",\"@id\":\"https:\\\/\\\/kulkidobubbletea.pl\\\/sklep\\\/syropy-do-bubble-tea\\\/syrop-eu-brzoskwinia-27kg-2\\\/#breadcrumb\",\"itemListElement\":[{\"@type\":\"ListItem\",\"position\":1,\"name\":\"Strona g\u0142\u00f3wna\",\"item\":\"https:\\\/\\\/kulkidobubbletea.pl\\\/\"},{\"@type\":\"ListItem\",\"position\":2,\"name\":\"Sklep\",\"item\":\"https:\\\/\\\/kulkidobubbletea.pl\\\/sklep\\\/\"},{\"@type\":\"ListItem\",\"position\":3,\"name\":\"Syrop Do Bubble Tea | Brzoskwinia | Tajwan | 2.5 kg\"}]},{\"@type\":\"WebSite\",\"@id\":\"https:\\\/\\\/kulkidobubbletea.pl\\\/#website\",\"url\":\"https:\\\/\\\/kulkidobubbletea.pl\\\/\",\"name\":\"Kulki Do Bubble Tea\",\"description\":\"Sklep online z artyku\u0142ami do bubble tea\",\"publisher\":{\"@id\":\"https:\\\/\\\/kulkidobubbletea.pl\\\/#organization\"},\"potentialAction\":[{\"@type\":\"SearchAction\",\"target\":{\"@type\":\"EntryPoint\",\"urlTemplate\":\"https:\\\/\\\/kulkidobubbletea.pl\\\/?s={search_term_string}\"},\"query-input\":{\"@type\":\"PropertyValueSpecification\",\"valueRequired\":true,\"valueName\":\"search_term_string\"}}],\"inLanguage\":\"fr-FR\"},{\"@type\":\"Organization\",\"@id\":\"https:\\\/\\\/kulkidobubbletea.pl\\\/#organization\",\"name\":\"Kulki Do Bubble Tea\",\"url\":\"https:\\\/\\\/kulkidobubbletea.pl\\\/\",\"logo\":{\"@type\":\"ImageObject\",\"inLanguage\":\"fr-FR\",\"@id\":\"https:\\\/\\\/kulkidobubbletea.pl\\\/#\\\/schema\\\/logo\\\/image\\\/\",\"url\":\"https:\\\/\\\/kulkidobubbletea.pl\\\/wp-content\\\/uploads\\\/2024\\\/04\\\/Original-on-Transparent.png\",\"contentUrl\":\"https:\\\/\\\/kulkidobubbletea.pl\\\/wp-content\\\/uploads\\\/2024\\\/04\\\/Original-on-Transparent.png\",\"width\":5000,\"height\":1109,\"caption\":\"Kulki Do Bubble Tea\"},\"image\":{\"@id\":\"https:\\\/\\\/kulkidobubbletea.pl\\\/#\\\/schema\\\/logo\\\/image\\\/\"}}]}<\/script>\n<!-- \/ Yoast SEO Premium plugin. -->","yoast_head_json":{"title":"Sirop pour Bubble Tea | P\u00eache | Taiwan | 2.5 kg - Bubble Tea Balls","robots":{"index":"index","follow":"follow","max-snippet":"max-snippet:-1","max-image-preview":"max-image-preview:large","max-video-preview":"max-video-preview:-1"},"canonical":"https:\/\/kulkidobubbletea.pl\/fr\/boutique\/sirops-pour-the-a-bulles\/sirop-de-peche-de-lue-27kg-2\/","og_locale":"fr_FR","og_type":"article","og_title":"Syrop Do Bubble Tea | Brzoskwinia | Tajwan | 2.5 kg","og_description":"ORYGINALNY TAJWA\u0143SKI SYROP, SMAK BRZOSKWINIA &nbsp; Jako\u015b\u0107 premium, genialny, oryginalny smak. &nbsp; Nie myli\u0107 z produkcj\u0105 europejsk\u0105. Jest to oryginalny","og_url":"https:\/\/kulkidobubbletea.pl\/fr\/boutique\/sirops-pour-the-a-bulles\/sirop-de-peche-de-lue-27kg-2\/","og_site_name":"Kulki Do Bubble Tea","article_modified_time":"2026-04-17T07:38:46+00:00","og_image":[{"width":2000,"height":2000,"url":"https:\/\/kulkidobubbletea.pl\/wp-content\/uploads\/2025\/03\/brzoskwinia.jpg","type":"image\/jpeg"}],"twitter_card":"summary_large_image","twitter_misc":{"Dur\u00e9e de lecture estim\u00e9e":"1 minute"},"schema":{"@context":"https:\/\/schema.org","@graph":[{"@type":"WebPage","@id":"https:\/\/kulkidobubbletea.pl\/sklep\/syropy-do-bubble-tea\/syrop-eu-brzoskwinia-27kg-2\/","url":"https:\/\/kulkidobubbletea.pl\/sklep\/syropy-do-bubble-tea\/syrop-eu-brzoskwinia-27kg-2\/","name":"Sirop pour Bubble Tea | P\u00eache | Taiwan | 2.5 kg - Bubble Tea Balls","isPartOf":{"@id":"https:\/\/kulkidobubbletea.pl\/#website"},"primaryImageOfPage":{"@id":"https:\/\/kulkidobubbletea.pl\/sklep\/syropy-do-bubble-tea\/syrop-eu-brzoskwinia-27kg-2\/#primaryimage"},"image":{"@id":"https:\/\/kulkidobubbletea.pl\/sklep\/syropy-do-bubble-tea\/syrop-eu-brzoskwinia-27kg-2\/#primaryimage"},"thumbnailUrl":"https:\/\/kulkidobubbletea.pl\/wp-content\/uploads\/2025\/03\/brzoskwinia.jpg","datePublished":"2024-05-14T12:18:10+00:00","dateModified":"2026-04-17T07:38:46+00:00","breadcrumb":{"@id":"https:\/\/kulkidobubbletea.pl\/sklep\/syropy-do-bubble-tea\/syrop-eu-brzoskwinia-27kg-2\/#breadcrumb"},"inLanguage":"fr-FR","potentialAction":[{"@type":"ReadAction","target":["https:\/\/kulkidobubbletea.pl\/sklep\/syropy-do-bubble-tea\/syrop-eu-brzoskwinia-27kg-2\/"]}]},{"@type":"ImageObject","inLanguage":"fr-FR","@id":"https:\/\/kulkidobubbletea.pl\/sklep\/syropy-do-bubble-tea\/syrop-eu-brzoskwinia-27kg-2\/#primaryimage","url":"https:\/\/kulkidobubbletea.pl\/wp-content\/uploads\/2025\/03\/brzoskwinia.jpg","contentUrl":"https:\/\/kulkidobubbletea.pl\/wp-content\/uploads\/2025\/03\/brzoskwinia.jpg","width":2000,"height":2000},{"@type":"BreadcrumbList","@id":"https:\/\/kulkidobubbletea.pl\/sklep\/syropy-do-bubble-tea\/syrop-eu-brzoskwinia-27kg-2\/#breadcrumb","itemListElement":[{"@type":"ListItem","position":1,"name":"Strona g\u0142\u00f3wna","item":"https:\/\/kulkidobubbletea.pl\/"},{"@type":"ListItem","position":2,"name":"Sklep","item":"https:\/\/kulkidobubbletea.pl\/sklep\/"},{"@type":"ListItem","position":3,"name":"Syrop Do Bubble Tea | Brzoskwinia | Tajwan | 2.5 kg"}]},{"@type":"WebSite","@id":"https:\/\/kulkidobubbletea.pl\/#website","url":"https:\/\/kulkidobubbletea.pl\/","name":"Boules de th\u00e9 \u00e0 bulles","description":"Boutique en ligne de th\u00e9 \u00e0 bulles","publisher":{"@id":"https:\/\/kulkidobubbletea.pl\/#organization"},"potentialAction":[{"@type":"SearchAction","target":{"@type":"EntryPoint","urlTemplate":"https:\/\/kulkidobubbletea.pl\/?s={search_term_string}"},"query-input":{"@type":"PropertyValueSpecification","valueRequired":true,"valueName":"search_term_string"}}],"inLanguage":"fr-FR"},{"@type":"Organization","@id":"https:\/\/kulkidobubbletea.pl\/#organization","name":"Boules de th\u00e9 \u00e0 bulles","url":"https:\/\/kulkidobubbletea.pl\/","logo":{"@type":"ImageObject","inLanguage":"fr-FR","@id":"https:\/\/kulkidobubbletea.pl\/#\/schema\/logo\/image\/","url":"https:\/\/kulkidobubbletea.pl\/wp-content\/uploads\/2024\/04\/Original-on-Transparent.png","contentUrl":"https:\/\/kulkidobubbletea.pl\/wp-content\/uploads\/2024\/04\/Original-on-Transparent.png","width":5000,"height":1109,"caption":"Kulki Do Bubble Tea"},"image":{"@id":"https:\/\/kulkidobubbletea.pl\/#\/schema\/logo\/image\/"}}]}},"_links":{"self":[{"href":"https:\/\/kulkidobubbletea.pl\/fr\/wp-json\/wp\/v2\/product\/11035","targetHints":{"allow":["GET"]}}],"collection":[{"href":"https:\/\/kulkidobubbletea.pl\/fr\/wp-json\/wp\/v2\/product"}],"about":[{"href":"https:\/\/kulkidobubbletea.pl\/fr\/wp-json\/wp\/v2\/types\/product"}],"replies":[{"embeddable":true,"href":"https:\/\/kulkidobubbletea.pl\/fr\/wp-json\/wp\/v2\/comments?post=11035"}],"version-history":[{"count":8,"href":"https:\/\/kulkidobubbletea.pl\/fr\/wp-json\/wp\/v2\/product\/11035\/revisions"}],"predecessor-version":[{"id":16977,"href":"https:\/\/kulkidobubbletea.pl\/fr\/wp-json\/wp\/v2\/product\/11035\/revisions\/16977"}],"wp:featuredmedia":[{"embeddable":true,"href":"https:\/\/kulkidobubbletea.pl\/fr\/wp-json\/wp\/v2\/media\/15462"}],"wp:attachment":[{"href":"https:\/\/kulkidobubbletea.pl\/fr\/wp-json\/wp\/v2\/media?parent=11035"}],"wp:term":[{"taxonomy":"product_brand","embeddable":true,"href":"https:\/\/kulkidobubbletea.pl\/fr\/wp-json\/wp\/v2\/product_brand?post=11035"},{"taxonomy":"product_cat","embeddable":true,"href":"https:\/\/kulkidobubbletea.pl\/fr\/wp-json\/wp\/v2\/product_cat?post=11035"},{"taxonomy":"product_tag","embeddable":true,"href":"https:\/\/kulkidobubbletea.pl\/fr\/wp-json\/wp\/v2\/product_tag?post=11035"}],"curies":[{"name":"wp","href":"https:\/\/api.w.org\/{rel}","templated":true}]}}