{"id":11018,"date":"2024-05-04T12:18:06","date_gmt":"2024-05-04T12:18:06","guid":{"rendered":"https:\/\/kulkidobubbletea.pl\/produkt\/lyzka-do-pudrow-2\/"},"modified":"2025-08-31T12:17:10","modified_gmt":"2025-08-31T12:17:10","slug":"cuillere-a-poudre-2","status":"publish","type":"product","link":"https:\/\/kulkidobubbletea.pl\/fr\/boutique\/accessoires\/cuillere-a-poudre-2\/","title":{"rendered":"Cuill\u00e8re \u00e0 poudre"},"content":{"rendered":"<p>Une cuill\u00e8re pour appliquer les poudres.<\/p>\n<p>En profondeur, la capacit\u00e9 de la cuill\u00e8re est adapt\u00e9e aux recettes \u00e0 partir desquelles le th\u00e9 \u00e0 bulles laiteux et aromatis\u00e9 est pr\u00e9par\u00e9.<\/p>","protected":false},"excerpt":{"rendered":"<p>Cuill\u00e8re pour appliquer les poudres. Profonde, la capacit\u00e9 de la cuill\u00e8re correspond aux recettes \u00e0 partir desquelles le bubble tea laiteux et aromatis\u00e9 est pr\u00e9par\u00e9.<\/p>","protected":false},"featured_media":11340,"comment_status":"open","ping_status":"closed","template":"","meta":[],"product_brand":[],"product_cat":[321],"product_tag":[],"class_list":{"0":"post-11018","1":"product","2":"type-product","3":"status-publish","4":"has-post-thumbnail","6":"product_cat-akcesoria","8":"first","9":"instock","10":"taxable","11":"shipping-taxable","12":"purchasable","13":"product-type-simple"},"yoast_head":"<!-- This site is optimized with the Yoast SEO Premium plugin v23.7 (Yoast SEO v27.3) - https:\/\/yoast.com\/product\/yoast-seo-premium-wordpress\/ -->\n<title>\u0141y\u017cka do pudr\u00f3w - Kulki Do Bubble Tea<\/title>\n<meta name=\"robots\" content=\"index, follow, max-snippet:-1, max-image-preview:large, max-video-preview:-1\" \/>\n<link rel=\"canonical\" href=\"https:\/\/kulkidobubbletea.pl\/fr\/boutique\/accessoires\/cuillere-a-poudre-2\/\" \/>\n<meta property=\"og:locale\" content=\"fr_FR\" \/>\n<meta property=\"og:type\" content=\"article\" \/>\n<meta property=\"og:title\" content=\"\u0141y\u017cka do pudr\u00f3w\" \/>\n<meta property=\"og:description\" content=\"\u0141y\u017cka do nak\u0142adania pudr\u00f3w. G\u0142\u0119boka, pojemno\u015b\u0107 \u0142y\u017cki dopasowana do przepis\u00f3w z kt\u00f3rych powstaj\u0105 mleczne, smakowe bubble tea.\" \/>\n<meta property=\"og:url\" content=\"https:\/\/kulkidobubbletea.pl\/fr\/boutique\/accessoires\/cuillere-a-poudre-2\/\" \/>\n<meta property=\"og:site_name\" content=\"Kulki Do Bubble Tea\" \/>\n<meta property=\"article:modified_time\" content=\"2025-08-31T12:17:10+00:00\" \/>\n<meta property=\"og:image\" content=\"https:\/\/kulkidobubbletea.pl\/wp-content\/uploads\/2024\/05\/LYZKA-DO-PUDROW.png\" \/>\n\t<meta property=\"og:image:width\" content=\"1000\" \/>\n\t<meta property=\"og:image:height\" content=\"1000\" \/>\n\t<meta property=\"og:image:type\" content=\"image\/png\" \/>\n<meta name=\"twitter:card\" content=\"summary_large_image\" \/>\n<script type=\"application\/ld+json\" class=\"yoast-schema-graph\">{\"@context\":\"https:\\\/\\\/schema.org\",\"@graph\":[{\"@type\":\"WebPage\",\"@id\":\"https:\\\/\\\/kulkidobubbletea.pl\\\/sklep\\\/akcesoria\\\/lyzka-do-pudrow-2\\\/\",\"url\":\"https:\\\/\\\/kulkidobubbletea.pl\\\/sklep\\\/akcesoria\\\/lyzka-do-pudrow-2\\\/\",\"name\":\"\u0141y\u017cka do pudr\u00f3w - Kulki Do Bubble Tea\",\"isPartOf\":{\"@id\":\"https:\\\/\\\/kulkidobubbletea.pl\\\/#website\"},\"primaryImageOfPage\":{\"@id\":\"https:\\\/\\\/kulkidobubbletea.pl\\\/sklep\\\/akcesoria\\\/lyzka-do-pudrow-2\\\/#primaryimage\"},\"image\":{\"@id\":\"https:\\\/\\\/kulkidobubbletea.pl\\\/sklep\\\/akcesoria\\\/lyzka-do-pudrow-2\\\/#primaryimage\"},\"thumbnailUrl\":\"https:\\\/\\\/kulkidobubbletea.pl\\\/wp-content\\\/uploads\\\/2024\\\/05\\\/LYZKA-DO-PUDROW.png\",\"datePublished\":\"2024-05-04T12:18:06+00:00\",\"dateModified\":\"2025-08-31T12:17:10+00:00\",\"breadcrumb\":{\"@id\":\"https:\\\/\\\/kulkidobubbletea.pl\\\/sklep\\\/akcesoria\\\/lyzka-do-pudrow-2\\\/#breadcrumb\"},\"inLanguage\":\"fr-FR\",\"potentialAction\":[{\"@type\":\"ReadAction\",\"target\":[\"https:\\\/\\\/kulkidobubbletea.pl\\\/sklep\\\/akcesoria\\\/lyzka-do-pudrow-2\\\/\"]}]},{\"@type\":\"ImageObject\",\"inLanguage\":\"fr-FR\",\"@id\":\"https:\\\/\\\/kulkidobubbletea.pl\\\/sklep\\\/akcesoria\\\/lyzka-do-pudrow-2\\\/#primaryimage\",\"url\":\"https:\\\/\\\/kulkidobubbletea.pl\\\/wp-content\\\/uploads\\\/2024\\\/05\\\/LYZKA-DO-PUDROW.png\",\"contentUrl\":\"https:\\\/\\\/kulkidobubbletea.pl\\\/wp-content\\\/uploads\\\/2024\\\/05\\\/LYZKA-DO-PUDROW.png\",\"width\":1000,\"height\":1000},{\"@type\":\"BreadcrumbList\",\"@id\":\"https:\\\/\\\/kulkidobubbletea.pl\\\/sklep\\\/akcesoria\\\/lyzka-do-pudrow-2\\\/#breadcrumb\",\"itemListElement\":[{\"@type\":\"ListItem\",\"position\":1,\"name\":\"Strona g\u0142\u00f3wna\",\"item\":\"https:\\\/\\\/kulkidobubbletea.pl\\\/\"},{\"@type\":\"ListItem\",\"position\":2,\"name\":\"Sklep\",\"item\":\"https:\\\/\\\/kulkidobubbletea.pl\\\/sklep\\\/\"},{\"@type\":\"ListItem\",\"position\":3,\"name\":\"\u0141y\u017cka do pudr\u00f3w\"}]},{\"@type\":\"WebSite\",\"@id\":\"https:\\\/\\\/kulkidobubbletea.pl\\\/#website\",\"url\":\"https:\\\/\\\/kulkidobubbletea.pl\\\/\",\"name\":\"Kulki Do Bubble Tea\",\"description\":\"Sklep online z artyku\u0142ami do bubble tea\",\"publisher\":{\"@id\":\"https:\\\/\\\/kulkidobubbletea.pl\\\/#organization\"},\"potentialAction\":[{\"@type\":\"SearchAction\",\"target\":{\"@type\":\"EntryPoint\",\"urlTemplate\":\"https:\\\/\\\/kulkidobubbletea.pl\\\/?s={search_term_string}\"},\"query-input\":{\"@type\":\"PropertyValueSpecification\",\"valueRequired\":true,\"valueName\":\"search_term_string\"}}],\"inLanguage\":\"fr-FR\"},{\"@type\":\"Organization\",\"@id\":\"https:\\\/\\\/kulkidobubbletea.pl\\\/#organization\",\"name\":\"Kulki Do Bubble Tea\",\"url\":\"https:\\\/\\\/kulkidobubbletea.pl\\\/\",\"logo\":{\"@type\":\"ImageObject\",\"inLanguage\":\"fr-FR\",\"@id\":\"https:\\\/\\\/kulkidobubbletea.pl\\\/#\\\/schema\\\/logo\\\/image\\\/\",\"url\":\"https:\\\/\\\/kulkidobubbletea.pl\\\/wp-content\\\/uploads\\\/2024\\\/04\\\/Original-on-Transparent.png\",\"contentUrl\":\"https:\\\/\\\/kulkidobubbletea.pl\\\/wp-content\\\/uploads\\\/2024\\\/04\\\/Original-on-Transparent.png\",\"width\":5000,\"height\":1109,\"caption\":\"Kulki Do Bubble Tea\"},\"image\":{\"@id\":\"https:\\\/\\\/kulkidobubbletea.pl\\\/#\\\/schema\\\/logo\\\/image\\\/\"}}]}<\/script>\n<!-- \/ Yoast SEO Premium plugin. -->","yoast_head_json":{"title":"Powder Spoon - Boules de th\u00e9 \u00e0 bulles","robots":{"index":"index","follow":"follow","max-snippet":"max-snippet:-1","max-image-preview":"max-image-preview:large","max-video-preview":"max-video-preview:-1"},"canonical":"https:\/\/kulkidobubbletea.pl\/fr\/boutique\/accessoires\/cuillere-a-poudre-2\/","og_locale":"fr_FR","og_type":"article","og_title":"\u0141y\u017cka do pudr\u00f3w","og_description":"\u0141y\u017cka do nak\u0142adania pudr\u00f3w. G\u0142\u0119boka, pojemno\u015b\u0107 \u0142y\u017cki dopasowana do przepis\u00f3w z kt\u00f3rych powstaj\u0105 mleczne, smakowe bubble tea.","og_url":"https:\/\/kulkidobubbletea.pl\/fr\/boutique\/accessoires\/cuillere-a-poudre-2\/","og_site_name":"Kulki Do Bubble Tea","article_modified_time":"2025-08-31T12:17:10+00:00","og_image":[{"width":1000,"height":1000,"url":"https:\/\/kulkidobubbletea.pl\/wp-content\/uploads\/2024\/05\/LYZKA-DO-PUDROW.png","type":"image\/png"}],"twitter_card":"summary_large_image","schema":{"@context":"https:\/\/schema.org","@graph":[{"@type":"WebPage","@id":"https:\/\/kulkidobubbletea.pl\/sklep\/akcesoria\/lyzka-do-pudrow-2\/","url":"https:\/\/kulkidobubbletea.pl\/sklep\/akcesoria\/lyzka-do-pudrow-2\/","name":"Powder Spoon - Boules de th\u00e9 \u00e0 bulles","isPartOf":{"@id":"https:\/\/kulkidobubbletea.pl\/#website"},"primaryImageOfPage":{"@id":"https:\/\/kulkidobubbletea.pl\/sklep\/akcesoria\/lyzka-do-pudrow-2\/#primaryimage"},"image":{"@id":"https:\/\/kulkidobubbletea.pl\/sklep\/akcesoria\/lyzka-do-pudrow-2\/#primaryimage"},"thumbnailUrl":"https:\/\/kulkidobubbletea.pl\/wp-content\/uploads\/2024\/05\/LYZKA-DO-PUDROW.png","datePublished":"2024-05-04T12:18:06+00:00","dateModified":"2025-08-31T12:17:10+00:00","breadcrumb":{"@id":"https:\/\/kulkidobubbletea.pl\/sklep\/akcesoria\/lyzka-do-pudrow-2\/#breadcrumb"},"inLanguage":"fr-FR","potentialAction":[{"@type":"ReadAction","target":["https:\/\/kulkidobubbletea.pl\/sklep\/akcesoria\/lyzka-do-pudrow-2\/"]}]},{"@type":"ImageObject","inLanguage":"fr-FR","@id":"https:\/\/kulkidobubbletea.pl\/sklep\/akcesoria\/lyzka-do-pudrow-2\/#primaryimage","url":"https:\/\/kulkidobubbletea.pl\/wp-content\/uploads\/2024\/05\/LYZKA-DO-PUDROW.png","contentUrl":"https:\/\/kulkidobubbletea.pl\/wp-content\/uploads\/2024\/05\/LYZKA-DO-PUDROW.png","width":1000,"height":1000},{"@type":"BreadcrumbList","@id":"https:\/\/kulkidobubbletea.pl\/sklep\/akcesoria\/lyzka-do-pudrow-2\/#breadcrumb","itemListElement":[{"@type":"ListItem","position":1,"name":"Strona g\u0142\u00f3wna","item":"https:\/\/kulkidobubbletea.pl\/"},{"@type":"ListItem","position":2,"name":"Sklep","item":"https:\/\/kulkidobubbletea.pl\/sklep\/"},{"@type":"ListItem","position":3,"name":"\u0141y\u017cka do pudr\u00f3w"}]},{"@type":"WebSite","@id":"https:\/\/kulkidobubbletea.pl\/#website","url":"https:\/\/kulkidobubbletea.pl\/","name":"Boules de th\u00e9 \u00e0 bulles","description":"Boutique en ligne de th\u00e9 \u00e0 bulles","publisher":{"@id":"https:\/\/kulkidobubbletea.pl\/#organization"},"potentialAction":[{"@type":"SearchAction","target":{"@type":"EntryPoint","urlTemplate":"https:\/\/kulkidobubbletea.pl\/?s={search_term_string}"},"query-input":{"@type":"PropertyValueSpecification","valueRequired":true,"valueName":"search_term_string"}}],"inLanguage":"fr-FR"},{"@type":"Organization","@id":"https:\/\/kulkidobubbletea.pl\/#organization","name":"Boules de th\u00e9 \u00e0 bulles","url":"https:\/\/kulkidobubbletea.pl\/","logo":{"@type":"ImageObject","inLanguage":"fr-FR","@id":"https:\/\/kulkidobubbletea.pl\/#\/schema\/logo\/image\/","url":"https:\/\/kulkidobubbletea.pl\/wp-content\/uploads\/2024\/04\/Original-on-Transparent.png","contentUrl":"https:\/\/kulkidobubbletea.pl\/wp-content\/uploads\/2024\/04\/Original-on-Transparent.png","width":5000,"height":1109,"caption":"Kulki Do Bubble Tea"},"image":{"@id":"https:\/\/kulkidobubbletea.pl\/#\/schema\/logo\/image\/"}}]}},"_links":{"self":[{"href":"https:\/\/kulkidobubbletea.pl\/fr\/wp-json\/wp\/v2\/product\/11018","targetHints":{"allow":["GET"]}}],"collection":[{"href":"https:\/\/kulkidobubbletea.pl\/fr\/wp-json\/wp\/v2\/product"}],"about":[{"href":"https:\/\/kulkidobubbletea.pl\/fr\/wp-json\/wp\/v2\/types\/product"}],"replies":[{"embeddable":true,"href":"https:\/\/kulkidobubbletea.pl\/fr\/wp-json\/wp\/v2\/comments?post=11018"}],"version-history":[{"count":1,"href":"https:\/\/kulkidobubbletea.pl\/fr\/wp-json\/wp\/v2\/product\/11018\/revisions"}],"predecessor-version":[{"id":11341,"href":"https:\/\/kulkidobubbletea.pl\/fr\/wp-json\/wp\/v2\/product\/11018\/revisions\/11341"}],"wp:featuredmedia":[{"embeddable":true,"href":"https:\/\/kulkidobubbletea.pl\/fr\/wp-json\/wp\/v2\/media\/11340"}],"wp:attachment":[{"href":"https:\/\/kulkidobubbletea.pl\/fr\/wp-json\/wp\/v2\/media?parent=11018"}],"wp:term":[{"taxonomy":"product_brand","embeddable":true,"href":"https:\/\/kulkidobubbletea.pl\/fr\/wp-json\/wp\/v2\/product_brand?post=11018"},{"taxonomy":"product_cat","embeddable":true,"href":"https:\/\/kulkidobubbletea.pl\/fr\/wp-json\/wp\/v2\/product_cat?post=11018"},{"taxonomy":"product_tag","embeddable":true,"href":"https:\/\/kulkidobubbletea.pl\/fr\/wp-json\/wp\/v2\/product_tag?post=11018"}],"curies":[{"name":"wp","href":"https:\/\/api.w.org\/{rel}","templated":true}]}}