{"id":11011,"date":"2024-05-04T12:18:04","date_gmt":"2024-05-04T12:18:04","guid":{"rendered":"https:\/\/kulkidobubbletea.pl\/produkt\/zaklejarka-do-kubkow-taiwan-2\/"},"modified":"2025-08-11T08:37:41","modified_gmt":"2025-08-11T08:37:41","slug":"scelleur-de-gobelets-taiwan","status":"publish","type":"product","link":"https:\/\/kulkidobubbletea.pl\/fr\/boutique\/equipement\/scelleur-de-gobelets-taiwan\/","title":{"rendered":"Scelleur de gobelets Ta\u00efwan"},"content":{"rendered":"<p>Nouveau mod\u00e8le de scelleuse YF-98S<\/p>\n<p>Du mat\u00e9riel haut de gamme, fabriqu\u00e9 \u00e0 Ta\u00efwan - et non en Chine ! Diff\u00e9rence tr\u00e8s importante, le mat\u00e9riel garantit l'absence de d\u00e9faut, la s\u00e9curit\u00e9 et l'utilisation pendant des ann\u00e9es.<\/p>\n<p>La soudeuse scelle tous les types de gobelets en PP, PE et papier.<\/p>\n<p>&nbsp;<\/p>\n<p>Nouveau mod\u00e8le, guides de film nettement am\u00e9lior\u00e9s - pas d'effet de d\u00e9collement, capteurs modernes fonctionnant avec plus de films \u00e0 sceller (les anciens mod\u00e8les avaient des probl\u00e8mes avec certains des films les moins chers).<\/p>\n<p>&nbsp;<\/p>\n<p>&nbsp;<\/p>\n<p>Produit tr\u00e8s esth\u00e9tique, facile \u00e0 nettoyer et beaucoup plus s\u00fbr que les anciens mod\u00e8les.<\/p>\n<p>Il est possible de programmer le scellage des gobelets \u00e0 la fois automatiquement \u00e0 partir du capteur et manuellement ou \u00e0 une distance de d\u00e9placement du film pr\u00e9d\u00e9finie.<\/p>\n<p>&nbsp;<\/p>\n<p>L'option de scellage automatique lorsque le gobelet est ins\u00e9r\u00e9 - un capteur photo\u00e9lectrique, et non un fil qui posait probl\u00e8me dans les anciennes versions.<\/p>\n<p>&nbsp;<\/p>\n<p>&nbsp;<\/p>\n<p>Dur\u00e9e du processus complet de fermeture du gobelet, y compris la distribution : 3,5 \u00e0 4 secondes.<\/p>\n<p>Un anneau suppl\u00e9mentaire en aluminium est inclus pour s'adapter \u00e0 tous les types de gobelets.<\/p>\n<p>Le dernier mod\u00e8le, consid\u00e9rablement am\u00e9lior\u00e9, a \u00e9limin\u00e9 le probl\u00e8me du scellement irr\u00e9gulier du gobelet ou de la rupture du ruban adh\u00e9sif.<\/p>\n<p>Poids 26kg,<\/p>\n<p>Dimensions 32x24x59 cm<\/p>\n<p>220V \/ 400W<\/p>\n<p>&nbsp;<\/p>\n<p>Garantie d'un an.<\/p>\n<p>&nbsp;<\/p>\n<p>Nouvelle livraison, couleurs blanche et noire disponibles.<\/p>","protected":false},"excerpt":{"rendered":"<p>Nowy model zaklejarek YF-98S Sprz\u0119t najwy\u017cszej klasy, produkcji Tajwanskiej &#8211; nie Chi\u0144skiej! Bardzo znacz\u0105ca r\u00f3\u017cnica, sprz\u0119t gwarantuje bezawaryjno\u015b\u0107, \u00a0bezpiecze\u0144stwo oraz<\/p>","protected":false},"featured_media":11891,"comment_status":"open","ping_status":"closed","template":"","meta":[],"product_brand":[],"product_cat":[319],"product_tag":[],"class_list":{"0":"post-11011","1":"product","2":"type-product","3":"status-publish","4":"has-post-thumbnail","6":"product_cat-sprzet","8":"first","9":"instock","10":"taxable","11":"shipping-taxable","12":"purchasable","13":"product-type-simple"},"yoast_head":"<!-- This site is optimized with the Yoast SEO Premium plugin v23.7 (Yoast SEO v27.3) - https:\/\/yoast.com\/product\/yoast-seo-premium-wordpress\/ -->\n<title>Zaklejarka do kubk\u00f3w Taiwan - Kulki Do Bubble Tea<\/title>\n<meta name=\"robots\" content=\"index, follow, max-snippet:-1, max-image-preview:large, max-video-preview:-1\" \/>\n<link rel=\"canonical\" href=\"https:\/\/kulkidobubbletea.pl\/fr\/boutique\/equipement\/scelleur-de-gobelets-taiwan\/\" \/>\n<meta property=\"og:locale\" content=\"fr_FR\" \/>\n<meta property=\"og:type\" content=\"article\" \/>\n<meta property=\"og:title\" content=\"Zaklejarka do kubk\u00f3w Taiwan\" \/>\n<meta property=\"og:description\" content=\"Nowy model zaklejarek YF-98S Sprz\u0119t najwy\u017cszej klasy, produkcji Tajwanskiej &#8211; nie Chi\u0144skiej! Bardzo znacz\u0105ca r\u00f3\u017cnica, sprz\u0119t gwarantuje bezawaryjno\u015b\u0107, \u00a0bezpiecze\u0144stwo oraz\" \/>\n<meta property=\"og:url\" content=\"https:\/\/kulkidobubbletea.pl\/fr\/boutique\/equipement\/scelleur-de-gobelets-taiwan\/\" \/>\n<meta property=\"og:site_name\" content=\"Kulki Do Bubble Tea\" \/>\n<meta property=\"article:modified_time\" content=\"2025-08-11T08:37:41+00:00\" \/>\n<meta property=\"og:image\" content=\"https:\/\/kulkidobubbletea.pl\/wp-content\/uploads\/2024\/05\/Zdjecie-zaklejarki-do-sklepu.png\" \/>\n\t<meta property=\"og:image:width\" content=\"770\" \/>\n\t<meta property=\"og:image:height\" content=\"1155\" \/>\n\t<meta property=\"og:image:type\" content=\"image\/png\" \/>\n<meta name=\"twitter:card\" content=\"summary_large_image\" \/>\n<meta name=\"twitter:label1\" content=\"Dur\u00e9e de lecture estim\u00e9e\" \/>\n\t<meta name=\"twitter:data1\" content=\"1 minute\" \/>\n<script type=\"application\/ld+json\" class=\"yoast-schema-graph\">{\"@context\":\"https:\\\/\\\/schema.org\",\"@graph\":[{\"@type\":\"WebPage\",\"@id\":\"https:\\\/\\\/kulkidobubbletea.pl\\\/sklep\\\/sprzet\\\/zaklejarka-do-kubkow-taiwan\\\/\",\"url\":\"https:\\\/\\\/kulkidobubbletea.pl\\\/sklep\\\/sprzet\\\/zaklejarka-do-kubkow-taiwan\\\/\",\"name\":\"Zaklejarka do kubk\u00f3w Taiwan - Kulki Do Bubble Tea\",\"isPartOf\":{\"@id\":\"https:\\\/\\\/kulkidobubbletea.pl\\\/#website\"},\"primaryImageOfPage\":{\"@id\":\"https:\\\/\\\/kulkidobubbletea.pl\\\/sklep\\\/sprzet\\\/zaklejarka-do-kubkow-taiwan\\\/#primaryimage\"},\"image\":{\"@id\":\"https:\\\/\\\/kulkidobubbletea.pl\\\/sklep\\\/sprzet\\\/zaklejarka-do-kubkow-taiwan\\\/#primaryimage\"},\"thumbnailUrl\":\"https:\\\/\\\/kulkidobubbletea.pl\\\/wp-content\\\/uploads\\\/2024\\\/05\\\/Zdjecie-zaklejarki-do-sklepu.png\",\"datePublished\":\"2024-05-04T12:18:04+00:00\",\"dateModified\":\"2025-08-11T08:37:41+00:00\",\"breadcrumb\":{\"@id\":\"https:\\\/\\\/kulkidobubbletea.pl\\\/sklep\\\/sprzet\\\/zaklejarka-do-kubkow-taiwan\\\/#breadcrumb\"},\"inLanguage\":\"fr-FR\",\"potentialAction\":[{\"@type\":\"ReadAction\",\"target\":[\"https:\\\/\\\/kulkidobubbletea.pl\\\/sklep\\\/sprzet\\\/zaklejarka-do-kubkow-taiwan\\\/\"]}]},{\"@type\":\"ImageObject\",\"inLanguage\":\"fr-FR\",\"@id\":\"https:\\\/\\\/kulkidobubbletea.pl\\\/sklep\\\/sprzet\\\/zaklejarka-do-kubkow-taiwan\\\/#primaryimage\",\"url\":\"https:\\\/\\\/kulkidobubbletea.pl\\\/wp-content\\\/uploads\\\/2024\\\/05\\\/Zdjecie-zaklejarki-do-sklepu.png\",\"contentUrl\":\"https:\\\/\\\/kulkidobubbletea.pl\\\/wp-content\\\/uploads\\\/2024\\\/05\\\/Zdjecie-zaklejarki-do-sklepu.png\",\"width\":770,\"height\":1155},{\"@type\":\"BreadcrumbList\",\"@id\":\"https:\\\/\\\/kulkidobubbletea.pl\\\/sklep\\\/sprzet\\\/zaklejarka-do-kubkow-taiwan\\\/#breadcrumb\",\"itemListElement\":[{\"@type\":\"ListItem\",\"position\":1,\"name\":\"Strona g\u0142\u00f3wna\",\"item\":\"https:\\\/\\\/kulkidobubbletea.pl\\\/\"},{\"@type\":\"ListItem\",\"position\":2,\"name\":\"Sklep\",\"item\":\"https:\\\/\\\/kulkidobubbletea.pl\\\/sklep\\\/\"},{\"@type\":\"ListItem\",\"position\":3,\"name\":\"Zaklejarka do kubk\u00f3w Taiwan\"}]},{\"@type\":\"WebSite\",\"@id\":\"https:\\\/\\\/kulkidobubbletea.pl\\\/#website\",\"url\":\"https:\\\/\\\/kulkidobubbletea.pl\\\/\",\"name\":\"Kulki Do Bubble Tea\",\"description\":\"Sklep online z artyku\u0142ami do bubble tea\",\"publisher\":{\"@id\":\"https:\\\/\\\/kulkidobubbletea.pl\\\/#organization\"},\"potentialAction\":[{\"@type\":\"SearchAction\",\"target\":{\"@type\":\"EntryPoint\",\"urlTemplate\":\"https:\\\/\\\/kulkidobubbletea.pl\\\/?s={search_term_string}\"},\"query-input\":{\"@type\":\"PropertyValueSpecification\",\"valueRequired\":true,\"valueName\":\"search_term_string\"}}],\"inLanguage\":\"fr-FR\"},{\"@type\":\"Organization\",\"@id\":\"https:\\\/\\\/kulkidobubbletea.pl\\\/#organization\",\"name\":\"Kulki Do Bubble Tea\",\"url\":\"https:\\\/\\\/kulkidobubbletea.pl\\\/\",\"logo\":{\"@type\":\"ImageObject\",\"inLanguage\":\"fr-FR\",\"@id\":\"https:\\\/\\\/kulkidobubbletea.pl\\\/#\\\/schema\\\/logo\\\/image\\\/\",\"url\":\"https:\\\/\\\/kulkidobubbletea.pl\\\/wp-content\\\/uploads\\\/2024\\\/04\\\/Original-on-Transparent.png\",\"contentUrl\":\"https:\\\/\\\/kulkidobubbletea.pl\\\/wp-content\\\/uploads\\\/2024\\\/04\\\/Original-on-Transparent.png\",\"width\":5000,\"height\":1109,\"caption\":\"Kulki Do Bubble Tea\"},\"image\":{\"@id\":\"https:\\\/\\\/kulkidobubbletea.pl\\\/#\\\/schema\\\/logo\\\/image\\\/\"}}]}<\/script>\n<!-- \/ Yoast SEO Premium plugin. -->","yoast_head_json":{"title":"Scelleur de tasses Taiwan - Boules de th\u00e9 \u00e0 bulles","robots":{"index":"index","follow":"follow","max-snippet":"max-snippet:-1","max-image-preview":"max-image-preview:large","max-video-preview":"max-video-preview:-1"},"canonical":"https:\/\/kulkidobubbletea.pl\/fr\/boutique\/equipement\/scelleur-de-gobelets-taiwan\/","og_locale":"fr_FR","og_type":"article","og_title":"Zaklejarka do kubk\u00f3w Taiwan","og_description":"Nowy model zaklejarek YF-98S Sprz\u0119t najwy\u017cszej klasy, produkcji Tajwanskiej &#8211; nie Chi\u0144skiej! Bardzo znacz\u0105ca r\u00f3\u017cnica, sprz\u0119t gwarantuje bezawaryjno\u015b\u0107, \u00a0bezpiecze\u0144stwo oraz","og_url":"https:\/\/kulkidobubbletea.pl\/fr\/boutique\/equipement\/scelleur-de-gobelets-taiwan\/","og_site_name":"Kulki Do Bubble Tea","article_modified_time":"2025-08-11T08:37:41+00:00","og_image":[{"width":770,"height":1155,"url":"https:\/\/kulkidobubbletea.pl\/wp-content\/uploads\/2024\/05\/Zdjecie-zaklejarki-do-sklepu.png","type":"image\/png"}],"twitter_card":"summary_large_image","twitter_misc":{"Dur\u00e9e de lecture estim\u00e9e":"1 minute"},"schema":{"@context":"https:\/\/schema.org","@graph":[{"@type":"WebPage","@id":"https:\/\/kulkidobubbletea.pl\/sklep\/sprzet\/zaklejarka-do-kubkow-taiwan\/","url":"https:\/\/kulkidobubbletea.pl\/sklep\/sprzet\/zaklejarka-do-kubkow-taiwan\/","name":"Scelleur de tasses Taiwan - Boules de th\u00e9 \u00e0 bulles","isPartOf":{"@id":"https:\/\/kulkidobubbletea.pl\/#website"},"primaryImageOfPage":{"@id":"https:\/\/kulkidobubbletea.pl\/sklep\/sprzet\/zaklejarka-do-kubkow-taiwan\/#primaryimage"},"image":{"@id":"https:\/\/kulkidobubbletea.pl\/sklep\/sprzet\/zaklejarka-do-kubkow-taiwan\/#primaryimage"},"thumbnailUrl":"https:\/\/kulkidobubbletea.pl\/wp-content\/uploads\/2024\/05\/Zdjecie-zaklejarki-do-sklepu.png","datePublished":"2024-05-04T12:18:04+00:00","dateModified":"2025-08-11T08:37:41+00:00","breadcrumb":{"@id":"https:\/\/kulkidobubbletea.pl\/sklep\/sprzet\/zaklejarka-do-kubkow-taiwan\/#breadcrumb"},"inLanguage":"fr-FR","potentialAction":[{"@type":"ReadAction","target":["https:\/\/kulkidobubbletea.pl\/sklep\/sprzet\/zaklejarka-do-kubkow-taiwan\/"]}]},{"@type":"ImageObject","inLanguage":"fr-FR","@id":"https:\/\/kulkidobubbletea.pl\/sklep\/sprzet\/zaklejarka-do-kubkow-taiwan\/#primaryimage","url":"https:\/\/kulkidobubbletea.pl\/wp-content\/uploads\/2024\/05\/Zdjecie-zaklejarki-do-sklepu.png","contentUrl":"https:\/\/kulkidobubbletea.pl\/wp-content\/uploads\/2024\/05\/Zdjecie-zaklejarki-do-sklepu.png","width":770,"height":1155},{"@type":"BreadcrumbList","@id":"https:\/\/kulkidobubbletea.pl\/sklep\/sprzet\/zaklejarka-do-kubkow-taiwan\/#breadcrumb","itemListElement":[{"@type":"ListItem","position":1,"name":"Strona g\u0142\u00f3wna","item":"https:\/\/kulkidobubbletea.pl\/"},{"@type":"ListItem","position":2,"name":"Sklep","item":"https:\/\/kulkidobubbletea.pl\/sklep\/"},{"@type":"ListItem","position":3,"name":"Zaklejarka do kubk\u00f3w Taiwan"}]},{"@type":"WebSite","@id":"https:\/\/kulkidobubbletea.pl\/#website","url":"https:\/\/kulkidobubbletea.pl\/","name":"Boules de th\u00e9 \u00e0 bulles","description":"Boutique en ligne de th\u00e9 \u00e0 bulles","publisher":{"@id":"https:\/\/kulkidobubbletea.pl\/#organization"},"potentialAction":[{"@type":"SearchAction","target":{"@type":"EntryPoint","urlTemplate":"https:\/\/kulkidobubbletea.pl\/?s={search_term_string}"},"query-input":{"@type":"PropertyValueSpecification","valueRequired":true,"valueName":"search_term_string"}}],"inLanguage":"fr-FR"},{"@type":"Organization","@id":"https:\/\/kulkidobubbletea.pl\/#organization","name":"Boules de th\u00e9 \u00e0 bulles","url":"https:\/\/kulkidobubbletea.pl\/","logo":{"@type":"ImageObject","inLanguage":"fr-FR","@id":"https:\/\/kulkidobubbletea.pl\/#\/schema\/logo\/image\/","url":"https:\/\/kulkidobubbletea.pl\/wp-content\/uploads\/2024\/04\/Original-on-Transparent.png","contentUrl":"https:\/\/kulkidobubbletea.pl\/wp-content\/uploads\/2024\/04\/Original-on-Transparent.png","width":5000,"height":1109,"caption":"Kulki Do Bubble Tea"},"image":{"@id":"https:\/\/kulkidobubbletea.pl\/#\/schema\/logo\/image\/"}}]}},"_links":{"self":[{"href":"https:\/\/kulkidobubbletea.pl\/fr\/wp-json\/wp\/v2\/product\/11011","targetHints":{"allow":["GET"]}}],"collection":[{"href":"https:\/\/kulkidobubbletea.pl\/fr\/wp-json\/wp\/v2\/product"}],"about":[{"href":"https:\/\/kulkidobubbletea.pl\/fr\/wp-json\/wp\/v2\/types\/product"}],"replies":[{"embeddable":true,"href":"https:\/\/kulkidobubbletea.pl\/fr\/wp-json\/wp\/v2\/comments?post=11011"}],"version-history":[{"count":1,"href":"https:\/\/kulkidobubbletea.pl\/fr\/wp-json\/wp\/v2\/product\/11011\/revisions"}],"predecessor-version":[{"id":11892,"href":"https:\/\/kulkidobubbletea.pl\/fr\/wp-json\/wp\/v2\/product\/11011\/revisions\/11892"}],"wp:featuredmedia":[{"embeddable":true,"href":"https:\/\/kulkidobubbletea.pl\/fr\/wp-json\/wp\/v2\/media\/11891"}],"wp:attachment":[{"href":"https:\/\/kulkidobubbletea.pl\/fr\/wp-json\/wp\/v2\/media?parent=11011"}],"wp:term":[{"taxonomy":"product_brand","embeddable":true,"href":"https:\/\/kulkidobubbletea.pl\/fr\/wp-json\/wp\/v2\/product_brand?post=11011"},{"taxonomy":"product_cat","embeddable":true,"href":"https:\/\/kulkidobubbletea.pl\/fr\/wp-json\/wp\/v2\/product_cat?post=11011"},{"taxonomy":"product_tag","embeddable":true,"href":"https:\/\/kulkidobubbletea.pl\/fr\/wp-json\/wp\/v2\/product_tag?post=11011"}],"curies":[{"name":"wp","href":"https:\/\/api.w.org\/{rel}","templated":true}]}}