{"id":11004,"date":"2025-05-10T21:34:50","date_gmt":"2025-05-10T21:34:50","guid":{"rendered":"https:\/\/kulkidobubbletea.pl\/produkt\/popping-boba-tajwan-oryginal-zielone-jablko-2\/"},"modified":"2026-04-14T09:22:28","modified_gmt":"2026-04-14T09:22:28","slug":"popping-boba-taiwan-original-green-apple","status":"publish","type":"product","link":"https:\/\/kulkidobubbletea.pl\/fr\/boutique\/boules-de-the-a-bulles\/popping-boba-taiwan-original-green-apple\/","title":{"rendered":"Bubble Tea balls 3.4kg | Popping Boba Taiwan Original Green Apple"},"content":{"rendered":"<p>Boules de boba \u00e0 la saveur de pomme verte pour le th\u00e9 \u00e0 bulles.<\/p>\n<p>Le produit propos\u00e9 est de la plus haute qualit\u00e9 ta\u00efwanaise. De grosses boules bien form\u00e9es (et non des gouttes comme dans les productions \u00e0 petit budget) de boba \u00e0 la saveur \u00e9clatante.<\/p>\n<p>L'enveloppe de la boule est fine et n'\u00e9clate qu'au bon moment, uniquement dans la bouche, sans effet ind\u00e9sirable sur le corps. Qualit\u00e9 sup\u00e9rieure.<\/p>\n<p><strong>D\u00e9couvrez le secret du bon go\u00fbt et de la long\u00e9vit\u00e9 !<\/strong><\/p>\n<p>Vous \u00eates \u00e0 la recherche de boules qui vous raviront par leur go\u00fbt et ne vous d\u00e9cevront pas, m\u00eame par temps chaud ? Vous \u00eates au bon endroit ! Nos boules viennent directement de Ta\u00efwan - de l'un des fabricants les plus importants et les plus r\u00e9put\u00e9s au monde. C'est la garantie d'une qualit\u00e9 irr\u00e9prochable et d'une recette \u00e9prouv\u00e9e en laquelle vous pouvez avoir confiance.<\/p>\n<p>N'attendez pas ! Voyez par vous-m\u00eame pourquoi nos balles ta\u00efwanaises sont le choix num\u00e9ro un.<\/p>\n<p>Emballage 3,4 kg.<\/p>\n<p>Le produit est tr\u00e8s efficace, puisqu'il reste jusqu'\u00e0 2,3 kg de billes apr\u00e8s la vidange des liquides, ce qui est nettement sup\u00e9rieur \u00e0 la production europ\u00e9enne.<\/p>\n<p>Risque d'erreur +\/- 5%.<\/p>\n<p>Fabriqu\u00e9 \u00e0 Ta\u00efwan<\/p>\n<p>&nbsp;<\/p>\n<p>Des dates de p\u00e9remption longues, la plupart des produits ayant une date minimale de 2027.<\/p>","protected":false},"excerpt":{"rendered":"<p style=\"margin-top: 0cm; background: white; vertical-align: baseline;\"><span style=\"font-size: 11.5pt; font-family: Montserrat; color: #777777;\">Popping Boba Boules de th\u00e9 \u00e0 bulles ta\u00efwanaises au go\u00fbt de pomme verte, go\u00fbt original.<\/span><\/p>","protected":false},"featured_media":12338,"comment_status":"open","ping_status":"closed","template":"","meta":[],"product_brand":[],"product_cat":[315],"product_tag":[],"class_list":{"0":"post-11004","1":"product","2":"type-product","3":"status-publish","4":"has-post-thumbnail","6":"product_cat-kulki-do-bubble-tea","8":"first","9":"instock","10":"sale","11":"taxable","12":"shipping-taxable","13":"purchasable","14":"product-type-simple"},"yoast_head":"<!-- This site is optimized with the Yoast SEO Premium plugin v23.7 (Yoast SEO v27.3) - https:\/\/yoast.com\/product\/yoast-seo-premium-wordpress\/ -->\n<title>Kulki do Bubble Tea 3,4kg | Popping Boba Tajwan Oryginal Zielone Jab\u0142ko - Kulki Do Bubble Tea<\/title>\n<meta name=\"robots\" content=\"index, follow, max-snippet:-1, max-image-preview:large, max-video-preview:-1\" \/>\n<link rel=\"canonical\" href=\"https:\/\/kulkidobubbletea.pl\/fr\/boutique\/boules-de-the-a-bulles\/popping-boba-taiwan-original-green-apple\/\" \/>\n<meta property=\"og:locale\" content=\"fr_FR\" \/>\n<meta property=\"og:type\" content=\"article\" \/>\n<meta property=\"og:title\" content=\"Kulki do Bubble Tea 3,4kg | Popping Boba Tajwan Oryginal Zielone Jab\u0142ko\" \/>\n<meta property=\"og:description\" content=\"Popping Boba tajwa\u0144skie kulki do bubble tea o smaku zielone jab\u0142ko, oryginalny smak.\" \/>\n<meta property=\"og:url\" content=\"https:\/\/kulkidobubbletea.pl\/fr\/boutique\/boules-de-the-a-bulles\/popping-boba-taiwan-original-green-apple\/\" \/>\n<meta property=\"og:site_name\" content=\"Kulki Do Bubble Tea\" \/>\n<meta property=\"article:modified_time\" content=\"2026-04-14T09:22:28+00:00\" \/>\n<meta property=\"og:image\" content=\"https:\/\/kulkidobubbletea.pl\/wp-content\/uploads\/2024\/07\/jablko-pop.png\" \/>\n\t<meta property=\"og:image:width\" content=\"2000\" \/>\n\t<meta property=\"og:image:height\" content=\"2000\" \/>\n\t<meta property=\"og:image:type\" content=\"image\/png\" \/>\n<meta name=\"twitter:card\" content=\"summary_large_image\" \/>\n<meta name=\"twitter:label1\" content=\"Dur\u00e9e de lecture estim\u00e9e\" \/>\n\t<meta name=\"twitter:data1\" content=\"2 minutes\" \/>\n<script type=\"application\/ld+json\" class=\"yoast-schema-graph\">{\"@context\":\"https:\\\/\\\/schema.org\",\"@graph\":[{\"@type\":\"WebPage\",\"@id\":\"https:\\\/\\\/kulkidobubbletea.pl\\\/sklep\\\/kulki-do-bubble-tea\\\/popping-boba-tajwan-oryginal-zielone-jablko\\\/\",\"url\":\"https:\\\/\\\/kulkidobubbletea.pl\\\/sklep\\\/kulki-do-bubble-tea\\\/popping-boba-tajwan-oryginal-zielone-jablko\\\/\",\"name\":\"Kulki do Bubble Tea 3,4kg | Popping Boba Tajwan Oryginal Zielone Jab\u0142ko - Kulki Do Bubble Tea\",\"isPartOf\":{\"@id\":\"https:\\\/\\\/kulkidobubbletea.pl\\\/#website\"},\"primaryImageOfPage\":{\"@id\":\"https:\\\/\\\/kulkidobubbletea.pl\\\/sklep\\\/kulki-do-bubble-tea\\\/popping-boba-tajwan-oryginal-zielone-jablko\\\/#primaryimage\"},\"image\":{\"@id\":\"https:\\\/\\\/kulkidobubbletea.pl\\\/sklep\\\/kulki-do-bubble-tea\\\/popping-boba-tajwan-oryginal-zielone-jablko\\\/#primaryimage\"},\"thumbnailUrl\":\"https:\\\/\\\/kulkidobubbletea.pl\\\/wp-content\\\/uploads\\\/2024\\\/07\\\/jablko-pop.png\",\"datePublished\":\"2025-05-10T21:34:50+00:00\",\"dateModified\":\"2026-04-14T09:22:28+00:00\",\"breadcrumb\":{\"@id\":\"https:\\\/\\\/kulkidobubbletea.pl\\\/sklep\\\/kulki-do-bubble-tea\\\/popping-boba-tajwan-oryginal-zielone-jablko\\\/#breadcrumb\"},\"inLanguage\":\"fr-FR\",\"potentialAction\":[{\"@type\":\"ReadAction\",\"target\":[\"https:\\\/\\\/kulkidobubbletea.pl\\\/sklep\\\/kulki-do-bubble-tea\\\/popping-boba-tajwan-oryginal-zielone-jablko\\\/\"]}]},{\"@type\":\"ImageObject\",\"inLanguage\":\"fr-FR\",\"@id\":\"https:\\\/\\\/kulkidobubbletea.pl\\\/sklep\\\/kulki-do-bubble-tea\\\/popping-boba-tajwan-oryginal-zielone-jablko\\\/#primaryimage\",\"url\":\"https:\\\/\\\/kulkidobubbletea.pl\\\/wp-content\\\/uploads\\\/2024\\\/07\\\/jablko-pop.png\",\"contentUrl\":\"https:\\\/\\\/kulkidobubbletea.pl\\\/wp-content\\\/uploads\\\/2024\\\/07\\\/jablko-pop.png\",\"width\":2000,\"height\":2000},{\"@type\":\"BreadcrumbList\",\"@id\":\"https:\\\/\\\/kulkidobubbletea.pl\\\/sklep\\\/kulki-do-bubble-tea\\\/popping-boba-tajwan-oryginal-zielone-jablko\\\/#breadcrumb\",\"itemListElement\":[{\"@type\":\"ListItem\",\"position\":1,\"name\":\"Strona g\u0142\u00f3wna\",\"item\":\"https:\\\/\\\/kulkidobubbletea.pl\\\/\"},{\"@type\":\"ListItem\",\"position\":2,\"name\":\"Sklep\",\"item\":\"https:\\\/\\\/kulkidobubbletea.pl\\\/sklep\\\/\"},{\"@type\":\"ListItem\",\"position\":3,\"name\":\"Kulki do Bubble Tea 3,4kg | Popping Boba Tajwan Oryginal Zielone Jab\u0142ko\"}]},{\"@type\":\"WebSite\",\"@id\":\"https:\\\/\\\/kulkidobubbletea.pl\\\/#website\",\"url\":\"https:\\\/\\\/kulkidobubbletea.pl\\\/\",\"name\":\"Kulki Do Bubble Tea\",\"description\":\"Sklep online z artyku\u0142ami do bubble tea\",\"publisher\":{\"@id\":\"https:\\\/\\\/kulkidobubbletea.pl\\\/#organization\"},\"potentialAction\":[{\"@type\":\"SearchAction\",\"target\":{\"@type\":\"EntryPoint\",\"urlTemplate\":\"https:\\\/\\\/kulkidobubbletea.pl\\\/?s={search_term_string}\"},\"query-input\":{\"@type\":\"PropertyValueSpecification\",\"valueRequired\":true,\"valueName\":\"search_term_string\"}}],\"inLanguage\":\"fr-FR\"},{\"@type\":\"Organization\",\"@id\":\"https:\\\/\\\/kulkidobubbletea.pl\\\/#organization\",\"name\":\"Kulki Do Bubble Tea\",\"url\":\"https:\\\/\\\/kulkidobubbletea.pl\\\/\",\"logo\":{\"@type\":\"ImageObject\",\"inLanguage\":\"fr-FR\",\"@id\":\"https:\\\/\\\/kulkidobubbletea.pl\\\/#\\\/schema\\\/logo\\\/image\\\/\",\"url\":\"https:\\\/\\\/kulkidobubbletea.pl\\\/wp-content\\\/uploads\\\/2024\\\/04\\\/Original-on-Transparent.png\",\"contentUrl\":\"https:\\\/\\\/kulkidobubbletea.pl\\\/wp-content\\\/uploads\\\/2024\\\/04\\\/Original-on-Transparent.png\",\"width\":5000,\"height\":1109,\"caption\":\"Kulki Do Bubble Tea\"},\"image\":{\"@id\":\"https:\\\/\\\/kulkidobubbletea.pl\\\/#\\\/schema\\\/logo\\\/image\\\/\"}}]}<\/script>\n<!-- \/ Yoast SEO Premium plugin. -->","yoast_head_json":{"title":"Bubble Tea Beads 3.4kg | Popping Boba Taiwan Original Green Apple - Bubble Tea Beads","robots":{"index":"index","follow":"follow","max-snippet":"max-snippet:-1","max-image-preview":"max-image-preview:large","max-video-preview":"max-video-preview:-1"},"canonical":"https:\/\/kulkidobubbletea.pl\/fr\/boutique\/boules-de-the-a-bulles\/popping-boba-taiwan-original-green-apple\/","og_locale":"fr_FR","og_type":"article","og_title":"Kulki do Bubble Tea 3,4kg | Popping Boba Tajwan Oryginal Zielone Jab\u0142ko","og_description":"Popping Boba tajwa\u0144skie kulki do bubble tea o smaku zielone jab\u0142ko, oryginalny smak.","og_url":"https:\/\/kulkidobubbletea.pl\/fr\/boutique\/boules-de-the-a-bulles\/popping-boba-taiwan-original-green-apple\/","og_site_name":"Kulki Do Bubble Tea","article_modified_time":"2026-04-14T09:22:28+00:00","og_image":[{"width":2000,"height":2000,"url":"https:\/\/kulkidobubbletea.pl\/wp-content\/uploads\/2024\/07\/jablko-pop.png","type":"image\/png"}],"twitter_card":"summary_large_image","twitter_misc":{"Dur\u00e9e de lecture estim\u00e9e":"2 minutes"},"schema":{"@context":"https:\/\/schema.org","@graph":[{"@type":"WebPage","@id":"https:\/\/kulkidobubbletea.pl\/sklep\/kulki-do-bubble-tea\/popping-boba-tajwan-oryginal-zielone-jablko\/","url":"https:\/\/kulkidobubbletea.pl\/sklep\/kulki-do-bubble-tea\/popping-boba-tajwan-oryginal-zielone-jablko\/","name":"Bubble Tea Beads 3.4kg | Popping Boba Taiwan Original Green Apple - Bubble Tea Beads","isPartOf":{"@id":"https:\/\/kulkidobubbletea.pl\/#website"},"primaryImageOfPage":{"@id":"https:\/\/kulkidobubbletea.pl\/sklep\/kulki-do-bubble-tea\/popping-boba-tajwan-oryginal-zielone-jablko\/#primaryimage"},"image":{"@id":"https:\/\/kulkidobubbletea.pl\/sklep\/kulki-do-bubble-tea\/popping-boba-tajwan-oryginal-zielone-jablko\/#primaryimage"},"thumbnailUrl":"https:\/\/kulkidobubbletea.pl\/wp-content\/uploads\/2024\/07\/jablko-pop.png","datePublished":"2025-05-10T21:34:50+00:00","dateModified":"2026-04-14T09:22:28+00:00","breadcrumb":{"@id":"https:\/\/kulkidobubbletea.pl\/sklep\/kulki-do-bubble-tea\/popping-boba-tajwan-oryginal-zielone-jablko\/#breadcrumb"},"inLanguage":"fr-FR","potentialAction":[{"@type":"ReadAction","target":["https:\/\/kulkidobubbletea.pl\/sklep\/kulki-do-bubble-tea\/popping-boba-tajwan-oryginal-zielone-jablko\/"]}]},{"@type":"ImageObject","inLanguage":"fr-FR","@id":"https:\/\/kulkidobubbletea.pl\/sklep\/kulki-do-bubble-tea\/popping-boba-tajwan-oryginal-zielone-jablko\/#primaryimage","url":"https:\/\/kulkidobubbletea.pl\/wp-content\/uploads\/2024\/07\/jablko-pop.png","contentUrl":"https:\/\/kulkidobubbletea.pl\/wp-content\/uploads\/2024\/07\/jablko-pop.png","width":2000,"height":2000},{"@type":"BreadcrumbList","@id":"https:\/\/kulkidobubbletea.pl\/sklep\/kulki-do-bubble-tea\/popping-boba-tajwan-oryginal-zielone-jablko\/#breadcrumb","itemListElement":[{"@type":"ListItem","position":1,"name":"Strona g\u0142\u00f3wna","item":"https:\/\/kulkidobubbletea.pl\/"},{"@type":"ListItem","position":2,"name":"Sklep","item":"https:\/\/kulkidobubbletea.pl\/sklep\/"},{"@type":"ListItem","position":3,"name":"Kulki do Bubble Tea 3,4kg | Popping Boba Tajwan Oryginal Zielone Jab\u0142ko"}]},{"@type":"WebSite","@id":"https:\/\/kulkidobubbletea.pl\/#website","url":"https:\/\/kulkidobubbletea.pl\/","name":"Boules de th\u00e9 \u00e0 bulles","description":"Boutique en ligne de th\u00e9 \u00e0 bulles","publisher":{"@id":"https:\/\/kulkidobubbletea.pl\/#organization"},"potentialAction":[{"@type":"SearchAction","target":{"@type":"EntryPoint","urlTemplate":"https:\/\/kulkidobubbletea.pl\/?s={search_term_string}"},"query-input":{"@type":"PropertyValueSpecification","valueRequired":true,"valueName":"search_term_string"}}],"inLanguage":"fr-FR"},{"@type":"Organization","@id":"https:\/\/kulkidobubbletea.pl\/#organization","name":"Boules de th\u00e9 \u00e0 bulles","url":"https:\/\/kulkidobubbletea.pl\/","logo":{"@type":"ImageObject","inLanguage":"fr-FR","@id":"https:\/\/kulkidobubbletea.pl\/#\/schema\/logo\/image\/","url":"https:\/\/kulkidobubbletea.pl\/wp-content\/uploads\/2024\/04\/Original-on-Transparent.png","contentUrl":"https:\/\/kulkidobubbletea.pl\/wp-content\/uploads\/2024\/04\/Original-on-Transparent.png","width":5000,"height":1109,"caption":"Kulki Do Bubble Tea"},"image":{"@id":"https:\/\/kulkidobubbletea.pl\/#\/schema\/logo\/image\/"}}]}},"_links":{"self":[{"href":"https:\/\/kulkidobubbletea.pl\/fr\/wp-json\/wp\/v2\/product\/11004","targetHints":{"allow":["GET"]}}],"collection":[{"href":"https:\/\/kulkidobubbletea.pl\/fr\/wp-json\/wp\/v2\/product"}],"about":[{"href":"https:\/\/kulkidobubbletea.pl\/fr\/wp-json\/wp\/v2\/types\/product"}],"replies":[{"embeddable":true,"href":"https:\/\/kulkidobubbletea.pl\/fr\/wp-json\/wp\/v2\/comments?post=11004"}],"version-history":[{"count":7,"href":"https:\/\/kulkidobubbletea.pl\/fr\/wp-json\/wp\/v2\/product\/11004\/revisions"}],"predecessor-version":[{"id":16948,"href":"https:\/\/kulkidobubbletea.pl\/fr\/wp-json\/wp\/v2\/product\/11004\/revisions\/16948"}],"wp:featuredmedia":[{"embeddable":true,"href":"https:\/\/kulkidobubbletea.pl\/fr\/wp-json\/wp\/v2\/media\/12338"}],"wp:attachment":[{"href":"https:\/\/kulkidobubbletea.pl\/fr\/wp-json\/wp\/v2\/media?parent=11004"}],"wp:term":[{"taxonomy":"product_brand","embeddable":true,"href":"https:\/\/kulkidobubbletea.pl\/fr\/wp-json\/wp\/v2\/product_brand?post=11004"},{"taxonomy":"product_cat","embeddable":true,"href":"https:\/\/kulkidobubbletea.pl\/fr\/wp-json\/wp\/v2\/product_cat?post=11004"},{"taxonomy":"product_tag","embeddable":true,"href":"https:\/\/kulkidobubbletea.pl\/fr\/wp-json\/wp\/v2\/product_tag?post=11004"}],"curies":[{"name":"wp","href":"https:\/\/api.w.org\/{rel}","templated":true}]}}