{"id":16084,"date":"2024-02-28T11:42:31","date_gmt":"2024-02-28T11:42:31","guid":{"rendered":"https:\/\/kulkidobubbletea.pl\/?post_type=product&#038;p=16084"},"modified":"2026-03-17T22:07:55","modified_gmt":"2026-03-17T22:07:55","slug":"bubble-tea-jelly-nata-de-coco-coco-3-8-kg","status":"publish","type":"product","link":"https:\/\/kulkidobubbletea.pl\/es\/tienda\/nata-de-coco-zelki\/bubble-tea-jelly-nata-de-coco-coco-3-8-kg\/","title":{"rendered":"Bubble Tea Jelly | Nata De Coco | Coco 3.8 kg"},"content":{"rendered":"<p>Originales gominolas taiwanesas Nata De Coco con sabor a coco.<\/p>\n<p>&nbsp;<\/p>\n<p>Envase de 3,8 kg.<\/p>\n<p>&nbsp;<\/p>\n<p>Fabricado en Taiw\u00e1n.<\/p>\n<p>&nbsp;<\/p>","protected":false},"excerpt":{"rendered":"<p>Oryginalne tajwa\u0144skie \u017celki Nata De Coco o smaku kokosowym. &nbsp; Opakowanie 3,8kg. &nbsp; Made in Taiwan. &nbsp;<\/p>","protected":false},"featured_media":12374,"comment_status":"open","ping_status":"closed","template":"","meta":[],"product_brand":[],"product_cat":[314],"product_tag":[],"class_list":{"0":"post-16084","1":"product","2":"type-product","3":"status-publish","4":"has-post-thumbnail","6":"product_cat-zelki-nata-de-coco","8":"first","9":"instock","10":"taxable","11":"shipping-taxable","12":"purchasable","13":"product-type-simple"},"yoast_head":"<!-- This site is optimized with the Yoast SEO Premium plugin v23.7 (Yoast SEO v27.3) - https:\/\/yoast.com\/product\/yoast-seo-premium-wordpress\/ -->\n<title>\u017belki do Bubble Tea | Nata De Coco | Kokos 3.8 kg - Kulki Do Bubble Tea<\/title>\n<meta name=\"robots\" content=\"index, follow, max-snippet:-1, max-image-preview:large, max-video-preview:-1\" \/>\n<link rel=\"canonical\" href=\"https:\/\/kulkidobubbletea.pl\/es\/tienda\/nata-de-coco-zelki\/bubble-tea-jelly-nata-de-coco-coco-3-8-kg\/\" \/>\n<meta property=\"og:locale\" content=\"es_ES\" \/>\n<meta property=\"og:type\" content=\"article\" \/>\n<meta property=\"og:title\" content=\"\u017belki do Bubble Tea | Nata De Coco | Kokos 3.8 kg\" \/>\n<meta property=\"og:description\" content=\"Oryginalne tajwa\u0144skie \u017celki Nata De Coco o smaku kokosowym. &nbsp; Opakowanie 3,8kg. &nbsp; Made in Taiwan. &nbsp;\" \/>\n<meta property=\"og:url\" content=\"https:\/\/kulkidobubbletea.pl\/es\/tienda\/nata-de-coco-zelki\/bubble-tea-jelly-nata-de-coco-coco-3-8-kg\/\" \/>\n<meta property=\"og:site_name\" content=\"Kulki Do Bubble Tea\" \/>\n<meta property=\"article:modified_time\" content=\"2026-03-17T22:07:55+00:00\" \/>\n<meta property=\"og:image\" content=\"https:\/\/kulkidobubbletea.pl\/wp-content\/uploads\/2024\/05\/liczi-1.png\" \/>\n\t<meta property=\"og:image:width\" content=\"2000\" \/>\n\t<meta property=\"og:image:height\" content=\"2000\" \/>\n\t<meta property=\"og:image:type\" content=\"image\/png\" \/>\n<meta name=\"twitter:card\" content=\"summary_large_image\" \/>\n<meta name=\"twitter:label1\" content=\"Tiempo de lectura\" \/>\n\t<meta name=\"twitter:data1\" content=\"1 minuto\" \/>\n<script type=\"application\/ld+json\" class=\"yoast-schema-graph\">{\"@context\":\"https:\\\/\\\/schema.org\",\"@graph\":[{\"@type\":\"WebPage\",\"@id\":\"https:\\\/\\\/kulkidobubbletea.pl\\\/sklep\\\/zelki-nata-de-coco\\\/zelki-do-bubble-tea-nata-de-coco-kokos-3-8-kg\\\/\",\"url\":\"https:\\\/\\\/kulkidobubbletea.pl\\\/sklep\\\/zelki-nata-de-coco\\\/zelki-do-bubble-tea-nata-de-coco-kokos-3-8-kg\\\/\",\"name\":\"\u017belki do Bubble Tea | Nata De Coco | Kokos 3.8 kg - Kulki Do Bubble Tea\",\"isPartOf\":{\"@id\":\"https:\\\/\\\/kulkidobubbletea.pl\\\/#website\"},\"primaryImageOfPage\":{\"@id\":\"https:\\\/\\\/kulkidobubbletea.pl\\\/sklep\\\/zelki-nata-de-coco\\\/zelki-do-bubble-tea-nata-de-coco-kokos-3-8-kg\\\/#primaryimage\"},\"image\":{\"@id\":\"https:\\\/\\\/kulkidobubbletea.pl\\\/sklep\\\/zelki-nata-de-coco\\\/zelki-do-bubble-tea-nata-de-coco-kokos-3-8-kg\\\/#primaryimage\"},\"thumbnailUrl\":\"https:\\\/\\\/kulkidobubbletea.pl\\\/wp-content\\\/uploads\\\/2024\\\/05\\\/liczi-1.png\",\"datePublished\":\"2024-02-28T11:42:31+00:00\",\"dateModified\":\"2026-03-17T22:07:55+00:00\",\"breadcrumb\":{\"@id\":\"https:\\\/\\\/kulkidobubbletea.pl\\\/sklep\\\/zelki-nata-de-coco\\\/zelki-do-bubble-tea-nata-de-coco-kokos-3-8-kg\\\/#breadcrumb\"},\"inLanguage\":\"es\",\"potentialAction\":[{\"@type\":\"ReadAction\",\"target\":[\"https:\\\/\\\/kulkidobubbletea.pl\\\/sklep\\\/zelki-nata-de-coco\\\/zelki-do-bubble-tea-nata-de-coco-kokos-3-8-kg\\\/\"]}]},{\"@type\":\"ImageObject\",\"inLanguage\":\"es\",\"@id\":\"https:\\\/\\\/kulkidobubbletea.pl\\\/sklep\\\/zelki-nata-de-coco\\\/zelki-do-bubble-tea-nata-de-coco-kokos-3-8-kg\\\/#primaryimage\",\"url\":\"https:\\\/\\\/kulkidobubbletea.pl\\\/wp-content\\\/uploads\\\/2024\\\/05\\\/liczi-1.png\",\"contentUrl\":\"https:\\\/\\\/kulkidobubbletea.pl\\\/wp-content\\\/uploads\\\/2024\\\/05\\\/liczi-1.png\",\"width\":2000,\"height\":2000},{\"@type\":\"BreadcrumbList\",\"@id\":\"https:\\\/\\\/kulkidobubbletea.pl\\\/sklep\\\/zelki-nata-de-coco\\\/zelki-do-bubble-tea-nata-de-coco-kokos-3-8-kg\\\/#breadcrumb\",\"itemListElement\":[{\"@type\":\"ListItem\",\"position\":1,\"name\":\"Strona g\u0142\u00f3wna\",\"item\":\"https:\\\/\\\/kulkidobubbletea.pl\\\/\"},{\"@type\":\"ListItem\",\"position\":2,\"name\":\"Sklep\",\"item\":\"https:\\\/\\\/kulkidobubbletea.pl\\\/sklep\\\/\"},{\"@type\":\"ListItem\",\"position\":3,\"name\":\"\u017belki do Bubble Tea | Nata De Coco | Kokos 3.8 kg\"}]},{\"@type\":\"WebSite\",\"@id\":\"https:\\\/\\\/kulkidobubbletea.pl\\\/#website\",\"url\":\"https:\\\/\\\/kulkidobubbletea.pl\\\/\",\"name\":\"Kulki Do Bubble Tea\",\"description\":\"Sklep online z artyku\u0142ami do bubble tea\",\"publisher\":{\"@id\":\"https:\\\/\\\/kulkidobubbletea.pl\\\/#organization\"},\"potentialAction\":[{\"@type\":\"SearchAction\",\"target\":{\"@type\":\"EntryPoint\",\"urlTemplate\":\"https:\\\/\\\/kulkidobubbletea.pl\\\/?s={search_term_string}\"},\"query-input\":{\"@type\":\"PropertyValueSpecification\",\"valueRequired\":true,\"valueName\":\"search_term_string\"}}],\"inLanguage\":\"es\"},{\"@type\":\"Organization\",\"@id\":\"https:\\\/\\\/kulkidobubbletea.pl\\\/#organization\",\"name\":\"Kulki Do Bubble Tea\",\"url\":\"https:\\\/\\\/kulkidobubbletea.pl\\\/\",\"logo\":{\"@type\":\"ImageObject\",\"inLanguage\":\"es\",\"@id\":\"https:\\\/\\\/kulkidobubbletea.pl\\\/#\\\/schema\\\/logo\\\/image\\\/\",\"url\":\"https:\\\/\\\/kulkidobubbletea.pl\\\/wp-content\\\/uploads\\\/2024\\\/04\\\/Original-on-Transparent.png\",\"contentUrl\":\"https:\\\/\\\/kulkidobubbletea.pl\\\/wp-content\\\/uploads\\\/2024\\\/04\\\/Original-on-Transparent.png\",\"width\":5000,\"height\":1109,\"caption\":\"Kulki Do Bubble Tea\"},\"image\":{\"@id\":\"https:\\\/\\\/kulkidobubbletea.pl\\\/#\\\/schema\\\/logo\\\/image\\\/\"}}]}<\/script>\n<!-- \/ Yoast SEO Premium plugin. -->","yoast_head_json":{"title":"Bubble Tea Jelly | Nata De Coco | Coco 3.8 kg - Bubble Tea Balls","robots":{"index":"index","follow":"follow","max-snippet":"max-snippet:-1","max-image-preview":"max-image-preview:large","max-video-preview":"max-video-preview:-1"},"canonical":"https:\/\/kulkidobubbletea.pl\/es\/tienda\/nata-de-coco-zelki\/bubble-tea-jelly-nata-de-coco-coco-3-8-kg\/","og_locale":"es_ES","og_type":"article","og_title":"\u017belki do Bubble Tea | Nata De Coco | Kokos 3.8 kg","og_description":"Oryginalne tajwa\u0144skie \u017celki Nata De Coco o smaku kokosowym. &nbsp; Opakowanie 3,8kg. &nbsp; Made in Taiwan. &nbsp;","og_url":"https:\/\/kulkidobubbletea.pl\/es\/tienda\/nata-de-coco-zelki\/bubble-tea-jelly-nata-de-coco-coco-3-8-kg\/","og_site_name":"Kulki Do Bubble Tea","article_modified_time":"2026-03-17T22:07:55+00:00","og_image":[{"width":2000,"height":2000,"url":"https:\/\/kulkidobubbletea.pl\/wp-content\/uploads\/2024\/05\/liczi-1.png","type":"image\/png"}],"twitter_card":"summary_large_image","twitter_misc":{"Tiempo de lectura":"1 minuto"},"schema":{"@context":"https:\/\/schema.org","@graph":[{"@type":"WebPage","@id":"https:\/\/kulkidobubbletea.pl\/sklep\/zelki-nata-de-coco\/zelki-do-bubble-tea-nata-de-coco-kokos-3-8-kg\/","url":"https:\/\/kulkidobubbletea.pl\/sklep\/zelki-nata-de-coco\/zelki-do-bubble-tea-nata-de-coco-kokos-3-8-kg\/","name":"Bubble Tea Jelly | Nata De Coco | Coco 3.8 kg - Bubble Tea Balls","isPartOf":{"@id":"https:\/\/kulkidobubbletea.pl\/#website"},"primaryImageOfPage":{"@id":"https:\/\/kulkidobubbletea.pl\/sklep\/zelki-nata-de-coco\/zelki-do-bubble-tea-nata-de-coco-kokos-3-8-kg\/#primaryimage"},"image":{"@id":"https:\/\/kulkidobubbletea.pl\/sklep\/zelki-nata-de-coco\/zelki-do-bubble-tea-nata-de-coco-kokos-3-8-kg\/#primaryimage"},"thumbnailUrl":"https:\/\/kulkidobubbletea.pl\/wp-content\/uploads\/2024\/05\/liczi-1.png","datePublished":"2024-02-28T11:42:31+00:00","dateModified":"2026-03-17T22:07:55+00:00","breadcrumb":{"@id":"https:\/\/kulkidobubbletea.pl\/sklep\/zelki-nata-de-coco\/zelki-do-bubble-tea-nata-de-coco-kokos-3-8-kg\/#breadcrumb"},"inLanguage":"es","potentialAction":[{"@type":"ReadAction","target":["https:\/\/kulkidobubbletea.pl\/sklep\/zelki-nata-de-coco\/zelki-do-bubble-tea-nata-de-coco-kokos-3-8-kg\/"]}]},{"@type":"ImageObject","inLanguage":"es","@id":"https:\/\/kulkidobubbletea.pl\/sklep\/zelki-nata-de-coco\/zelki-do-bubble-tea-nata-de-coco-kokos-3-8-kg\/#primaryimage","url":"https:\/\/kulkidobubbletea.pl\/wp-content\/uploads\/2024\/05\/liczi-1.png","contentUrl":"https:\/\/kulkidobubbletea.pl\/wp-content\/uploads\/2024\/05\/liczi-1.png","width":2000,"height":2000},{"@type":"BreadcrumbList","@id":"https:\/\/kulkidobubbletea.pl\/sklep\/zelki-nata-de-coco\/zelki-do-bubble-tea-nata-de-coco-kokos-3-8-kg\/#breadcrumb","itemListElement":[{"@type":"ListItem","position":1,"name":"Strona g\u0142\u00f3wna","item":"https:\/\/kulkidobubbletea.pl\/"},{"@type":"ListItem","position":2,"name":"Sklep","item":"https:\/\/kulkidobubbletea.pl\/sklep\/"},{"@type":"ListItem","position":3,"name":"\u017belki do Bubble Tea | Nata De Coco | Kokos 3.8 kg"}]},{"@type":"WebSite","@id":"https:\/\/kulkidobubbletea.pl\/#website","url":"https:\/\/kulkidobubbletea.pl\/","name":"Bolas de t\u00e9 de burbujas","description":"Tienda en l\u00ednea de t\u00e9 de burbujas","publisher":{"@id":"https:\/\/kulkidobubbletea.pl\/#organization"},"potentialAction":[{"@type":"SearchAction","target":{"@type":"EntryPoint","urlTemplate":"https:\/\/kulkidobubbletea.pl\/?s={search_term_string}"},"query-input":{"@type":"PropertyValueSpecification","valueRequired":true,"valueName":"search_term_string"}}],"inLanguage":"es"},{"@type":"Organization","@id":"https:\/\/kulkidobubbletea.pl\/#organization","name":"Bolas de t\u00e9 de burbujas","url":"https:\/\/kulkidobubbletea.pl\/","logo":{"@type":"ImageObject","inLanguage":"es","@id":"https:\/\/kulkidobubbletea.pl\/#\/schema\/logo\/image\/","url":"https:\/\/kulkidobubbletea.pl\/wp-content\/uploads\/2024\/04\/Original-on-Transparent.png","contentUrl":"https:\/\/kulkidobubbletea.pl\/wp-content\/uploads\/2024\/04\/Original-on-Transparent.png","width":5000,"height":1109,"caption":"Kulki Do Bubble Tea"},"image":{"@id":"https:\/\/kulkidobubbletea.pl\/#\/schema\/logo\/image\/"}}]}},"_links":{"self":[{"href":"https:\/\/kulkidobubbletea.pl\/es\/wp-json\/wp\/v2\/product\/16084","targetHints":{"allow":["GET"]}}],"collection":[{"href":"https:\/\/kulkidobubbletea.pl\/es\/wp-json\/wp\/v2\/product"}],"about":[{"href":"https:\/\/kulkidobubbletea.pl\/es\/wp-json\/wp\/v2\/types\/product"}],"replies":[{"embeddable":true,"href":"https:\/\/kulkidobubbletea.pl\/es\/wp-json\/wp\/v2\/comments?post=16084"}],"version-history":[{"count":1,"href":"https:\/\/kulkidobubbletea.pl\/es\/wp-json\/wp\/v2\/product\/16084\/revisions"}],"predecessor-version":[{"id":16085,"href":"https:\/\/kulkidobubbletea.pl\/es\/wp-json\/wp\/v2\/product\/16084\/revisions\/16085"}],"wp:featuredmedia":[{"embeddable":true,"href":"https:\/\/kulkidobubbletea.pl\/es\/wp-json\/wp\/v2\/media\/12374"}],"wp:attachment":[{"href":"https:\/\/kulkidobubbletea.pl\/es\/wp-json\/wp\/v2\/media?parent=16084"}],"wp:term":[{"taxonomy":"product_brand","embeddable":true,"href":"https:\/\/kulkidobubbletea.pl\/es\/wp-json\/wp\/v2\/product_brand?post=16084"},{"taxonomy":"product_cat","embeddable":true,"href":"https:\/\/kulkidobubbletea.pl\/es\/wp-json\/wp\/v2\/product_cat?post=16084"},{"taxonomy":"product_tag","embeddable":true,"href":"https:\/\/kulkidobubbletea.pl\/es\/wp-json\/wp\/v2\/product_tag?post=16084"}],"curies":[{"name":"wp","href":"https:\/\/api.w.org\/{rel}","templated":true}]}}