{"id":11011,"date":"2024-05-04T12:18:04","date_gmt":"2024-05-04T12:18:04","guid":{"rendered":"https:\/\/kulkidobubbletea.pl\/produkt\/zaklejarka-do-kubkow-taiwan-2\/"},"modified":"2025-08-11T08:37:41","modified_gmt":"2025-08-11T08:37:41","slug":"taza-selladora-taiwan","status":"publish","type":"product","link":"https:\/\/kulkidobubbletea.pl\/es\/tienda\/equipo\/taza-selladora-taiwan\/","title":{"rendered":"Selladora de vasos Taiw\u00e1n"},"content":{"rendered":"<p>Nuevo modelo de selladora YF-98S<\/p>\n<p>Equipos de alta gama, fabricados en Taiw\u00e1n, \u00a1no en China! Una diferencia muy significativa, los equipos garantizan la ausencia de fallos, la seguridad y el uso durante a\u00f1os.<\/p>\n<p>La selladora sella todo tipo de vasos de PP, PE y papel.<\/p>\n<p>&nbsp;<\/p>\n<p>Nuevo modelo, gu\u00edas de pel\u00edcula muy mejoradas: sin efecto de pelado, sensores modernos que funcionan con m\u00e1s pel\u00edculas para sellar (los modelos antiguos anteriores ten\u00edan problemas con algunas de las pel\u00edculas m\u00e1s baratas).<\/p>\n<p>&nbsp;<\/p>\n<p>&nbsp;<\/p>\n<p>Alta est\u00e9tica del producto, f\u00e1cil de limpiar y mucho m\u00e1s seguro que los modelos antiguos.<\/p>\n<p>Es posible programar el sellado de los vasos tanto autom\u00e1ticamente desde el sensor como manualmente o a una distancia de recorrido de la pel\u00edcula preestablecida.<\/p>\n<p>&nbsp;<\/p>\n<p>Opci\u00f3n de sellado autom\u00e1tico al introducir el vaso - sensor de fotoc\u00e9lula, no el cable que era problem\u00e1tico en las versiones antiguas.<\/p>\n<p>&nbsp;<\/p>\n<p>&nbsp;<\/p>\n<p>Tiempo para el proceso completo de sellado del vaso, incluida la dispensaci\u00f3n 3,5 - 4s.<\/p>\n<p>Se incluye un anillo de aluminio adicional para trabajar con todo tipo de vasos.<\/p>\n<p>El \u00faltimo modelo, significativamente mejorado, elimin\u00f3 el problema del sellado descuidado y desigual de la copa o la rotura de la cinta.<\/p>\n<p>Peso 26 kg,<\/p>\n<p>Dimensiones 32x24x59 cm<\/p>\n<p>220V \/ 400W<\/p>\n<p>&nbsp;<\/p>\n<p>Un a\u00f1o de garant\u00eda.<\/p>\n<p>&nbsp;<\/p>\n<p>Nueva entrega, colores blanco y negro disponibles.<\/p>","protected":false},"excerpt":{"rendered":"<p>Nowy model zaklejarek YF-98S Sprz\u0119t najwy\u017cszej klasy, produkcji Tajwanskiej &#8211; nie Chi\u0144skiej! Bardzo znacz\u0105ca r\u00f3\u017cnica, sprz\u0119t gwarantuje bezawaryjno\u015b\u0107, \u00a0bezpiecze\u0144stwo oraz<\/p>","protected":false},"featured_media":11891,"comment_status":"open","ping_status":"closed","template":"","meta":[],"product_brand":[],"product_cat":[319],"product_tag":[],"class_list":{"0":"post-11011","1":"product","2":"type-product","3":"status-publish","4":"has-post-thumbnail","6":"product_cat-sprzet","8":"first","9":"instock","10":"taxable","11":"shipping-taxable","12":"purchasable","13":"product-type-simple"},"yoast_head":"<!-- This site is optimized with the Yoast SEO Premium plugin v23.7 (Yoast SEO v27.3) - https:\/\/yoast.com\/product\/yoast-seo-premium-wordpress\/ -->\n<title>Zaklejarka do kubk\u00f3w Taiwan - Kulki Do Bubble Tea<\/title>\n<meta name=\"robots\" content=\"index, follow, max-snippet:-1, max-image-preview:large, max-video-preview:-1\" \/>\n<link rel=\"canonical\" href=\"https:\/\/kulkidobubbletea.pl\/es\/tienda\/equipo\/taza-selladora-taiwan\/\" \/>\n<meta property=\"og:locale\" content=\"es_ES\" \/>\n<meta property=\"og:type\" content=\"article\" \/>\n<meta property=\"og:title\" content=\"Zaklejarka do kubk\u00f3w Taiwan\" \/>\n<meta property=\"og:description\" content=\"Nowy model zaklejarek YF-98S Sprz\u0119t najwy\u017cszej klasy, produkcji Tajwanskiej &#8211; nie Chi\u0144skiej! Bardzo znacz\u0105ca r\u00f3\u017cnica, sprz\u0119t gwarantuje bezawaryjno\u015b\u0107, \u00a0bezpiecze\u0144stwo oraz\" \/>\n<meta property=\"og:url\" content=\"https:\/\/kulkidobubbletea.pl\/es\/tienda\/equipo\/taza-selladora-taiwan\/\" \/>\n<meta property=\"og:site_name\" content=\"Kulki Do Bubble Tea\" \/>\n<meta property=\"article:modified_time\" content=\"2025-08-11T08:37:41+00:00\" \/>\n<meta property=\"og:image\" content=\"https:\/\/kulkidobubbletea.pl\/wp-content\/uploads\/2024\/05\/Zdjecie-zaklejarki-do-sklepu.png\" \/>\n\t<meta property=\"og:image:width\" content=\"770\" \/>\n\t<meta property=\"og:image:height\" content=\"1155\" \/>\n\t<meta property=\"og:image:type\" content=\"image\/png\" \/>\n<meta name=\"twitter:card\" content=\"summary_large_image\" \/>\n<meta name=\"twitter:label1\" content=\"Tiempo de lectura\" \/>\n\t<meta name=\"twitter:data1\" content=\"1 minuto\" \/>\n<script type=\"application\/ld+json\" class=\"yoast-schema-graph\">{\"@context\":\"https:\\\/\\\/schema.org\",\"@graph\":[{\"@type\":\"WebPage\",\"@id\":\"https:\\\/\\\/kulkidobubbletea.pl\\\/sklep\\\/sprzet\\\/zaklejarka-do-kubkow-taiwan\\\/\",\"url\":\"https:\\\/\\\/kulkidobubbletea.pl\\\/sklep\\\/sprzet\\\/zaklejarka-do-kubkow-taiwan\\\/\",\"name\":\"Zaklejarka do kubk\u00f3w Taiwan - Kulki Do Bubble Tea\",\"isPartOf\":{\"@id\":\"https:\\\/\\\/kulkidobubbletea.pl\\\/#website\"},\"primaryImageOfPage\":{\"@id\":\"https:\\\/\\\/kulkidobubbletea.pl\\\/sklep\\\/sprzet\\\/zaklejarka-do-kubkow-taiwan\\\/#primaryimage\"},\"image\":{\"@id\":\"https:\\\/\\\/kulkidobubbletea.pl\\\/sklep\\\/sprzet\\\/zaklejarka-do-kubkow-taiwan\\\/#primaryimage\"},\"thumbnailUrl\":\"https:\\\/\\\/kulkidobubbletea.pl\\\/wp-content\\\/uploads\\\/2024\\\/05\\\/Zdjecie-zaklejarki-do-sklepu.png\",\"datePublished\":\"2024-05-04T12:18:04+00:00\",\"dateModified\":\"2025-08-11T08:37:41+00:00\",\"breadcrumb\":{\"@id\":\"https:\\\/\\\/kulkidobubbletea.pl\\\/sklep\\\/sprzet\\\/zaklejarka-do-kubkow-taiwan\\\/#breadcrumb\"},\"inLanguage\":\"es\",\"potentialAction\":[{\"@type\":\"ReadAction\",\"target\":[\"https:\\\/\\\/kulkidobubbletea.pl\\\/sklep\\\/sprzet\\\/zaklejarka-do-kubkow-taiwan\\\/\"]}]},{\"@type\":\"ImageObject\",\"inLanguage\":\"es\",\"@id\":\"https:\\\/\\\/kulkidobubbletea.pl\\\/sklep\\\/sprzet\\\/zaklejarka-do-kubkow-taiwan\\\/#primaryimage\",\"url\":\"https:\\\/\\\/kulkidobubbletea.pl\\\/wp-content\\\/uploads\\\/2024\\\/05\\\/Zdjecie-zaklejarki-do-sklepu.png\",\"contentUrl\":\"https:\\\/\\\/kulkidobubbletea.pl\\\/wp-content\\\/uploads\\\/2024\\\/05\\\/Zdjecie-zaklejarki-do-sklepu.png\",\"width\":770,\"height\":1155},{\"@type\":\"BreadcrumbList\",\"@id\":\"https:\\\/\\\/kulkidobubbletea.pl\\\/sklep\\\/sprzet\\\/zaklejarka-do-kubkow-taiwan\\\/#breadcrumb\",\"itemListElement\":[{\"@type\":\"ListItem\",\"position\":1,\"name\":\"Strona g\u0142\u00f3wna\",\"item\":\"https:\\\/\\\/kulkidobubbletea.pl\\\/\"},{\"@type\":\"ListItem\",\"position\":2,\"name\":\"Sklep\",\"item\":\"https:\\\/\\\/kulkidobubbletea.pl\\\/sklep\\\/\"},{\"@type\":\"ListItem\",\"position\":3,\"name\":\"Zaklejarka do kubk\u00f3w Taiwan\"}]},{\"@type\":\"WebSite\",\"@id\":\"https:\\\/\\\/kulkidobubbletea.pl\\\/#website\",\"url\":\"https:\\\/\\\/kulkidobubbletea.pl\\\/\",\"name\":\"Kulki Do Bubble Tea\",\"description\":\"Sklep online z artyku\u0142ami do bubble tea\",\"publisher\":{\"@id\":\"https:\\\/\\\/kulkidobubbletea.pl\\\/#organization\"},\"potentialAction\":[{\"@type\":\"SearchAction\",\"target\":{\"@type\":\"EntryPoint\",\"urlTemplate\":\"https:\\\/\\\/kulkidobubbletea.pl\\\/?s={search_term_string}\"},\"query-input\":{\"@type\":\"PropertyValueSpecification\",\"valueRequired\":true,\"valueName\":\"search_term_string\"}}],\"inLanguage\":\"es\"},{\"@type\":\"Organization\",\"@id\":\"https:\\\/\\\/kulkidobubbletea.pl\\\/#organization\",\"name\":\"Kulki Do Bubble Tea\",\"url\":\"https:\\\/\\\/kulkidobubbletea.pl\\\/\",\"logo\":{\"@type\":\"ImageObject\",\"inLanguage\":\"es\",\"@id\":\"https:\\\/\\\/kulkidobubbletea.pl\\\/#\\\/schema\\\/logo\\\/image\\\/\",\"url\":\"https:\\\/\\\/kulkidobubbletea.pl\\\/wp-content\\\/uploads\\\/2024\\\/04\\\/Original-on-Transparent.png\",\"contentUrl\":\"https:\\\/\\\/kulkidobubbletea.pl\\\/wp-content\\\/uploads\\\/2024\\\/04\\\/Original-on-Transparent.png\",\"width\":5000,\"height\":1109,\"caption\":\"Kulki Do Bubble Tea\"},\"image\":{\"@id\":\"https:\\\/\\\/kulkidobubbletea.pl\\\/#\\\/schema\\\/logo\\\/image\\\/\"}}]}<\/script>\n<!-- \/ Yoast SEO Premium plugin. -->","yoast_head_json":{"title":"Taiwan Cup Sealer - Bolas de t\u00e9 de burbujas","robots":{"index":"index","follow":"follow","max-snippet":"max-snippet:-1","max-image-preview":"max-image-preview:large","max-video-preview":"max-video-preview:-1"},"canonical":"https:\/\/kulkidobubbletea.pl\/es\/tienda\/equipo\/taza-selladora-taiwan\/","og_locale":"es_ES","og_type":"article","og_title":"Zaklejarka do kubk\u00f3w Taiwan","og_description":"Nowy model zaklejarek YF-98S Sprz\u0119t najwy\u017cszej klasy, produkcji Tajwanskiej &#8211; nie Chi\u0144skiej! Bardzo znacz\u0105ca r\u00f3\u017cnica, sprz\u0119t gwarantuje bezawaryjno\u015b\u0107, \u00a0bezpiecze\u0144stwo oraz","og_url":"https:\/\/kulkidobubbletea.pl\/es\/tienda\/equipo\/taza-selladora-taiwan\/","og_site_name":"Kulki Do Bubble Tea","article_modified_time":"2025-08-11T08:37:41+00:00","og_image":[{"width":770,"height":1155,"url":"https:\/\/kulkidobubbletea.pl\/wp-content\/uploads\/2024\/05\/Zdjecie-zaklejarki-do-sklepu.png","type":"image\/png"}],"twitter_card":"summary_large_image","twitter_misc":{"Tiempo de lectura":"1 minuto"},"schema":{"@context":"https:\/\/schema.org","@graph":[{"@type":"WebPage","@id":"https:\/\/kulkidobubbletea.pl\/sklep\/sprzet\/zaklejarka-do-kubkow-taiwan\/","url":"https:\/\/kulkidobubbletea.pl\/sklep\/sprzet\/zaklejarka-do-kubkow-taiwan\/","name":"Taiwan Cup Sealer - Bolas de t\u00e9 de burbujas","isPartOf":{"@id":"https:\/\/kulkidobubbletea.pl\/#website"},"primaryImageOfPage":{"@id":"https:\/\/kulkidobubbletea.pl\/sklep\/sprzet\/zaklejarka-do-kubkow-taiwan\/#primaryimage"},"image":{"@id":"https:\/\/kulkidobubbletea.pl\/sklep\/sprzet\/zaklejarka-do-kubkow-taiwan\/#primaryimage"},"thumbnailUrl":"https:\/\/kulkidobubbletea.pl\/wp-content\/uploads\/2024\/05\/Zdjecie-zaklejarki-do-sklepu.png","datePublished":"2024-05-04T12:18:04+00:00","dateModified":"2025-08-11T08:37:41+00:00","breadcrumb":{"@id":"https:\/\/kulkidobubbletea.pl\/sklep\/sprzet\/zaklejarka-do-kubkow-taiwan\/#breadcrumb"},"inLanguage":"es","potentialAction":[{"@type":"ReadAction","target":["https:\/\/kulkidobubbletea.pl\/sklep\/sprzet\/zaklejarka-do-kubkow-taiwan\/"]}]},{"@type":"ImageObject","inLanguage":"es","@id":"https:\/\/kulkidobubbletea.pl\/sklep\/sprzet\/zaklejarka-do-kubkow-taiwan\/#primaryimage","url":"https:\/\/kulkidobubbletea.pl\/wp-content\/uploads\/2024\/05\/Zdjecie-zaklejarki-do-sklepu.png","contentUrl":"https:\/\/kulkidobubbletea.pl\/wp-content\/uploads\/2024\/05\/Zdjecie-zaklejarki-do-sklepu.png","width":770,"height":1155},{"@type":"BreadcrumbList","@id":"https:\/\/kulkidobubbletea.pl\/sklep\/sprzet\/zaklejarka-do-kubkow-taiwan\/#breadcrumb","itemListElement":[{"@type":"ListItem","position":1,"name":"Strona g\u0142\u00f3wna","item":"https:\/\/kulkidobubbletea.pl\/"},{"@type":"ListItem","position":2,"name":"Sklep","item":"https:\/\/kulkidobubbletea.pl\/sklep\/"},{"@type":"ListItem","position":3,"name":"Zaklejarka do kubk\u00f3w Taiwan"}]},{"@type":"WebSite","@id":"https:\/\/kulkidobubbletea.pl\/#website","url":"https:\/\/kulkidobubbletea.pl\/","name":"Bolas de t\u00e9 de burbujas","description":"Tienda en l\u00ednea de t\u00e9 de burbujas","publisher":{"@id":"https:\/\/kulkidobubbletea.pl\/#organization"},"potentialAction":[{"@type":"SearchAction","target":{"@type":"EntryPoint","urlTemplate":"https:\/\/kulkidobubbletea.pl\/?s={search_term_string}"},"query-input":{"@type":"PropertyValueSpecification","valueRequired":true,"valueName":"search_term_string"}}],"inLanguage":"es"},{"@type":"Organization","@id":"https:\/\/kulkidobubbletea.pl\/#organization","name":"Bolas de t\u00e9 de burbujas","url":"https:\/\/kulkidobubbletea.pl\/","logo":{"@type":"ImageObject","inLanguage":"es","@id":"https:\/\/kulkidobubbletea.pl\/#\/schema\/logo\/image\/","url":"https:\/\/kulkidobubbletea.pl\/wp-content\/uploads\/2024\/04\/Original-on-Transparent.png","contentUrl":"https:\/\/kulkidobubbletea.pl\/wp-content\/uploads\/2024\/04\/Original-on-Transparent.png","width":5000,"height":1109,"caption":"Kulki Do Bubble Tea"},"image":{"@id":"https:\/\/kulkidobubbletea.pl\/#\/schema\/logo\/image\/"}}]}},"_links":{"self":[{"href":"https:\/\/kulkidobubbletea.pl\/es\/wp-json\/wp\/v2\/product\/11011","targetHints":{"allow":["GET"]}}],"collection":[{"href":"https:\/\/kulkidobubbletea.pl\/es\/wp-json\/wp\/v2\/product"}],"about":[{"href":"https:\/\/kulkidobubbletea.pl\/es\/wp-json\/wp\/v2\/types\/product"}],"replies":[{"embeddable":true,"href":"https:\/\/kulkidobubbletea.pl\/es\/wp-json\/wp\/v2\/comments?post=11011"}],"version-history":[{"count":1,"href":"https:\/\/kulkidobubbletea.pl\/es\/wp-json\/wp\/v2\/product\/11011\/revisions"}],"predecessor-version":[{"id":11892,"href":"https:\/\/kulkidobubbletea.pl\/es\/wp-json\/wp\/v2\/product\/11011\/revisions\/11892"}],"wp:featuredmedia":[{"embeddable":true,"href":"https:\/\/kulkidobubbletea.pl\/es\/wp-json\/wp\/v2\/media\/11891"}],"wp:attachment":[{"href":"https:\/\/kulkidobubbletea.pl\/es\/wp-json\/wp\/v2\/media?parent=11011"}],"wp:term":[{"taxonomy":"product_brand","embeddable":true,"href":"https:\/\/kulkidobubbletea.pl\/es\/wp-json\/wp\/v2\/product_brand?post=11011"},{"taxonomy":"product_cat","embeddable":true,"href":"https:\/\/kulkidobubbletea.pl\/es\/wp-json\/wp\/v2\/product_cat?post=11011"},{"taxonomy":"product_tag","embeddable":true,"href":"https:\/\/kulkidobubbletea.pl\/es\/wp-json\/wp\/v2\/product_tag?post=11011"}],"curies":[{"name":"wp","href":"https:\/\/api.w.org\/{rel}","templated":true}]}}