{"id":17012,"date":"2024-05-09T18:19:37","date_gmt":"2024-05-09T18:19:37","guid":{"rendered":"https:\/\/kulkidobubbletea.pl\/?post_type=product&#038;p=17012"},"modified":"2026-03-19T12:15:13","modified_gmt":"2026-03-19T12:15:13","slug":"bubble-tea-syrup-original-taiwan-grapefruit-2-5-kg","status":"publish","type":"product","link":"https:\/\/kulkidobubbletea.pl\/en\/shop\/bubble-tea-syrups\/bubble-tea-syrup-original-taiwan-grapefruit-2-5-kg\/","title":{"rendered":"Bubble Tea Syrup - Original - TAIWAN GREYFRUIT 2.5 kg"},"content":{"rendered":"<p>GENUINE TAIWANESE GRAPEFRUIT-FLAVOURED SYRUP<\/p>\n<p>&nbsp;<\/p>\n<p>Premium quality, brilliant original taste.<\/p>\n<p>&nbsp;<\/p>\n<p>Not to be confused with European production. This is an original product imported from Taiwan - the cradle of Bubble Tea, guaranteeing the highest quality and taste of the resulting product.<\/p>\n<p>&nbsp;<\/p>\n<p>The syrups are efficient, 40-50ml of syrup per 500ml of finished drink.<\/p>\n<p>&nbsp;<\/p>\n<p>Long expiry dates, the vast majority of syrups with a minimum date of 2027.<\/p>\n<p>&nbsp;<\/p>\n<p>When ordering an entire bulk pack of a specific flavour (6pc carton of syrups), we include a pump free of charge.<\/p>\n<p>&nbsp;<\/p>\n<p>Product and bottle shape identical to photo.<\/p>","protected":false},"excerpt":{"rendered":"<p>ORYGINALNY TAJWA\u0143SKI SYROP O SMAKU GRAPEFRUTOWYM &nbsp; Jako\u015b\u0107 premium, genialny, oryginalny smak. &nbsp; Nie myli\u0107 z produkcj\u0105 europejsk\u0105. Jest to<\/p>","protected":false},"featured_media":17013,"comment_status":"open","ping_status":"closed","template":"","meta":[],"product_brand":[],"product_cat":[312],"product_tag":[],"class_list":{"0":"post-17012","1":"product","2":"type-product","3":"status-publish","4":"has-post-thumbnail","6":"product_cat-syropy-do-bubble-tea","8":"first","9":"instock","10":"taxable","11":"shipping-taxable","12":"purchasable","13":"product-type-simple"},"yoast_head":"<!-- This site is optimized with the Yoast SEO Premium plugin v23.7 (Yoast SEO v27.3) - https:\/\/yoast.com\/product\/yoast-seo-premium-wordpress\/ -->\n<title>Syrop do Bubble Tea - Orygina\u0142 - TAJWAN GREJPFRUT 2.5 kg - Kulki Do Bubble Tea<\/title>\n<meta name=\"robots\" content=\"index, follow, max-snippet:-1, max-image-preview:large, max-video-preview:-1\" \/>\n<link rel=\"canonical\" href=\"https:\/\/kulkidobubbletea.pl\/en\/shop\/bubble-tea-syrups\/bubble-tea-syrup-original-taiwan-grapefruit-2-5-kg\/\" \/>\n<meta property=\"og:locale\" content=\"en_GB\" \/>\n<meta property=\"og:type\" content=\"article\" \/>\n<meta property=\"og:title\" content=\"Syrop do Bubble Tea - Orygina\u0142 - TAJWAN GREJPFRUT 2.5 kg\" \/>\n<meta property=\"og:description\" content=\"ORYGINALNY TAJWA\u0143SKI SYROP O SMAKU GRAPEFRUTOWYM &nbsp; Jako\u015b\u0107 premium, genialny, oryginalny smak. &nbsp; Nie myli\u0107 z produkcj\u0105 europejsk\u0105. Jest to\" \/>\n<meta property=\"og:url\" content=\"https:\/\/kulkidobubbletea.pl\/en\/shop\/bubble-tea-syrups\/bubble-tea-syrup-original-taiwan-grapefruit-2-5-kg\/\" \/>\n<meta property=\"og:site_name\" content=\"Kulki Do Bubble Tea\" \/>\n<meta property=\"article:modified_time\" content=\"2026-03-19T12:15:13+00:00\" \/>\n<meta property=\"og:image\" content=\"https:\/\/kulkidobubbletea.pl\/wp-content\/uploads\/2026\/03\/GREJPFRUT-KWADRAT-PRZOD.jpg\" \/>\n\t<meta property=\"og:image:width\" content=\"2000\" \/>\n\t<meta property=\"og:image:height\" content=\"2000\" \/>\n\t<meta property=\"og:image:type\" content=\"image\/jpeg\" \/>\n<meta name=\"twitter:card\" content=\"summary_large_image\" \/>\n<meta name=\"twitter:label1\" content=\"Estimated reading time\" \/>\n\t<meta name=\"twitter:data1\" content=\"1 minute\" \/>\n<script type=\"application\/ld+json\" class=\"yoast-schema-graph\">{\"@context\":\"https:\\\/\\\/schema.org\",\"@graph\":[{\"@type\":\"WebPage\",\"@id\":\"https:\\\/\\\/kulkidobubbletea.pl\\\/sklep\\\/syropy-do-bubble-tea\\\/syrop-do-bubble-tea-oryginal-tajwan-grejpfrut-2-5-kg\\\/\",\"url\":\"https:\\\/\\\/kulkidobubbletea.pl\\\/sklep\\\/syropy-do-bubble-tea\\\/syrop-do-bubble-tea-oryginal-tajwan-grejpfrut-2-5-kg\\\/\",\"name\":\"Syrop do Bubble Tea - Orygina\u0142 - TAJWAN GREJPFRUT 2.5 kg - Kulki Do Bubble Tea\",\"isPartOf\":{\"@id\":\"https:\\\/\\\/kulkidobubbletea.pl\\\/#website\"},\"primaryImageOfPage\":{\"@id\":\"https:\\\/\\\/kulkidobubbletea.pl\\\/sklep\\\/syropy-do-bubble-tea\\\/syrop-do-bubble-tea-oryginal-tajwan-grejpfrut-2-5-kg\\\/#primaryimage\"},\"image\":{\"@id\":\"https:\\\/\\\/kulkidobubbletea.pl\\\/sklep\\\/syropy-do-bubble-tea\\\/syrop-do-bubble-tea-oryginal-tajwan-grejpfrut-2-5-kg\\\/#primaryimage\"},\"thumbnailUrl\":\"https:\\\/\\\/kulkidobubbletea.pl\\\/wp-content\\\/uploads\\\/2026\\\/03\\\/GREJPFRUT-KWADRAT-PRZOD.jpg\",\"datePublished\":\"2024-05-09T18:19:37+00:00\",\"dateModified\":\"2026-03-19T12:15:13+00:00\",\"breadcrumb\":{\"@id\":\"https:\\\/\\\/kulkidobubbletea.pl\\\/sklep\\\/syropy-do-bubble-tea\\\/syrop-do-bubble-tea-oryginal-tajwan-grejpfrut-2-5-kg\\\/#breadcrumb\"},\"inLanguage\":\"en-GB\",\"potentialAction\":[{\"@type\":\"ReadAction\",\"target\":[\"https:\\\/\\\/kulkidobubbletea.pl\\\/sklep\\\/syropy-do-bubble-tea\\\/syrop-do-bubble-tea-oryginal-tajwan-grejpfrut-2-5-kg\\\/\"]}]},{\"@type\":\"ImageObject\",\"inLanguage\":\"en-GB\",\"@id\":\"https:\\\/\\\/kulkidobubbletea.pl\\\/sklep\\\/syropy-do-bubble-tea\\\/syrop-do-bubble-tea-oryginal-tajwan-grejpfrut-2-5-kg\\\/#primaryimage\",\"url\":\"https:\\\/\\\/kulkidobubbletea.pl\\\/wp-content\\\/uploads\\\/2026\\\/03\\\/GREJPFRUT-KWADRAT-PRZOD.jpg\",\"contentUrl\":\"https:\\\/\\\/kulkidobubbletea.pl\\\/wp-content\\\/uploads\\\/2026\\\/03\\\/GREJPFRUT-KWADRAT-PRZOD.jpg\",\"width\":2000,\"height\":2000},{\"@type\":\"BreadcrumbList\",\"@id\":\"https:\\\/\\\/kulkidobubbletea.pl\\\/sklep\\\/syropy-do-bubble-tea\\\/syrop-do-bubble-tea-oryginal-tajwan-grejpfrut-2-5-kg\\\/#breadcrumb\",\"itemListElement\":[{\"@type\":\"ListItem\",\"position\":1,\"name\":\"Strona g\u0142\u00f3wna\",\"item\":\"https:\\\/\\\/kulkidobubbletea.pl\\\/\"},{\"@type\":\"ListItem\",\"position\":2,\"name\":\"Sklep\",\"item\":\"https:\\\/\\\/kulkidobubbletea.pl\\\/sklep\\\/\"},{\"@type\":\"ListItem\",\"position\":3,\"name\":\"Syrop do Bubble Tea &#8211; Orygina\u0142 &#8211; TAJWAN GREJPFRUT 2.5 kg\"}]},{\"@type\":\"WebSite\",\"@id\":\"https:\\\/\\\/kulkidobubbletea.pl\\\/#website\",\"url\":\"https:\\\/\\\/kulkidobubbletea.pl\\\/\",\"name\":\"Kulki Do Bubble Tea\",\"description\":\"Sklep online z artyku\u0142ami do bubble tea\",\"publisher\":{\"@id\":\"https:\\\/\\\/kulkidobubbletea.pl\\\/#organization\"},\"potentialAction\":[{\"@type\":\"SearchAction\",\"target\":{\"@type\":\"EntryPoint\",\"urlTemplate\":\"https:\\\/\\\/kulkidobubbletea.pl\\\/?s={search_term_string}\"},\"query-input\":{\"@type\":\"PropertyValueSpecification\",\"valueRequired\":true,\"valueName\":\"search_term_string\"}}],\"inLanguage\":\"en-GB\"},{\"@type\":\"Organization\",\"@id\":\"https:\\\/\\\/kulkidobubbletea.pl\\\/#organization\",\"name\":\"Kulki Do Bubble Tea\",\"url\":\"https:\\\/\\\/kulkidobubbletea.pl\\\/\",\"logo\":{\"@type\":\"ImageObject\",\"inLanguage\":\"en-GB\",\"@id\":\"https:\\\/\\\/kulkidobubbletea.pl\\\/#\\\/schema\\\/logo\\\/image\\\/\",\"url\":\"https:\\\/\\\/kulkidobubbletea.pl\\\/wp-content\\\/uploads\\\/2024\\\/04\\\/Original-on-Transparent.png\",\"contentUrl\":\"https:\\\/\\\/kulkidobubbletea.pl\\\/wp-content\\\/uploads\\\/2024\\\/04\\\/Original-on-Transparent.png\",\"width\":5000,\"height\":1109,\"caption\":\"Kulki Do Bubble Tea\"},\"image\":{\"@id\":\"https:\\\/\\\/kulkidobubbletea.pl\\\/#\\\/schema\\\/logo\\\/image\\\/\"}}]}<\/script>\n<!-- \/ Yoast SEO Premium plugin. -->","yoast_head_json":{"title":"Bubble Tea Syrup - Original - TAIWAN GREYFRUIT 2.5 kg - Bubble Tea Balls","robots":{"index":"index","follow":"follow","max-snippet":"max-snippet:-1","max-image-preview":"max-image-preview:large","max-video-preview":"max-video-preview:-1"},"canonical":"https:\/\/kulkidobubbletea.pl\/en\/shop\/bubble-tea-syrups\/bubble-tea-syrup-original-taiwan-grapefruit-2-5-kg\/","og_locale":"en_GB","og_type":"article","og_title":"Syrop do Bubble Tea - Orygina\u0142 - TAJWAN GREJPFRUT 2.5 kg","og_description":"ORYGINALNY TAJWA\u0143SKI SYROP O SMAKU GRAPEFRUTOWYM &nbsp; Jako\u015b\u0107 premium, genialny, oryginalny smak. &nbsp; Nie myli\u0107 z produkcj\u0105 europejsk\u0105. Jest to","og_url":"https:\/\/kulkidobubbletea.pl\/en\/shop\/bubble-tea-syrups\/bubble-tea-syrup-original-taiwan-grapefruit-2-5-kg\/","og_site_name":"Kulki Do Bubble Tea","article_modified_time":"2026-03-19T12:15:13+00:00","og_image":[{"width":2000,"height":2000,"url":"https:\/\/kulkidobubbletea.pl\/wp-content\/uploads\/2026\/03\/GREJPFRUT-KWADRAT-PRZOD.jpg","type":"image\/jpeg"}],"twitter_card":"summary_large_image","twitter_misc":{"Estimated reading time":"1 minute"},"schema":{"@context":"https:\/\/schema.org","@graph":[{"@type":"WebPage","@id":"https:\/\/kulkidobubbletea.pl\/sklep\/syropy-do-bubble-tea\/syrop-do-bubble-tea-oryginal-tajwan-grejpfrut-2-5-kg\/","url":"https:\/\/kulkidobubbletea.pl\/sklep\/syropy-do-bubble-tea\/syrop-do-bubble-tea-oryginal-tajwan-grejpfrut-2-5-kg\/","name":"Bubble Tea Syrup - Original - TAIWAN GREYFRUIT 2.5 kg - Bubble Tea Balls","isPartOf":{"@id":"https:\/\/kulkidobubbletea.pl\/#website"},"primaryImageOfPage":{"@id":"https:\/\/kulkidobubbletea.pl\/sklep\/syropy-do-bubble-tea\/syrop-do-bubble-tea-oryginal-tajwan-grejpfrut-2-5-kg\/#primaryimage"},"image":{"@id":"https:\/\/kulkidobubbletea.pl\/sklep\/syropy-do-bubble-tea\/syrop-do-bubble-tea-oryginal-tajwan-grejpfrut-2-5-kg\/#primaryimage"},"thumbnailUrl":"https:\/\/kulkidobubbletea.pl\/wp-content\/uploads\/2026\/03\/GREJPFRUT-KWADRAT-PRZOD.jpg","datePublished":"2024-05-09T18:19:37+00:00","dateModified":"2026-03-19T12:15:13+00:00","breadcrumb":{"@id":"https:\/\/kulkidobubbletea.pl\/sklep\/syropy-do-bubble-tea\/syrop-do-bubble-tea-oryginal-tajwan-grejpfrut-2-5-kg\/#breadcrumb"},"inLanguage":"en-GB","potentialAction":[{"@type":"ReadAction","target":["https:\/\/kulkidobubbletea.pl\/sklep\/syropy-do-bubble-tea\/syrop-do-bubble-tea-oryginal-tajwan-grejpfrut-2-5-kg\/"]}]},{"@type":"ImageObject","inLanguage":"en-GB","@id":"https:\/\/kulkidobubbletea.pl\/sklep\/syropy-do-bubble-tea\/syrop-do-bubble-tea-oryginal-tajwan-grejpfrut-2-5-kg\/#primaryimage","url":"https:\/\/kulkidobubbletea.pl\/wp-content\/uploads\/2026\/03\/GREJPFRUT-KWADRAT-PRZOD.jpg","contentUrl":"https:\/\/kulkidobubbletea.pl\/wp-content\/uploads\/2026\/03\/GREJPFRUT-KWADRAT-PRZOD.jpg","width":2000,"height":2000},{"@type":"BreadcrumbList","@id":"https:\/\/kulkidobubbletea.pl\/sklep\/syropy-do-bubble-tea\/syrop-do-bubble-tea-oryginal-tajwan-grejpfrut-2-5-kg\/#breadcrumb","itemListElement":[{"@type":"ListItem","position":1,"name":"Strona g\u0142\u00f3wna","item":"https:\/\/kulkidobubbletea.pl\/"},{"@type":"ListItem","position":2,"name":"Sklep","item":"https:\/\/kulkidobubbletea.pl\/sklep\/"},{"@type":"ListItem","position":3,"name":"Syrop do Bubble Tea &#8211; Orygina\u0142 &#8211; TAJWAN GREJPFRUT 2.5 kg"}]},{"@type":"WebSite","@id":"https:\/\/kulkidobubbletea.pl\/#website","url":"https:\/\/kulkidobubbletea.pl\/","name":"Bubble Tea Balls","description":"Online bubble tea shop","publisher":{"@id":"https:\/\/kulkidobubbletea.pl\/#organization"},"potentialAction":[{"@type":"SearchAction","target":{"@type":"EntryPoint","urlTemplate":"https:\/\/kulkidobubbletea.pl\/?s={search_term_string}"},"query-input":{"@type":"PropertyValueSpecification","valueRequired":true,"valueName":"search_term_string"}}],"inLanguage":"en-GB"},{"@type":"Organization","@id":"https:\/\/kulkidobubbletea.pl\/#organization","name":"Bubble Tea Balls","url":"https:\/\/kulkidobubbletea.pl\/","logo":{"@type":"ImageObject","inLanguage":"en-GB","@id":"https:\/\/kulkidobubbletea.pl\/#\/schema\/logo\/image\/","url":"https:\/\/kulkidobubbletea.pl\/wp-content\/uploads\/2024\/04\/Original-on-Transparent.png","contentUrl":"https:\/\/kulkidobubbletea.pl\/wp-content\/uploads\/2024\/04\/Original-on-Transparent.png","width":5000,"height":1109,"caption":"Kulki Do Bubble Tea"},"image":{"@id":"https:\/\/kulkidobubbletea.pl\/#\/schema\/logo\/image\/"}}]}},"_links":{"self":[{"href":"https:\/\/kulkidobubbletea.pl\/en\/wp-json\/wp\/v2\/product\/17012","targetHints":{"allow":["GET"]}}],"collection":[{"href":"https:\/\/kulkidobubbletea.pl\/en\/wp-json\/wp\/v2\/product"}],"about":[{"href":"https:\/\/kulkidobubbletea.pl\/en\/wp-json\/wp\/v2\/types\/product"}],"replies":[{"embeddable":true,"href":"https:\/\/kulkidobubbletea.pl\/en\/wp-json\/wp\/v2\/comments?post=17012"}],"version-history":[{"count":1,"href":"https:\/\/kulkidobubbletea.pl\/en\/wp-json\/wp\/v2\/product\/17012\/revisions"}],"predecessor-version":[{"id":17021,"href":"https:\/\/kulkidobubbletea.pl\/en\/wp-json\/wp\/v2\/product\/17012\/revisions\/17021"}],"wp:featuredmedia":[{"embeddable":true,"href":"https:\/\/kulkidobubbletea.pl\/en\/wp-json\/wp\/v2\/media\/17013"}],"wp:attachment":[{"href":"https:\/\/kulkidobubbletea.pl\/en\/wp-json\/wp\/v2\/media?parent=17012"}],"wp:term":[{"taxonomy":"product_brand","embeddable":true,"href":"https:\/\/kulkidobubbletea.pl\/en\/wp-json\/wp\/v2\/product_brand?post=17012"},{"taxonomy":"product_cat","embeddable":true,"href":"https:\/\/kulkidobubbletea.pl\/en\/wp-json\/wp\/v2\/product_cat?post=17012"},{"taxonomy":"product_tag","embeddable":true,"href":"https:\/\/kulkidobubbletea.pl\/en\/wp-json\/wp\/v2\/product_tag?post=17012"}],"curies":[{"name":"wp","href":"https:\/\/api.w.org\/{rel}","templated":true}]}}