{"id":11025,"date":"2024-05-04T12:18:07","date_gmt":"2024-05-04T12:18:07","guid":{"rendered":"https:\/\/kulkidobubbletea.pl\/produkt\/profesjonalne-urzadzenie-do-gotowania-tapioki-2\/"},"modified":"2025-08-29T13:00:06","modified_gmt":"2025-08-29T13:00:06","slug":"professional-tapioca-cooker","status":"publish","type":"product","link":"https:\/\/kulkidobubbletea.pl\/en\/shop\/equipment\/professional-tapioca-cooker\/","title":{"rendered":"Professional tapioca cooker | Bubble Tea kit"},"content":{"rendered":"<p>A smart device for simple and reproducible tapioca cooking.<\/p>\n<p>&nbsp;<\/p>\n<p>A proven and energy-efficient product.<\/p>\n<p>&nbsp;<\/p>\n<p>It is possible to keep tapioca warm all day without losing its quality.<\/p>","protected":false},"excerpt":{"rendered":"<p>Inteligentne urz\u0105dzenie do prostego i powtarzalnego gotowania tapioki. &nbsp; Produkt sprawdzony i energooszcz\u0119dny. &nbsp; Mo\u017cna w nim przetrzymywa\u0107 tapiok\u0119 ciep\u0142\u0105<\/p>","protected":false},"featured_media":11326,"comment_status":"open","ping_status":"closed","template":"","meta":[],"product_brand":[],"product_cat":[319,324],"product_tag":[],"class_list":{"0":"post-11025","1":"product","2":"type-product","3":"status-publish","4":"has-post-thumbnail","6":"product_cat-sprzet","7":"product_cat-tapiocasprzet","9":"first","10":"instock","11":"taxable","12":"shipping-taxable","13":"purchasable","14":"product-type-simple"},"yoast_head":"<!-- This site is optimized with the Yoast SEO Premium plugin v23.7 (Yoast SEO v27.3) - https:\/\/yoast.com\/product\/yoast-seo-premium-wordpress\/ -->\n<title>Profesjonalne urz\u0105dzenie do gotowania tapioki | Zestaw do Bubble Tea - Kulki Do Bubble Tea<\/title>\n<meta name=\"robots\" content=\"index, follow, max-snippet:-1, max-image-preview:large, max-video-preview:-1\" \/>\n<link rel=\"canonical\" href=\"https:\/\/kulkidobubbletea.pl\/en\/shop\/equipment\/professional-tapioca-cooker\/\" \/>\n<meta property=\"og:locale\" content=\"en_GB\" \/>\n<meta property=\"og:type\" content=\"article\" \/>\n<meta property=\"og:title\" content=\"Profesjonalne urz\u0105dzenie do gotowania tapioki | Zestaw do Bubble Tea\" \/>\n<meta property=\"og:description\" content=\"Inteligentne urz\u0105dzenie do prostego i powtarzalnego gotowania tapioki. &nbsp; Produkt sprawdzony i energooszcz\u0119dny. &nbsp; Mo\u017cna w nim przetrzymywa\u0107 tapiok\u0119 ciep\u0142\u0105\" \/>\n<meta property=\"og:url\" content=\"https:\/\/kulkidobubbletea.pl\/en\/shop\/equipment\/professional-tapioca-cooker\/\" \/>\n<meta property=\"og:site_name\" content=\"Kulki Do Bubble Tea\" \/>\n<meta property=\"article:modified_time\" content=\"2025-08-29T13:00:06+00:00\" \/>\n<meta property=\"og:image\" content=\"https:\/\/kulkidobubbletea.pl\/wp-content\/uploads\/2024\/05\/urzadzenie-do-gotowania-tapioki.jpeg\" \/>\n\t<meta property=\"og:image:width\" content=\"1024\" \/>\n\t<meta property=\"og:image:height\" content=\"768\" \/>\n\t<meta property=\"og:image:type\" content=\"image\/jpeg\" \/>\n<meta name=\"twitter:card\" content=\"summary_large_image\" \/>\n<script type=\"application\/ld+json\" class=\"yoast-schema-graph\">{\"@context\":\"https:\\\/\\\/schema.org\",\"@graph\":[{\"@type\":\"WebPage\",\"@id\":\"https:\\\/\\\/kulkidobubbletea.pl\\\/sklep\\\/sprzet\\\/profesjonalne-urzadzenie-do-gotowania-tapioki\\\/\",\"url\":\"https:\\\/\\\/kulkidobubbletea.pl\\\/sklep\\\/sprzet\\\/profesjonalne-urzadzenie-do-gotowania-tapioki\\\/\",\"name\":\"Profesjonalne urz\u0105dzenie do gotowania tapioki | Zestaw do Bubble Tea - Kulki Do Bubble Tea\",\"isPartOf\":{\"@id\":\"https:\\\/\\\/kulkidobubbletea.pl\\\/#website\"},\"primaryImageOfPage\":{\"@id\":\"https:\\\/\\\/kulkidobubbletea.pl\\\/sklep\\\/sprzet\\\/profesjonalne-urzadzenie-do-gotowania-tapioki\\\/#primaryimage\"},\"image\":{\"@id\":\"https:\\\/\\\/kulkidobubbletea.pl\\\/sklep\\\/sprzet\\\/profesjonalne-urzadzenie-do-gotowania-tapioki\\\/#primaryimage\"},\"thumbnailUrl\":\"https:\\\/\\\/kulkidobubbletea.pl\\\/wp-content\\\/uploads\\\/2024\\\/05\\\/urzadzenie-do-gotowania-tapioki.jpeg\",\"datePublished\":\"2024-05-04T12:18:07+00:00\",\"dateModified\":\"2025-08-29T13:00:06+00:00\",\"breadcrumb\":{\"@id\":\"https:\\\/\\\/kulkidobubbletea.pl\\\/sklep\\\/sprzet\\\/profesjonalne-urzadzenie-do-gotowania-tapioki\\\/#breadcrumb\"},\"inLanguage\":\"en-GB\",\"potentialAction\":[{\"@type\":\"ReadAction\",\"target\":[\"https:\\\/\\\/kulkidobubbletea.pl\\\/sklep\\\/sprzet\\\/profesjonalne-urzadzenie-do-gotowania-tapioki\\\/\"]}]},{\"@type\":\"ImageObject\",\"inLanguage\":\"en-GB\",\"@id\":\"https:\\\/\\\/kulkidobubbletea.pl\\\/sklep\\\/sprzet\\\/profesjonalne-urzadzenie-do-gotowania-tapioki\\\/#primaryimage\",\"url\":\"https:\\\/\\\/kulkidobubbletea.pl\\\/wp-content\\\/uploads\\\/2024\\\/05\\\/urzadzenie-do-gotowania-tapioki.jpeg\",\"contentUrl\":\"https:\\\/\\\/kulkidobubbletea.pl\\\/wp-content\\\/uploads\\\/2024\\\/05\\\/urzadzenie-do-gotowania-tapioki.jpeg\",\"width\":1024,\"height\":768},{\"@type\":\"BreadcrumbList\",\"@id\":\"https:\\\/\\\/kulkidobubbletea.pl\\\/sklep\\\/sprzet\\\/profesjonalne-urzadzenie-do-gotowania-tapioki\\\/#breadcrumb\",\"itemListElement\":[{\"@type\":\"ListItem\",\"position\":1,\"name\":\"Strona g\u0142\u00f3wna\",\"item\":\"https:\\\/\\\/kulkidobubbletea.pl\\\/\"},{\"@type\":\"ListItem\",\"position\":2,\"name\":\"Sklep\",\"item\":\"https:\\\/\\\/kulkidobubbletea.pl\\\/sklep\\\/\"},{\"@type\":\"ListItem\",\"position\":3,\"name\":\"Profesjonalne urz\u0105dzenie do gotowania tapioki | Zestaw do Bubble Tea\"}]},{\"@type\":\"WebSite\",\"@id\":\"https:\\\/\\\/kulkidobubbletea.pl\\\/#website\",\"url\":\"https:\\\/\\\/kulkidobubbletea.pl\\\/\",\"name\":\"Kulki Do Bubble Tea\",\"description\":\"Sklep online z artyku\u0142ami do bubble tea\",\"publisher\":{\"@id\":\"https:\\\/\\\/kulkidobubbletea.pl\\\/#organization\"},\"potentialAction\":[{\"@type\":\"SearchAction\",\"target\":{\"@type\":\"EntryPoint\",\"urlTemplate\":\"https:\\\/\\\/kulkidobubbletea.pl\\\/?s={search_term_string}\"},\"query-input\":{\"@type\":\"PropertyValueSpecification\",\"valueRequired\":true,\"valueName\":\"search_term_string\"}}],\"inLanguage\":\"en-GB\"},{\"@type\":\"Organization\",\"@id\":\"https:\\\/\\\/kulkidobubbletea.pl\\\/#organization\",\"name\":\"Kulki Do Bubble Tea\",\"url\":\"https:\\\/\\\/kulkidobubbletea.pl\\\/\",\"logo\":{\"@type\":\"ImageObject\",\"inLanguage\":\"en-GB\",\"@id\":\"https:\\\/\\\/kulkidobubbletea.pl\\\/#\\\/schema\\\/logo\\\/image\\\/\",\"url\":\"https:\\\/\\\/kulkidobubbletea.pl\\\/wp-content\\\/uploads\\\/2024\\\/04\\\/Original-on-Transparent.png\",\"contentUrl\":\"https:\\\/\\\/kulkidobubbletea.pl\\\/wp-content\\\/uploads\\\/2024\\\/04\\\/Original-on-Transparent.png\",\"width\":5000,\"height\":1109,\"caption\":\"Kulki Do Bubble Tea\"},\"image\":{\"@id\":\"https:\\\/\\\/kulkidobubbletea.pl\\\/#\\\/schema\\\/logo\\\/image\\\/\"}}]}<\/script>\n<!-- \/ Yoast SEO Premium plugin. -->","yoast_head_json":{"title":"Professional tapioca cooker | Bubble Tea set - Bubble Tea balls","robots":{"index":"index","follow":"follow","max-snippet":"max-snippet:-1","max-image-preview":"max-image-preview:large","max-video-preview":"max-video-preview:-1"},"canonical":"https:\/\/kulkidobubbletea.pl\/en\/shop\/equipment\/professional-tapioca-cooker\/","og_locale":"en_GB","og_type":"article","og_title":"Profesjonalne urz\u0105dzenie do gotowania tapioki | Zestaw do Bubble Tea","og_description":"Inteligentne urz\u0105dzenie do prostego i powtarzalnego gotowania tapioki. &nbsp; Produkt sprawdzony i energooszcz\u0119dny. &nbsp; Mo\u017cna w nim przetrzymywa\u0107 tapiok\u0119 ciep\u0142\u0105","og_url":"https:\/\/kulkidobubbletea.pl\/en\/shop\/equipment\/professional-tapioca-cooker\/","og_site_name":"Kulki Do Bubble Tea","article_modified_time":"2025-08-29T13:00:06+00:00","og_image":[{"width":1024,"height":768,"url":"https:\/\/kulkidobubbletea.pl\/wp-content\/uploads\/2024\/05\/urzadzenie-do-gotowania-tapioki.jpeg","type":"image\/jpeg"}],"twitter_card":"summary_large_image","schema":{"@context":"https:\/\/schema.org","@graph":[{"@type":"WebPage","@id":"https:\/\/kulkidobubbletea.pl\/sklep\/sprzet\/profesjonalne-urzadzenie-do-gotowania-tapioki\/","url":"https:\/\/kulkidobubbletea.pl\/sklep\/sprzet\/profesjonalne-urzadzenie-do-gotowania-tapioki\/","name":"Professional tapioca cooker | Bubble Tea set - Bubble Tea balls","isPartOf":{"@id":"https:\/\/kulkidobubbletea.pl\/#website"},"primaryImageOfPage":{"@id":"https:\/\/kulkidobubbletea.pl\/sklep\/sprzet\/profesjonalne-urzadzenie-do-gotowania-tapioki\/#primaryimage"},"image":{"@id":"https:\/\/kulkidobubbletea.pl\/sklep\/sprzet\/profesjonalne-urzadzenie-do-gotowania-tapioki\/#primaryimage"},"thumbnailUrl":"https:\/\/kulkidobubbletea.pl\/wp-content\/uploads\/2024\/05\/urzadzenie-do-gotowania-tapioki.jpeg","datePublished":"2024-05-04T12:18:07+00:00","dateModified":"2025-08-29T13:00:06+00:00","breadcrumb":{"@id":"https:\/\/kulkidobubbletea.pl\/sklep\/sprzet\/profesjonalne-urzadzenie-do-gotowania-tapioki\/#breadcrumb"},"inLanguage":"en-GB","potentialAction":[{"@type":"ReadAction","target":["https:\/\/kulkidobubbletea.pl\/sklep\/sprzet\/profesjonalne-urzadzenie-do-gotowania-tapioki\/"]}]},{"@type":"ImageObject","inLanguage":"en-GB","@id":"https:\/\/kulkidobubbletea.pl\/sklep\/sprzet\/profesjonalne-urzadzenie-do-gotowania-tapioki\/#primaryimage","url":"https:\/\/kulkidobubbletea.pl\/wp-content\/uploads\/2024\/05\/urzadzenie-do-gotowania-tapioki.jpeg","contentUrl":"https:\/\/kulkidobubbletea.pl\/wp-content\/uploads\/2024\/05\/urzadzenie-do-gotowania-tapioki.jpeg","width":1024,"height":768},{"@type":"BreadcrumbList","@id":"https:\/\/kulkidobubbletea.pl\/sklep\/sprzet\/profesjonalne-urzadzenie-do-gotowania-tapioki\/#breadcrumb","itemListElement":[{"@type":"ListItem","position":1,"name":"Strona g\u0142\u00f3wna","item":"https:\/\/kulkidobubbletea.pl\/"},{"@type":"ListItem","position":2,"name":"Sklep","item":"https:\/\/kulkidobubbletea.pl\/sklep\/"},{"@type":"ListItem","position":3,"name":"Profesjonalne urz\u0105dzenie do gotowania tapioki | Zestaw do Bubble Tea"}]},{"@type":"WebSite","@id":"https:\/\/kulkidobubbletea.pl\/#website","url":"https:\/\/kulkidobubbletea.pl\/","name":"Bubble Tea Balls","description":"Online bubble tea shop","publisher":{"@id":"https:\/\/kulkidobubbletea.pl\/#organization"},"potentialAction":[{"@type":"SearchAction","target":{"@type":"EntryPoint","urlTemplate":"https:\/\/kulkidobubbletea.pl\/?s={search_term_string}"},"query-input":{"@type":"PropertyValueSpecification","valueRequired":true,"valueName":"search_term_string"}}],"inLanguage":"en-GB"},{"@type":"Organization","@id":"https:\/\/kulkidobubbletea.pl\/#organization","name":"Bubble Tea Balls","url":"https:\/\/kulkidobubbletea.pl\/","logo":{"@type":"ImageObject","inLanguage":"en-GB","@id":"https:\/\/kulkidobubbletea.pl\/#\/schema\/logo\/image\/","url":"https:\/\/kulkidobubbletea.pl\/wp-content\/uploads\/2024\/04\/Original-on-Transparent.png","contentUrl":"https:\/\/kulkidobubbletea.pl\/wp-content\/uploads\/2024\/04\/Original-on-Transparent.png","width":5000,"height":1109,"caption":"Kulki Do Bubble Tea"},"image":{"@id":"https:\/\/kulkidobubbletea.pl\/#\/schema\/logo\/image\/"}}]}},"_links":{"self":[{"href":"https:\/\/kulkidobubbletea.pl\/en\/wp-json\/wp\/v2\/product\/11025","targetHints":{"allow":["GET"]}}],"collection":[{"href":"https:\/\/kulkidobubbletea.pl\/en\/wp-json\/wp\/v2\/product"}],"about":[{"href":"https:\/\/kulkidobubbletea.pl\/en\/wp-json\/wp\/v2\/types\/product"}],"replies":[{"embeddable":true,"href":"https:\/\/kulkidobubbletea.pl\/en\/wp-json\/wp\/v2\/comments?post=11025"}],"version-history":[{"count":2,"href":"https:\/\/kulkidobubbletea.pl\/en\/wp-json\/wp\/v2\/product\/11025\/revisions"}],"predecessor-version":[{"id":12408,"href":"https:\/\/kulkidobubbletea.pl\/en\/wp-json\/wp\/v2\/product\/11025\/revisions\/12408"}],"wp:featuredmedia":[{"embeddable":true,"href":"https:\/\/kulkidobubbletea.pl\/en\/wp-json\/wp\/v2\/media\/11326"}],"wp:attachment":[{"href":"https:\/\/kulkidobubbletea.pl\/en\/wp-json\/wp\/v2\/media?parent=11025"}],"wp:term":[{"taxonomy":"product_brand","embeddable":true,"href":"https:\/\/kulkidobubbletea.pl\/en\/wp-json\/wp\/v2\/product_brand?post=11025"},{"taxonomy":"product_cat","embeddable":true,"href":"https:\/\/kulkidobubbletea.pl\/en\/wp-json\/wp\/v2\/product_cat?post=11025"},{"taxonomy":"product_tag","embeddable":true,"href":"https:\/\/kulkidobubbletea.pl\/en\/wp-json\/wp\/v2\/product_tag?post=11025"}],"curies":[{"name":"wp","href":"https:\/\/api.w.org\/{rel}","templated":true}]}}