{"id":12503,"date":"2024-08-19T17:22:47","date_gmt":"2024-08-19T17:22:47","guid":{"rendered":"https:\/\/kulkidobubbletea.pl\/?page_id=12503"},"modified":"2024-08-19T17:25:28","modified_gmt":"2024-08-19T17:25:28","slug":"secure-delivery","status":"publish","type":"page","link":"https:\/\/kulkidobubbletea.pl\/en\/secure-delivery\/","title":{"rendered":"Safe delivery"},"content":{"rendered":"<div data-elementor-type=\"wp-page\" data-elementor-id=\"12503\" class=\"elementor elementor-12503\" data-elementor-post-type=\"page\">\n\t\t\t\t<div class=\"elementor-element elementor-element-791c88d e-flex e-con-boxed e-con e-parent\" data-id=\"791c88d\" data-element_type=\"container\" data-e-type=\"container\">\n\t\t\t\t\t<div class=\"e-con-inner\">\n\t\t\t\t<div class=\"elementor-element elementor-element-95d6621 elementor-widget elementor-widget-spacer\" data-id=\"95d6621\" data-element_type=\"widget\" data-e-type=\"widget\" data-widget_type=\"spacer.default\">\n\t\t\t\t<div class=\"elementor-widget-container\">\n\t\t\t\t\t\t\t<div class=\"elementor-spacer\">\n\t\t\t<div class=\"elementor-spacer-inner\"><\/div>\n\t\t<\/div>\n\t\t\t\t\t\t<\/div>\n\t\t\t\t<\/div>\n\t\t\t\t\t<\/div>\n\t\t\t\t<\/div>\n\t\t<div class=\"elementor-element elementor-element-6f5a46c e-flex e-con-boxed e-con e-parent\" data-id=\"6f5a46c\" data-element_type=\"container\" data-e-type=\"container\">\n\t\t\t\t\t<div class=\"e-con-inner\">\n\t\t\t\t<div class=\"elementor-element elementor-element-1bf4845 elementor-widget elementor-widget-heading\" data-id=\"1bf4845\" data-element_type=\"widget\" data-e-type=\"widget\" data-widget_type=\"heading.default\">\n\t\t\t\t<div class=\"elementor-widget-container\">\n\t\t\t\t\t<h2 class=\"elementor-heading-title elementor-size-default\">Safe Delivery<\/h2>\t\t\t\t<\/div>\n\t\t\t\t<\/div>\n\t\t\t\t<div class=\"elementor-element elementor-element-ca18e1f elementor-widget__width-inherit color-scheme-inherit text-left elementor-widget elementor-widget-text-editor\" data-id=\"ca18e1f\" data-element_type=\"widget\" data-e-type=\"widget\" data-widget_type=\"text-editor.default\">\n\t\t\t\t<div class=\"elementor-widget-container\">\n\t\t\t\t\t\t\t\t\t<p style=\"text-align: left;\"><b>Safe shipping of your purchases<\/b><span style=\"font-weight: 400;\"> \ufe0f Your shipments are important to us. That's why we offer shipping on a half-pallet for safe transport of even larger items.<\/span><\/p>\n<p style=\"text-align: left;\"><span style=\"font-weight: 400;\">Due to the large amount of damage caused by traditional courier shipments, we are introducing half-pallets at a promotional price of PLN 84.99 net.<\/span><\/p>\n<p style=\"text-align: left;\"><span style=\"font-weight: 400;\">Such a shipment guarantees us full security of the contents of the consignment and is insured for the full amount of the order. We can safely accommodate up to 20 cartons of balls on it.<\/span><\/p>\n<p style=\"text-align: left;\"><span style=\"font-weight: 400;\">Order more, pay less, from a gross amount of 3000 and above, shipping is completely free! Simply add items to your basket and the discount will be calculated automatically.<\/span><\/p>\n<p style=\"text-align: left;\"><span style=\"font-weight: 400;\">Your purchases will arrive safely and quickly, even if they are bulkier.<\/span><\/p>\n<p style=\"text-align: center;\"><strong><span style=\"color: #ff0000;\">NOTE!<\/span><\/strong><\/p>\n<p style=\"text-align: center;\"><strong><span style=\"color: #ff0000;\">PLEASE BE SURE TO CHECK THE PACKAGE WITH THE COURIER AS THE PACKAGE MAY HAVE INTERNAL DAMAGE CAUSED BY VARIOUS FACTORS DURING DELIVERY. THE PACKAGE MAY LOOK UNDAMAGED FROM THE OUTSIDE.<\/span><\/strong><\/p>\n<p style=\"text-align: center;\"><strong><span style=\"color: #ff0000;\">IN THE EVENT OF DAMAGE, BE SURE TO SIGN A DAMAGE REPORT WITH THE COURIER.<\/span><\/strong><\/p>\n<p><b><u>STEP I<\/u><\/b><\/p>\n<p><span style=\"font-weight: 400;\">Checking parcels before signing for receipt :<\/span><\/p>\n<ol>\n<li><span style=\"font-weight: 400;\"> check the package for external damage.<\/span><\/li>\n<li><span style=\"font-weight: 400;\"> check whether the package has a cut tape\/stretch<\/span><\/li>\n<li><span style=\"font-weight: 400;\"> check that the number of parcels is correct.<\/span><\/li>\n<\/ol>\n<p><u style=\"\"><b>STEP II<\/b><\/u><\/p>\n<p>Checking after signing of acceptance - <u style=\"\"><b>NECESSARILY WITH THE COURIER<\/b><\/u>:<\/p>\n<ol>\n<li><span style=\"font-weight: 400;\"> Signature of receipt of shipment<\/span><\/li>\n<li><span style=\"font-weight: 400;\"> Be sure to open the package with the courier<\/span><\/li>\n<li><span style=\"font-weight: 400;\"> Check that the products are not damaged inside and that the products correspond to the order<\/span><\/li>\n<\/ol>\n<p><u style=\"\"><b>Damaged parcel - what to do?<\/b><\/u><\/p>\n<p><b>STEP I - external damage to the parcel - refuse to accept the parcel<\/b><\/p>\n<p><b>STEP II - the package from the outside is not damaged - pick up the goods and open at the courier, describe your comments on the Delivery Note\/damage report at the courier.<\/b><\/p>\n<p><span style=\"font-weight: 400;\">If your parcel is being delivered by DPD, please complete the DPD damage form at this link https:\/\/protokol.dpd.com.pl\/ immediately - the sooner you do this, the better the chance of a successful claim.<\/span><\/p>\t\t\t\t\t\t\t\t<\/div>\n\t\t\t\t<\/div>\n\t\t\t\t\t<\/div>\n\t\t\t\t<\/div>\n\t\t\t\t<\/div>","protected":false},"excerpt":{"rendered":"<p>Safe Delivery Safe shipping of your purchases \ufe0f Your shipments are important to us. That's why we offer half-pallet shipping, which ensures<\/p>","protected":false},"author":1,"featured_media":0,"parent":0,"menu_order":0,"comment_status":"closed","ping_status":"closed","template":"","meta":{"footnotes":""},"class_list":["post-12503","page","type-page","status-publish","hentry"],"yoast_head":"<!-- This site is optimized with the Yoast SEO Premium plugin v23.7 (Yoast SEO v27.3) - https:\/\/yoast.com\/product\/yoast-seo-premium-wordpress\/ -->\n<title>Bezpieczna dostawa - Kulki Do Bubble Tea<\/title>\n<meta name=\"robots\" content=\"index, follow, max-snippet:-1, max-image-preview:large, max-video-preview:-1\" \/>\n<link rel=\"canonical\" href=\"https:\/\/kulkidobubbletea.pl\/en\/secure-delivery\/\" \/>\n<meta property=\"og:locale\" content=\"en_GB\" \/>\n<meta property=\"og:type\" content=\"article\" \/>\n<meta property=\"og:title\" content=\"Bezpieczna dostawa\" \/>\n<meta property=\"og:description\" content=\"Bezpieczna Dostawa Bezpieczna wysy\u0142ka Twoich zakup\u00f3w \ufe0f Twoje przesy\u0142ki s\u0105 dla nas wa\u017cne. Dlatego oferujemy wysy\u0142k\u0119 na p\u00f3\u0142palecie, kt\u00f3ra zapewnia\" \/>\n<meta property=\"og:url\" content=\"https:\/\/kulkidobubbletea.pl\/en\/secure-delivery\/\" \/>\n<meta property=\"og:site_name\" content=\"Kulki Do Bubble Tea\" \/>\n<meta property=\"article:modified_time\" content=\"2024-08-19T17:25:28+00:00\" \/>\n<meta name=\"twitter:card\" content=\"summary_large_image\" \/>\n<meta name=\"twitter:label1\" content=\"Estimated reading time\" \/>\n\t<meta name=\"twitter:data1\" content=\"2 minutes\" \/>\n<script type=\"application\/ld+json\" class=\"yoast-schema-graph\">{\"@context\":\"https:\\\/\\\/schema.org\",\"@graph\":[{\"@type\":\"WebPage\",\"@id\":\"https:\\\/\\\/kulkidobubbletea.pl\\\/bezpieczna-dostawa\\\/\",\"url\":\"https:\\\/\\\/kulkidobubbletea.pl\\\/bezpieczna-dostawa\\\/\",\"name\":\"Bezpieczna dostawa - Kulki Do Bubble Tea\",\"isPartOf\":{\"@id\":\"https:\\\/\\\/kulkidobubbletea.pl\\\/#website\"},\"datePublished\":\"2024-08-19T17:22:47+00:00\",\"dateModified\":\"2024-08-19T17:25:28+00:00\",\"breadcrumb\":{\"@id\":\"https:\\\/\\\/kulkidobubbletea.pl\\\/bezpieczna-dostawa\\\/#breadcrumb\"},\"inLanguage\":\"en-GB\",\"potentialAction\":[{\"@type\":\"ReadAction\",\"target\":[\"https:\\\/\\\/kulkidobubbletea.pl\\\/bezpieczna-dostawa\\\/\"]}]},{\"@type\":\"BreadcrumbList\",\"@id\":\"https:\\\/\\\/kulkidobubbletea.pl\\\/bezpieczna-dostawa\\\/#breadcrumb\",\"itemListElement\":[{\"@type\":\"ListItem\",\"position\":1,\"name\":\"Strona g\u0142\u00f3wna\",\"item\":\"https:\\\/\\\/kulkidobubbletea.pl\\\/\"},{\"@type\":\"ListItem\",\"position\":2,\"name\":\"Bezpieczna dostawa\"}]},{\"@type\":\"WebSite\",\"@id\":\"https:\\\/\\\/kulkidobubbletea.pl\\\/#website\",\"url\":\"https:\\\/\\\/kulkidobubbletea.pl\\\/\",\"name\":\"Kulki Do Bubble Tea\",\"description\":\"Sklep online z artyku\u0142ami do bubble tea\",\"publisher\":{\"@id\":\"https:\\\/\\\/kulkidobubbletea.pl\\\/#organization\"},\"potentialAction\":[{\"@type\":\"SearchAction\",\"target\":{\"@type\":\"EntryPoint\",\"urlTemplate\":\"https:\\\/\\\/kulkidobubbletea.pl\\\/?s={search_term_string}\"},\"query-input\":{\"@type\":\"PropertyValueSpecification\",\"valueRequired\":true,\"valueName\":\"search_term_string\"}}],\"inLanguage\":\"en-GB\"},{\"@type\":\"Organization\",\"@id\":\"https:\\\/\\\/kulkidobubbletea.pl\\\/#organization\",\"name\":\"Kulki Do Bubble Tea\",\"url\":\"https:\\\/\\\/kulkidobubbletea.pl\\\/\",\"logo\":{\"@type\":\"ImageObject\",\"inLanguage\":\"en-GB\",\"@id\":\"https:\\\/\\\/kulkidobubbletea.pl\\\/#\\\/schema\\\/logo\\\/image\\\/\",\"url\":\"https:\\\/\\\/kulkidobubbletea.pl\\\/wp-content\\\/uploads\\\/2024\\\/04\\\/Original-on-Transparent.png\",\"contentUrl\":\"https:\\\/\\\/kulkidobubbletea.pl\\\/wp-content\\\/uploads\\\/2024\\\/04\\\/Original-on-Transparent.png\",\"width\":5000,\"height\":1109,\"caption\":\"Kulki Do Bubble Tea\"},\"image\":{\"@id\":\"https:\\\/\\\/kulkidobubbletea.pl\\\/#\\\/schema\\\/logo\\\/image\\\/\"}}]}<\/script>\n<!-- \/ Yoast SEO Premium plugin. -->","yoast_head_json":{"title":"Safe delivery - Bubble Tea balls","robots":{"index":"index","follow":"follow","max-snippet":"max-snippet:-1","max-image-preview":"max-image-preview:large","max-video-preview":"max-video-preview:-1"},"canonical":"https:\/\/kulkidobubbletea.pl\/en\/secure-delivery\/","og_locale":"en_GB","og_type":"article","og_title":"Bezpieczna dostawa","og_description":"Bezpieczna Dostawa Bezpieczna wysy\u0142ka Twoich zakup\u00f3w \ufe0f Twoje przesy\u0142ki s\u0105 dla nas wa\u017cne. Dlatego oferujemy wysy\u0142k\u0119 na p\u00f3\u0142palecie, kt\u00f3ra zapewnia","og_url":"https:\/\/kulkidobubbletea.pl\/en\/secure-delivery\/","og_site_name":"Kulki Do Bubble Tea","article_modified_time":"2024-08-19T17:25:28+00:00","twitter_card":"summary_large_image","twitter_misc":{"Estimated reading time":"2 minutes"},"schema":{"@context":"https:\/\/schema.org","@graph":[{"@type":"WebPage","@id":"https:\/\/kulkidobubbletea.pl\/bezpieczna-dostawa\/","url":"https:\/\/kulkidobubbletea.pl\/bezpieczna-dostawa\/","name":"Safe delivery - Bubble Tea balls","isPartOf":{"@id":"https:\/\/kulkidobubbletea.pl\/#website"},"datePublished":"2024-08-19T17:22:47+00:00","dateModified":"2024-08-19T17:25:28+00:00","breadcrumb":{"@id":"https:\/\/kulkidobubbletea.pl\/bezpieczna-dostawa\/#breadcrumb"},"inLanguage":"en-GB","potentialAction":[{"@type":"ReadAction","target":["https:\/\/kulkidobubbletea.pl\/bezpieczna-dostawa\/"]}]},{"@type":"BreadcrumbList","@id":"https:\/\/kulkidobubbletea.pl\/bezpieczna-dostawa\/#breadcrumb","itemListElement":[{"@type":"ListItem","position":1,"name":"Strona g\u0142\u00f3wna","item":"https:\/\/kulkidobubbletea.pl\/"},{"@type":"ListItem","position":2,"name":"Bezpieczna dostawa"}]},{"@type":"WebSite","@id":"https:\/\/kulkidobubbletea.pl\/#website","url":"https:\/\/kulkidobubbletea.pl\/","name":"Bubble Tea Balls","description":"Online bubble tea shop","publisher":{"@id":"https:\/\/kulkidobubbletea.pl\/#organization"},"potentialAction":[{"@type":"SearchAction","target":{"@type":"EntryPoint","urlTemplate":"https:\/\/kulkidobubbletea.pl\/?s={search_term_string}"},"query-input":{"@type":"PropertyValueSpecification","valueRequired":true,"valueName":"search_term_string"}}],"inLanguage":"en-GB"},{"@type":"Organization","@id":"https:\/\/kulkidobubbletea.pl\/#organization","name":"Bubble Tea Balls","url":"https:\/\/kulkidobubbletea.pl\/","logo":{"@type":"ImageObject","inLanguage":"en-GB","@id":"https:\/\/kulkidobubbletea.pl\/#\/schema\/logo\/image\/","url":"https:\/\/kulkidobubbletea.pl\/wp-content\/uploads\/2024\/04\/Original-on-Transparent.png","contentUrl":"https:\/\/kulkidobubbletea.pl\/wp-content\/uploads\/2024\/04\/Original-on-Transparent.png","width":5000,"height":1109,"caption":"Kulki Do Bubble Tea"},"image":{"@id":"https:\/\/kulkidobubbletea.pl\/#\/schema\/logo\/image\/"}}]}},"_links":{"self":[{"href":"https:\/\/kulkidobubbletea.pl\/en\/wp-json\/wp\/v2\/pages\/12503","targetHints":{"allow":["GET"]}}],"collection":[{"href":"https:\/\/kulkidobubbletea.pl\/en\/wp-json\/wp\/v2\/pages"}],"about":[{"href":"https:\/\/kulkidobubbletea.pl\/en\/wp-json\/wp\/v2\/types\/page"}],"author":[{"embeddable":true,"href":"https:\/\/kulkidobubbletea.pl\/en\/wp-json\/wp\/v2\/users\/1"}],"replies":[{"embeddable":true,"href":"https:\/\/kulkidobubbletea.pl\/en\/wp-json\/wp\/v2\/comments?post=12503"}],"version-history":[{"count":7,"href":"https:\/\/kulkidobubbletea.pl\/en\/wp-json\/wp\/v2\/pages\/12503\/revisions"}],"predecessor-version":[{"id":12510,"href":"https:\/\/kulkidobubbletea.pl\/en\/wp-json\/wp\/v2\/pages\/12503\/revisions\/12510"}],"wp:attachment":[{"href":"https:\/\/kulkidobubbletea.pl\/en\/wp-json\/wp\/v2\/media?parent=12503"}],"curies":[{"name":"wp","href":"https:\/\/api.w.org\/{rel}","templated":true}]}}