{"id":16216,"date":"2025-06-20T10:44:00","date_gmt":"2025-06-20T10:44:00","guid":{"rendered":"https:\/\/kulkidobubbletea.pl\/?post_type=product&#038;p=16216"},"modified":"2026-04-06T20:21:23","modified_gmt":"2026-04-06T20:21:23","slug":"wiederverwendbare-12mm-dicke-bubble-tea-strohhalme-bunt-2000stuck","status":"publish","type":"product","link":"https:\/\/kulkidobubbletea.pl\/de\/shop\/verpackung\/strohhalme\/wiederverwendbare-12mm-dicke-bubble-tea-strohhalme-bunt-2000stuck\/","title":{"rendered":"WIEDERVERWENDBARE 12 mm dicke Strohhalme f\u00fcr Bubble Tea, farbig, 2000 St\u00fcck."},"content":{"rendered":"<p>Dickes hartes PP 12mm wiederverwendbarer Strohhalm f\u00fcr Bubble Tea.<\/p>\n<p>Sie sind nach EN12875-1:2025 zertifiziert.<\/p>\n<p>Verschiedene Farben in der Packung.<\/p>\n<p>Ein geschmacksneutraler Strohhalm f\u00fcr das Getr\u00e4nk.<\/p>\n<p>Dank des spitzen Endes kann der Strohhalm die Bubble Tea-Folie leicht durchstechen. Das abgewinkelte Ende des Strohhalms macht es einfach, den Bubble Tea bis zur letzten Kugel zu trinken.<\/p>\n<p>Jeder der Strohhalme ist separat in einer zus\u00e4tzlichen Verpackung verpackt.<\/p>\n<p><strong>Sammelverpackung (Karton) 2000Stk. ( 10x 200Stk.)<\/strong><\/p>","protected":false},"excerpt":{"rendered":"<p>Dicker, harter PP-Strohhalm (12 mm), wiederverwendbar f\u00fcr Bubble Tea. Zertifiziert nach EN12875-1:2025, verschiedene Farben pro Packung. Strohhalm v\u00f6llig neutral<\/p>","protected":false},"featured_media":15576,"comment_status":"open","ping_status":"closed","template":"","meta":[],"product_brand":[],"product_cat":[328],"product_tag":[],"class_list":{"0":"post-16216","1":"product","2":"type-product","3":"status-publish","4":"has-post-thumbnail","6":"product_cat-slomki","7":"product_shipping_class-slomki-kubki","9":"first","10":"instock","11":"taxable","12":"shipping-taxable","13":"purchasable","14":"product-type-simple"},"yoast_head":"<!-- This site is optimized with the Yoast SEO Premium plugin v23.7 (Yoast SEO v27.3) - https:\/\/yoast.com\/product\/yoast-seo-premium-wordpress\/ -->\n<title>S\u0142omka REUSABLE 12mm grube s\u0142omki do bubble tea kolorowe 2000szt. - Kulki Do Bubble Tea<\/title>\n<meta name=\"robots\" content=\"index, follow, max-snippet:-1, max-image-preview:large, max-video-preview:-1\" \/>\n<link rel=\"canonical\" href=\"https:\/\/kulkidobubbletea.pl\/de\/shop\/verpackung\/strohhalme\/wiederverwendbare-12mm-dicke-bubble-tea-strohhalme-bunt-2000stuck\/\" \/>\n<meta property=\"og:locale\" content=\"de_DE\" \/>\n<meta property=\"og:type\" content=\"article\" \/>\n<meta property=\"og:title\" content=\"S\u0142omka REUSABLE 12mm grube s\u0142omki do bubble tea kolorowe 2000szt.\" \/>\n<meta property=\"og:description\" content=\"Gruba twarda s\u0142omka PP 12mm wielokrotnego u\u017cytku do Bubble Tea. Posiadaj\u0105 certyfikat EN12875-1:2025. R\u00f3\u017cne kolory w opakowaniu. S\u0142omka ca\u0142kowicie neutralna\" \/>\n<meta property=\"og:url\" content=\"https:\/\/kulkidobubbletea.pl\/de\/shop\/verpackung\/strohhalme\/wiederverwendbare-12mm-dicke-bubble-tea-strohhalme-bunt-2000stuck\/\" \/>\n<meta property=\"og:site_name\" content=\"Kulki Do Bubble Tea\" \/>\n<meta property=\"article:modified_time\" content=\"2026-04-06T20:21:23+00:00\" \/>\n<meta property=\"og:image\" content=\"https:\/\/kulkidobubbletea.pl\/wp-content\/uploads\/2025\/04\/slomki-REUSABLE.jpg\" \/>\n\t<meta property=\"og:image:width\" content=\"2000\" \/>\n\t<meta property=\"og:image:height\" content=\"2000\" \/>\n\t<meta property=\"og:image:type\" content=\"image\/jpeg\" \/>\n<meta name=\"twitter:card\" content=\"summary_large_image\" \/>\n<meta name=\"twitter:label1\" content=\"Gesch\u00e4tzte Lesezeit\" \/>\n\t<meta name=\"twitter:data1\" content=\"1\u00a0Minute\" \/>\n<script type=\"application\/ld+json\" class=\"yoast-schema-graph\">{\"@context\":\"https:\\\/\\\/schema.org\",\"@graph\":[{\"@type\":\"WebPage\",\"@id\":\"https:\\\/\\\/kulkidobubbletea.pl\\\/sklep\\\/opakowania\\\/slomki\\\/slomka-reusable-12mm-grube-slomki-do-bubble-tea-kolorowe-2000szt\\\/\",\"url\":\"https:\\\/\\\/kulkidobubbletea.pl\\\/sklep\\\/opakowania\\\/slomki\\\/slomka-reusable-12mm-grube-slomki-do-bubble-tea-kolorowe-2000szt\\\/\",\"name\":\"S\u0142omka REUSABLE 12mm grube s\u0142omki do bubble tea kolorowe 2000szt. - Kulki Do Bubble Tea\",\"isPartOf\":{\"@id\":\"https:\\\/\\\/kulkidobubbletea.pl\\\/#website\"},\"primaryImageOfPage\":{\"@id\":\"https:\\\/\\\/kulkidobubbletea.pl\\\/sklep\\\/opakowania\\\/slomki\\\/slomka-reusable-12mm-grube-slomki-do-bubble-tea-kolorowe-2000szt\\\/#primaryimage\"},\"image\":{\"@id\":\"https:\\\/\\\/kulkidobubbletea.pl\\\/sklep\\\/opakowania\\\/slomki\\\/slomka-reusable-12mm-grube-slomki-do-bubble-tea-kolorowe-2000szt\\\/#primaryimage\"},\"thumbnailUrl\":\"https:\\\/\\\/kulkidobubbletea.pl\\\/wp-content\\\/uploads\\\/2025\\\/04\\\/slomki-REUSABLE.jpg\",\"datePublished\":\"2025-06-20T10:44:00+00:00\",\"dateModified\":\"2026-04-06T20:21:23+00:00\",\"breadcrumb\":{\"@id\":\"https:\\\/\\\/kulkidobubbletea.pl\\\/sklep\\\/opakowania\\\/slomki\\\/slomka-reusable-12mm-grube-slomki-do-bubble-tea-kolorowe-2000szt\\\/#breadcrumb\"},\"inLanguage\":\"de\",\"potentialAction\":[{\"@type\":\"ReadAction\",\"target\":[\"https:\\\/\\\/kulkidobubbletea.pl\\\/sklep\\\/opakowania\\\/slomki\\\/slomka-reusable-12mm-grube-slomki-do-bubble-tea-kolorowe-2000szt\\\/\"]}]},{\"@type\":\"ImageObject\",\"inLanguage\":\"de\",\"@id\":\"https:\\\/\\\/kulkidobubbletea.pl\\\/sklep\\\/opakowania\\\/slomki\\\/slomka-reusable-12mm-grube-slomki-do-bubble-tea-kolorowe-2000szt\\\/#primaryimage\",\"url\":\"https:\\\/\\\/kulkidobubbletea.pl\\\/wp-content\\\/uploads\\\/2025\\\/04\\\/slomki-REUSABLE.jpg\",\"contentUrl\":\"https:\\\/\\\/kulkidobubbletea.pl\\\/wp-content\\\/uploads\\\/2025\\\/04\\\/slomki-REUSABLE.jpg\",\"width\":2000,\"height\":2000},{\"@type\":\"BreadcrumbList\",\"@id\":\"https:\\\/\\\/kulkidobubbletea.pl\\\/sklep\\\/opakowania\\\/slomki\\\/slomka-reusable-12mm-grube-slomki-do-bubble-tea-kolorowe-2000szt\\\/#breadcrumb\",\"itemListElement\":[{\"@type\":\"ListItem\",\"position\":1,\"name\":\"Strona g\u0142\u00f3wna\",\"item\":\"https:\\\/\\\/kulkidobubbletea.pl\\\/\"},{\"@type\":\"ListItem\",\"position\":2,\"name\":\"Sklep\",\"item\":\"https:\\\/\\\/kulkidobubbletea.pl\\\/sklep\\\/\"},{\"@type\":\"ListItem\",\"position\":3,\"name\":\"S\u0142omka REUSABLE 12mm grube s\u0142omki do bubble tea kolorowe 2000szt.\"}]},{\"@type\":\"WebSite\",\"@id\":\"https:\\\/\\\/kulkidobubbletea.pl\\\/#website\",\"url\":\"https:\\\/\\\/kulkidobubbletea.pl\\\/\",\"name\":\"Kulki Do Bubble Tea\",\"description\":\"Sklep online z artyku\u0142ami do bubble tea\",\"publisher\":{\"@id\":\"https:\\\/\\\/kulkidobubbletea.pl\\\/#organization\"},\"potentialAction\":[{\"@type\":\"SearchAction\",\"target\":{\"@type\":\"EntryPoint\",\"urlTemplate\":\"https:\\\/\\\/kulkidobubbletea.pl\\\/?s={search_term_string}\"},\"query-input\":{\"@type\":\"PropertyValueSpecification\",\"valueRequired\":true,\"valueName\":\"search_term_string\"}}],\"inLanguage\":\"de\"},{\"@type\":\"Organization\",\"@id\":\"https:\\\/\\\/kulkidobubbletea.pl\\\/#organization\",\"name\":\"Kulki Do Bubble Tea\",\"url\":\"https:\\\/\\\/kulkidobubbletea.pl\\\/\",\"logo\":{\"@type\":\"ImageObject\",\"inLanguage\":\"de\",\"@id\":\"https:\\\/\\\/kulkidobubbletea.pl\\\/#\\\/schema\\\/logo\\\/image\\\/\",\"url\":\"https:\\\/\\\/kulkidobubbletea.pl\\\/wp-content\\\/uploads\\\/2024\\\/04\\\/Original-on-Transparent.png\",\"contentUrl\":\"https:\\\/\\\/kulkidobubbletea.pl\\\/wp-content\\\/uploads\\\/2024\\\/04\\\/Original-on-Transparent.png\",\"width\":5000,\"height\":1109,\"caption\":\"Kulki Do Bubble Tea\"},\"image\":{\"@id\":\"https:\\\/\\\/kulkidobubbletea.pl\\\/#\\\/schema\\\/logo\\\/image\\\/\"}}]}<\/script>\n<!-- \/ Yoast SEO Premium plugin. -->","yoast_head_json":{"title":"WIEDERVERWENDBARE 12mm dicke Bubble Tea Strohhalme farbig 2000Stk. - Bubble Tea Kugeln","robots":{"index":"index","follow":"follow","max-snippet":"max-snippet:-1","max-image-preview":"max-image-preview:large","max-video-preview":"max-video-preview:-1"},"canonical":"https:\/\/kulkidobubbletea.pl\/de\/shop\/verpackung\/strohhalme\/wiederverwendbare-12mm-dicke-bubble-tea-strohhalme-bunt-2000stuck\/","og_locale":"de_DE","og_type":"article","og_title":"S\u0142omka REUSABLE 12mm grube s\u0142omki do bubble tea kolorowe 2000szt.","og_description":"Gruba twarda s\u0142omka PP 12mm wielokrotnego u\u017cytku do Bubble Tea. Posiadaj\u0105 certyfikat EN12875-1:2025. R\u00f3\u017cne kolory w opakowaniu. S\u0142omka ca\u0142kowicie neutralna","og_url":"https:\/\/kulkidobubbletea.pl\/de\/shop\/verpackung\/strohhalme\/wiederverwendbare-12mm-dicke-bubble-tea-strohhalme-bunt-2000stuck\/","og_site_name":"Kulki Do Bubble Tea","article_modified_time":"2026-04-06T20:21:23+00:00","og_image":[{"width":2000,"height":2000,"url":"https:\/\/kulkidobubbletea.pl\/wp-content\/uploads\/2025\/04\/slomki-REUSABLE.jpg","type":"image\/jpeg"}],"twitter_card":"summary_large_image","twitter_misc":{"Gesch\u00e4tzte Lesezeit":"1\u00a0Minute"},"schema":{"@context":"https:\/\/schema.org","@graph":[{"@type":"WebPage","@id":"https:\/\/kulkidobubbletea.pl\/sklep\/opakowania\/slomki\/slomka-reusable-12mm-grube-slomki-do-bubble-tea-kolorowe-2000szt\/","url":"https:\/\/kulkidobubbletea.pl\/sklep\/opakowania\/slomki\/slomka-reusable-12mm-grube-slomki-do-bubble-tea-kolorowe-2000szt\/","name":"WIEDERVERWENDBARE 12mm dicke Bubble Tea Strohhalme farbig 2000Stk. - Bubble Tea Kugeln","isPartOf":{"@id":"https:\/\/kulkidobubbletea.pl\/#website"},"primaryImageOfPage":{"@id":"https:\/\/kulkidobubbletea.pl\/sklep\/opakowania\/slomki\/slomka-reusable-12mm-grube-slomki-do-bubble-tea-kolorowe-2000szt\/#primaryimage"},"image":{"@id":"https:\/\/kulkidobubbletea.pl\/sklep\/opakowania\/slomki\/slomka-reusable-12mm-grube-slomki-do-bubble-tea-kolorowe-2000szt\/#primaryimage"},"thumbnailUrl":"https:\/\/kulkidobubbletea.pl\/wp-content\/uploads\/2025\/04\/slomki-REUSABLE.jpg","datePublished":"2025-06-20T10:44:00+00:00","dateModified":"2026-04-06T20:21:23+00:00","breadcrumb":{"@id":"https:\/\/kulkidobubbletea.pl\/sklep\/opakowania\/slomki\/slomka-reusable-12mm-grube-slomki-do-bubble-tea-kolorowe-2000szt\/#breadcrumb"},"inLanguage":"de","potentialAction":[{"@type":"ReadAction","target":["https:\/\/kulkidobubbletea.pl\/sklep\/opakowania\/slomki\/slomka-reusable-12mm-grube-slomki-do-bubble-tea-kolorowe-2000szt\/"]}]},{"@type":"ImageObject","inLanguage":"de","@id":"https:\/\/kulkidobubbletea.pl\/sklep\/opakowania\/slomki\/slomka-reusable-12mm-grube-slomki-do-bubble-tea-kolorowe-2000szt\/#primaryimage","url":"https:\/\/kulkidobubbletea.pl\/wp-content\/uploads\/2025\/04\/slomki-REUSABLE.jpg","contentUrl":"https:\/\/kulkidobubbletea.pl\/wp-content\/uploads\/2025\/04\/slomki-REUSABLE.jpg","width":2000,"height":2000},{"@type":"BreadcrumbList","@id":"https:\/\/kulkidobubbletea.pl\/sklep\/opakowania\/slomki\/slomka-reusable-12mm-grube-slomki-do-bubble-tea-kolorowe-2000szt\/#breadcrumb","itemListElement":[{"@type":"ListItem","position":1,"name":"Strona g\u0142\u00f3wna","item":"https:\/\/kulkidobubbletea.pl\/"},{"@type":"ListItem","position":2,"name":"Sklep","item":"https:\/\/kulkidobubbletea.pl\/sklep\/"},{"@type":"ListItem","position":3,"name":"S\u0142omka REUSABLE 12mm grube s\u0142omki do bubble tea kolorowe 2000szt."}]},{"@type":"WebSite","@id":"https:\/\/kulkidobubbletea.pl\/#website","url":"https:\/\/kulkidobubbletea.pl\/","name":"Bubble Tea Kugeln","description":"Online Bubble Tea Shop","publisher":{"@id":"https:\/\/kulkidobubbletea.pl\/#organization"},"potentialAction":[{"@type":"SearchAction","target":{"@type":"EntryPoint","urlTemplate":"https:\/\/kulkidobubbletea.pl\/?s={search_term_string}"},"query-input":{"@type":"PropertyValueSpecification","valueRequired":true,"valueName":"search_term_string"}}],"inLanguage":"de"},{"@type":"Organization","@id":"https:\/\/kulkidobubbletea.pl\/#organization","name":"Bubble Tea Kugeln","url":"https:\/\/kulkidobubbletea.pl\/","logo":{"@type":"ImageObject","inLanguage":"de","@id":"https:\/\/kulkidobubbletea.pl\/#\/schema\/logo\/image\/","url":"https:\/\/kulkidobubbletea.pl\/wp-content\/uploads\/2024\/04\/Original-on-Transparent.png","contentUrl":"https:\/\/kulkidobubbletea.pl\/wp-content\/uploads\/2024\/04\/Original-on-Transparent.png","width":5000,"height":1109,"caption":"Kulki Do Bubble Tea"},"image":{"@id":"https:\/\/kulkidobubbletea.pl\/#\/schema\/logo\/image\/"}}]}},"_links":{"self":[{"href":"https:\/\/kulkidobubbletea.pl\/de\/wp-json\/wp\/v2\/product\/16216","targetHints":{"allow":["GET"]}}],"collection":[{"href":"https:\/\/kulkidobubbletea.pl\/de\/wp-json\/wp\/v2\/product"}],"about":[{"href":"https:\/\/kulkidobubbletea.pl\/de\/wp-json\/wp\/v2\/types\/product"}],"replies":[{"embeddable":true,"href":"https:\/\/kulkidobubbletea.pl\/de\/wp-json\/wp\/v2\/comments?post=16216"}],"version-history":[{"count":5,"href":"https:\/\/kulkidobubbletea.pl\/de\/wp-json\/wp\/v2\/product\/16216\/revisions"}],"predecessor-version":[{"id":16820,"href":"https:\/\/kulkidobubbletea.pl\/de\/wp-json\/wp\/v2\/product\/16216\/revisions\/16820"}],"wp:featuredmedia":[{"embeddable":true,"href":"https:\/\/kulkidobubbletea.pl\/de\/wp-json\/wp\/v2\/media\/15576"}],"wp:attachment":[{"href":"https:\/\/kulkidobubbletea.pl\/de\/wp-json\/wp\/v2\/media?parent=16216"}],"wp:term":[{"taxonomy":"product_brand","embeddable":true,"href":"https:\/\/kulkidobubbletea.pl\/de\/wp-json\/wp\/v2\/product_brand?post=16216"},{"taxonomy":"product_cat","embeddable":true,"href":"https:\/\/kulkidobubbletea.pl\/de\/wp-json\/wp\/v2\/product_cat?post=16216"},{"taxonomy":"product_tag","embeddable":true,"href":"https:\/\/kulkidobubbletea.pl\/de\/wp-json\/wp\/v2\/product_tag?post=16216"}],"curies":[{"name":"wp","href":"https:\/\/api.w.org\/{rel}","templated":true}]}}