{"id":15344,"date":"2025-04-19T14:32:42","date_gmt":"2025-04-19T14:32:42","guid":{"rendered":"https:\/\/kulkidobubbletea.pl\/?post_type=product&#038;p=15344"},"modified":"2026-04-14T12:14:24","modified_gmt":"2026-04-14T12:14:24","slug":"bubble-tea-balls-popping-boba-taiwan-original-cola","status":"publish","type":"product","link":"https:\/\/kulkidobubbletea.pl\/de\/shop\/bubble-tea-balls\/bubble-tea-balls-popping-boba-taiwan-original-cola\/","title":{"rendered":"Bubble Tea Kugeln 3.4kg | Popping Boba Taiwan Original COLA"},"content":{"rendered":"<p>Bubble Tea Popping Boba Balls mit Cola-Geschmack.<\/p>\n<p>Das angebotene Produkt ist von h\u00f6chster taiwanesischer Qualit\u00e4t. Formsch\u00f6ne, gro\u00dfe Kugeln (keine Tr\u00f6pfchen wie in der Low-Budget-Produktion) aus knallendem Boba mit hervorragendem Geschmack.<\/p>\n<p>Kugelh\u00fclle d\u00fcnn, platzt genau im richtigen Moment nur im Mund, kein unappetitlicher Beuteeffekt. Premium Qualit\u00e4t.<\/p>\n<p><strong>Entdecken Sie das Geheimnis von gutem Geschmack und Langlebigkeit!<\/strong><\/p>\n<p>Sind Sie auf der Suche nach B\u00e4llen, die Sie mit ihrem Geschmack begeistern und auch an hei\u00dfen Tagen nicht entt\u00e4uschen? Dann sind Sie bei uns genau richtig! Unsere B\u00e4lle kommen direkt aus Taiwan - von einem der gr\u00f6\u00dften und renommiertesten Hersteller der Welt. Das ist eine Garantie f\u00fcr h\u00f6chste Qualit\u00e4t und eine bew\u00e4hrte Rezeptur, der Sie vertrauen k\u00f6nnen.<\/p>\n<p>Warten Sie nicht! \u00dcberzeugen Sie sich selbst, warum unsere taiwanesischen B\u00e4lle die erste Wahl sind.<br \/>\nVerpackung 3,4 kg.<\/p>\n<p>Das Produkt ist sehr effizient, denn nach dem Ablassen der Fl\u00fcssigkeiten bleiben allein 2,3 kg Kugeln \u00fcbrig, deutlich mehr als bei der europ\u00e4ischen Produktion.<\/p>\n<p>Irrtumswahrscheinlichkeit +\/- 5%.<\/p>\n<p>Hergestellt in Taiwan<\/p>\n<p>&nbsp;<\/p>\n<p>Lange Haltbarkeitsdaten, die meisten Produkte haben ein Mindesthaltbarkeitsdatum von 2027.<\/p>","protected":false},"excerpt":{"rendered":"<p style=\"margin-top: 0cm; background: white; vertical-align: baseline;\"><span style=\"font-size: 11.5pt; font-family: Montserrat; color: #777777;\">Popping Boba Taiwanesische Bubble Tea Kugeln mit Drachenfruchtgeschmack, Originalgeschmack.<\/span><\/p>","protected":false},"featured_media":15345,"comment_status":"open","ping_status":"closed","template":"","meta":[],"product_brand":[],"product_cat":[315],"product_tag":[329],"class_list":{"0":"post-15344","1":"product","2":"type-product","3":"status-publish","4":"has-post-thumbnail","6":"product_cat-kulki-do-bubble-tea","7":"product_tag-bestsellery","9":"first","10":"instock","11":"taxable","12":"shipping-taxable","13":"purchasable","14":"product-type-simple"},"yoast_head":"<!-- This site is optimized with the Yoast SEO Premium plugin v23.7 (Yoast SEO v27.3) - https:\/\/yoast.com\/product\/yoast-seo-premium-wordpress\/ -->\n<title>Kulki do Bubble Tea 3,4kg | Popping Boba Tajwan Oryginal COLA - Kulki Do Bubble Tea<\/title>\n<meta name=\"robots\" content=\"index, follow, max-snippet:-1, max-image-preview:large, max-video-preview:-1\" \/>\n<link rel=\"canonical\" href=\"https:\/\/kulkidobubbletea.pl\/de\/shop\/bubble-tea-balls\/bubble-tea-balls-popping-boba-taiwan-original-cola\/\" \/>\n<meta property=\"og:locale\" content=\"de_DE\" \/>\n<meta property=\"og:type\" content=\"article\" \/>\n<meta property=\"og:title\" content=\"Kulki do Bubble Tea 3,4kg | Popping Boba Tajwan Oryginal COLA\" \/>\n<meta property=\"og:description\" content=\"Popping Boba tajwa\u0144skie kulki do bubble tea o smaku smoczy owoc, oryginalny smak.\" \/>\n<meta property=\"og:url\" content=\"https:\/\/kulkidobubbletea.pl\/de\/shop\/bubble-tea-balls\/bubble-tea-balls-popping-boba-taiwan-original-cola\/\" \/>\n<meta property=\"og:site_name\" content=\"Kulki Do Bubble Tea\" \/>\n<meta property=\"article:modified_time\" content=\"2026-04-14T12:14:24+00:00\" \/>\n<meta property=\"og:image\" content=\"https:\/\/kulkidobubbletea.pl\/wp-content\/uploads\/2025\/02\/cola-wiadro-plus-kulki-1024x1024.png\" \/>\n\t<meta property=\"og:image:width\" content=\"1024\" \/>\n\t<meta property=\"og:image:height\" content=\"1024\" \/>\n\t<meta property=\"og:image:type\" content=\"image\/png\" \/>\n<meta name=\"twitter:card\" content=\"summary_large_image\" \/>\n<meta name=\"twitter:label1\" content=\"Gesch\u00e4tzte Lesezeit\" \/>\n\t<meta name=\"twitter:data1\" content=\"2\u00a0Minuten\" \/>\n<script type=\"application\/ld+json\" class=\"yoast-schema-graph\">{\"@context\":\"https:\\\/\\\/schema.org\",\"@graph\":[{\"@type\":\"WebPage\",\"@id\":\"https:\\\/\\\/kulkidobubbletea.pl\\\/sklep\\\/kulki-do-bubble-tea\\\/kulki-do-bubble-tea-popping-boba-tajwan-oryginal-cola\\\/\",\"url\":\"https:\\\/\\\/kulkidobubbletea.pl\\\/sklep\\\/kulki-do-bubble-tea\\\/kulki-do-bubble-tea-popping-boba-tajwan-oryginal-cola\\\/\",\"name\":\"Kulki do Bubble Tea 3,4kg | Popping Boba Tajwan Oryginal COLA - Kulki Do Bubble Tea\",\"isPartOf\":{\"@id\":\"https:\\\/\\\/kulkidobubbletea.pl\\\/#website\"},\"primaryImageOfPage\":{\"@id\":\"https:\\\/\\\/kulkidobubbletea.pl\\\/sklep\\\/kulki-do-bubble-tea\\\/kulki-do-bubble-tea-popping-boba-tajwan-oryginal-cola\\\/#primaryimage\"},\"image\":{\"@id\":\"https:\\\/\\\/kulkidobubbletea.pl\\\/sklep\\\/kulki-do-bubble-tea\\\/kulki-do-bubble-tea-popping-boba-tajwan-oryginal-cola\\\/#primaryimage\"},\"thumbnailUrl\":\"https:\\\/\\\/kulkidobubbletea.pl\\\/wp-content\\\/uploads\\\/2025\\\/02\\\/cola-wiadro-plus-kulki.png\",\"datePublished\":\"2025-04-19T14:32:42+00:00\",\"dateModified\":\"2026-04-14T12:14:24+00:00\",\"breadcrumb\":{\"@id\":\"https:\\\/\\\/kulkidobubbletea.pl\\\/sklep\\\/kulki-do-bubble-tea\\\/kulki-do-bubble-tea-popping-boba-tajwan-oryginal-cola\\\/#breadcrumb\"},\"inLanguage\":\"de\",\"potentialAction\":[{\"@type\":\"ReadAction\",\"target\":[\"https:\\\/\\\/kulkidobubbletea.pl\\\/sklep\\\/kulki-do-bubble-tea\\\/kulki-do-bubble-tea-popping-boba-tajwan-oryginal-cola\\\/\"]}]},{\"@type\":\"ImageObject\",\"inLanguage\":\"de\",\"@id\":\"https:\\\/\\\/kulkidobubbletea.pl\\\/sklep\\\/kulki-do-bubble-tea\\\/kulki-do-bubble-tea-popping-boba-tajwan-oryginal-cola\\\/#primaryimage\",\"url\":\"https:\\\/\\\/kulkidobubbletea.pl\\\/wp-content\\\/uploads\\\/2025\\\/02\\\/cola-wiadro-plus-kulki.png\",\"contentUrl\":\"https:\\\/\\\/kulkidobubbletea.pl\\\/wp-content\\\/uploads\\\/2025\\\/02\\\/cola-wiadro-plus-kulki.png\",\"width\":2000,\"height\":2000},{\"@type\":\"BreadcrumbList\",\"@id\":\"https:\\\/\\\/kulkidobubbletea.pl\\\/sklep\\\/kulki-do-bubble-tea\\\/kulki-do-bubble-tea-popping-boba-tajwan-oryginal-cola\\\/#breadcrumb\",\"itemListElement\":[{\"@type\":\"ListItem\",\"position\":1,\"name\":\"Strona g\u0142\u00f3wna\",\"item\":\"https:\\\/\\\/kulkidobubbletea.pl\\\/\"},{\"@type\":\"ListItem\",\"position\":2,\"name\":\"Sklep\",\"item\":\"https:\\\/\\\/kulkidobubbletea.pl\\\/sklep\\\/\"},{\"@type\":\"ListItem\",\"position\":3,\"name\":\"Kulki do Bubble Tea 3,4kg | Popping Boba Tajwan Oryginal COLA\"}]},{\"@type\":\"WebSite\",\"@id\":\"https:\\\/\\\/kulkidobubbletea.pl\\\/#website\",\"url\":\"https:\\\/\\\/kulkidobubbletea.pl\\\/\",\"name\":\"Kulki Do Bubble Tea\",\"description\":\"Sklep online z artyku\u0142ami do bubble tea\",\"publisher\":{\"@id\":\"https:\\\/\\\/kulkidobubbletea.pl\\\/#organization\"},\"potentialAction\":[{\"@type\":\"SearchAction\",\"target\":{\"@type\":\"EntryPoint\",\"urlTemplate\":\"https:\\\/\\\/kulkidobubbletea.pl\\\/?s={search_term_string}\"},\"query-input\":{\"@type\":\"PropertyValueSpecification\",\"valueRequired\":true,\"valueName\":\"search_term_string\"}}],\"inLanguage\":\"de\"},{\"@type\":\"Organization\",\"@id\":\"https:\\\/\\\/kulkidobubbletea.pl\\\/#organization\",\"name\":\"Kulki Do Bubble Tea\",\"url\":\"https:\\\/\\\/kulkidobubbletea.pl\\\/\",\"logo\":{\"@type\":\"ImageObject\",\"inLanguage\":\"de\",\"@id\":\"https:\\\/\\\/kulkidobubbletea.pl\\\/#\\\/schema\\\/logo\\\/image\\\/\",\"url\":\"https:\\\/\\\/kulkidobubbletea.pl\\\/wp-content\\\/uploads\\\/2024\\\/04\\\/Original-on-Transparent.png\",\"contentUrl\":\"https:\\\/\\\/kulkidobubbletea.pl\\\/wp-content\\\/uploads\\\/2024\\\/04\\\/Original-on-Transparent.png\",\"width\":5000,\"height\":1109,\"caption\":\"Kulki Do Bubble Tea\"},\"image\":{\"@id\":\"https:\\\/\\\/kulkidobubbletea.pl\\\/#\\\/schema\\\/logo\\\/image\\\/\"}}]}<\/script>\n<!-- \/ Yoast SEO Premium plugin. -->","yoast_head_json":{"title":"Bubble Tea Kugeln 3.4kg | Popping Boba Taiwan Original COLA - Bubble Tea Kugeln","robots":{"index":"index","follow":"follow","max-snippet":"max-snippet:-1","max-image-preview":"max-image-preview:large","max-video-preview":"max-video-preview:-1"},"canonical":"https:\/\/kulkidobubbletea.pl\/de\/shop\/bubble-tea-balls\/bubble-tea-balls-popping-boba-taiwan-original-cola\/","og_locale":"de_DE","og_type":"article","og_title":"Kulki do Bubble Tea 3,4kg | Popping Boba Tajwan Oryginal COLA","og_description":"Popping Boba tajwa\u0144skie kulki do bubble tea o smaku smoczy owoc, oryginalny smak.","og_url":"https:\/\/kulkidobubbletea.pl\/de\/shop\/bubble-tea-balls\/bubble-tea-balls-popping-boba-taiwan-original-cola\/","og_site_name":"Kulki Do Bubble Tea","article_modified_time":"2026-04-14T12:14:24+00:00","og_image":[{"width":1024,"height":1024,"url":"https:\/\/kulkidobubbletea.pl\/wp-content\/uploads\/2025\/02\/cola-wiadro-plus-kulki-1024x1024.png","type":"image\/png"}],"twitter_card":"summary_large_image","twitter_misc":{"Gesch\u00e4tzte Lesezeit":"2\u00a0Minuten"},"schema":{"@context":"https:\/\/schema.org","@graph":[{"@type":"WebPage","@id":"https:\/\/kulkidobubbletea.pl\/sklep\/kulki-do-bubble-tea\/kulki-do-bubble-tea-popping-boba-tajwan-oryginal-cola\/","url":"https:\/\/kulkidobubbletea.pl\/sklep\/kulki-do-bubble-tea\/kulki-do-bubble-tea-popping-boba-tajwan-oryginal-cola\/","name":"Bubble Tea Kugeln 3.4kg | Popping Boba Taiwan Original COLA - Bubble Tea Kugeln","isPartOf":{"@id":"https:\/\/kulkidobubbletea.pl\/#website"},"primaryImageOfPage":{"@id":"https:\/\/kulkidobubbletea.pl\/sklep\/kulki-do-bubble-tea\/kulki-do-bubble-tea-popping-boba-tajwan-oryginal-cola\/#primaryimage"},"image":{"@id":"https:\/\/kulkidobubbletea.pl\/sklep\/kulki-do-bubble-tea\/kulki-do-bubble-tea-popping-boba-tajwan-oryginal-cola\/#primaryimage"},"thumbnailUrl":"https:\/\/kulkidobubbletea.pl\/wp-content\/uploads\/2025\/02\/cola-wiadro-plus-kulki.png","datePublished":"2025-04-19T14:32:42+00:00","dateModified":"2026-04-14T12:14:24+00:00","breadcrumb":{"@id":"https:\/\/kulkidobubbletea.pl\/sklep\/kulki-do-bubble-tea\/kulki-do-bubble-tea-popping-boba-tajwan-oryginal-cola\/#breadcrumb"},"inLanguage":"de","potentialAction":[{"@type":"ReadAction","target":["https:\/\/kulkidobubbletea.pl\/sklep\/kulki-do-bubble-tea\/kulki-do-bubble-tea-popping-boba-tajwan-oryginal-cola\/"]}]},{"@type":"ImageObject","inLanguage":"de","@id":"https:\/\/kulkidobubbletea.pl\/sklep\/kulki-do-bubble-tea\/kulki-do-bubble-tea-popping-boba-tajwan-oryginal-cola\/#primaryimage","url":"https:\/\/kulkidobubbletea.pl\/wp-content\/uploads\/2025\/02\/cola-wiadro-plus-kulki.png","contentUrl":"https:\/\/kulkidobubbletea.pl\/wp-content\/uploads\/2025\/02\/cola-wiadro-plus-kulki.png","width":2000,"height":2000},{"@type":"BreadcrumbList","@id":"https:\/\/kulkidobubbletea.pl\/sklep\/kulki-do-bubble-tea\/kulki-do-bubble-tea-popping-boba-tajwan-oryginal-cola\/#breadcrumb","itemListElement":[{"@type":"ListItem","position":1,"name":"Strona g\u0142\u00f3wna","item":"https:\/\/kulkidobubbletea.pl\/"},{"@type":"ListItem","position":2,"name":"Sklep","item":"https:\/\/kulkidobubbletea.pl\/sklep\/"},{"@type":"ListItem","position":3,"name":"Kulki do Bubble Tea 3,4kg | Popping Boba Tajwan Oryginal COLA"}]},{"@type":"WebSite","@id":"https:\/\/kulkidobubbletea.pl\/#website","url":"https:\/\/kulkidobubbletea.pl\/","name":"Bubble Tea Kugeln","description":"Online Bubble Tea Shop","publisher":{"@id":"https:\/\/kulkidobubbletea.pl\/#organization"},"potentialAction":[{"@type":"SearchAction","target":{"@type":"EntryPoint","urlTemplate":"https:\/\/kulkidobubbletea.pl\/?s={search_term_string}"},"query-input":{"@type":"PropertyValueSpecification","valueRequired":true,"valueName":"search_term_string"}}],"inLanguage":"de"},{"@type":"Organization","@id":"https:\/\/kulkidobubbletea.pl\/#organization","name":"Bubble Tea Kugeln","url":"https:\/\/kulkidobubbletea.pl\/","logo":{"@type":"ImageObject","inLanguage":"de","@id":"https:\/\/kulkidobubbletea.pl\/#\/schema\/logo\/image\/","url":"https:\/\/kulkidobubbletea.pl\/wp-content\/uploads\/2024\/04\/Original-on-Transparent.png","contentUrl":"https:\/\/kulkidobubbletea.pl\/wp-content\/uploads\/2024\/04\/Original-on-Transparent.png","width":5000,"height":1109,"caption":"Kulki Do Bubble Tea"},"image":{"@id":"https:\/\/kulkidobubbletea.pl\/#\/schema\/logo\/image\/"}}]}},"_links":{"self":[{"href":"https:\/\/kulkidobubbletea.pl\/de\/wp-json\/wp\/v2\/product\/15344","targetHints":{"allow":["GET"]}}],"collection":[{"href":"https:\/\/kulkidobubbletea.pl\/de\/wp-json\/wp\/v2\/product"}],"about":[{"href":"https:\/\/kulkidobubbletea.pl\/de\/wp-json\/wp\/v2\/types\/product"}],"replies":[{"embeddable":true,"href":"https:\/\/kulkidobubbletea.pl\/de\/wp-json\/wp\/v2\/comments?post=15344"}],"version-history":[{"count":7,"href":"https:\/\/kulkidobubbletea.pl\/de\/wp-json\/wp\/v2\/product\/15344\/revisions"}],"predecessor-version":[{"id":16956,"href":"https:\/\/kulkidobubbletea.pl\/de\/wp-json\/wp\/v2\/product\/15344\/revisions\/16956"}],"wp:featuredmedia":[{"embeddable":true,"href":"https:\/\/kulkidobubbletea.pl\/de\/wp-json\/wp\/v2\/media\/15345"}],"wp:attachment":[{"href":"https:\/\/kulkidobubbletea.pl\/de\/wp-json\/wp\/v2\/media?parent=15344"}],"wp:term":[{"taxonomy":"product_brand","embeddable":true,"href":"https:\/\/kulkidobubbletea.pl\/de\/wp-json\/wp\/v2\/product_brand?post=15344"},{"taxonomy":"product_cat","embeddable":true,"href":"https:\/\/kulkidobubbletea.pl\/de\/wp-json\/wp\/v2\/product_cat?post=15344"},{"taxonomy":"product_tag","embeddable":true,"href":"https:\/\/kulkidobubbletea.pl\/de\/wp-json\/wp\/v2\/product_tag?post=15344"}],"curies":[{"name":"wp","href":"https:\/\/api.w.org\/{rel}","templated":true}]}}