{"id":11032,"date":"2025-06-04T12:18:09","date_gmt":"2025-06-04T12:18:09","guid":{"rendered":"https:\/\/kulkidobubbletea.pl\/produkt\/kubek-u-style-700ml-2\/"},"modified":"2026-03-12T11:55:59","modified_gmt":"2026-03-12T11:55:59","slug":"u-style-becher-700ml","status":"publish","type":"product","link":"https:\/\/kulkidobubbletea.pl\/de\/shop\/verpackung\/becher\/u-style-becher-700ml\/","title":{"rendered":"U-Stil Becher 700ml - versiegelt 1000Stk klar"},"content":{"rendered":"<p>Becher mit einem Fassungsverm\u00f6gen von 700 ml.<\/p>\n<p>&nbsp;<\/p>\n<p>Kompatibel mit allen Becherverschlussb\u00e4ndern und Deckeln mit 95 mm Durchmesser.<\/p>\n<p>&nbsp;<\/p>\n<p>&nbsp;<\/p>\n<p>In einer Packung mit 1000 St\u00fcck.<\/p>","protected":false},"excerpt":{"rendered":"<p>Kubek o pojemno\u015bci 700ml. &nbsp; Kompatybilny ze wszystkimi ta\u015bmami do zaklejania kubk\u00f3w oraz z wieczkami 95mm \u015brednicy. &nbsp; &nbsp; W<\/p>","protected":false},"featured_media":11304,"comment_status":"open","ping_status":"closed","template":"","meta":[],"product_brand":[],"product_cat":[318],"product_tag":[],"class_list":{"0":"post-11032","1":"product","2":"type-product","3":"status-publish","4":"has-post-thumbnail","6":"product_cat-kubki","8":"first","9":"instock","10":"taxable","11":"shipping-taxable","12":"purchasable","13":"product-type-simple"},"yoast_head":"<!-- This site is optimized with the Yoast SEO Premium plugin v23.7 (Yoast SEO v27.3) - https:\/\/yoast.com\/product\/yoast-seo-premium-wordpress\/ -->\n<title>Kubek U style 700ml - zaklejany 1000szt. czysty - Kulki Do Bubble Tea<\/title>\n<meta name=\"robots\" content=\"index, follow, max-snippet:-1, max-image-preview:large, max-video-preview:-1\" \/>\n<link rel=\"canonical\" href=\"https:\/\/kulkidobubbletea.pl\/de\/shop\/verpackung\/becher\/u-style-becher-700ml\/\" \/>\n<meta property=\"og:locale\" content=\"de_DE\" \/>\n<meta property=\"og:type\" content=\"article\" \/>\n<meta property=\"og:title\" content=\"Kubek U style 700ml - zaklejany 1000szt. czysty\" \/>\n<meta property=\"og:description\" content=\"Kubek o pojemno\u015bci 700ml. &nbsp; Kompatybilny ze wszystkimi ta\u015bmami do zaklejania kubk\u00f3w oraz z wieczkami 95mm \u015brednicy. &nbsp; &nbsp; W\" \/>\n<meta property=\"og:url\" content=\"https:\/\/kulkidobubbletea.pl\/de\/shop\/verpackung\/becher\/u-style-becher-700ml\/\" \/>\n<meta property=\"og:site_name\" content=\"Kulki Do Bubble Tea\" \/>\n<meta property=\"article:modified_time\" content=\"2026-03-12T11:55:59+00:00\" \/>\n<meta property=\"og:image\" content=\"https:\/\/kulkidobubbletea.pl\/wp-content\/uploads\/2024\/05\/q700czysty.jpg\" \/>\n\t<meta property=\"og:image:width\" content=\"700\" \/>\n\t<meta property=\"og:image:height\" content=\"700\" \/>\n\t<meta property=\"og:image:type\" content=\"image\/jpeg\" \/>\n<meta name=\"twitter:card\" content=\"summary_large_image\" \/>\n<meta name=\"twitter:label1\" content=\"Gesch\u00e4tzte Lesezeit\" \/>\n\t<meta name=\"twitter:data1\" content=\"1\u00a0Minute\" \/>\n<script type=\"application\/ld+json\" class=\"yoast-schema-graph\">{\"@context\":\"https:\\\/\\\/schema.org\",\"@graph\":[{\"@type\":\"WebPage\",\"@id\":\"https:\\\/\\\/kulkidobubbletea.pl\\\/sklep\\\/opakowania\\\/kubki\\\/kubek-u-style-700ml\\\/\",\"url\":\"https:\\\/\\\/kulkidobubbletea.pl\\\/sklep\\\/opakowania\\\/kubki\\\/kubek-u-style-700ml\\\/\",\"name\":\"Kubek U style 700ml - zaklejany 1000szt. czysty - Kulki Do Bubble Tea\",\"isPartOf\":{\"@id\":\"https:\\\/\\\/kulkidobubbletea.pl\\\/#website\"},\"primaryImageOfPage\":{\"@id\":\"https:\\\/\\\/kulkidobubbletea.pl\\\/sklep\\\/opakowania\\\/kubki\\\/kubek-u-style-700ml\\\/#primaryimage\"},\"image\":{\"@id\":\"https:\\\/\\\/kulkidobubbletea.pl\\\/sklep\\\/opakowania\\\/kubki\\\/kubek-u-style-700ml\\\/#primaryimage\"},\"thumbnailUrl\":\"https:\\\/\\\/kulkidobubbletea.pl\\\/wp-content\\\/uploads\\\/2024\\\/05\\\/q700czysty.jpg\",\"datePublished\":\"2025-06-04T12:18:09+00:00\",\"dateModified\":\"2026-03-12T11:55:59+00:00\",\"breadcrumb\":{\"@id\":\"https:\\\/\\\/kulkidobubbletea.pl\\\/sklep\\\/opakowania\\\/kubki\\\/kubek-u-style-700ml\\\/#breadcrumb\"},\"inLanguage\":\"de\",\"potentialAction\":[{\"@type\":\"ReadAction\",\"target\":[\"https:\\\/\\\/kulkidobubbletea.pl\\\/sklep\\\/opakowania\\\/kubki\\\/kubek-u-style-700ml\\\/\"]}]},{\"@type\":\"ImageObject\",\"inLanguage\":\"de\",\"@id\":\"https:\\\/\\\/kulkidobubbletea.pl\\\/sklep\\\/opakowania\\\/kubki\\\/kubek-u-style-700ml\\\/#primaryimage\",\"url\":\"https:\\\/\\\/kulkidobubbletea.pl\\\/wp-content\\\/uploads\\\/2024\\\/05\\\/q700czysty.jpg\",\"contentUrl\":\"https:\\\/\\\/kulkidobubbletea.pl\\\/wp-content\\\/uploads\\\/2024\\\/05\\\/q700czysty.jpg\",\"width\":700,\"height\":700},{\"@type\":\"BreadcrumbList\",\"@id\":\"https:\\\/\\\/kulkidobubbletea.pl\\\/sklep\\\/opakowania\\\/kubki\\\/kubek-u-style-700ml\\\/#breadcrumb\",\"itemListElement\":[{\"@type\":\"ListItem\",\"position\":1,\"name\":\"Strona g\u0142\u00f3wna\",\"item\":\"https:\\\/\\\/kulkidobubbletea.pl\\\/\"},{\"@type\":\"ListItem\",\"position\":2,\"name\":\"Sklep\",\"item\":\"https:\\\/\\\/kulkidobubbletea.pl\\\/sklep\\\/\"},{\"@type\":\"ListItem\",\"position\":3,\"name\":\"Kubek U style 700ml &#8211; zaklejany 1000szt. czysty\"}]},{\"@type\":\"WebSite\",\"@id\":\"https:\\\/\\\/kulkidobubbletea.pl\\\/#website\",\"url\":\"https:\\\/\\\/kulkidobubbletea.pl\\\/\",\"name\":\"Kulki Do Bubble Tea\",\"description\":\"Sklep online z artyku\u0142ami do bubble tea\",\"publisher\":{\"@id\":\"https:\\\/\\\/kulkidobubbletea.pl\\\/#organization\"},\"potentialAction\":[{\"@type\":\"SearchAction\",\"target\":{\"@type\":\"EntryPoint\",\"urlTemplate\":\"https:\\\/\\\/kulkidobubbletea.pl\\\/?s={search_term_string}\"},\"query-input\":{\"@type\":\"PropertyValueSpecification\",\"valueRequired\":true,\"valueName\":\"search_term_string\"}}],\"inLanguage\":\"de\"},{\"@type\":\"Organization\",\"@id\":\"https:\\\/\\\/kulkidobubbletea.pl\\\/#organization\",\"name\":\"Kulki Do Bubble Tea\",\"url\":\"https:\\\/\\\/kulkidobubbletea.pl\\\/\",\"logo\":{\"@type\":\"ImageObject\",\"inLanguage\":\"de\",\"@id\":\"https:\\\/\\\/kulkidobubbletea.pl\\\/#\\\/schema\\\/logo\\\/image\\\/\",\"url\":\"https:\\\/\\\/kulkidobubbletea.pl\\\/wp-content\\\/uploads\\\/2024\\\/04\\\/Original-on-Transparent.png\",\"contentUrl\":\"https:\\\/\\\/kulkidobubbletea.pl\\\/wp-content\\\/uploads\\\/2024\\\/04\\\/Original-on-Transparent.png\",\"width\":5000,\"height\":1109,\"caption\":\"Kulki Do Bubble Tea\"},\"image\":{\"@id\":\"https:\\\/\\\/kulkidobubbletea.pl\\\/#\\\/schema\\\/logo\\\/image\\\/\"}}]}<\/script>\n<!-- \/ Yoast SEO Premium plugin. -->","yoast_head_json":{"title":"U-Stil Tasse 700ml - versiegelt 1000pcs klar - Bubble Tea Kugeln","robots":{"index":"index","follow":"follow","max-snippet":"max-snippet:-1","max-image-preview":"max-image-preview:large","max-video-preview":"max-video-preview:-1"},"canonical":"https:\/\/kulkidobubbletea.pl\/de\/shop\/verpackung\/becher\/u-style-becher-700ml\/","og_locale":"de_DE","og_type":"article","og_title":"Kubek U style 700ml - zaklejany 1000szt. czysty","og_description":"Kubek o pojemno\u015bci 700ml. &nbsp; Kompatybilny ze wszystkimi ta\u015bmami do zaklejania kubk\u00f3w oraz z wieczkami 95mm \u015brednicy. &nbsp; &nbsp; W","og_url":"https:\/\/kulkidobubbletea.pl\/de\/shop\/verpackung\/becher\/u-style-becher-700ml\/","og_site_name":"Kulki Do Bubble Tea","article_modified_time":"2026-03-12T11:55:59+00:00","og_image":[{"width":700,"height":700,"url":"https:\/\/kulkidobubbletea.pl\/wp-content\/uploads\/2024\/05\/q700czysty.jpg","type":"image\/jpeg"}],"twitter_card":"summary_large_image","twitter_misc":{"Gesch\u00e4tzte Lesezeit":"1\u00a0Minute"},"schema":{"@context":"https:\/\/schema.org","@graph":[{"@type":"WebPage","@id":"https:\/\/kulkidobubbletea.pl\/sklep\/opakowania\/kubki\/kubek-u-style-700ml\/","url":"https:\/\/kulkidobubbletea.pl\/sklep\/opakowania\/kubki\/kubek-u-style-700ml\/","name":"U-Stil Tasse 700ml - versiegelt 1000pcs klar - Bubble Tea Kugeln","isPartOf":{"@id":"https:\/\/kulkidobubbletea.pl\/#website"},"primaryImageOfPage":{"@id":"https:\/\/kulkidobubbletea.pl\/sklep\/opakowania\/kubki\/kubek-u-style-700ml\/#primaryimage"},"image":{"@id":"https:\/\/kulkidobubbletea.pl\/sklep\/opakowania\/kubki\/kubek-u-style-700ml\/#primaryimage"},"thumbnailUrl":"https:\/\/kulkidobubbletea.pl\/wp-content\/uploads\/2024\/05\/q700czysty.jpg","datePublished":"2025-06-04T12:18:09+00:00","dateModified":"2026-03-12T11:55:59+00:00","breadcrumb":{"@id":"https:\/\/kulkidobubbletea.pl\/sklep\/opakowania\/kubki\/kubek-u-style-700ml\/#breadcrumb"},"inLanguage":"de","potentialAction":[{"@type":"ReadAction","target":["https:\/\/kulkidobubbletea.pl\/sklep\/opakowania\/kubki\/kubek-u-style-700ml\/"]}]},{"@type":"ImageObject","inLanguage":"de","@id":"https:\/\/kulkidobubbletea.pl\/sklep\/opakowania\/kubki\/kubek-u-style-700ml\/#primaryimage","url":"https:\/\/kulkidobubbletea.pl\/wp-content\/uploads\/2024\/05\/q700czysty.jpg","contentUrl":"https:\/\/kulkidobubbletea.pl\/wp-content\/uploads\/2024\/05\/q700czysty.jpg","width":700,"height":700},{"@type":"BreadcrumbList","@id":"https:\/\/kulkidobubbletea.pl\/sklep\/opakowania\/kubki\/kubek-u-style-700ml\/#breadcrumb","itemListElement":[{"@type":"ListItem","position":1,"name":"Strona g\u0142\u00f3wna","item":"https:\/\/kulkidobubbletea.pl\/"},{"@type":"ListItem","position":2,"name":"Sklep","item":"https:\/\/kulkidobubbletea.pl\/sklep\/"},{"@type":"ListItem","position":3,"name":"Kubek U style 700ml &#8211; zaklejany 1000szt. czysty"}]},{"@type":"WebSite","@id":"https:\/\/kulkidobubbletea.pl\/#website","url":"https:\/\/kulkidobubbletea.pl\/","name":"Bubble Tea Kugeln","description":"Online Bubble Tea Shop","publisher":{"@id":"https:\/\/kulkidobubbletea.pl\/#organization"},"potentialAction":[{"@type":"SearchAction","target":{"@type":"EntryPoint","urlTemplate":"https:\/\/kulkidobubbletea.pl\/?s={search_term_string}"},"query-input":{"@type":"PropertyValueSpecification","valueRequired":true,"valueName":"search_term_string"}}],"inLanguage":"de"},{"@type":"Organization","@id":"https:\/\/kulkidobubbletea.pl\/#organization","name":"Bubble Tea Kugeln","url":"https:\/\/kulkidobubbletea.pl\/","logo":{"@type":"ImageObject","inLanguage":"de","@id":"https:\/\/kulkidobubbletea.pl\/#\/schema\/logo\/image\/","url":"https:\/\/kulkidobubbletea.pl\/wp-content\/uploads\/2024\/04\/Original-on-Transparent.png","contentUrl":"https:\/\/kulkidobubbletea.pl\/wp-content\/uploads\/2024\/04\/Original-on-Transparent.png","width":5000,"height":1109,"caption":"Kulki Do Bubble Tea"},"image":{"@id":"https:\/\/kulkidobubbletea.pl\/#\/schema\/logo\/image\/"}}]}},"_links":{"self":[{"href":"https:\/\/kulkidobubbletea.pl\/de\/wp-json\/wp\/v2\/product\/11032","targetHints":{"allow":["GET"]}}],"collection":[{"href":"https:\/\/kulkidobubbletea.pl\/de\/wp-json\/wp\/v2\/product"}],"about":[{"href":"https:\/\/kulkidobubbletea.pl\/de\/wp-json\/wp\/v2\/types\/product"}],"replies":[{"embeddable":true,"href":"https:\/\/kulkidobubbletea.pl\/de\/wp-json\/wp\/v2\/comments?post=11032"}],"version-history":[{"count":3,"href":"https:\/\/kulkidobubbletea.pl\/de\/wp-json\/wp\/v2\/product\/11032\/revisions"}],"predecessor-version":[{"id":15578,"href":"https:\/\/kulkidobubbletea.pl\/de\/wp-json\/wp\/v2\/product\/11032\/revisions\/15578"}],"wp:featuredmedia":[{"embeddable":true,"href":"https:\/\/kulkidobubbletea.pl\/de\/wp-json\/wp\/v2\/media\/11304"}],"wp:attachment":[{"href":"https:\/\/kulkidobubbletea.pl\/de\/wp-json\/wp\/v2\/media?parent=11032"}],"wp:term":[{"taxonomy":"product_brand","embeddable":true,"href":"https:\/\/kulkidobubbletea.pl\/de\/wp-json\/wp\/v2\/product_brand?post=11032"},{"taxonomy":"product_cat","embeddable":true,"href":"https:\/\/kulkidobubbletea.pl\/de\/wp-json\/wp\/v2\/product_cat?post=11032"},{"taxonomy":"product_tag","embeddable":true,"href":"https:\/\/kulkidobubbletea.pl\/de\/wp-json\/wp\/v2\/product_tag?post=11032"}],"curies":[{"name":"wp","href":"https:\/\/api.w.org\/{rel}","templated":true}]}}