{"id":11030,"date":"2024-05-04T12:18:09","date_gmt":"2024-05-04T12:18:09","guid":{"rendered":"https:\/\/kulkidobubbletea.pl\/produkt\/herbata-czarna-ceylonska-1kg-2\/"},"modified":"2026-04-15T15:34:17","modified_gmt":"2026-04-15T15:34:17","slug":"schwarzer-ceylontee-1kg-2","status":"publish","type":"product","link":"https:\/\/kulkidobubbletea.pl\/de\/shop\/tees\/schwarzer-ceylontee-1kg-2\/","title":{"rendered":"Schwarzer Ceylon-Tee 0,6 kg"},"content":{"rendered":"<p>Eine Schwarzteesorte, die sich f\u00fcr Bubble Tea eignet.<\/p>\n<p>&nbsp;<\/p>\n<p>Schon 50-100 ml Abkochung pro 500 ml Getr\u00e4nk reichen aus, um die richtige Zusammensetzung und den Geschmack von Bubble Tea zu erreichen.<\/p>\n<p>Die Menge des Tees h\u00e4ngt von Ihren Vorlieben ab.<\/p>\n<p>&nbsp;<\/p>\n<p>F\u00fcr die Zubereitung der Abkochung werden 50 g schwarzer Tee auf 10 l Wasser verwendet.<\/p>\n<p>1. 10 l Wasser kochen.<\/p>\n<p>2. 50 g schwarzen Tee hinzuf\u00fcgen und 10 Minuten lang bei schwacher Hitze kochen.<\/p>\n<p>3. Den entstandenen Sud durch ein Sieb abseihen, den Tee in eine Thermoskanne f\u00fcllen.<\/p>\n<p>&nbsp;<\/p>\n<p>Eine Teesorte, die sich geschmacklich gut mit unseren taiwanesischen Bubble Tea-Sirupen kombinieren l\u00e4sst.<\/p>\n<p>&nbsp;<\/p>\n<p>Hergestellt in Taiwan.<\/p>","protected":false},"excerpt":{"rendered":"<p>Odmiana czarnej herbaty nadaj\u0105ca si\u0119 do Bubble Tea. &nbsp; Wystarczy\u00a0 50-100 ml wywaru na 500ml napoju aby uzyska\u0107 w\u0142a\u015bciw\u0105 kompozycj\u0119<\/p>","protected":false},"featured_media":16011,"comment_status":"open","ping_status":"closed","template":"","meta":[],"product_brand":[],"product_cat":[325],"product_tag":[],"class_list":{"0":"post-11030","1":"product","2":"type-product","3":"status-publish","4":"has-post-thumbnail","6":"product_cat-herbaty","8":"first","9":"instock","10":"taxable","11":"shipping-taxable","12":"purchasable","13":"product-type-simple"},"yoast_head":"<!-- This site is optimized with the Yoast SEO Premium plugin v23.7 (Yoast SEO v27.3) - https:\/\/yoast.com\/product\/yoast-seo-premium-wordpress\/ -->\n<title>Herbata czarna Ceylo\u0144ska 0.6kg - Kulki Do Bubble Tea<\/title>\n<meta name=\"robots\" content=\"index, follow, max-snippet:-1, max-image-preview:large, max-video-preview:-1\" \/>\n<link rel=\"canonical\" href=\"https:\/\/kulkidobubbletea.pl\/de\/shop\/tees\/schwarzer-ceylontee-1kg-2\/\" \/>\n<meta property=\"og:locale\" content=\"de_DE\" \/>\n<meta property=\"og:type\" content=\"article\" \/>\n<meta property=\"og:title\" content=\"Herbata czarna Ceylo\u0144ska 0.6kg\" \/>\n<meta property=\"og:description\" content=\"Odmiana czarnej herbaty nadaj\u0105ca si\u0119 do Bubble Tea. &nbsp; Wystarczy\u00a0 50-100 ml wywaru na 500ml napoju aby uzyska\u0107 w\u0142a\u015bciw\u0105 kompozycj\u0119\" \/>\n<meta property=\"og:url\" content=\"https:\/\/kulkidobubbletea.pl\/de\/shop\/tees\/schwarzer-ceylontee-1kg-2\/\" \/>\n<meta property=\"og:site_name\" content=\"Kulki Do Bubble Tea\" \/>\n<meta property=\"article:modified_time\" content=\"2026-04-15T15:34:17+00:00\" \/>\n<meta property=\"og:image\" content=\"https:\/\/kulkidobubbletea.pl\/wp-content\/uploads\/2025\/05\/herbata-czarna.jpg\" \/>\n\t<meta property=\"og:image:width\" content=\"2000\" \/>\n\t<meta property=\"og:image:height\" content=\"2000\" \/>\n\t<meta property=\"og:image:type\" content=\"image\/jpeg\" \/>\n<meta name=\"twitter:card\" content=\"summary_large_image\" \/>\n<meta name=\"twitter:label1\" content=\"Gesch\u00e4tzte Lesezeit\" \/>\n\t<meta name=\"twitter:data1\" content=\"1\u00a0Minute\" \/>\n<script type=\"application\/ld+json\" class=\"yoast-schema-graph\">{\"@context\":\"https:\\\/\\\/schema.org\",\"@graph\":[{\"@type\":\"WebPage\",\"@id\":\"https:\\\/\\\/kulkidobubbletea.pl\\\/sklep\\\/herbaty\\\/herbata-czarna-ceylonska-1kg-2\\\/\",\"url\":\"https:\\\/\\\/kulkidobubbletea.pl\\\/sklep\\\/herbaty\\\/herbata-czarna-ceylonska-1kg-2\\\/\",\"name\":\"Herbata czarna Ceylo\u0144ska 0.6kg - Kulki Do Bubble Tea\",\"isPartOf\":{\"@id\":\"https:\\\/\\\/kulkidobubbletea.pl\\\/#website\"},\"primaryImageOfPage\":{\"@id\":\"https:\\\/\\\/kulkidobubbletea.pl\\\/sklep\\\/herbaty\\\/herbata-czarna-ceylonska-1kg-2\\\/#primaryimage\"},\"image\":{\"@id\":\"https:\\\/\\\/kulkidobubbletea.pl\\\/sklep\\\/herbaty\\\/herbata-czarna-ceylonska-1kg-2\\\/#primaryimage\"},\"thumbnailUrl\":\"https:\\\/\\\/kulkidobubbletea.pl\\\/wp-content\\\/uploads\\\/2025\\\/05\\\/herbata-czarna.jpg\",\"datePublished\":\"2024-05-04T12:18:09+00:00\",\"dateModified\":\"2026-04-15T15:34:17+00:00\",\"breadcrumb\":{\"@id\":\"https:\\\/\\\/kulkidobubbletea.pl\\\/sklep\\\/herbaty\\\/herbata-czarna-ceylonska-1kg-2\\\/#breadcrumb\"},\"inLanguage\":\"de\",\"potentialAction\":[{\"@type\":\"ReadAction\",\"target\":[\"https:\\\/\\\/kulkidobubbletea.pl\\\/sklep\\\/herbaty\\\/herbata-czarna-ceylonska-1kg-2\\\/\"]}]},{\"@type\":\"ImageObject\",\"inLanguage\":\"de\",\"@id\":\"https:\\\/\\\/kulkidobubbletea.pl\\\/sklep\\\/herbaty\\\/herbata-czarna-ceylonska-1kg-2\\\/#primaryimage\",\"url\":\"https:\\\/\\\/kulkidobubbletea.pl\\\/wp-content\\\/uploads\\\/2025\\\/05\\\/herbata-czarna.jpg\",\"contentUrl\":\"https:\\\/\\\/kulkidobubbletea.pl\\\/wp-content\\\/uploads\\\/2025\\\/05\\\/herbata-czarna.jpg\",\"width\":2000,\"height\":2000},{\"@type\":\"BreadcrumbList\",\"@id\":\"https:\\\/\\\/kulkidobubbletea.pl\\\/sklep\\\/herbaty\\\/herbata-czarna-ceylonska-1kg-2\\\/#breadcrumb\",\"itemListElement\":[{\"@type\":\"ListItem\",\"position\":1,\"name\":\"Strona g\u0142\u00f3wna\",\"item\":\"https:\\\/\\\/kulkidobubbletea.pl\\\/\"},{\"@type\":\"ListItem\",\"position\":2,\"name\":\"Sklep\",\"item\":\"https:\\\/\\\/kulkidobubbletea.pl\\\/sklep\\\/\"},{\"@type\":\"ListItem\",\"position\":3,\"name\":\"Herbata czarna Ceylo\u0144ska 0.6kg\"}]},{\"@type\":\"WebSite\",\"@id\":\"https:\\\/\\\/kulkidobubbletea.pl\\\/#website\",\"url\":\"https:\\\/\\\/kulkidobubbletea.pl\\\/\",\"name\":\"Kulki Do Bubble Tea\",\"description\":\"Sklep online z artyku\u0142ami do bubble tea\",\"publisher\":{\"@id\":\"https:\\\/\\\/kulkidobubbletea.pl\\\/#organization\"},\"potentialAction\":[{\"@type\":\"SearchAction\",\"target\":{\"@type\":\"EntryPoint\",\"urlTemplate\":\"https:\\\/\\\/kulkidobubbletea.pl\\\/?s={search_term_string}\"},\"query-input\":{\"@type\":\"PropertyValueSpecification\",\"valueRequired\":true,\"valueName\":\"search_term_string\"}}],\"inLanguage\":\"de\"},{\"@type\":\"Organization\",\"@id\":\"https:\\\/\\\/kulkidobubbletea.pl\\\/#organization\",\"name\":\"Kulki Do Bubble Tea\",\"url\":\"https:\\\/\\\/kulkidobubbletea.pl\\\/\",\"logo\":{\"@type\":\"ImageObject\",\"inLanguage\":\"de\",\"@id\":\"https:\\\/\\\/kulkidobubbletea.pl\\\/#\\\/schema\\\/logo\\\/image\\\/\",\"url\":\"https:\\\/\\\/kulkidobubbletea.pl\\\/wp-content\\\/uploads\\\/2024\\\/04\\\/Original-on-Transparent.png\",\"contentUrl\":\"https:\\\/\\\/kulkidobubbletea.pl\\\/wp-content\\\/uploads\\\/2024\\\/04\\\/Original-on-Transparent.png\",\"width\":5000,\"height\":1109,\"caption\":\"Kulki Do Bubble Tea\"},\"image\":{\"@id\":\"https:\\\/\\\/kulkidobubbletea.pl\\\/#\\\/schema\\\/logo\\\/image\\\/\"}}]}<\/script>\n<!-- \/ Yoast SEO Premium plugin. -->","yoast_head_json":{"title":"Ceylon Schwarztee 0.6kg - Bubble Tea Kugeln","robots":{"index":"index","follow":"follow","max-snippet":"max-snippet:-1","max-image-preview":"max-image-preview:large","max-video-preview":"max-video-preview:-1"},"canonical":"https:\/\/kulkidobubbletea.pl\/de\/shop\/tees\/schwarzer-ceylontee-1kg-2\/","og_locale":"de_DE","og_type":"article","og_title":"Herbata czarna Ceylo\u0144ska 0.6kg","og_description":"Odmiana czarnej herbaty nadaj\u0105ca si\u0119 do Bubble Tea. &nbsp; Wystarczy\u00a0 50-100 ml wywaru na 500ml napoju aby uzyska\u0107 w\u0142a\u015bciw\u0105 kompozycj\u0119","og_url":"https:\/\/kulkidobubbletea.pl\/de\/shop\/tees\/schwarzer-ceylontee-1kg-2\/","og_site_name":"Kulki Do Bubble Tea","article_modified_time":"2026-04-15T15:34:17+00:00","og_image":[{"width":2000,"height":2000,"url":"https:\/\/kulkidobubbletea.pl\/wp-content\/uploads\/2025\/05\/herbata-czarna.jpg","type":"image\/jpeg"}],"twitter_card":"summary_large_image","twitter_misc":{"Gesch\u00e4tzte Lesezeit":"1\u00a0Minute"},"schema":{"@context":"https:\/\/schema.org","@graph":[{"@type":"WebPage","@id":"https:\/\/kulkidobubbletea.pl\/sklep\/herbaty\/herbata-czarna-ceylonska-1kg-2\/","url":"https:\/\/kulkidobubbletea.pl\/sklep\/herbaty\/herbata-czarna-ceylonska-1kg-2\/","name":"Ceylon Schwarztee 0.6kg - Bubble Tea Kugeln","isPartOf":{"@id":"https:\/\/kulkidobubbletea.pl\/#website"},"primaryImageOfPage":{"@id":"https:\/\/kulkidobubbletea.pl\/sklep\/herbaty\/herbata-czarna-ceylonska-1kg-2\/#primaryimage"},"image":{"@id":"https:\/\/kulkidobubbletea.pl\/sklep\/herbaty\/herbata-czarna-ceylonska-1kg-2\/#primaryimage"},"thumbnailUrl":"https:\/\/kulkidobubbletea.pl\/wp-content\/uploads\/2025\/05\/herbata-czarna.jpg","datePublished":"2024-05-04T12:18:09+00:00","dateModified":"2026-04-15T15:34:17+00:00","breadcrumb":{"@id":"https:\/\/kulkidobubbletea.pl\/sklep\/herbaty\/herbata-czarna-ceylonska-1kg-2\/#breadcrumb"},"inLanguage":"de","potentialAction":[{"@type":"ReadAction","target":["https:\/\/kulkidobubbletea.pl\/sklep\/herbaty\/herbata-czarna-ceylonska-1kg-2\/"]}]},{"@type":"ImageObject","inLanguage":"de","@id":"https:\/\/kulkidobubbletea.pl\/sklep\/herbaty\/herbata-czarna-ceylonska-1kg-2\/#primaryimage","url":"https:\/\/kulkidobubbletea.pl\/wp-content\/uploads\/2025\/05\/herbata-czarna.jpg","contentUrl":"https:\/\/kulkidobubbletea.pl\/wp-content\/uploads\/2025\/05\/herbata-czarna.jpg","width":2000,"height":2000},{"@type":"BreadcrumbList","@id":"https:\/\/kulkidobubbletea.pl\/sklep\/herbaty\/herbata-czarna-ceylonska-1kg-2\/#breadcrumb","itemListElement":[{"@type":"ListItem","position":1,"name":"Strona g\u0142\u00f3wna","item":"https:\/\/kulkidobubbletea.pl\/"},{"@type":"ListItem","position":2,"name":"Sklep","item":"https:\/\/kulkidobubbletea.pl\/sklep\/"},{"@type":"ListItem","position":3,"name":"Herbata czarna Ceylo\u0144ska 0.6kg"}]},{"@type":"WebSite","@id":"https:\/\/kulkidobubbletea.pl\/#website","url":"https:\/\/kulkidobubbletea.pl\/","name":"Bubble Tea Kugeln","description":"Online Bubble Tea Shop","publisher":{"@id":"https:\/\/kulkidobubbletea.pl\/#organization"},"potentialAction":[{"@type":"SearchAction","target":{"@type":"EntryPoint","urlTemplate":"https:\/\/kulkidobubbletea.pl\/?s={search_term_string}"},"query-input":{"@type":"PropertyValueSpecification","valueRequired":true,"valueName":"search_term_string"}}],"inLanguage":"de"},{"@type":"Organization","@id":"https:\/\/kulkidobubbletea.pl\/#organization","name":"Bubble Tea Kugeln","url":"https:\/\/kulkidobubbletea.pl\/","logo":{"@type":"ImageObject","inLanguage":"de","@id":"https:\/\/kulkidobubbletea.pl\/#\/schema\/logo\/image\/","url":"https:\/\/kulkidobubbletea.pl\/wp-content\/uploads\/2024\/04\/Original-on-Transparent.png","contentUrl":"https:\/\/kulkidobubbletea.pl\/wp-content\/uploads\/2024\/04\/Original-on-Transparent.png","width":5000,"height":1109,"caption":"Kulki Do Bubble Tea"},"image":{"@id":"https:\/\/kulkidobubbletea.pl\/#\/schema\/logo\/image\/"}}]}},"_links":{"self":[{"href":"https:\/\/kulkidobubbletea.pl\/de\/wp-json\/wp\/v2\/product\/11030","targetHints":{"allow":["GET"]}}],"collection":[{"href":"https:\/\/kulkidobubbletea.pl\/de\/wp-json\/wp\/v2\/product"}],"about":[{"href":"https:\/\/kulkidobubbletea.pl\/de\/wp-json\/wp\/v2\/types\/product"}],"replies":[{"embeddable":true,"href":"https:\/\/kulkidobubbletea.pl\/de\/wp-json\/wp\/v2\/comments?post=11030"}],"version-history":[{"count":4,"href":"https:\/\/kulkidobubbletea.pl\/de\/wp-json\/wp\/v2\/product\/11030\/revisions"}],"predecessor-version":[{"id":16040,"href":"https:\/\/kulkidobubbletea.pl\/de\/wp-json\/wp\/v2\/product\/11030\/revisions\/16040"}],"wp:featuredmedia":[{"embeddable":true,"href":"https:\/\/kulkidobubbletea.pl\/de\/wp-json\/wp\/v2\/media\/16011"}],"wp:attachment":[{"href":"https:\/\/kulkidobubbletea.pl\/de\/wp-json\/wp\/v2\/media?parent=11030"}],"wp:term":[{"taxonomy":"product_brand","embeddable":true,"href":"https:\/\/kulkidobubbletea.pl\/de\/wp-json\/wp\/v2\/product_brand?post=11030"},{"taxonomy":"product_cat","embeddable":true,"href":"https:\/\/kulkidobubbletea.pl\/de\/wp-json\/wp\/v2\/product_cat?post=11030"},{"taxonomy":"product_tag","embeddable":true,"href":"https:\/\/kulkidobubbletea.pl\/de\/wp-json\/wp\/v2\/product_tag?post=11030"}],"curies":[{"name":"wp","href":"https:\/\/api.w.org\/{rel}","templated":true}]}}