{"id":11029,"date":"2024-05-04T12:18:08","date_gmt":"2024-05-04T12:18:08","guid":{"rendered":"https:\/\/kulkidobubbletea.pl\/produkt\/herbata-jasminowa-zielona-1kg-2\/"},"modified":"2026-04-10T08:31:08","modified_gmt":"2026-04-10T08:31:08","slug":"gruner-jasmintee-1kg-2","status":"publish","type":"product","link":"https:\/\/kulkidobubbletea.pl\/de\/shop\/tees\/gruner-jasmintee-1kg-2\/","title":{"rendered":"Bubble Tea Jasmin Gr\u00fcn 0.6kg"},"content":{"rendered":"<p>Eine hochwertige Sorte von gr\u00fcnem Jasmintee, die sich ideal f\u00fcr die Herstellung von Bubble-Tea-Essenzen eignet.<\/p>\n<p>Zubereitung der Essenz:<\/p>\n<p>1. 85 g gr\u00fcnen Tee zubereiten (etwa 1 volle 500-ml-Tasse)<\/p>\n<p>2. 5 l Wasser kochen.<\/p>\n<p>3) Wenn das Wasser gekocht hat, warten Sie, bis es auf etwa 80-85 Grad abgek\u00fchlt ist.<\/p>\n<p>4. Die abgemessene Menge des Tees dazugeben und gr\u00fcndlich mischen.<\/p>\n<p>5. 8 Minuten warten, bis der Tee gezogen hat (die Teebl\u00e4tter sollten sich in dieser Zeit auf dem Boden absetzen).<\/p>\n<p>6. Die entstandene Essenz durch ein Sieb abseihen und den Tee in eine Thermoskanne f\u00fcllen.<\/p>\n<p>&nbsp;<\/p>\n<p>Die ideale Portion Tee betr\u00e4gt etwa 50-100ml pro 500ml Bubble Tea Getr\u00e4nk. Der Tee passt perfekt zu unseren Bubble Tea-Sirupen.<\/p>\n<p>&nbsp;<\/p>\n<p>Hergestellt in Taiwan.<\/p>","protected":false},"excerpt":{"rendered":"<p>Die hochwertigste Sorte von gr\u00fcnem Jasmintee ist ideal f\u00fcr die Herstellung von Essenzen f\u00fcr Bubble Tea. Zubereitung der Essenz: 1. 85 g Gr\u00fcntee zubereiten (<\/p>","protected":false},"featured_media":16027,"comment_status":"open","ping_status":"closed","template":"","meta":[],"product_brand":[],"product_cat":[325],"product_tag":[],"class_list":{"0":"post-11029","1":"product","2":"type-product","3":"status-publish","4":"has-post-thumbnail","6":"product_cat-herbaty","8":"first","9":"instock","10":"taxable","11":"shipping-taxable","12":"purchasable","13":"product-type-simple"},"yoast_head":"<!-- This site is optimized with the Yoast SEO Premium plugin v23.7 (Yoast SEO v27.3) - https:\/\/yoast.com\/product\/yoast-seo-premium-wordpress\/ -->\n<title>Herbata do Bubble Tea Ja\u015bminowa Zielona 0.6kg - Kulki Do Bubble Tea<\/title>\n<meta name=\"robots\" content=\"index, follow, max-snippet:-1, max-image-preview:large, max-video-preview:-1\" \/>\n<link rel=\"canonical\" href=\"https:\/\/kulkidobubbletea.pl\/de\/shop\/tees\/gruner-jasmintee-1kg-2\/\" \/>\n<meta property=\"og:locale\" content=\"de_DE\" \/>\n<meta property=\"og:type\" content=\"article\" \/>\n<meta property=\"og:title\" content=\"Herbata do Bubble Tea Ja\u015bminowa Zielona 0.6kg\" \/>\n<meta property=\"og:description\" content=\"Najwy\u017cszej jako\u015bci odmiana zielonej ja\u015bminowej herbaty idealnej do uzyskania esencji do Bubble Tea. Przygotowanie esencji: 1.Przygotuj 85g zielonej herbaty (\" \/>\n<meta property=\"og:url\" content=\"https:\/\/kulkidobubbletea.pl\/de\/shop\/tees\/gruner-jasmintee-1kg-2\/\" \/>\n<meta property=\"og:site_name\" content=\"Kulki Do Bubble Tea\" \/>\n<meta property=\"article:modified_time\" content=\"2026-04-10T08:31:08+00:00\" \/>\n<meta property=\"og:image\" content=\"https:\/\/kulkidobubbletea.pl\/wp-content\/uploads\/2025\/05\/zielona-front.jpg\" \/>\n\t<meta property=\"og:image:width\" content=\"2000\" \/>\n\t<meta property=\"og:image:height\" content=\"2000\" \/>\n\t<meta property=\"og:image:type\" content=\"image\/jpeg\" \/>\n<meta name=\"twitter:card\" content=\"summary_large_image\" \/>\n<meta name=\"twitter:label1\" content=\"Gesch\u00e4tzte Lesezeit\" \/>\n\t<meta name=\"twitter:data1\" content=\"1\u00a0Minute\" \/>\n<script type=\"application\/ld+json\" class=\"yoast-schema-graph\">{\"@context\":\"https:\\\/\\\/schema.org\",\"@graph\":[{\"@type\":\"WebPage\",\"@id\":\"https:\\\/\\\/kulkidobubbletea.pl\\\/sklep\\\/herbaty\\\/herbata-jasminowa-zielona-1kg-2\\\/\",\"url\":\"https:\\\/\\\/kulkidobubbletea.pl\\\/sklep\\\/herbaty\\\/herbata-jasminowa-zielona-1kg-2\\\/\",\"name\":\"Herbata do Bubble Tea Ja\u015bminowa Zielona 0.6kg - Kulki Do Bubble Tea\",\"isPartOf\":{\"@id\":\"https:\\\/\\\/kulkidobubbletea.pl\\\/#website\"},\"primaryImageOfPage\":{\"@id\":\"https:\\\/\\\/kulkidobubbletea.pl\\\/sklep\\\/herbaty\\\/herbata-jasminowa-zielona-1kg-2\\\/#primaryimage\"},\"image\":{\"@id\":\"https:\\\/\\\/kulkidobubbletea.pl\\\/sklep\\\/herbaty\\\/herbata-jasminowa-zielona-1kg-2\\\/#primaryimage\"},\"thumbnailUrl\":\"https:\\\/\\\/kulkidobubbletea.pl\\\/wp-content\\\/uploads\\\/2025\\\/05\\\/zielona-front.jpg\",\"datePublished\":\"2024-05-04T12:18:08+00:00\",\"dateModified\":\"2026-04-10T08:31:08+00:00\",\"breadcrumb\":{\"@id\":\"https:\\\/\\\/kulkidobubbletea.pl\\\/sklep\\\/herbaty\\\/herbata-jasminowa-zielona-1kg-2\\\/#breadcrumb\"},\"inLanguage\":\"de\",\"potentialAction\":[{\"@type\":\"ReadAction\",\"target\":[\"https:\\\/\\\/kulkidobubbletea.pl\\\/sklep\\\/herbaty\\\/herbata-jasminowa-zielona-1kg-2\\\/\"]}]},{\"@type\":\"ImageObject\",\"inLanguage\":\"de\",\"@id\":\"https:\\\/\\\/kulkidobubbletea.pl\\\/sklep\\\/herbaty\\\/herbata-jasminowa-zielona-1kg-2\\\/#primaryimage\",\"url\":\"https:\\\/\\\/kulkidobubbletea.pl\\\/wp-content\\\/uploads\\\/2025\\\/05\\\/zielona-front.jpg\",\"contentUrl\":\"https:\\\/\\\/kulkidobubbletea.pl\\\/wp-content\\\/uploads\\\/2025\\\/05\\\/zielona-front.jpg\",\"width\":2000,\"height\":2000},{\"@type\":\"BreadcrumbList\",\"@id\":\"https:\\\/\\\/kulkidobubbletea.pl\\\/sklep\\\/herbaty\\\/herbata-jasminowa-zielona-1kg-2\\\/#breadcrumb\",\"itemListElement\":[{\"@type\":\"ListItem\",\"position\":1,\"name\":\"Strona g\u0142\u00f3wna\",\"item\":\"https:\\\/\\\/kulkidobubbletea.pl\\\/\"},{\"@type\":\"ListItem\",\"position\":2,\"name\":\"Sklep\",\"item\":\"https:\\\/\\\/kulkidobubbletea.pl\\\/sklep\\\/\"},{\"@type\":\"ListItem\",\"position\":3,\"name\":\"Herbata do Bubble Tea Ja\u015bminowa Zielona 0.6kg\"}]},{\"@type\":\"WebSite\",\"@id\":\"https:\\\/\\\/kulkidobubbletea.pl\\\/#website\",\"url\":\"https:\\\/\\\/kulkidobubbletea.pl\\\/\",\"name\":\"Kulki Do Bubble Tea\",\"description\":\"Sklep online z artyku\u0142ami do bubble tea\",\"publisher\":{\"@id\":\"https:\\\/\\\/kulkidobubbletea.pl\\\/#organization\"},\"potentialAction\":[{\"@type\":\"SearchAction\",\"target\":{\"@type\":\"EntryPoint\",\"urlTemplate\":\"https:\\\/\\\/kulkidobubbletea.pl\\\/?s={search_term_string}\"},\"query-input\":{\"@type\":\"PropertyValueSpecification\",\"valueRequired\":true,\"valueName\":\"search_term_string\"}}],\"inLanguage\":\"de\"},{\"@type\":\"Organization\",\"@id\":\"https:\\\/\\\/kulkidobubbletea.pl\\\/#organization\",\"name\":\"Kulki Do Bubble Tea\",\"url\":\"https:\\\/\\\/kulkidobubbletea.pl\\\/\",\"logo\":{\"@type\":\"ImageObject\",\"inLanguage\":\"de\",\"@id\":\"https:\\\/\\\/kulkidobubbletea.pl\\\/#\\\/schema\\\/logo\\\/image\\\/\",\"url\":\"https:\\\/\\\/kulkidobubbletea.pl\\\/wp-content\\\/uploads\\\/2024\\\/04\\\/Original-on-Transparent.png\",\"contentUrl\":\"https:\\\/\\\/kulkidobubbletea.pl\\\/wp-content\\\/uploads\\\/2024\\\/04\\\/Original-on-Transparent.png\",\"width\":5000,\"height\":1109,\"caption\":\"Kulki Do Bubble Tea\"},\"image\":{\"@id\":\"https:\\\/\\\/kulkidobubbletea.pl\\\/#\\\/schema\\\/logo\\\/image\\\/\"}}]}<\/script>\n<!-- \/ Yoast SEO Premium plugin. -->","yoast_head_json":{"title":"Bubble Tea Jasmin Gr\u00fcn 0.6kg - Bubble Tea Kugeln","robots":{"index":"index","follow":"follow","max-snippet":"max-snippet:-1","max-image-preview":"max-image-preview:large","max-video-preview":"max-video-preview:-1"},"canonical":"https:\/\/kulkidobubbletea.pl\/de\/shop\/tees\/gruner-jasmintee-1kg-2\/","og_locale":"de_DE","og_type":"article","og_title":"Herbata do Bubble Tea Ja\u015bminowa Zielona 0.6kg","og_description":"Najwy\u017cszej jako\u015bci odmiana zielonej ja\u015bminowej herbaty idealnej do uzyskania esencji do Bubble Tea. Przygotowanie esencji: 1.Przygotuj 85g zielonej herbaty (","og_url":"https:\/\/kulkidobubbletea.pl\/de\/shop\/tees\/gruner-jasmintee-1kg-2\/","og_site_name":"Kulki Do Bubble Tea","article_modified_time":"2026-04-10T08:31:08+00:00","og_image":[{"width":2000,"height":2000,"url":"https:\/\/kulkidobubbletea.pl\/wp-content\/uploads\/2025\/05\/zielona-front.jpg","type":"image\/jpeg"}],"twitter_card":"summary_large_image","twitter_misc":{"Gesch\u00e4tzte Lesezeit":"1\u00a0Minute"},"schema":{"@context":"https:\/\/schema.org","@graph":[{"@type":"WebPage","@id":"https:\/\/kulkidobubbletea.pl\/sklep\/herbaty\/herbata-jasminowa-zielona-1kg-2\/","url":"https:\/\/kulkidobubbletea.pl\/sklep\/herbaty\/herbata-jasminowa-zielona-1kg-2\/","name":"Bubble Tea Jasmin Gr\u00fcn 0.6kg - Bubble Tea Kugeln","isPartOf":{"@id":"https:\/\/kulkidobubbletea.pl\/#website"},"primaryImageOfPage":{"@id":"https:\/\/kulkidobubbletea.pl\/sklep\/herbaty\/herbata-jasminowa-zielona-1kg-2\/#primaryimage"},"image":{"@id":"https:\/\/kulkidobubbletea.pl\/sklep\/herbaty\/herbata-jasminowa-zielona-1kg-2\/#primaryimage"},"thumbnailUrl":"https:\/\/kulkidobubbletea.pl\/wp-content\/uploads\/2025\/05\/zielona-front.jpg","datePublished":"2024-05-04T12:18:08+00:00","dateModified":"2026-04-10T08:31:08+00:00","breadcrumb":{"@id":"https:\/\/kulkidobubbletea.pl\/sklep\/herbaty\/herbata-jasminowa-zielona-1kg-2\/#breadcrumb"},"inLanguage":"de","potentialAction":[{"@type":"ReadAction","target":["https:\/\/kulkidobubbletea.pl\/sklep\/herbaty\/herbata-jasminowa-zielona-1kg-2\/"]}]},{"@type":"ImageObject","inLanguage":"de","@id":"https:\/\/kulkidobubbletea.pl\/sklep\/herbaty\/herbata-jasminowa-zielona-1kg-2\/#primaryimage","url":"https:\/\/kulkidobubbletea.pl\/wp-content\/uploads\/2025\/05\/zielona-front.jpg","contentUrl":"https:\/\/kulkidobubbletea.pl\/wp-content\/uploads\/2025\/05\/zielona-front.jpg","width":2000,"height":2000},{"@type":"BreadcrumbList","@id":"https:\/\/kulkidobubbletea.pl\/sklep\/herbaty\/herbata-jasminowa-zielona-1kg-2\/#breadcrumb","itemListElement":[{"@type":"ListItem","position":1,"name":"Strona g\u0142\u00f3wna","item":"https:\/\/kulkidobubbletea.pl\/"},{"@type":"ListItem","position":2,"name":"Sklep","item":"https:\/\/kulkidobubbletea.pl\/sklep\/"},{"@type":"ListItem","position":3,"name":"Herbata do Bubble Tea Ja\u015bminowa Zielona 0.6kg"}]},{"@type":"WebSite","@id":"https:\/\/kulkidobubbletea.pl\/#website","url":"https:\/\/kulkidobubbletea.pl\/","name":"Bubble Tea Kugeln","description":"Online Bubble Tea Shop","publisher":{"@id":"https:\/\/kulkidobubbletea.pl\/#organization"},"potentialAction":[{"@type":"SearchAction","target":{"@type":"EntryPoint","urlTemplate":"https:\/\/kulkidobubbletea.pl\/?s={search_term_string}"},"query-input":{"@type":"PropertyValueSpecification","valueRequired":true,"valueName":"search_term_string"}}],"inLanguage":"de"},{"@type":"Organization","@id":"https:\/\/kulkidobubbletea.pl\/#organization","name":"Bubble Tea Kugeln","url":"https:\/\/kulkidobubbletea.pl\/","logo":{"@type":"ImageObject","inLanguage":"de","@id":"https:\/\/kulkidobubbletea.pl\/#\/schema\/logo\/image\/","url":"https:\/\/kulkidobubbletea.pl\/wp-content\/uploads\/2024\/04\/Original-on-Transparent.png","contentUrl":"https:\/\/kulkidobubbletea.pl\/wp-content\/uploads\/2024\/04\/Original-on-Transparent.png","width":5000,"height":1109,"caption":"Kulki Do Bubble Tea"},"image":{"@id":"https:\/\/kulkidobubbletea.pl\/#\/schema\/logo\/image\/"}}]}},"_links":{"self":[{"href":"https:\/\/kulkidobubbletea.pl\/de\/wp-json\/wp\/v2\/product\/11029","targetHints":{"allow":["GET"]}}],"collection":[{"href":"https:\/\/kulkidobubbletea.pl\/de\/wp-json\/wp\/v2\/product"}],"about":[{"href":"https:\/\/kulkidobubbletea.pl\/de\/wp-json\/wp\/v2\/types\/product"}],"replies":[{"embeddable":true,"href":"https:\/\/kulkidobubbletea.pl\/de\/wp-json\/wp\/v2\/comments?post=11029"}],"version-history":[{"count":6,"href":"https:\/\/kulkidobubbletea.pl\/de\/wp-json\/wp\/v2\/product\/11029\/revisions"}],"predecessor-version":[{"id":16042,"href":"https:\/\/kulkidobubbletea.pl\/de\/wp-json\/wp\/v2\/product\/11029\/revisions\/16042"}],"wp:featuredmedia":[{"embeddable":true,"href":"https:\/\/kulkidobubbletea.pl\/de\/wp-json\/wp\/v2\/media\/16027"}],"wp:attachment":[{"href":"https:\/\/kulkidobubbletea.pl\/de\/wp-json\/wp\/v2\/media?parent=11029"}],"wp:term":[{"taxonomy":"product_brand","embeddable":true,"href":"https:\/\/kulkidobubbletea.pl\/de\/wp-json\/wp\/v2\/product_brand?post=11029"},{"taxonomy":"product_cat","embeddable":true,"href":"https:\/\/kulkidobubbletea.pl\/de\/wp-json\/wp\/v2\/product_cat?post=11029"},{"taxonomy":"product_tag","embeddable":true,"href":"https:\/\/kulkidobubbletea.pl\/de\/wp-json\/wp\/v2\/product_tag?post=11029"}],"curies":[{"name":"wp","href":"https:\/\/api.w.org\/{rel}","templated":true}]}}