{"id":10987,"date":"2023-05-04T12:17:57","date_gmt":"2023-05-04T12:17:57","guid":{"rendered":"https:\/\/kulkidobubbletea.pl\/produkt\/zelki-nata-de-coco-borowka-38kg-2\/"},"modified":"2026-04-14T12:15:13","modified_gmt":"2026-04-14T12:15:13","slug":"zelki-nata-de-coco-borovka","status":"publish","type":"product","link":"https:\/\/kulkidobubbletea.pl\/de\/shop\/nata-de-coco-zelki\/zelki-nata-de-coco-borovka\/","title":{"rendered":"Bubble Tea Jelly | Nata De Coco | Heidelbeere 3,8 kg"},"content":{"rendered":"<p>Original taiwanesische Nata De Coco-Gelees mit Heidelbeergeschmack.<\/p>\n<p>&nbsp;<\/p>\n<p>Verpackung 3,8 kg.<\/p>\n<p>&nbsp;<\/p>\n<p>Hergestellt in Taiwan.<\/p>\n<p>&nbsp;<\/p>","protected":false},"excerpt":{"rendered":"<p>Oryginalne tajwa\u0144skie \u017celki Nata De Coco o smaku bor\u00f3wki. &nbsp; Opakowanie 3,8kg. &nbsp; Made in Taiwan. &nbsp;<\/p>","protected":false},"featured_media":12372,"comment_status":"open","ping_status":"closed","template":"","meta":[],"product_brand":[],"product_cat":[314],"product_tag":[],"class_list":{"0":"post-10987","1":"product","2":"type-product","3":"status-publish","4":"has-post-thumbnail","6":"product_cat-zelki-nata-de-coco","8":"first","9":"instock","10":"taxable","11":"shipping-taxable","12":"purchasable","13":"product-type-simple"},"yoast_head":"<!-- This site is optimized with the Yoast SEO Premium plugin v23.7 (Yoast SEO v27.3) - https:\/\/yoast.com\/product\/yoast-seo-premium-wordpress\/ -->\n<title>\u017belki do Bubble Tea | Nata De Coco | Bor\u00f3wka 3.8 kg - Kulki Do Bubble Tea<\/title>\n<meta name=\"robots\" content=\"index, follow, max-snippet:-1, max-image-preview:large, max-video-preview:-1\" \/>\n<link rel=\"canonical\" href=\"https:\/\/kulkidobubbletea.pl\/de\/shop\/nata-de-coco-zelki\/zelki-nata-de-coco-borovka\/\" \/>\n<meta property=\"og:locale\" content=\"de_DE\" \/>\n<meta property=\"og:type\" content=\"article\" \/>\n<meta property=\"og:title\" content=\"\u017belki do Bubble Tea | Nata De Coco | Bor\u00f3wka 3.8 kg\" \/>\n<meta property=\"og:description\" content=\"Oryginalne tajwa\u0144skie \u017celki Nata De Coco o smaku bor\u00f3wki. &nbsp; Opakowanie 3,8kg. &nbsp; Made in Taiwan. &nbsp;\" \/>\n<meta property=\"og:url\" content=\"https:\/\/kulkidobubbletea.pl\/de\/shop\/nata-de-coco-zelki\/zelki-nata-de-coco-borovka\/\" \/>\n<meta property=\"og:site_name\" content=\"Kulki Do Bubble Tea\" \/>\n<meta property=\"article:modified_time\" content=\"2026-04-14T12:15:13+00:00\" \/>\n<meta property=\"og:image\" content=\"https:\/\/kulkidobubbletea.pl\/wp-content\/uploads\/2024\/05\/borowka-1.png\" \/>\n\t<meta property=\"og:image:width\" content=\"2000\" \/>\n\t<meta property=\"og:image:height\" content=\"2000\" \/>\n\t<meta property=\"og:image:type\" content=\"image\/png\" \/>\n<meta name=\"twitter:card\" content=\"summary_large_image\" \/>\n<meta name=\"twitter:label1\" content=\"Gesch\u00e4tzte Lesezeit\" \/>\n\t<meta name=\"twitter:data1\" content=\"1\u00a0Minute\" \/>\n<script type=\"application\/ld+json\" class=\"yoast-schema-graph\">{\"@context\":\"https:\\\/\\\/schema.org\",\"@graph\":[{\"@type\":\"WebPage\",\"@id\":\"https:\\\/\\\/kulkidobubbletea.pl\\\/sklep\\\/zelki-nata-de-coco\\\/zelki-nata-de-coco-borowka\\\/\",\"url\":\"https:\\\/\\\/kulkidobubbletea.pl\\\/sklep\\\/zelki-nata-de-coco\\\/zelki-nata-de-coco-borowka\\\/\",\"name\":\"\u017belki do Bubble Tea | Nata De Coco | Bor\u00f3wka 3.8 kg - Kulki Do Bubble Tea\",\"isPartOf\":{\"@id\":\"https:\\\/\\\/kulkidobubbletea.pl\\\/#website\"},\"primaryImageOfPage\":{\"@id\":\"https:\\\/\\\/kulkidobubbletea.pl\\\/sklep\\\/zelki-nata-de-coco\\\/zelki-nata-de-coco-borowka\\\/#primaryimage\"},\"image\":{\"@id\":\"https:\\\/\\\/kulkidobubbletea.pl\\\/sklep\\\/zelki-nata-de-coco\\\/zelki-nata-de-coco-borowka\\\/#primaryimage\"},\"thumbnailUrl\":\"https:\\\/\\\/kulkidobubbletea.pl\\\/wp-content\\\/uploads\\\/2024\\\/05\\\/borowka-1.png\",\"datePublished\":\"2023-05-04T12:17:57+00:00\",\"dateModified\":\"2026-04-14T12:15:13+00:00\",\"breadcrumb\":{\"@id\":\"https:\\\/\\\/kulkidobubbletea.pl\\\/sklep\\\/zelki-nata-de-coco\\\/zelki-nata-de-coco-borowka\\\/#breadcrumb\"},\"inLanguage\":\"de\",\"potentialAction\":[{\"@type\":\"ReadAction\",\"target\":[\"https:\\\/\\\/kulkidobubbletea.pl\\\/sklep\\\/zelki-nata-de-coco\\\/zelki-nata-de-coco-borowka\\\/\"]}]},{\"@type\":\"ImageObject\",\"inLanguage\":\"de\",\"@id\":\"https:\\\/\\\/kulkidobubbletea.pl\\\/sklep\\\/zelki-nata-de-coco\\\/zelki-nata-de-coco-borowka\\\/#primaryimage\",\"url\":\"https:\\\/\\\/kulkidobubbletea.pl\\\/wp-content\\\/uploads\\\/2024\\\/05\\\/borowka-1.png\",\"contentUrl\":\"https:\\\/\\\/kulkidobubbletea.pl\\\/wp-content\\\/uploads\\\/2024\\\/05\\\/borowka-1.png\",\"width\":2000,\"height\":2000},{\"@type\":\"BreadcrumbList\",\"@id\":\"https:\\\/\\\/kulkidobubbletea.pl\\\/sklep\\\/zelki-nata-de-coco\\\/zelki-nata-de-coco-borowka\\\/#breadcrumb\",\"itemListElement\":[{\"@type\":\"ListItem\",\"position\":1,\"name\":\"Strona g\u0142\u00f3wna\",\"item\":\"https:\\\/\\\/kulkidobubbletea.pl\\\/\"},{\"@type\":\"ListItem\",\"position\":2,\"name\":\"Sklep\",\"item\":\"https:\\\/\\\/kulkidobubbletea.pl\\\/sklep\\\/\"},{\"@type\":\"ListItem\",\"position\":3,\"name\":\"\u017belki do Bubble Tea | Nata De Coco | Bor\u00f3wka 3.8 kg\"}]},{\"@type\":\"WebSite\",\"@id\":\"https:\\\/\\\/kulkidobubbletea.pl\\\/#website\",\"url\":\"https:\\\/\\\/kulkidobubbletea.pl\\\/\",\"name\":\"Kulki Do Bubble Tea\",\"description\":\"Sklep online z artyku\u0142ami do bubble tea\",\"publisher\":{\"@id\":\"https:\\\/\\\/kulkidobubbletea.pl\\\/#organization\"},\"potentialAction\":[{\"@type\":\"SearchAction\",\"target\":{\"@type\":\"EntryPoint\",\"urlTemplate\":\"https:\\\/\\\/kulkidobubbletea.pl\\\/?s={search_term_string}\"},\"query-input\":{\"@type\":\"PropertyValueSpecification\",\"valueRequired\":true,\"valueName\":\"search_term_string\"}}],\"inLanguage\":\"de\"},{\"@type\":\"Organization\",\"@id\":\"https:\\\/\\\/kulkidobubbletea.pl\\\/#organization\",\"name\":\"Kulki Do Bubble Tea\",\"url\":\"https:\\\/\\\/kulkidobubbletea.pl\\\/\",\"logo\":{\"@type\":\"ImageObject\",\"inLanguage\":\"de\",\"@id\":\"https:\\\/\\\/kulkidobubbletea.pl\\\/#\\\/schema\\\/logo\\\/image\\\/\",\"url\":\"https:\\\/\\\/kulkidobubbletea.pl\\\/wp-content\\\/uploads\\\/2024\\\/04\\\/Original-on-Transparent.png\",\"contentUrl\":\"https:\\\/\\\/kulkidobubbletea.pl\\\/wp-content\\\/uploads\\\/2024\\\/04\\\/Original-on-Transparent.png\",\"width\":5000,\"height\":1109,\"caption\":\"Kulki Do Bubble Tea\"},\"image\":{\"@id\":\"https:\\\/\\\/kulkidobubbletea.pl\\\/#\\\/schema\\\/logo\\\/image\\\/\"}}]}<\/script>\n<!-- \/ Yoast SEO Premium plugin. -->","yoast_head_json":{"title":"Bubble Tea Jelly | Nata De Coco | Blueberry 3,8 kg - Bubble Tea Balls","robots":{"index":"index","follow":"follow","max-snippet":"max-snippet:-1","max-image-preview":"max-image-preview:large","max-video-preview":"max-video-preview:-1"},"canonical":"https:\/\/kulkidobubbletea.pl\/de\/shop\/nata-de-coco-zelki\/zelki-nata-de-coco-borovka\/","og_locale":"de_DE","og_type":"article","og_title":"\u017belki do Bubble Tea | Nata De Coco | Bor\u00f3wka 3.8 kg","og_description":"Oryginalne tajwa\u0144skie \u017celki Nata De Coco o smaku bor\u00f3wki. &nbsp; Opakowanie 3,8kg. &nbsp; Made in Taiwan. &nbsp;","og_url":"https:\/\/kulkidobubbletea.pl\/de\/shop\/nata-de-coco-zelki\/zelki-nata-de-coco-borovka\/","og_site_name":"Kulki Do Bubble Tea","article_modified_time":"2026-04-14T12:15:13+00:00","og_image":[{"width":2000,"height":2000,"url":"https:\/\/kulkidobubbletea.pl\/wp-content\/uploads\/2024\/05\/borowka-1.png","type":"image\/png"}],"twitter_card":"summary_large_image","twitter_misc":{"Gesch\u00e4tzte Lesezeit":"1\u00a0Minute"},"schema":{"@context":"https:\/\/schema.org","@graph":[{"@type":"WebPage","@id":"https:\/\/kulkidobubbletea.pl\/sklep\/zelki-nata-de-coco\/zelki-nata-de-coco-borowka\/","url":"https:\/\/kulkidobubbletea.pl\/sklep\/zelki-nata-de-coco\/zelki-nata-de-coco-borowka\/","name":"Bubble Tea Jelly | Nata De Coco | Blueberry 3,8 kg - Bubble Tea Balls","isPartOf":{"@id":"https:\/\/kulkidobubbletea.pl\/#website"},"primaryImageOfPage":{"@id":"https:\/\/kulkidobubbletea.pl\/sklep\/zelki-nata-de-coco\/zelki-nata-de-coco-borowka\/#primaryimage"},"image":{"@id":"https:\/\/kulkidobubbletea.pl\/sklep\/zelki-nata-de-coco\/zelki-nata-de-coco-borowka\/#primaryimage"},"thumbnailUrl":"https:\/\/kulkidobubbletea.pl\/wp-content\/uploads\/2024\/05\/borowka-1.png","datePublished":"2023-05-04T12:17:57+00:00","dateModified":"2026-04-14T12:15:13+00:00","breadcrumb":{"@id":"https:\/\/kulkidobubbletea.pl\/sklep\/zelki-nata-de-coco\/zelki-nata-de-coco-borowka\/#breadcrumb"},"inLanguage":"de","potentialAction":[{"@type":"ReadAction","target":["https:\/\/kulkidobubbletea.pl\/sklep\/zelki-nata-de-coco\/zelki-nata-de-coco-borowka\/"]}]},{"@type":"ImageObject","inLanguage":"de","@id":"https:\/\/kulkidobubbletea.pl\/sklep\/zelki-nata-de-coco\/zelki-nata-de-coco-borowka\/#primaryimage","url":"https:\/\/kulkidobubbletea.pl\/wp-content\/uploads\/2024\/05\/borowka-1.png","contentUrl":"https:\/\/kulkidobubbletea.pl\/wp-content\/uploads\/2024\/05\/borowka-1.png","width":2000,"height":2000},{"@type":"BreadcrumbList","@id":"https:\/\/kulkidobubbletea.pl\/sklep\/zelki-nata-de-coco\/zelki-nata-de-coco-borowka\/#breadcrumb","itemListElement":[{"@type":"ListItem","position":1,"name":"Strona g\u0142\u00f3wna","item":"https:\/\/kulkidobubbletea.pl\/"},{"@type":"ListItem","position":2,"name":"Sklep","item":"https:\/\/kulkidobubbletea.pl\/sklep\/"},{"@type":"ListItem","position":3,"name":"\u017belki do Bubble Tea | Nata De Coco | Bor\u00f3wka 3.8 kg"}]},{"@type":"WebSite","@id":"https:\/\/kulkidobubbletea.pl\/#website","url":"https:\/\/kulkidobubbletea.pl\/","name":"Bubble Tea Kugeln","description":"Online Bubble Tea Shop","publisher":{"@id":"https:\/\/kulkidobubbletea.pl\/#organization"},"potentialAction":[{"@type":"SearchAction","target":{"@type":"EntryPoint","urlTemplate":"https:\/\/kulkidobubbletea.pl\/?s={search_term_string}"},"query-input":{"@type":"PropertyValueSpecification","valueRequired":true,"valueName":"search_term_string"}}],"inLanguage":"de"},{"@type":"Organization","@id":"https:\/\/kulkidobubbletea.pl\/#organization","name":"Bubble Tea Kugeln","url":"https:\/\/kulkidobubbletea.pl\/","logo":{"@type":"ImageObject","inLanguage":"de","@id":"https:\/\/kulkidobubbletea.pl\/#\/schema\/logo\/image\/","url":"https:\/\/kulkidobubbletea.pl\/wp-content\/uploads\/2024\/04\/Original-on-Transparent.png","contentUrl":"https:\/\/kulkidobubbletea.pl\/wp-content\/uploads\/2024\/04\/Original-on-Transparent.png","width":5000,"height":1109,"caption":"Kulki Do Bubble Tea"},"image":{"@id":"https:\/\/kulkidobubbletea.pl\/#\/schema\/logo\/image\/"}}]}},"_links":{"self":[{"href":"https:\/\/kulkidobubbletea.pl\/de\/wp-json\/wp\/v2\/product\/10987","targetHints":{"allow":["GET"]}}],"collection":[{"href":"https:\/\/kulkidobubbletea.pl\/de\/wp-json\/wp\/v2\/product"}],"about":[{"href":"https:\/\/kulkidobubbletea.pl\/de\/wp-json\/wp\/v2\/types\/product"}],"replies":[{"embeddable":true,"href":"https:\/\/kulkidobubbletea.pl\/de\/wp-json\/wp\/v2\/comments?post=10987"}],"version-history":[{"count":3,"href":"https:\/\/kulkidobubbletea.pl\/de\/wp-json\/wp\/v2\/product\/10987\/revisions"}],"predecessor-version":[{"id":12402,"href":"https:\/\/kulkidobubbletea.pl\/de\/wp-json\/wp\/v2\/product\/10987\/revisions\/12402"}],"wp:featuredmedia":[{"embeddable":true,"href":"https:\/\/kulkidobubbletea.pl\/de\/wp-json\/wp\/v2\/media\/12372"}],"wp:attachment":[{"href":"https:\/\/kulkidobubbletea.pl\/de\/wp-json\/wp\/v2\/media?parent=10987"}],"wp:term":[{"taxonomy":"product_brand","embeddable":true,"href":"https:\/\/kulkidobubbletea.pl\/de\/wp-json\/wp\/v2\/product_brand?post=10987"},{"taxonomy":"product_cat","embeddable":true,"href":"https:\/\/kulkidobubbletea.pl\/de\/wp-json\/wp\/v2\/product_cat?post=10987"},{"taxonomy":"product_tag","embeddable":true,"href":"https:\/\/kulkidobubbletea.pl\/de\/wp-json\/wp\/v2\/product_tag?post=10987"}],"curies":[{"name":"wp","href":"https:\/\/api.w.org\/{rel}","templated":true}]}}