{"id":16313,"date":"2025-07-16T15:26:02","date_gmt":"2025-07-16T15:26:02","guid":{"rendered":"https:\/\/kulkidobubbletea.pl\/?post_type=product&#038;p=16313"},"modified":"2026-03-05T06:25:54","modified_gmt":"2026-03-05T06:25:54","slug":"pumpicka-pro-evropske-sirupy-boboq-10-ml-fialova-lahev-19l","status":"publish","type":"product","link":"https:\/\/kulkidobubbletea.pl\/cs\/obchod\/prislusenstvi\/pumpicka-pro-evropske-sirupy-boboq-10-ml-fialova-lahev-19l\/","title":{"rendered":"Boboq 10ml evropsk\u00e1 sirupov\u00e1 pumpa - fialov\u00e1 1,9l l\u00e1hev"},"content":{"rendered":"<p>Profesion\u00e1ln\u00ed pumpa na bublinkov\u00fd \u010daj \u010derp\u00e1 10 ml sirupu - zaji\u0161\u0165uje opakovatelnou jednor\u00e1zovou d\u00e1vku.<\/p>\n<p>\u010cerpadlo si porad\u00ed s hust\u00fdm sirupem a \u010d\u00e1ste\u010dkami ovoce obsa\u017een\u00fdmi v n\u011bkter\u00fdch sirupech.<\/p>\n<p>&nbsp;<\/p>\n<p>Rychl\u00e9 a pohodln\u00e9 ovl\u00e1d\u00e1n\u00ed.<\/p>\n<p>&nbsp;<\/p>\n<p>Kompatibiln\u00ed s pumpi\u010dkou na sirupy Boboq ve fialov\u00e9 l\u00e1hvi o objemu 1,9 l (2,5 kg).<\/p>\n<p>&nbsp;<\/p>\n<p>Jedn\u00e1 se o osv\u011bd\u010den\u00fd produkt, kter\u00fd se neucp\u00e1v\u00e1 kousky ovoce, je\u017e se vyskytuj\u00ed v sirupech.<\/p>","protected":false},"excerpt":{"rendered":"<p>Profesjonalna pompka do bubble tea pompuj\u0105c\u0105 10 ml syropu &#8211; zapewniaj\u0105ca powtarzalno\u015b\u0107 jednorazowej dozy. Pompka radzi sobie z g\u0119stym syropem<\/p>","protected":false},"featured_media":11343,"comment_status":"open","ping_status":"closed","template":"","meta":[],"product_brand":[],"product_cat":[321],"product_tag":[],"class_list":{"0":"post-16313","1":"product","2":"type-product","3":"status-publish","4":"has-post-thumbnail","6":"product_cat-akcesoria","8":"first","9":"instock","10":"taxable","11":"shipping-taxable","12":"purchasable","13":"product-type-simple"},"yoast_head":"<!-- This site is optimized with the Yoast SEO Premium plugin v23.7 (Yoast SEO v27.3) - https:\/\/yoast.com\/product\/yoast-seo-premium-wordpress\/ -->\n<title>Pompka do europejskich syrop\u00f3w Boboq 10 ml - Fioletowa butelka 1,9L - Kulki Do Bubble Tea<\/title>\n<meta name=\"robots\" content=\"index, follow, max-snippet:-1, max-image-preview:large, max-video-preview:-1\" \/>\n<link rel=\"canonical\" href=\"https:\/\/kulkidobubbletea.pl\/cs\/obchod\/prislusenstvi\/pumpicka-pro-evropske-sirupy-boboq-10-ml-fialova-lahev-19l\/\" \/>\n<meta property=\"og:locale\" content=\"cs_CZ\" \/>\n<meta property=\"og:type\" content=\"article\" \/>\n<meta property=\"og:title\" content=\"Pompka do europejskich syrop\u00f3w Boboq 10 ml - Fioletowa butelka 1,9L\" \/>\n<meta property=\"og:description\" content=\"Profesjonalna pompka do bubble tea pompuj\u0105c\u0105 10 ml syropu &#8211; zapewniaj\u0105ca powtarzalno\u015b\u0107 jednorazowej dozy. Pompka radzi sobie z g\u0119stym syropem\" \/>\n<meta property=\"og:url\" content=\"https:\/\/kulkidobubbletea.pl\/cs\/obchod\/prislusenstvi\/pumpicka-pro-evropske-sirupy-boboq-10-ml-fialova-lahev-19l\/\" \/>\n<meta property=\"og:site_name\" content=\"Kulki Do Bubble Tea\" \/>\n<meta property=\"article:modified_time\" content=\"2026-03-05T06:25:54+00:00\" \/>\n<meta property=\"og:image\" content=\"https:\/\/kulkidobubbletea.pl\/wp-content\/uploads\/2024\/05\/POMPKA-30-ML-SZEROKI-GWINT.png\" \/>\n\t<meta property=\"og:image:width\" content=\"1000\" \/>\n\t<meta property=\"og:image:height\" content=\"1000\" \/>\n\t<meta property=\"og:image:type\" content=\"image\/png\" \/>\n<meta name=\"twitter:card\" content=\"summary_large_image\" \/>\n<meta name=\"twitter:label1\" content=\"Odhadovan\u00e1 doba \u010dten\u00ed\" \/>\n\t<meta name=\"twitter:data1\" content=\"1 minuta\" \/>\n<script type=\"application\/ld+json\" class=\"yoast-schema-graph\">{\"@context\":\"https:\\\/\\\/schema.org\",\"@graph\":[{\"@type\":\"WebPage\",\"@id\":\"https:\\\/\\\/kulkidobubbletea.pl\\\/sklep\\\/akcesoria\\\/pompka-do-europejskich-syropow-boboq-10-ml-fioletowa-butelka-19l\\\/\",\"url\":\"https:\\\/\\\/kulkidobubbletea.pl\\\/sklep\\\/akcesoria\\\/pompka-do-europejskich-syropow-boboq-10-ml-fioletowa-butelka-19l\\\/\",\"name\":\"Pompka do europejskich syrop\u00f3w Boboq 10 ml - Fioletowa butelka 1,9L - Kulki Do Bubble Tea\",\"isPartOf\":{\"@id\":\"https:\\\/\\\/kulkidobubbletea.pl\\\/#website\"},\"primaryImageOfPage\":{\"@id\":\"https:\\\/\\\/kulkidobubbletea.pl\\\/sklep\\\/akcesoria\\\/pompka-do-europejskich-syropow-boboq-10-ml-fioletowa-butelka-19l\\\/#primaryimage\"},\"image\":{\"@id\":\"https:\\\/\\\/kulkidobubbletea.pl\\\/sklep\\\/akcesoria\\\/pompka-do-europejskich-syropow-boboq-10-ml-fioletowa-butelka-19l\\\/#primaryimage\"},\"thumbnailUrl\":\"https:\\\/\\\/kulkidobubbletea.pl\\\/wp-content\\\/uploads\\\/2024\\\/05\\\/POMPKA-30-ML-SZEROKI-GWINT.png\",\"datePublished\":\"2025-07-16T15:26:02+00:00\",\"dateModified\":\"2026-03-05T06:25:54+00:00\",\"breadcrumb\":{\"@id\":\"https:\\\/\\\/kulkidobubbletea.pl\\\/sklep\\\/akcesoria\\\/pompka-do-europejskich-syropow-boboq-10-ml-fioletowa-butelka-19l\\\/#breadcrumb\"},\"inLanguage\":\"cs\",\"potentialAction\":[{\"@type\":\"ReadAction\",\"target\":[\"https:\\\/\\\/kulkidobubbletea.pl\\\/sklep\\\/akcesoria\\\/pompka-do-europejskich-syropow-boboq-10-ml-fioletowa-butelka-19l\\\/\"]}]},{\"@type\":\"ImageObject\",\"inLanguage\":\"cs\",\"@id\":\"https:\\\/\\\/kulkidobubbletea.pl\\\/sklep\\\/akcesoria\\\/pompka-do-europejskich-syropow-boboq-10-ml-fioletowa-butelka-19l\\\/#primaryimage\",\"url\":\"https:\\\/\\\/kulkidobubbletea.pl\\\/wp-content\\\/uploads\\\/2024\\\/05\\\/POMPKA-30-ML-SZEROKI-GWINT.png\",\"contentUrl\":\"https:\\\/\\\/kulkidobubbletea.pl\\\/wp-content\\\/uploads\\\/2024\\\/05\\\/POMPKA-30-ML-SZEROKI-GWINT.png\",\"width\":1000,\"height\":1000},{\"@type\":\"BreadcrumbList\",\"@id\":\"https:\\\/\\\/kulkidobubbletea.pl\\\/sklep\\\/akcesoria\\\/pompka-do-europejskich-syropow-boboq-10-ml-fioletowa-butelka-19l\\\/#breadcrumb\",\"itemListElement\":[{\"@type\":\"ListItem\",\"position\":1,\"name\":\"Strona g\u0142\u00f3wna\",\"item\":\"https:\\\/\\\/kulkidobubbletea.pl\\\/\"},{\"@type\":\"ListItem\",\"position\":2,\"name\":\"Sklep\",\"item\":\"https:\\\/\\\/kulkidobubbletea.pl\\\/sklep\\\/\"},{\"@type\":\"ListItem\",\"position\":3,\"name\":\"Pompka do europejskich syrop\u00f3w Boboq 10 ml &#8211; Fioletowa butelka 1,9L\"}]},{\"@type\":\"WebSite\",\"@id\":\"https:\\\/\\\/kulkidobubbletea.pl\\\/#website\",\"url\":\"https:\\\/\\\/kulkidobubbletea.pl\\\/\",\"name\":\"Kulki Do Bubble Tea\",\"description\":\"Sklep online z artyku\u0142ami do bubble tea\",\"publisher\":{\"@id\":\"https:\\\/\\\/kulkidobubbletea.pl\\\/#organization\"},\"potentialAction\":[{\"@type\":\"SearchAction\",\"target\":{\"@type\":\"EntryPoint\",\"urlTemplate\":\"https:\\\/\\\/kulkidobubbletea.pl\\\/?s={search_term_string}\"},\"query-input\":{\"@type\":\"PropertyValueSpecification\",\"valueRequired\":true,\"valueName\":\"search_term_string\"}}],\"inLanguage\":\"cs\"},{\"@type\":\"Organization\",\"@id\":\"https:\\\/\\\/kulkidobubbletea.pl\\\/#organization\",\"name\":\"Kulki Do Bubble Tea\",\"url\":\"https:\\\/\\\/kulkidobubbletea.pl\\\/\",\"logo\":{\"@type\":\"ImageObject\",\"inLanguage\":\"cs\",\"@id\":\"https:\\\/\\\/kulkidobubbletea.pl\\\/#\\\/schema\\\/logo\\\/image\\\/\",\"url\":\"https:\\\/\\\/kulkidobubbletea.pl\\\/wp-content\\\/uploads\\\/2024\\\/04\\\/Original-on-Transparent.png\",\"contentUrl\":\"https:\\\/\\\/kulkidobubbletea.pl\\\/wp-content\\\/uploads\\\/2024\\\/04\\\/Original-on-Transparent.png\",\"width\":5000,\"height\":1109,\"caption\":\"Kulki Do Bubble Tea\"},\"image\":{\"@id\":\"https:\\\/\\\/kulkidobubbletea.pl\\\/#\\\/schema\\\/logo\\\/image\\\/\"}}]}<\/script>\n<!-- \/ Yoast SEO Premium plugin. -->","yoast_head_json":{"title":"Boboq 10ml evropsk\u00e1 sirupov\u00e1 pumpa - Fialov\u00e1 l\u00e1hev o objemu 1,9 l - Bubble Tea kuli\u010dky","robots":{"index":"index","follow":"follow","max-snippet":"max-snippet:-1","max-image-preview":"max-image-preview:large","max-video-preview":"max-video-preview:-1"},"canonical":"https:\/\/kulkidobubbletea.pl\/cs\/obchod\/prislusenstvi\/pumpicka-pro-evropske-sirupy-boboq-10-ml-fialova-lahev-19l\/","og_locale":"cs_CZ","og_type":"article","og_title":"Pompka do europejskich syrop\u00f3w Boboq 10 ml - Fioletowa butelka 1,9L","og_description":"Profesjonalna pompka do bubble tea pompuj\u0105c\u0105 10 ml syropu &#8211; zapewniaj\u0105ca powtarzalno\u015b\u0107 jednorazowej dozy. Pompka radzi sobie z g\u0119stym syropem","og_url":"https:\/\/kulkidobubbletea.pl\/cs\/obchod\/prislusenstvi\/pumpicka-pro-evropske-sirupy-boboq-10-ml-fialova-lahev-19l\/","og_site_name":"Kulki Do Bubble Tea","article_modified_time":"2026-03-05T06:25:54+00:00","og_image":[{"width":1000,"height":1000,"url":"https:\/\/kulkidobubbletea.pl\/wp-content\/uploads\/2024\/05\/POMPKA-30-ML-SZEROKI-GWINT.png","type":"image\/png"}],"twitter_card":"summary_large_image","twitter_misc":{"Odhadovan\u00e1 doba \u010dten\u00ed":"1 minuta"},"schema":{"@context":"https:\/\/schema.org","@graph":[{"@type":"WebPage","@id":"https:\/\/kulkidobubbletea.pl\/sklep\/akcesoria\/pompka-do-europejskich-syropow-boboq-10-ml-fioletowa-butelka-19l\/","url":"https:\/\/kulkidobubbletea.pl\/sklep\/akcesoria\/pompka-do-europejskich-syropow-boboq-10-ml-fioletowa-butelka-19l\/","name":"Boboq 10ml evropsk\u00e1 sirupov\u00e1 pumpa - Fialov\u00e1 l\u00e1hev o objemu 1,9 l - Bubble Tea kuli\u010dky","isPartOf":{"@id":"https:\/\/kulkidobubbletea.pl\/#website"},"primaryImageOfPage":{"@id":"https:\/\/kulkidobubbletea.pl\/sklep\/akcesoria\/pompka-do-europejskich-syropow-boboq-10-ml-fioletowa-butelka-19l\/#primaryimage"},"image":{"@id":"https:\/\/kulkidobubbletea.pl\/sklep\/akcesoria\/pompka-do-europejskich-syropow-boboq-10-ml-fioletowa-butelka-19l\/#primaryimage"},"thumbnailUrl":"https:\/\/kulkidobubbletea.pl\/wp-content\/uploads\/2024\/05\/POMPKA-30-ML-SZEROKI-GWINT.png","datePublished":"2025-07-16T15:26:02+00:00","dateModified":"2026-03-05T06:25:54+00:00","breadcrumb":{"@id":"https:\/\/kulkidobubbletea.pl\/sklep\/akcesoria\/pompka-do-europejskich-syropow-boboq-10-ml-fioletowa-butelka-19l\/#breadcrumb"},"inLanguage":"cs","potentialAction":[{"@type":"ReadAction","target":["https:\/\/kulkidobubbletea.pl\/sklep\/akcesoria\/pompka-do-europejskich-syropow-boboq-10-ml-fioletowa-butelka-19l\/"]}]},{"@type":"ImageObject","inLanguage":"cs","@id":"https:\/\/kulkidobubbletea.pl\/sklep\/akcesoria\/pompka-do-europejskich-syropow-boboq-10-ml-fioletowa-butelka-19l\/#primaryimage","url":"https:\/\/kulkidobubbletea.pl\/wp-content\/uploads\/2024\/05\/POMPKA-30-ML-SZEROKI-GWINT.png","contentUrl":"https:\/\/kulkidobubbletea.pl\/wp-content\/uploads\/2024\/05\/POMPKA-30-ML-SZEROKI-GWINT.png","width":1000,"height":1000},{"@type":"BreadcrumbList","@id":"https:\/\/kulkidobubbletea.pl\/sklep\/akcesoria\/pompka-do-europejskich-syropow-boboq-10-ml-fioletowa-butelka-19l\/#breadcrumb","itemListElement":[{"@type":"ListItem","position":1,"name":"Strona g\u0142\u00f3wna","item":"https:\/\/kulkidobubbletea.pl\/"},{"@type":"ListItem","position":2,"name":"Sklep","item":"https:\/\/kulkidobubbletea.pl\/sklep\/"},{"@type":"ListItem","position":3,"name":"Pompka do europejskich syrop\u00f3w Boboq 10 ml &#8211; Fioletowa butelka 1,9L"}]},{"@type":"WebSite","@id":"https:\/\/kulkidobubbletea.pl\/#website","url":"https:\/\/kulkidobubbletea.pl\/","name":"Bublinkov\u00e9 \u010dajov\u00e9 kuli\u010dky","description":"Online obchod s bublinkov\u00fdm \u010dajem","publisher":{"@id":"https:\/\/kulkidobubbletea.pl\/#organization"},"potentialAction":[{"@type":"SearchAction","target":{"@type":"EntryPoint","urlTemplate":"https:\/\/kulkidobubbletea.pl\/?s={search_term_string}"},"query-input":{"@type":"PropertyValueSpecification","valueRequired":true,"valueName":"search_term_string"}}],"inLanguage":"cs"},{"@type":"Organization","@id":"https:\/\/kulkidobubbletea.pl\/#organization","name":"Bublinkov\u00e9 \u010dajov\u00e9 kuli\u010dky","url":"https:\/\/kulkidobubbletea.pl\/","logo":{"@type":"ImageObject","inLanguage":"cs","@id":"https:\/\/kulkidobubbletea.pl\/#\/schema\/logo\/image\/","url":"https:\/\/kulkidobubbletea.pl\/wp-content\/uploads\/2024\/04\/Original-on-Transparent.png","contentUrl":"https:\/\/kulkidobubbletea.pl\/wp-content\/uploads\/2024\/04\/Original-on-Transparent.png","width":5000,"height":1109,"caption":"Kulki Do Bubble Tea"},"image":{"@id":"https:\/\/kulkidobubbletea.pl\/#\/schema\/logo\/image\/"}}]}},"_links":{"self":[{"href":"https:\/\/kulkidobubbletea.pl\/cs\/wp-json\/wp\/v2\/product\/16313","targetHints":{"allow":["GET"]}}],"collection":[{"href":"https:\/\/kulkidobubbletea.pl\/cs\/wp-json\/wp\/v2\/product"}],"about":[{"href":"https:\/\/kulkidobubbletea.pl\/cs\/wp-json\/wp\/v2\/types\/product"}],"replies":[{"embeddable":true,"href":"https:\/\/kulkidobubbletea.pl\/cs\/wp-json\/wp\/v2\/comments?post=16313"}],"version-history":[{"count":1,"href":"https:\/\/kulkidobubbletea.pl\/cs\/wp-json\/wp\/v2\/product\/16313\/revisions"}],"predecessor-version":[{"id":16314,"href":"https:\/\/kulkidobubbletea.pl\/cs\/wp-json\/wp\/v2\/product\/16313\/revisions\/16314"}],"wp:featuredmedia":[{"embeddable":true,"href":"https:\/\/kulkidobubbletea.pl\/cs\/wp-json\/wp\/v2\/media\/11343"}],"wp:attachment":[{"href":"https:\/\/kulkidobubbletea.pl\/cs\/wp-json\/wp\/v2\/media?parent=16313"}],"wp:term":[{"taxonomy":"product_brand","embeddable":true,"href":"https:\/\/kulkidobubbletea.pl\/cs\/wp-json\/wp\/v2\/product_brand?post=16313"},{"taxonomy":"product_cat","embeddable":true,"href":"https:\/\/kulkidobubbletea.pl\/cs\/wp-json\/wp\/v2\/product_cat?post=16313"},{"taxonomy":"product_tag","embeddable":true,"href":"https:\/\/kulkidobubbletea.pl\/cs\/wp-json\/wp\/v2\/product_tag?post=16313"}],"curies":[{"name":"wp","href":"https:\/\/api.w.org\/{rel}","templated":true}]}}