{"id":11042,"date":"2024-05-21T12:18:12","date_gmt":"2024-05-21T12:18:12","guid":{"rendered":"https:\/\/kulkidobubbletea.pl\/produkt\/syrop-eu-cytryna-27kg-2\/"},"modified":"2026-04-14T09:22:28","modified_gmt":"2026-04-14T09:22:28","slug":"eu-citronovy-sirup-27kg-2","status":"publish","type":"product","link":"https:\/\/kulkidobubbletea.pl\/cs\/obchod\/bublinkove-cajove-sirupy\/eu-citronovy-sirup-27kg-2\/","title":{"rendered":"Bubble Tea sirup | Citron | Tchaj-wan | 2,5 kg"},"content":{"rendered":"<p>PRAV\u00dd TCHAJWANSK\u00dd SIRUP, CITRONOV\u00c1 P\u0158\u00cdCHU\u0164<\/p>\n<p>&nbsp;<\/p>\n<p>Prvot\u0159\u00eddn\u00ed kvalita, vynikaj\u00edc\u00ed origin\u00e1ln\u00ed chu\u0165.<\/p>\n<p>&nbsp;<\/p>\n<p>Nezam\u011b\u0148ovat s evropskou produkc\u00ed. Jedn\u00e1 se o origin\u00e1ln\u00ed v\u00fdrobek dovezen\u00fd z Tchaj-wanu - kol\u00e9bky Bubble Tea, co\u017e zaru\u010duje nejvy\u0161\u0161\u00ed kvalitu a chu\u0165 v\u00fdsledn\u00e9ho produktu.<\/p>\n<p>&nbsp;<\/p>\n<p>Sirupy jsou \u00fa\u010dinn\u00e9, na 500 ml hotov\u00e9ho n\u00e1poje p\u0159ipad\u00e1 40-50 ml sirupu.<\/p>\n<p>&nbsp;<\/p>\n<p>Dlouh\u00e1 doba pou\u017eitelnosti, drtiv\u00e1 v\u011bt\u0161ina sirup\u016f m\u00e1 minim\u00e1ln\u00ed datum 2027.<\/p>\n<p>&nbsp;<\/p>\n<p>Pokud si objedn\u00e1te cel\u00e9 hromadn\u00e9 balen\u00ed ur\u010dit\u00e9 p\u0159\u00edchut\u011b (6ks karton sirup\u016f), p\u0159ilo\u017e\u00edme pumpi\u010dku zdarma.<\/p>\n<p>&nbsp;<\/p>\n<p>Tvar v\u00fdrobku a l\u00e1hve odpov\u00edd\u00e1 fotografii.<\/p>","protected":false},"excerpt":{"rendered":"<p>ORYGINALNY TAJWA\u0143SKI SYROP, SMAK CYTRYNA &nbsp; Jako\u015b\u0107 premium, genialny, oryginalny smak. &nbsp; Nie myli\u0107 z produkcj\u0105 europejsk\u0105. Jest to oryginalny<\/p>","protected":false},"featured_media":15464,"comment_status":"open","ping_status":"closed","template":"","meta":[],"product_brand":[],"product_cat":[312],"product_tag":[],"class_list":{"0":"post-11042","1":"product","2":"type-product","3":"status-publish","4":"has-post-thumbnail","6":"product_cat-syropy-do-bubble-tea","8":"first","9":"instock","10":"taxable","11":"shipping-taxable","12":"purchasable","13":"product-type-simple"},"yoast_head":"<!-- This site is optimized with the Yoast SEO Premium plugin v23.7 (Yoast SEO v27.3) - https:\/\/yoast.com\/product\/yoast-seo-premium-wordpress\/ -->\n<title>Syrop Do Bubble Tea | Cytryna | Tajwan | 2.5 kg - Kulki Do Bubble Tea<\/title>\n<meta name=\"robots\" content=\"index, follow, max-snippet:-1, max-image-preview:large, max-video-preview:-1\" \/>\n<link rel=\"canonical\" href=\"https:\/\/kulkidobubbletea.pl\/cs\/obchod\/bublinkove-cajove-sirupy\/eu-citronovy-sirup-27kg-2\/\" \/>\n<meta property=\"og:locale\" content=\"cs_CZ\" \/>\n<meta property=\"og:type\" content=\"article\" \/>\n<meta property=\"og:title\" content=\"Syrop Do Bubble Tea | Cytryna | Tajwan | 2.5 kg\" \/>\n<meta property=\"og:description\" content=\"ORYGINALNY TAJWA\u0143SKI SYROP, SMAK CYTRYNA &nbsp; Jako\u015b\u0107 premium, genialny, oryginalny smak. &nbsp; Nie myli\u0107 z produkcj\u0105 europejsk\u0105. Jest to oryginalny\" \/>\n<meta property=\"og:url\" content=\"https:\/\/kulkidobubbletea.pl\/cs\/obchod\/bublinkove-cajove-sirupy\/eu-citronovy-sirup-27kg-2\/\" \/>\n<meta property=\"og:site_name\" content=\"Kulki Do Bubble Tea\" \/>\n<meta property=\"article:modified_time\" content=\"2026-04-14T09:22:28+00:00\" \/>\n<meta property=\"og:image\" content=\"https:\/\/kulkidobubbletea.pl\/wp-content\/uploads\/2025\/03\/cytryna.jpg\" \/>\n\t<meta property=\"og:image:width\" content=\"2000\" \/>\n\t<meta property=\"og:image:height\" content=\"2000\" \/>\n\t<meta property=\"og:image:type\" content=\"image\/jpeg\" \/>\n<meta name=\"twitter:card\" content=\"summary_large_image\" \/>\n<meta name=\"twitter:label1\" content=\"Odhadovan\u00e1 doba \u010dten\u00ed\" \/>\n\t<meta name=\"twitter:data1\" content=\"1 minuta\" \/>\n<script type=\"application\/ld+json\" class=\"yoast-schema-graph\">{\"@context\":\"https:\\\/\\\/schema.org\",\"@graph\":[{\"@type\":\"WebPage\",\"@id\":\"https:\\\/\\\/kulkidobubbletea.pl\\\/sklep\\\/syropy-do-bubble-tea\\\/syrop-eu-cytryna-27kg-2\\\/\",\"url\":\"https:\\\/\\\/kulkidobubbletea.pl\\\/sklep\\\/syropy-do-bubble-tea\\\/syrop-eu-cytryna-27kg-2\\\/\",\"name\":\"Syrop Do Bubble Tea | Cytryna | Tajwan | 2.5 kg - Kulki Do Bubble Tea\",\"isPartOf\":{\"@id\":\"https:\\\/\\\/kulkidobubbletea.pl\\\/#website\"},\"primaryImageOfPage\":{\"@id\":\"https:\\\/\\\/kulkidobubbletea.pl\\\/sklep\\\/syropy-do-bubble-tea\\\/syrop-eu-cytryna-27kg-2\\\/#primaryimage\"},\"image\":{\"@id\":\"https:\\\/\\\/kulkidobubbletea.pl\\\/sklep\\\/syropy-do-bubble-tea\\\/syrop-eu-cytryna-27kg-2\\\/#primaryimage\"},\"thumbnailUrl\":\"https:\\\/\\\/kulkidobubbletea.pl\\\/wp-content\\\/uploads\\\/2025\\\/03\\\/cytryna.jpg\",\"datePublished\":\"2024-05-21T12:18:12+00:00\",\"dateModified\":\"2026-04-14T09:22:28+00:00\",\"breadcrumb\":{\"@id\":\"https:\\\/\\\/kulkidobubbletea.pl\\\/sklep\\\/syropy-do-bubble-tea\\\/syrop-eu-cytryna-27kg-2\\\/#breadcrumb\"},\"inLanguage\":\"cs\",\"potentialAction\":[{\"@type\":\"ReadAction\",\"target\":[\"https:\\\/\\\/kulkidobubbletea.pl\\\/sklep\\\/syropy-do-bubble-tea\\\/syrop-eu-cytryna-27kg-2\\\/\"]}]},{\"@type\":\"ImageObject\",\"inLanguage\":\"cs\",\"@id\":\"https:\\\/\\\/kulkidobubbletea.pl\\\/sklep\\\/syropy-do-bubble-tea\\\/syrop-eu-cytryna-27kg-2\\\/#primaryimage\",\"url\":\"https:\\\/\\\/kulkidobubbletea.pl\\\/wp-content\\\/uploads\\\/2025\\\/03\\\/cytryna.jpg\",\"contentUrl\":\"https:\\\/\\\/kulkidobubbletea.pl\\\/wp-content\\\/uploads\\\/2025\\\/03\\\/cytryna.jpg\",\"width\":2000,\"height\":2000},{\"@type\":\"BreadcrumbList\",\"@id\":\"https:\\\/\\\/kulkidobubbletea.pl\\\/sklep\\\/syropy-do-bubble-tea\\\/syrop-eu-cytryna-27kg-2\\\/#breadcrumb\",\"itemListElement\":[{\"@type\":\"ListItem\",\"position\":1,\"name\":\"Strona g\u0142\u00f3wna\",\"item\":\"https:\\\/\\\/kulkidobubbletea.pl\\\/\"},{\"@type\":\"ListItem\",\"position\":2,\"name\":\"Sklep\",\"item\":\"https:\\\/\\\/kulkidobubbletea.pl\\\/sklep\\\/\"},{\"@type\":\"ListItem\",\"position\":3,\"name\":\"Syrop Do Bubble Tea | Cytryna | Tajwan | 2.5 kg\"}]},{\"@type\":\"WebSite\",\"@id\":\"https:\\\/\\\/kulkidobubbletea.pl\\\/#website\",\"url\":\"https:\\\/\\\/kulkidobubbletea.pl\\\/\",\"name\":\"Kulki Do Bubble Tea\",\"description\":\"Sklep online z artyku\u0142ami do bubble tea\",\"publisher\":{\"@id\":\"https:\\\/\\\/kulkidobubbletea.pl\\\/#organization\"},\"potentialAction\":[{\"@type\":\"SearchAction\",\"target\":{\"@type\":\"EntryPoint\",\"urlTemplate\":\"https:\\\/\\\/kulkidobubbletea.pl\\\/?s={search_term_string}\"},\"query-input\":{\"@type\":\"PropertyValueSpecification\",\"valueRequired\":true,\"valueName\":\"search_term_string\"}}],\"inLanguage\":\"cs\"},{\"@type\":\"Organization\",\"@id\":\"https:\\\/\\\/kulkidobubbletea.pl\\\/#organization\",\"name\":\"Kulki Do Bubble Tea\",\"url\":\"https:\\\/\\\/kulkidobubbletea.pl\\\/\",\"logo\":{\"@type\":\"ImageObject\",\"inLanguage\":\"cs\",\"@id\":\"https:\\\/\\\/kulkidobubbletea.pl\\\/#\\\/schema\\\/logo\\\/image\\\/\",\"url\":\"https:\\\/\\\/kulkidobubbletea.pl\\\/wp-content\\\/uploads\\\/2024\\\/04\\\/Original-on-Transparent.png\",\"contentUrl\":\"https:\\\/\\\/kulkidobubbletea.pl\\\/wp-content\\\/uploads\\\/2024\\\/04\\\/Original-on-Transparent.png\",\"width\":5000,\"height\":1109,\"caption\":\"Kulki Do Bubble Tea\"},\"image\":{\"@id\":\"https:\\\/\\\/kulkidobubbletea.pl\\\/#\\\/schema\\\/logo\\\/image\\\/\"}}]}<\/script>\n<!-- \/ Yoast SEO Premium plugin. -->","yoast_head_json":{"title":"Bubble Tea Sirup | Lemon | Taiwan | 2,5 kg - Bubble Tea Balls","robots":{"index":"index","follow":"follow","max-snippet":"max-snippet:-1","max-image-preview":"max-image-preview:large","max-video-preview":"max-video-preview:-1"},"canonical":"https:\/\/kulkidobubbletea.pl\/cs\/obchod\/bublinkove-cajove-sirupy\/eu-citronovy-sirup-27kg-2\/","og_locale":"cs_CZ","og_type":"article","og_title":"Syrop Do Bubble Tea | Cytryna | Tajwan | 2.5 kg","og_description":"ORYGINALNY TAJWA\u0143SKI SYROP, SMAK CYTRYNA &nbsp; Jako\u015b\u0107 premium, genialny, oryginalny smak. &nbsp; Nie myli\u0107 z produkcj\u0105 europejsk\u0105. Jest to oryginalny","og_url":"https:\/\/kulkidobubbletea.pl\/cs\/obchod\/bublinkove-cajove-sirupy\/eu-citronovy-sirup-27kg-2\/","og_site_name":"Kulki Do Bubble Tea","article_modified_time":"2026-04-14T09:22:28+00:00","og_image":[{"width":2000,"height":2000,"url":"https:\/\/kulkidobubbletea.pl\/wp-content\/uploads\/2025\/03\/cytryna.jpg","type":"image\/jpeg"}],"twitter_card":"summary_large_image","twitter_misc":{"Odhadovan\u00e1 doba \u010dten\u00ed":"1 minuta"},"schema":{"@context":"https:\/\/schema.org","@graph":[{"@type":"WebPage","@id":"https:\/\/kulkidobubbletea.pl\/sklep\/syropy-do-bubble-tea\/syrop-eu-cytryna-27kg-2\/","url":"https:\/\/kulkidobubbletea.pl\/sklep\/syropy-do-bubble-tea\/syrop-eu-cytryna-27kg-2\/","name":"Bubble Tea Sirup | Lemon | Taiwan | 2,5 kg - Bubble Tea Balls","isPartOf":{"@id":"https:\/\/kulkidobubbletea.pl\/#website"},"primaryImageOfPage":{"@id":"https:\/\/kulkidobubbletea.pl\/sklep\/syropy-do-bubble-tea\/syrop-eu-cytryna-27kg-2\/#primaryimage"},"image":{"@id":"https:\/\/kulkidobubbletea.pl\/sklep\/syropy-do-bubble-tea\/syrop-eu-cytryna-27kg-2\/#primaryimage"},"thumbnailUrl":"https:\/\/kulkidobubbletea.pl\/wp-content\/uploads\/2025\/03\/cytryna.jpg","datePublished":"2024-05-21T12:18:12+00:00","dateModified":"2026-04-14T09:22:28+00:00","breadcrumb":{"@id":"https:\/\/kulkidobubbletea.pl\/sklep\/syropy-do-bubble-tea\/syrop-eu-cytryna-27kg-2\/#breadcrumb"},"inLanguage":"cs","potentialAction":[{"@type":"ReadAction","target":["https:\/\/kulkidobubbletea.pl\/sklep\/syropy-do-bubble-tea\/syrop-eu-cytryna-27kg-2\/"]}]},{"@type":"ImageObject","inLanguage":"cs","@id":"https:\/\/kulkidobubbletea.pl\/sklep\/syropy-do-bubble-tea\/syrop-eu-cytryna-27kg-2\/#primaryimage","url":"https:\/\/kulkidobubbletea.pl\/wp-content\/uploads\/2025\/03\/cytryna.jpg","contentUrl":"https:\/\/kulkidobubbletea.pl\/wp-content\/uploads\/2025\/03\/cytryna.jpg","width":2000,"height":2000},{"@type":"BreadcrumbList","@id":"https:\/\/kulkidobubbletea.pl\/sklep\/syropy-do-bubble-tea\/syrop-eu-cytryna-27kg-2\/#breadcrumb","itemListElement":[{"@type":"ListItem","position":1,"name":"Strona g\u0142\u00f3wna","item":"https:\/\/kulkidobubbletea.pl\/"},{"@type":"ListItem","position":2,"name":"Sklep","item":"https:\/\/kulkidobubbletea.pl\/sklep\/"},{"@type":"ListItem","position":3,"name":"Syrop Do Bubble Tea | Cytryna | Tajwan | 2.5 kg"}]},{"@type":"WebSite","@id":"https:\/\/kulkidobubbletea.pl\/#website","url":"https:\/\/kulkidobubbletea.pl\/","name":"Bublinkov\u00e9 \u010dajov\u00e9 kuli\u010dky","description":"Online obchod s bublinkov\u00fdm \u010dajem","publisher":{"@id":"https:\/\/kulkidobubbletea.pl\/#organization"},"potentialAction":[{"@type":"SearchAction","target":{"@type":"EntryPoint","urlTemplate":"https:\/\/kulkidobubbletea.pl\/?s={search_term_string}"},"query-input":{"@type":"PropertyValueSpecification","valueRequired":true,"valueName":"search_term_string"}}],"inLanguage":"cs"},{"@type":"Organization","@id":"https:\/\/kulkidobubbletea.pl\/#organization","name":"Bublinkov\u00e9 \u010dajov\u00e9 kuli\u010dky","url":"https:\/\/kulkidobubbletea.pl\/","logo":{"@type":"ImageObject","inLanguage":"cs","@id":"https:\/\/kulkidobubbletea.pl\/#\/schema\/logo\/image\/","url":"https:\/\/kulkidobubbletea.pl\/wp-content\/uploads\/2024\/04\/Original-on-Transparent.png","contentUrl":"https:\/\/kulkidobubbletea.pl\/wp-content\/uploads\/2024\/04\/Original-on-Transparent.png","width":5000,"height":1109,"caption":"Kulki Do Bubble Tea"},"image":{"@id":"https:\/\/kulkidobubbletea.pl\/#\/schema\/logo\/image\/"}}]}},"_links":{"self":[{"href":"https:\/\/kulkidobubbletea.pl\/cs\/wp-json\/wp\/v2\/product\/11042","targetHints":{"allow":["GET"]}}],"collection":[{"href":"https:\/\/kulkidobubbletea.pl\/cs\/wp-json\/wp\/v2\/product"}],"about":[{"href":"https:\/\/kulkidobubbletea.pl\/cs\/wp-json\/wp\/v2\/types\/product"}],"replies":[{"embeddable":true,"href":"https:\/\/kulkidobubbletea.pl\/cs\/wp-json\/wp\/v2\/comments?post=11042"}],"version-history":[{"count":8,"href":"https:\/\/kulkidobubbletea.pl\/cs\/wp-json\/wp\/v2\/product\/11042\/revisions"}],"predecessor-version":[{"id":16970,"href":"https:\/\/kulkidobubbletea.pl\/cs\/wp-json\/wp\/v2\/product\/11042\/revisions\/16970"}],"wp:featuredmedia":[{"embeddable":true,"href":"https:\/\/kulkidobubbletea.pl\/cs\/wp-json\/wp\/v2\/media\/15464"}],"wp:attachment":[{"href":"https:\/\/kulkidobubbletea.pl\/cs\/wp-json\/wp\/v2\/media?parent=11042"}],"wp:term":[{"taxonomy":"product_brand","embeddable":true,"href":"https:\/\/kulkidobubbletea.pl\/cs\/wp-json\/wp\/v2\/product_brand?post=11042"},{"taxonomy":"product_cat","embeddable":true,"href":"https:\/\/kulkidobubbletea.pl\/cs\/wp-json\/wp\/v2\/product_cat?post=11042"},{"taxonomy":"product_tag","embeddable":true,"href":"https:\/\/kulkidobubbletea.pl\/cs\/wp-json\/wp\/v2\/product_tag?post=11042"}],"curies":[{"name":"wp","href":"https:\/\/api.w.org\/{rel}","templated":true}]}}