{"id":11011,"date":"2024-05-04T12:18:04","date_gmt":"2024-05-04T12:18:04","guid":{"rendered":"https:\/\/kulkidobubbletea.pl\/produkt\/zaklejarka-do-kubkow-taiwan-2\/"},"modified":"2025-08-11T08:37:41","modified_gmt":"2025-08-11T08:37:41","slug":"tesneni-salku-na-tchaj-wanu","status":"publish","type":"product","link":"https:\/\/kulkidobubbletea.pl\/cs\/obchod\/vybaveni\/tesneni-salku-na-tchaj-wanu\/","title":{"rendered":"T\u011bsn\u011bn\u00ed poh\u00e1r\u016f Tchaj-wan"},"content":{"rendered":"<p>Nov\u00fd model t\u011bsn\u011bn\u00ed YF-98S<\/p>\n<p>\u0160pi\u010dkov\u00e9 vybaven\u00ed vyroben\u00e9 na Tchaj-wanu - ne v \u010c\u00edn\u011b! Velmi podstatn\u00fd rozd\u00edl, za\u0159\u00edzen\u00ed zaru\u010duje bezporuchovost, bezpe\u010dnost a pou\u017e\u00edv\u00e1n\u00ed po mnoho let.<\/p>\n<p>T\u011bsnic\u00ed za\u0159\u00edzen\u00ed ut\u011bs\u0148uje v\u0161echny typy PP, PE a pap\u00edrov\u00fdch kel\u00edmk\u016f.<\/p>\n<p>&nbsp;<\/p>\n<p>Nov\u00fd model, v\u00fdrazn\u011b vylep\u0161en\u00e9 veden\u00ed film\u016f - \u017e\u00e1dn\u00fd odlepovac\u00ed efekt, modern\u00ed sn\u00edma\u010de pracuj\u00edc\u00ed s v\u00edce filmy, kter\u00e9 je t\u0159eba ut\u011bsnit ( p\u0159edchoz\u00ed star\u00e9 modely m\u011bly probl\u00e9my s n\u011bkter\u00fdmi levn\u011bj\u0161\u00edmi filmy).<\/p>\n<p>&nbsp;<\/p>\n<p>&nbsp;<\/p>\n<p>Vysok\u00e1 estetika v\u00fdrobku, snadn\u00e9 \u010di\u0161t\u011bn\u00ed a mnohem v\u011bt\u0161\u00ed bezpe\u010dnost ne\u017e u star\u00fdch model\u016f.<\/p>\n<p>Zape\u010det\u011bn\u00ed \u0161\u00e1lk\u016f je mo\u017en\u00e9 naprogramovat jak automaticky ze sn\u00edma\u010de, tak ru\u010dn\u011b nebo p\u0159i nastaven\u00e9 vzd\u00e1lenosti pohybu filmu.<\/p>\n<p>&nbsp;<\/p>\n<p>Mo\u017enost automatick\u00e9ho ut\u011bsn\u011bn\u00ed p\u0159i vlo\u017een\u00ed poh\u00e1rku - fotobu\u0148kov\u00fd senzor, nikoliv dr\u00e1t, kter\u00fd byl problematick\u00fd u star\u00fdch verz\u00ed.<\/p>\n<p>&nbsp;<\/p>\n<p>&nbsp;<\/p>\n<p>Doba cel\u00e9ho procesu uzav\u00edr\u00e1n\u00ed \u0161\u00e1lku v\u010detn\u011b d\u00e1vkov\u00e1n\u00ed 3,5 - 4 s.<\/p>\n<p>Sou\u010d\u00e1st\u00ed balen\u00ed je p\u0159\u00eddavn\u00fd hlin\u00edkov\u00fd krou\u017eek, kter\u00fd je vhodn\u00fd pro v\u0161echny typy \u0161\u00e1lk\u016f.<\/p>\n<p>Nejnov\u011bj\u0161\u00ed model, kter\u00fd byl v\u00fdrazn\u011b vylep\u0161en, odstranil probl\u00e9m s nedbal\u00fdm a nerovnom\u011brn\u00fdm ut\u011bsn\u011bn\u00edm \u0161\u00e1lku nebo p\u0159etr\u017een\u00edm p\u00e1sky.<\/p>\n<p>Hmotnost 26 kg,<\/p>\n<p>Rozm\u011bry 32x24x59 cm<\/p>\n<p>220V \/ 400W<\/p>\n<p>&nbsp;<\/p>\n<p>Z\u00e1ruka jeden rok.<\/p>\n<p>&nbsp;<\/p>\n<p>Nov\u00e1 dod\u00e1vka, k dispozici je b\u00edl\u00e1 a \u010dern\u00e1 barva.<\/p>","protected":false},"excerpt":{"rendered":"<p>Nowy model zaklejarek YF-98S Sprz\u0119t najwy\u017cszej klasy, produkcji Tajwanskiej &#8211; nie Chi\u0144skiej! Bardzo znacz\u0105ca r\u00f3\u017cnica, sprz\u0119t gwarantuje bezawaryjno\u015b\u0107, \u00a0bezpiecze\u0144stwo oraz<\/p>","protected":false},"featured_media":11891,"comment_status":"open","ping_status":"closed","template":"","meta":[],"product_brand":[],"product_cat":[319],"product_tag":[],"class_list":{"0":"post-11011","1":"product","2":"type-product","3":"status-publish","4":"has-post-thumbnail","6":"product_cat-sprzet","8":"first","9":"instock","10":"taxable","11":"shipping-taxable","12":"purchasable","13":"product-type-simple"},"yoast_head":"<!-- This site is optimized with the Yoast SEO Premium plugin v23.7 (Yoast SEO v27.3) - https:\/\/yoast.com\/product\/yoast-seo-premium-wordpress\/ -->\n<title>Zaklejarka do kubk\u00f3w Taiwan - Kulki Do Bubble Tea<\/title>\n<meta name=\"robots\" content=\"index, follow, max-snippet:-1, max-image-preview:large, max-video-preview:-1\" \/>\n<link rel=\"canonical\" href=\"https:\/\/kulkidobubbletea.pl\/cs\/obchod\/vybaveni\/tesneni-salku-na-tchaj-wanu\/\" \/>\n<meta property=\"og:locale\" content=\"cs_CZ\" \/>\n<meta property=\"og:type\" content=\"article\" \/>\n<meta property=\"og:title\" content=\"Zaklejarka do kubk\u00f3w Taiwan\" \/>\n<meta property=\"og:description\" content=\"Nowy model zaklejarek YF-98S Sprz\u0119t najwy\u017cszej klasy, produkcji Tajwanskiej &#8211; nie Chi\u0144skiej! Bardzo znacz\u0105ca r\u00f3\u017cnica, sprz\u0119t gwarantuje bezawaryjno\u015b\u0107, \u00a0bezpiecze\u0144stwo oraz\" \/>\n<meta property=\"og:url\" content=\"https:\/\/kulkidobubbletea.pl\/cs\/obchod\/vybaveni\/tesneni-salku-na-tchaj-wanu\/\" \/>\n<meta property=\"og:site_name\" content=\"Kulki Do Bubble Tea\" \/>\n<meta property=\"article:modified_time\" content=\"2025-08-11T08:37:41+00:00\" \/>\n<meta property=\"og:image\" content=\"https:\/\/kulkidobubbletea.pl\/wp-content\/uploads\/2024\/05\/Zdjecie-zaklejarki-do-sklepu.png\" \/>\n\t<meta property=\"og:image:width\" content=\"770\" \/>\n\t<meta property=\"og:image:height\" content=\"1155\" \/>\n\t<meta property=\"og:image:type\" content=\"image\/png\" \/>\n<meta name=\"twitter:card\" content=\"summary_large_image\" \/>\n<meta name=\"twitter:label1\" content=\"Odhadovan\u00e1 doba \u010dten\u00ed\" \/>\n\t<meta name=\"twitter:data1\" content=\"1 minuta\" \/>\n<script type=\"application\/ld+json\" class=\"yoast-schema-graph\">{\"@context\":\"https:\\\/\\\/schema.org\",\"@graph\":[{\"@type\":\"WebPage\",\"@id\":\"https:\\\/\\\/kulkidobubbletea.pl\\\/sklep\\\/sprzet\\\/zaklejarka-do-kubkow-taiwan\\\/\",\"url\":\"https:\\\/\\\/kulkidobubbletea.pl\\\/sklep\\\/sprzet\\\/zaklejarka-do-kubkow-taiwan\\\/\",\"name\":\"Zaklejarka do kubk\u00f3w Taiwan - Kulki Do Bubble Tea\",\"isPartOf\":{\"@id\":\"https:\\\/\\\/kulkidobubbletea.pl\\\/#website\"},\"primaryImageOfPage\":{\"@id\":\"https:\\\/\\\/kulkidobubbletea.pl\\\/sklep\\\/sprzet\\\/zaklejarka-do-kubkow-taiwan\\\/#primaryimage\"},\"image\":{\"@id\":\"https:\\\/\\\/kulkidobubbletea.pl\\\/sklep\\\/sprzet\\\/zaklejarka-do-kubkow-taiwan\\\/#primaryimage\"},\"thumbnailUrl\":\"https:\\\/\\\/kulkidobubbletea.pl\\\/wp-content\\\/uploads\\\/2024\\\/05\\\/Zdjecie-zaklejarki-do-sklepu.png\",\"datePublished\":\"2024-05-04T12:18:04+00:00\",\"dateModified\":\"2025-08-11T08:37:41+00:00\",\"breadcrumb\":{\"@id\":\"https:\\\/\\\/kulkidobubbletea.pl\\\/sklep\\\/sprzet\\\/zaklejarka-do-kubkow-taiwan\\\/#breadcrumb\"},\"inLanguage\":\"cs\",\"potentialAction\":[{\"@type\":\"ReadAction\",\"target\":[\"https:\\\/\\\/kulkidobubbletea.pl\\\/sklep\\\/sprzet\\\/zaklejarka-do-kubkow-taiwan\\\/\"]}]},{\"@type\":\"ImageObject\",\"inLanguage\":\"cs\",\"@id\":\"https:\\\/\\\/kulkidobubbletea.pl\\\/sklep\\\/sprzet\\\/zaklejarka-do-kubkow-taiwan\\\/#primaryimage\",\"url\":\"https:\\\/\\\/kulkidobubbletea.pl\\\/wp-content\\\/uploads\\\/2024\\\/05\\\/Zdjecie-zaklejarki-do-sklepu.png\",\"contentUrl\":\"https:\\\/\\\/kulkidobubbletea.pl\\\/wp-content\\\/uploads\\\/2024\\\/05\\\/Zdjecie-zaklejarki-do-sklepu.png\",\"width\":770,\"height\":1155},{\"@type\":\"BreadcrumbList\",\"@id\":\"https:\\\/\\\/kulkidobubbletea.pl\\\/sklep\\\/sprzet\\\/zaklejarka-do-kubkow-taiwan\\\/#breadcrumb\",\"itemListElement\":[{\"@type\":\"ListItem\",\"position\":1,\"name\":\"Strona g\u0142\u00f3wna\",\"item\":\"https:\\\/\\\/kulkidobubbletea.pl\\\/\"},{\"@type\":\"ListItem\",\"position\":2,\"name\":\"Sklep\",\"item\":\"https:\\\/\\\/kulkidobubbletea.pl\\\/sklep\\\/\"},{\"@type\":\"ListItem\",\"position\":3,\"name\":\"Zaklejarka do kubk\u00f3w Taiwan\"}]},{\"@type\":\"WebSite\",\"@id\":\"https:\\\/\\\/kulkidobubbletea.pl\\\/#website\",\"url\":\"https:\\\/\\\/kulkidobubbletea.pl\\\/\",\"name\":\"Kulki Do Bubble Tea\",\"description\":\"Sklep online z artyku\u0142ami do bubble tea\",\"publisher\":{\"@id\":\"https:\\\/\\\/kulkidobubbletea.pl\\\/#organization\"},\"potentialAction\":[{\"@type\":\"SearchAction\",\"target\":{\"@type\":\"EntryPoint\",\"urlTemplate\":\"https:\\\/\\\/kulkidobubbletea.pl\\\/?s={search_term_string}\"},\"query-input\":{\"@type\":\"PropertyValueSpecification\",\"valueRequired\":true,\"valueName\":\"search_term_string\"}}],\"inLanguage\":\"cs\"},{\"@type\":\"Organization\",\"@id\":\"https:\\\/\\\/kulkidobubbletea.pl\\\/#organization\",\"name\":\"Kulki Do Bubble Tea\",\"url\":\"https:\\\/\\\/kulkidobubbletea.pl\\\/\",\"logo\":{\"@type\":\"ImageObject\",\"inLanguage\":\"cs\",\"@id\":\"https:\\\/\\\/kulkidobubbletea.pl\\\/#\\\/schema\\\/logo\\\/image\\\/\",\"url\":\"https:\\\/\\\/kulkidobubbletea.pl\\\/wp-content\\\/uploads\\\/2024\\\/04\\\/Original-on-Transparent.png\",\"contentUrl\":\"https:\\\/\\\/kulkidobubbletea.pl\\\/wp-content\\\/uploads\\\/2024\\\/04\\\/Original-on-Transparent.png\",\"width\":5000,\"height\":1109,\"caption\":\"Kulki Do Bubble Tea\"},\"image\":{\"@id\":\"https:\\\/\\\/kulkidobubbletea.pl\\\/#\\\/schema\\\/logo\\\/image\\\/\"}}]}<\/script>\n<!-- \/ Yoast SEO Premium plugin. -->","yoast_head_json":{"title":"Tchajwansk\u00fd t\u011bsn\u00edc\u00ed \u0161\u00e1lek - Bubble Tea Balls","robots":{"index":"index","follow":"follow","max-snippet":"max-snippet:-1","max-image-preview":"max-image-preview:large","max-video-preview":"max-video-preview:-1"},"canonical":"https:\/\/kulkidobubbletea.pl\/cs\/obchod\/vybaveni\/tesneni-salku-na-tchaj-wanu\/","og_locale":"cs_CZ","og_type":"article","og_title":"Zaklejarka do kubk\u00f3w Taiwan","og_description":"Nowy model zaklejarek YF-98S Sprz\u0119t najwy\u017cszej klasy, produkcji Tajwanskiej &#8211; nie Chi\u0144skiej! Bardzo znacz\u0105ca r\u00f3\u017cnica, sprz\u0119t gwarantuje bezawaryjno\u015b\u0107, \u00a0bezpiecze\u0144stwo oraz","og_url":"https:\/\/kulkidobubbletea.pl\/cs\/obchod\/vybaveni\/tesneni-salku-na-tchaj-wanu\/","og_site_name":"Kulki Do Bubble Tea","article_modified_time":"2025-08-11T08:37:41+00:00","og_image":[{"width":770,"height":1155,"url":"https:\/\/kulkidobubbletea.pl\/wp-content\/uploads\/2024\/05\/Zdjecie-zaklejarki-do-sklepu.png","type":"image\/png"}],"twitter_card":"summary_large_image","twitter_misc":{"Odhadovan\u00e1 doba \u010dten\u00ed":"1 minuta"},"schema":{"@context":"https:\/\/schema.org","@graph":[{"@type":"WebPage","@id":"https:\/\/kulkidobubbletea.pl\/sklep\/sprzet\/zaklejarka-do-kubkow-taiwan\/","url":"https:\/\/kulkidobubbletea.pl\/sklep\/sprzet\/zaklejarka-do-kubkow-taiwan\/","name":"Tchajwansk\u00fd t\u011bsn\u00edc\u00ed \u0161\u00e1lek - Bubble Tea Balls","isPartOf":{"@id":"https:\/\/kulkidobubbletea.pl\/#website"},"primaryImageOfPage":{"@id":"https:\/\/kulkidobubbletea.pl\/sklep\/sprzet\/zaklejarka-do-kubkow-taiwan\/#primaryimage"},"image":{"@id":"https:\/\/kulkidobubbletea.pl\/sklep\/sprzet\/zaklejarka-do-kubkow-taiwan\/#primaryimage"},"thumbnailUrl":"https:\/\/kulkidobubbletea.pl\/wp-content\/uploads\/2024\/05\/Zdjecie-zaklejarki-do-sklepu.png","datePublished":"2024-05-04T12:18:04+00:00","dateModified":"2025-08-11T08:37:41+00:00","breadcrumb":{"@id":"https:\/\/kulkidobubbletea.pl\/sklep\/sprzet\/zaklejarka-do-kubkow-taiwan\/#breadcrumb"},"inLanguage":"cs","potentialAction":[{"@type":"ReadAction","target":["https:\/\/kulkidobubbletea.pl\/sklep\/sprzet\/zaklejarka-do-kubkow-taiwan\/"]}]},{"@type":"ImageObject","inLanguage":"cs","@id":"https:\/\/kulkidobubbletea.pl\/sklep\/sprzet\/zaklejarka-do-kubkow-taiwan\/#primaryimage","url":"https:\/\/kulkidobubbletea.pl\/wp-content\/uploads\/2024\/05\/Zdjecie-zaklejarki-do-sklepu.png","contentUrl":"https:\/\/kulkidobubbletea.pl\/wp-content\/uploads\/2024\/05\/Zdjecie-zaklejarki-do-sklepu.png","width":770,"height":1155},{"@type":"BreadcrumbList","@id":"https:\/\/kulkidobubbletea.pl\/sklep\/sprzet\/zaklejarka-do-kubkow-taiwan\/#breadcrumb","itemListElement":[{"@type":"ListItem","position":1,"name":"Strona g\u0142\u00f3wna","item":"https:\/\/kulkidobubbletea.pl\/"},{"@type":"ListItem","position":2,"name":"Sklep","item":"https:\/\/kulkidobubbletea.pl\/sklep\/"},{"@type":"ListItem","position":3,"name":"Zaklejarka do kubk\u00f3w Taiwan"}]},{"@type":"WebSite","@id":"https:\/\/kulkidobubbletea.pl\/#website","url":"https:\/\/kulkidobubbletea.pl\/","name":"Bublinkov\u00e9 \u010dajov\u00e9 kuli\u010dky","description":"Online obchod s bublinkov\u00fdm \u010dajem","publisher":{"@id":"https:\/\/kulkidobubbletea.pl\/#organization"},"potentialAction":[{"@type":"SearchAction","target":{"@type":"EntryPoint","urlTemplate":"https:\/\/kulkidobubbletea.pl\/?s={search_term_string}"},"query-input":{"@type":"PropertyValueSpecification","valueRequired":true,"valueName":"search_term_string"}}],"inLanguage":"cs"},{"@type":"Organization","@id":"https:\/\/kulkidobubbletea.pl\/#organization","name":"Bublinkov\u00e9 \u010dajov\u00e9 kuli\u010dky","url":"https:\/\/kulkidobubbletea.pl\/","logo":{"@type":"ImageObject","inLanguage":"cs","@id":"https:\/\/kulkidobubbletea.pl\/#\/schema\/logo\/image\/","url":"https:\/\/kulkidobubbletea.pl\/wp-content\/uploads\/2024\/04\/Original-on-Transparent.png","contentUrl":"https:\/\/kulkidobubbletea.pl\/wp-content\/uploads\/2024\/04\/Original-on-Transparent.png","width":5000,"height":1109,"caption":"Kulki Do Bubble Tea"},"image":{"@id":"https:\/\/kulkidobubbletea.pl\/#\/schema\/logo\/image\/"}}]}},"_links":{"self":[{"href":"https:\/\/kulkidobubbletea.pl\/cs\/wp-json\/wp\/v2\/product\/11011","targetHints":{"allow":["GET"]}}],"collection":[{"href":"https:\/\/kulkidobubbletea.pl\/cs\/wp-json\/wp\/v2\/product"}],"about":[{"href":"https:\/\/kulkidobubbletea.pl\/cs\/wp-json\/wp\/v2\/types\/product"}],"replies":[{"embeddable":true,"href":"https:\/\/kulkidobubbletea.pl\/cs\/wp-json\/wp\/v2\/comments?post=11011"}],"version-history":[{"count":1,"href":"https:\/\/kulkidobubbletea.pl\/cs\/wp-json\/wp\/v2\/product\/11011\/revisions"}],"predecessor-version":[{"id":11892,"href":"https:\/\/kulkidobubbletea.pl\/cs\/wp-json\/wp\/v2\/product\/11011\/revisions\/11892"}],"wp:featuredmedia":[{"embeddable":true,"href":"https:\/\/kulkidobubbletea.pl\/cs\/wp-json\/wp\/v2\/media\/11891"}],"wp:attachment":[{"href":"https:\/\/kulkidobubbletea.pl\/cs\/wp-json\/wp\/v2\/media?parent=11011"}],"wp:term":[{"taxonomy":"product_brand","embeddable":true,"href":"https:\/\/kulkidobubbletea.pl\/cs\/wp-json\/wp\/v2\/product_brand?post=11011"},{"taxonomy":"product_cat","embeddable":true,"href":"https:\/\/kulkidobubbletea.pl\/cs\/wp-json\/wp\/v2\/product_cat?post=11011"},{"taxonomy":"product_tag","embeddable":true,"href":"https:\/\/kulkidobubbletea.pl\/cs\/wp-json\/wp\/v2\/product_tag?post=11011"}],"curies":[{"name":"wp","href":"https:\/\/api.w.org\/{rel}","templated":true}]}}