{"id":11006,"date":"2025-05-11T21:25:50","date_gmt":"2025-05-11T21:25:50","guid":{"rendered":"https:\/\/kulkidobubbletea.pl\/produkt\/popping-boba-tajwan-oryginal-marakuja-2\/"},"modified":"2026-04-13T08:29:38","modified_gmt":"2026-04-13T08:29:38","slug":"popping-boba-taiwan-original-maracuja","status":"publish","type":"product","link":"https:\/\/kulkidobubbletea.pl\/cs\/obchod\/bublinkove-cajove-kulicky\/popping-boba-taiwan-original-maracuja\/","title":{"rendered":"Bubble Tea kuli\u010dky 3,4 kg | Popping Boba Taiwan Original Maracuja"},"content":{"rendered":"<p>Bubble tea popping boba balls s p\u0159\u00edchut\u00ed mu\u010denky.<\/p>\n<p>Nab\u00edzen\u00fd produkt je nejvy\u0161\u0161\u00ed tchajwansk\u00e9 kvality. Tvarov\u011b velk\u00e9 kuli\u010dky (nikoliv slzi\u010dky jako v n\u00edzkorozpo\u010dtov\u00e9 produkci) praskaj\u00edc\u00ed boby s vynikaj\u00edc\u00ed chut\u00ed.<\/p>\n<p>Tenk\u00e1 ob\u00e1lka koule, prasknut\u00ed v prav\u00fd okam\u017eik pouze v \u00fastech, \u017e\u00e1dn\u00fd nechutn\u00fd ko\u0159istn\u00ed efekt. Pr\u00e9miov\u00e1 kvalita.<\/p>\n<p><strong>Objevte tajemstv\u00ed skv\u011bl\u00e9 chuti a dlouh\u00e9 \u017eivotnosti!<\/strong><\/p>\n<p>Hled\u00e1te kuli\u010dky, kter\u00e9 v\u00e1s pot\u011b\u0161\u00ed svou chut\u00ed a nezklamou ani v hork\u00fdch dnech? Pak jste na spr\u00e1vn\u00e9m m\u00edst\u011b! Na\u0161e m\u00ed\u010dky poch\u00e1zej\u00ed p\u0159\u00edmo z Tchaj-wanu - od jednoho z nejv\u011bt\u0161\u00edch a nejrenomovan\u011bj\u0161\u00edch v\u00fdrobc\u016f na sv\u011bt\u011b. To je z\u00e1rukou nejvy\u0161\u0161\u00ed kvality a osv\u011bd\u010den\u00e9 receptury, kter\u00e9 m\u016f\u017eete d\u016fv\u011b\u0159ovat.<\/p>\n<p>Ne\u010dekejte! P\u0159esv\u011bd\u010dte se sami, pro\u010d jsou na\u0161e tchajwansk\u00e9 m\u00ed\u010dky volbou \u010d\u00edslo jedna.<\/p>\n<p>Balen\u00ed 3,4 kg.<\/p>\n<p>V\u00fdrobek je velmi \u00fa\u010dinn\u00fd, po vypu\u0161t\u011bn\u00ed tekutin z\u016fstane a\u017e 2,3 kg samotn\u00fdch kuli\u010dek, co\u017e je v\u00fdrazn\u011b v\u00edce ne\u017e evropsk\u00e1 produkce.<\/p>\n<p>Riziko chyby +\/- 5%.<\/p>\n<p>Vyrobeno na Tchaj-wanu<\/p>\n<p>&nbsp;<\/p>\n<p>Dlouh\u00e1 data pou\u017eitelnosti, v\u011bt\u0161ina produkt\u016f m\u00e1 minim\u00e1ln\u00ed datum 2027.<\/p>","protected":false},"excerpt":{"rendered":"<p style=\"margin-top: 0cm; background: white; vertical-align: baseline;\"><span style=\"font-size: 11.5pt; font-family: Montserrat; color: #777777;\">Tchajwansk\u00e9 bublinkov\u00e9 \u010dajov\u00e9 kuli\u010dky Popping Boba s p\u0159\u00edchut\u00ed mu\u010denky, origin\u00e1ln\u00ed chu\u0165.<\/span><\/p>","protected":false},"featured_media":12350,"comment_status":"open","ping_status":"closed","template":"","meta":[],"product_brand":[],"product_cat":[315,333],"product_tag":[],"class_list":{"0":"post-11006","1":"product","2":"type-product","3":"status-publish","4":"has-post-thumbnail","6":"product_cat-kulki-do-bubble-tea","7":"product_cat-outlet","9":"first","10":"instock","11":"sale","12":"taxable","13":"shipping-taxable","14":"purchasable","15":"product-type-simple"},"yoast_head":"<!-- This site is optimized with the Yoast SEO Premium plugin v23.7 (Yoast SEO v27.3) - https:\/\/yoast.com\/product\/yoast-seo-premium-wordpress\/ -->\n<title>Kulki do Bubble Tea 3,4kg | Popping Boba Tajwan Oryginal Marakuja - Kulki Do Bubble Tea<\/title>\n<meta name=\"robots\" content=\"index, follow, max-snippet:-1, max-image-preview:large, max-video-preview:-1\" \/>\n<link rel=\"canonical\" href=\"https:\/\/kulkidobubbletea.pl\/cs\/obchod\/bublinkove-cajove-kulicky\/popping-boba-taiwan-original-maracuja\/\" \/>\n<meta property=\"og:locale\" content=\"cs_CZ\" \/>\n<meta property=\"og:type\" content=\"article\" \/>\n<meta property=\"og:title\" content=\"Kulki do Bubble Tea 3,4kg | Popping Boba Tajwan Oryginal Marakuja\" \/>\n<meta property=\"og:description\" content=\"Popping Boba tajwa\u0144skie kulki do bubble tea o smaku marakuja, oryginalny smak.\" \/>\n<meta property=\"og:url\" content=\"https:\/\/kulkidobubbletea.pl\/cs\/obchod\/bublinkove-cajove-kulicky\/popping-boba-taiwan-original-maracuja\/\" \/>\n<meta property=\"og:site_name\" content=\"Kulki Do Bubble Tea\" \/>\n<meta property=\"article:modified_time\" content=\"2026-04-13T08:29:38+00:00\" \/>\n<meta property=\"og:image\" content=\"https:\/\/kulkidobubbletea.pl\/wp-content\/uploads\/2024\/07\/marakuja-pop.png\" \/>\n\t<meta property=\"og:image:width\" content=\"2000\" \/>\n\t<meta property=\"og:image:height\" content=\"2000\" \/>\n\t<meta property=\"og:image:type\" content=\"image\/png\" \/>\n<meta name=\"twitter:card\" content=\"summary_large_image\" \/>\n<meta name=\"twitter:label1\" content=\"Odhadovan\u00e1 doba \u010dten\u00ed\" \/>\n\t<meta name=\"twitter:data1\" content=\"2 minuty\" \/>\n<script type=\"application\/ld+json\" class=\"yoast-schema-graph\">{\"@context\":\"https:\\\/\\\/schema.org\",\"@graph\":[{\"@type\":\"WebPage\",\"@id\":\"https:\\\/\\\/kulkidobubbletea.pl\\\/sklep\\\/kulki-do-bubble-tea\\\/popping-boba-tajwan-oryginal-marakuja\\\/\",\"url\":\"https:\\\/\\\/kulkidobubbletea.pl\\\/sklep\\\/kulki-do-bubble-tea\\\/popping-boba-tajwan-oryginal-marakuja\\\/\",\"name\":\"Kulki do Bubble Tea 3,4kg | Popping Boba Tajwan Oryginal Marakuja - Kulki Do Bubble Tea\",\"isPartOf\":{\"@id\":\"https:\\\/\\\/kulkidobubbletea.pl\\\/#website\"},\"primaryImageOfPage\":{\"@id\":\"https:\\\/\\\/kulkidobubbletea.pl\\\/sklep\\\/kulki-do-bubble-tea\\\/popping-boba-tajwan-oryginal-marakuja\\\/#primaryimage\"},\"image\":{\"@id\":\"https:\\\/\\\/kulkidobubbletea.pl\\\/sklep\\\/kulki-do-bubble-tea\\\/popping-boba-tajwan-oryginal-marakuja\\\/#primaryimage\"},\"thumbnailUrl\":\"https:\\\/\\\/kulkidobubbletea.pl\\\/wp-content\\\/uploads\\\/2024\\\/07\\\/marakuja-pop.png\",\"datePublished\":\"2025-05-11T21:25:50+00:00\",\"dateModified\":\"2026-04-13T08:29:38+00:00\",\"breadcrumb\":{\"@id\":\"https:\\\/\\\/kulkidobubbletea.pl\\\/sklep\\\/kulki-do-bubble-tea\\\/popping-boba-tajwan-oryginal-marakuja\\\/#breadcrumb\"},\"inLanguage\":\"cs\",\"potentialAction\":[{\"@type\":\"ReadAction\",\"target\":[\"https:\\\/\\\/kulkidobubbletea.pl\\\/sklep\\\/kulki-do-bubble-tea\\\/popping-boba-tajwan-oryginal-marakuja\\\/\"]}]},{\"@type\":\"ImageObject\",\"inLanguage\":\"cs\",\"@id\":\"https:\\\/\\\/kulkidobubbletea.pl\\\/sklep\\\/kulki-do-bubble-tea\\\/popping-boba-tajwan-oryginal-marakuja\\\/#primaryimage\",\"url\":\"https:\\\/\\\/kulkidobubbletea.pl\\\/wp-content\\\/uploads\\\/2024\\\/07\\\/marakuja-pop.png\",\"contentUrl\":\"https:\\\/\\\/kulkidobubbletea.pl\\\/wp-content\\\/uploads\\\/2024\\\/07\\\/marakuja-pop.png\",\"width\":2000,\"height\":2000},{\"@type\":\"BreadcrumbList\",\"@id\":\"https:\\\/\\\/kulkidobubbletea.pl\\\/sklep\\\/kulki-do-bubble-tea\\\/popping-boba-tajwan-oryginal-marakuja\\\/#breadcrumb\",\"itemListElement\":[{\"@type\":\"ListItem\",\"position\":1,\"name\":\"Strona g\u0142\u00f3wna\",\"item\":\"https:\\\/\\\/kulkidobubbletea.pl\\\/\"},{\"@type\":\"ListItem\",\"position\":2,\"name\":\"Sklep\",\"item\":\"https:\\\/\\\/kulkidobubbletea.pl\\\/sklep\\\/\"},{\"@type\":\"ListItem\",\"position\":3,\"name\":\"Kulki do Bubble Tea 3,4kg | Popping Boba Tajwan Oryginal Marakuja\"}]},{\"@type\":\"WebSite\",\"@id\":\"https:\\\/\\\/kulkidobubbletea.pl\\\/#website\",\"url\":\"https:\\\/\\\/kulkidobubbletea.pl\\\/\",\"name\":\"Kulki Do Bubble Tea\",\"description\":\"Sklep online z artyku\u0142ami do bubble tea\",\"publisher\":{\"@id\":\"https:\\\/\\\/kulkidobubbletea.pl\\\/#organization\"},\"potentialAction\":[{\"@type\":\"SearchAction\",\"target\":{\"@type\":\"EntryPoint\",\"urlTemplate\":\"https:\\\/\\\/kulkidobubbletea.pl\\\/?s={search_term_string}\"},\"query-input\":{\"@type\":\"PropertyValueSpecification\",\"valueRequired\":true,\"valueName\":\"search_term_string\"}}],\"inLanguage\":\"cs\"},{\"@type\":\"Organization\",\"@id\":\"https:\\\/\\\/kulkidobubbletea.pl\\\/#organization\",\"name\":\"Kulki Do Bubble Tea\",\"url\":\"https:\\\/\\\/kulkidobubbletea.pl\\\/\",\"logo\":{\"@type\":\"ImageObject\",\"inLanguage\":\"cs\",\"@id\":\"https:\\\/\\\/kulkidobubbletea.pl\\\/#\\\/schema\\\/logo\\\/image\\\/\",\"url\":\"https:\\\/\\\/kulkidobubbletea.pl\\\/wp-content\\\/uploads\\\/2024\\\/04\\\/Original-on-Transparent.png\",\"contentUrl\":\"https:\\\/\\\/kulkidobubbletea.pl\\\/wp-content\\\/uploads\\\/2024\\\/04\\\/Original-on-Transparent.png\",\"width\":5000,\"height\":1109,\"caption\":\"Kulki Do Bubble Tea\"},\"image\":{\"@id\":\"https:\\\/\\\/kulkidobubbletea.pl\\\/#\\\/schema\\\/logo\\\/image\\\/\"}}]}<\/script>\n<!-- \/ Yoast SEO Premium plugin. -->","yoast_head_json":{"title":"Bubble Tea Balls 3,4 kg | Popping Boba Taiwan Original Maracuja - Bubble Tea Balls","robots":{"index":"index","follow":"follow","max-snippet":"max-snippet:-1","max-image-preview":"max-image-preview:large","max-video-preview":"max-video-preview:-1"},"canonical":"https:\/\/kulkidobubbletea.pl\/cs\/obchod\/bublinkove-cajove-kulicky\/popping-boba-taiwan-original-maracuja\/","og_locale":"cs_CZ","og_type":"article","og_title":"Kulki do Bubble Tea 3,4kg | Popping Boba Tajwan Oryginal Marakuja","og_description":"Popping Boba tajwa\u0144skie kulki do bubble tea o smaku marakuja, oryginalny smak.","og_url":"https:\/\/kulkidobubbletea.pl\/cs\/obchod\/bublinkove-cajove-kulicky\/popping-boba-taiwan-original-maracuja\/","og_site_name":"Kulki Do Bubble Tea","article_modified_time":"2026-04-13T08:29:38+00:00","og_image":[{"width":2000,"height":2000,"url":"https:\/\/kulkidobubbletea.pl\/wp-content\/uploads\/2024\/07\/marakuja-pop.png","type":"image\/png"}],"twitter_card":"summary_large_image","twitter_misc":{"Odhadovan\u00e1 doba \u010dten\u00ed":"2 minuty"},"schema":{"@context":"https:\/\/schema.org","@graph":[{"@type":"WebPage","@id":"https:\/\/kulkidobubbletea.pl\/sklep\/kulki-do-bubble-tea\/popping-boba-tajwan-oryginal-marakuja\/","url":"https:\/\/kulkidobubbletea.pl\/sklep\/kulki-do-bubble-tea\/popping-boba-tajwan-oryginal-marakuja\/","name":"Bubble Tea Balls 3,4 kg | Popping Boba Taiwan Original Maracuja - Bubble Tea Balls","isPartOf":{"@id":"https:\/\/kulkidobubbletea.pl\/#website"},"primaryImageOfPage":{"@id":"https:\/\/kulkidobubbletea.pl\/sklep\/kulki-do-bubble-tea\/popping-boba-tajwan-oryginal-marakuja\/#primaryimage"},"image":{"@id":"https:\/\/kulkidobubbletea.pl\/sklep\/kulki-do-bubble-tea\/popping-boba-tajwan-oryginal-marakuja\/#primaryimage"},"thumbnailUrl":"https:\/\/kulkidobubbletea.pl\/wp-content\/uploads\/2024\/07\/marakuja-pop.png","datePublished":"2025-05-11T21:25:50+00:00","dateModified":"2026-04-13T08:29:38+00:00","breadcrumb":{"@id":"https:\/\/kulkidobubbletea.pl\/sklep\/kulki-do-bubble-tea\/popping-boba-tajwan-oryginal-marakuja\/#breadcrumb"},"inLanguage":"cs","potentialAction":[{"@type":"ReadAction","target":["https:\/\/kulkidobubbletea.pl\/sklep\/kulki-do-bubble-tea\/popping-boba-tajwan-oryginal-marakuja\/"]}]},{"@type":"ImageObject","inLanguage":"cs","@id":"https:\/\/kulkidobubbletea.pl\/sklep\/kulki-do-bubble-tea\/popping-boba-tajwan-oryginal-marakuja\/#primaryimage","url":"https:\/\/kulkidobubbletea.pl\/wp-content\/uploads\/2024\/07\/marakuja-pop.png","contentUrl":"https:\/\/kulkidobubbletea.pl\/wp-content\/uploads\/2024\/07\/marakuja-pop.png","width":2000,"height":2000},{"@type":"BreadcrumbList","@id":"https:\/\/kulkidobubbletea.pl\/sklep\/kulki-do-bubble-tea\/popping-boba-tajwan-oryginal-marakuja\/#breadcrumb","itemListElement":[{"@type":"ListItem","position":1,"name":"Strona g\u0142\u00f3wna","item":"https:\/\/kulkidobubbletea.pl\/"},{"@type":"ListItem","position":2,"name":"Sklep","item":"https:\/\/kulkidobubbletea.pl\/sklep\/"},{"@type":"ListItem","position":3,"name":"Kulki do Bubble Tea 3,4kg | Popping Boba Tajwan Oryginal Marakuja"}]},{"@type":"WebSite","@id":"https:\/\/kulkidobubbletea.pl\/#website","url":"https:\/\/kulkidobubbletea.pl\/","name":"Bublinkov\u00e9 \u010dajov\u00e9 kuli\u010dky","description":"Online obchod s bublinkov\u00fdm \u010dajem","publisher":{"@id":"https:\/\/kulkidobubbletea.pl\/#organization"},"potentialAction":[{"@type":"SearchAction","target":{"@type":"EntryPoint","urlTemplate":"https:\/\/kulkidobubbletea.pl\/?s={search_term_string}"},"query-input":{"@type":"PropertyValueSpecification","valueRequired":true,"valueName":"search_term_string"}}],"inLanguage":"cs"},{"@type":"Organization","@id":"https:\/\/kulkidobubbletea.pl\/#organization","name":"Bublinkov\u00e9 \u010dajov\u00e9 kuli\u010dky","url":"https:\/\/kulkidobubbletea.pl\/","logo":{"@type":"ImageObject","inLanguage":"cs","@id":"https:\/\/kulkidobubbletea.pl\/#\/schema\/logo\/image\/","url":"https:\/\/kulkidobubbletea.pl\/wp-content\/uploads\/2024\/04\/Original-on-Transparent.png","contentUrl":"https:\/\/kulkidobubbletea.pl\/wp-content\/uploads\/2024\/04\/Original-on-Transparent.png","width":5000,"height":1109,"caption":"Kulki Do Bubble Tea"},"image":{"@id":"https:\/\/kulkidobubbletea.pl\/#\/schema\/logo\/image\/"}}]}},"_links":{"self":[{"href":"https:\/\/kulkidobubbletea.pl\/cs\/wp-json\/wp\/v2\/product\/11006","targetHints":{"allow":["GET"]}}],"collection":[{"href":"https:\/\/kulkidobubbletea.pl\/cs\/wp-json\/wp\/v2\/product"}],"about":[{"href":"https:\/\/kulkidobubbletea.pl\/cs\/wp-json\/wp\/v2\/types\/product"}],"replies":[{"embeddable":true,"href":"https:\/\/kulkidobubbletea.pl\/cs\/wp-json\/wp\/v2\/comments?post=11006"}],"version-history":[{"count":7,"href":"https:\/\/kulkidobubbletea.pl\/cs\/wp-json\/wp\/v2\/product\/11006\/revisions"}],"predecessor-version":[{"id":16942,"href":"https:\/\/kulkidobubbletea.pl\/cs\/wp-json\/wp\/v2\/product\/11006\/revisions\/16942"}],"wp:featuredmedia":[{"embeddable":true,"href":"https:\/\/kulkidobubbletea.pl\/cs\/wp-json\/wp\/v2\/media\/12350"}],"wp:attachment":[{"href":"https:\/\/kulkidobubbletea.pl\/cs\/wp-json\/wp\/v2\/media?parent=11006"}],"wp:term":[{"taxonomy":"product_brand","embeddable":true,"href":"https:\/\/kulkidobubbletea.pl\/cs\/wp-json\/wp\/v2\/product_brand?post=11006"},{"taxonomy":"product_cat","embeddable":true,"href":"https:\/\/kulkidobubbletea.pl\/cs\/wp-json\/wp\/v2\/product_cat?post=11006"},{"taxonomy":"product_tag","embeddable":true,"href":"https:\/\/kulkidobubbletea.pl\/cs\/wp-json\/wp\/v2\/product_tag?post=11006"}],"curies":[{"name":"wp","href":"https:\/\/api.w.org\/{rel}","templated":true}]}}